{"id":1015,"date":"2022-10-12T12:56:07","date_gmt":"2022-10-12T12:56:07","guid":{"rendered":"http:\/\/70.34.210.26\/?page_id=1015"},"modified":"2023-02-24T09:54:02","modified_gmt":"2023-02-24T09:54:02","slug":"systemy-pro-obnovu-svetlometu","status":"publish","type":"page","link":"https:\/\/hbc-system.com\/cs\/products\/headlight-restoration-systems","title":{"rendered":"Syst\u00e9my pro obnovu sv\u011btlomet\u016f"},"content":{"rendered":"<section class=\"wpb-content-wrapper\"><div class=\"nm-row nm-row-full-nopad vc_row wpb_row\"><div class=\"nm_column wpb_column vc_column_container col-sm-12 vc_col-sm-12\"><div class=\"vc_column-inner\"><div class=\"wpb_wrapper\"><!-- start HBC Header -->\n\t\t<link id='uc_fonts_googleapis_com_css_family_montserrat_400_700-css' href='https:\/\/fonts.googleapis.com\/css?family=Montserrat:400,700' type='text\/css' rel='stylesheet' >\n\t\t<link id='uc_fonts_googleapis_com_css_family_lobster-css' href='https:\/\/fonts.googleapis.com\/css?family=Lobster' type='text\/css' rel='stylesheet' >\n\n\t\t\t<style type=\"text\/css\">\/* addon: HBC Header *\/\n\n.hbc-header {\n    position: relative;\n    overflow: hidden;\n    }\n.hbc-header-p br {\ndisplay: none;}\n\n.hbc-header-image {\nwidth: 100%;\nheight: auto;\nobject-fit: cover;\nmax-height: 550px;\naspect-ratio: 19 \/ 6;\n}\n\n@media (max-width: 1200px) {\n.hbc-header-h1 {\n    display: table;\n    font-weight: bold;\n    margin: 0;\n    width: 100%;\n    text-align: left;\n    background: rgba(0,0,0,0.75);\n    font-size: 18px;\n    color: #FFF;\n    text-transform: uppercase;\n    padding: 10px 5px;\n}\n\n.hbc-header-p {\n    font-size: 14px;\n    color: #FFF;\n    background: rgba(0,0,0,0.8);\n    margin: 0;\n    padding: 10px 5px;\n    width: 100%;\n}\n}\n\n\n@media (min-width: 1200px) {\n.hbc-header-h1 {\ndisplay: table;\n    z-index: 99;\n    font-weight: bold;\n    margin-bottom: 15px;\n    left: 20%;\n    top: 50px;\n    width: 550px;\n    text-align: left;\n    background: rgba(0,0,0,0.75);\n    font-size: 30px;\n    color: #FFF;\n    text-transform: uppercase;\n    padding: 15px;\n}\n.hbc-header-p {\n    z-index: 99;\n    margin: 0;\n    left: 20%;\n    top: 170px;\n    width: 550px;\n    text-align: left;\n    font-size: 17px;\n    line-height: 1.5;\n    background: rgba(0,0,0,0.75);\n    padding: 15px;\n    color: #FFF;\n}\n.notmobile {\nposition: absolute;\n    top: 50px;\n    left: 20%;\n}}\n\n}\n\n<\/style>\n\n\t\t\t<div class=\"hbc-header\">\n    <img decoding=\"async\" class=\"hbc-header-image\" height=\"\" width=\"\" alt=\"Syst\u00e9my pro opravu a obnovu sv\u011btlomet\u016f\" src=\"https:\/\/hbc-system.com\/wp-content\/uploads\/D-uv-protect-0001.jpg\" \/>\n    <div class=\"notmobile\">\n     <h1 class=\"hbc-header-h1\" style=\"color:white;\">Syst\u00e9my pro opravu a obnovu sv\u011btlomet\u016f<\/h1>\n     <h2 class=\"hbc-header-p\" style=\"display: table\">Na\u0161e jedine\u010dn\u00e9 syst\u00e9my pro opravu sv\u011btlomet\u016f navracej\u00ed \u010dir\u00fd vzhled \u010do\u010dk\u00e1m sv\u011btlomet\u016f, kter\u00e9 se \u010dasem ztratily, a to za zlomek n\u00e1klad\u016f na jejich v\u00fdm\u011bnu.<\/h2>\n    <\/div>\n   \n\t\t\t\t<\/div>\n\n\t\t<\/div>\n\n<p id=\"breadcrumbs\">\n    <span><span><a href=\"https:\/\/hbc-system.com\/cs\/\">Home<\/a><\/span><\/span>\n    <\/p>\n<\/div>\n\t\t\t<!-- end HBC Header --><\/div><\/div><\/div><\/div><div class=\"nm-row nm-row-full vc_row wpb_row  vc_custom_1675691190299\"><div class=\"nm_column wpb_column vc_column_container col-sm-12 vc_col-sm-12\"><div class=\"vc_column-inner\"><div class=\"wpb_wrapper\"><div class=\"templatera_shortcode\"><div class=\"nm-row nm-row-full vc_row wpb_row  flex vc_custom_1675691091510\"><div class=\"nm_column wpb_column vc_column_container col-sm-12 vc_col-sm-12\"><div class=\"vc_column-inner\"><div class=\"wpb_wrapper\"><div class=\"nm-row nm-row-full inner  flex vc_custom_1675691082814\"><div class=\"nm_column nm_column_inner col-sm-4 vc_col-sm-4 vc_custom_1667990008692\"><div class=\"wpb_wrapper\"><!-- start HBC Button v2 -->\n\t\t<link id='uc_fonts_googleapis_com_css_family_roboto-css' href='https:\/\/fonts.googleapis.com\/css?family=Roboto' type='text\/css' rel='stylesheet' >\n\n\t\t\t<style type=\"text\/css\">\/* addon: HBC Button v2 *\/\n\n.hbc_box_button:hover {transition: all 0.3s;\nopacity: 0.7;\n}\n.hbc_box_button {transition: all 0.3s;\nopacity: 1;\n}\n\n.hbc_button-img {\n    width: 100%;\n    }\n.hbc_button-h2 {\n    margin: 20px 20px 10px 20px;\n    font-size: 20px;\n    line-height: 1.3;\n    text-align: left;\n    font-family: Montserrat;\n    font-weight: 700;\n    font-style: normal;\n}\n.hbc_button-p {\n\n    margin: 0px 20px 20px 20px;\n   \n  display: -webkit-box;\n    max-width: 100%;\n    -webkit-line-clamp: 2;\n    -webkit-box-orient: vertical;\n    overflow: hidden;\nfont-size: 12px;\nline-height: 1.3;\ntext-align: left;\nfont-family:Montserrat;\nfont-weight:400;\nfont-style:normal\n}\n\n.hbc_inner_button {\n\n}\n\n<\/style>\n\n\t\t\t<a class=\"hbc_box_button\" href=\"https:\/\/hbc-system.com\/cs\/produkty\/systemy-pro-obnovu-svetlometu\/system-opravy-svetlometu\/\">\n<div class=\"hbc_box_inner\">\n\t<div class=\"hbc_inner_button\" style=\" background:#F6F6F6;\"> \n    \t<img decoding=\"async\" class=\"hbc_button-img\" src=\"https:\/\/hbc-system.com\/wp-content\/uploads\/d_headlight_header-1.webp\" alt=\"Syst\u00e9m opravy sv\u011btlomet\u016f\">\n        <h2 class=\"hbc_button-h2\" style=\"color:#7a003c;\">Syst\u00e9m opravy sv\u011btlomet\u016f<\/h2>\n        <span class=\"hbc_button-p\" style=\"color:#4c4c4c;\">Tato sada pro obnovu sv\u011btlomet\u016f nab\u00edz\u00ed rychl\u00fd a snadn\u00fd zp\u016fsob, jak obnovit jasnost \u010do\u010dek sv\u011btlomet\u016f, kter\u00e9 se \u010dasem ztratily, a to za zlomek ceny v\u00fdm\u011bny. Mnoho vozidel, kter\u00e1 jsou dnes na silnic\u00edch, m\u00e1 za\u017eloutl\u00e9 a zakalen\u00e9 sv\u011btlomety v d\u016fsledku po\u0161kozen\u00ed UV z\u00e1\u0159en\u00edm a tak\u00e9 opot\u0159eben\u00ed vlivem po\u010das\u00ed a ne\u010distot na silnici. V\u00fdsledkem je nejen \u0161patn\u00fd vzhled vozidla a sn\u00ed\u017een\u00e1 hodnota p\u0159i dal\u0161\u00edm prodeji, ale tak\u00e9 ohro\u017een\u00ed bezpe\u010dnosti.<\/h3>\n    <\/div>\n<\/div>\n<\/a>\n\t\t\t<!-- end HBC Button v2 --><\/div><\/div><div class=\"nm_column nm_column_inner col-sm-4 vc_col-sm-4 vc_custom_1667989994539\"><div class=\"wpb_wrapper\"><!-- start HBC Button v2 -->\n\n\t\t\t<style type=\"text\/css\">\/* addon: HBC Button v2 *\/\n\n.hbc_box_button:hover {transition: all 0.3s;\nopacity: 0.7;\n}\n.hbc_box_button {transition: all 0.3s;\nopacity: 1;\n}\n\n.hbc_button-img {\n    width: 100%;\n    }\n.hbc_button-h2 {\n    margin: 20px 20px 10px 20px;\n    font-size: 20px;\n    line-height: 1.3;\n    text-align: left;\n    font-family: Montserrat;\n    font-weight: 700;\n    font-style: normal;\n}\n.hbc_button-p {\n\n    margin: 0px 20px 20px 20px;\n   \n  display: -webkit-box;\n    max-width: 100%;\n    -webkit-line-clamp: 2;\n    -webkit-box-orient: vertical;\n    overflow: hidden;\nfont-size: 12px;\nline-height: 1.3;\ntext-align: left;\nfont-family:Montserrat;\nfont-weight:400;\nfont-style:normal\n}\n\n.hbc_inner_button {\n\n}\n\n<\/style>\n\n\t\t\t<a class=\"hbc_box_button\" href=\"https:\/\/hbc-system.com\/cs\/produkty\/systemy-pro-obnovu-svetlometu\/uv-ochranny-nater\/\">\n<div class=\"hbc_box_inner\">\n\t<div class=\"hbc_inner_button\" style=\" background:#F6F6F6;\"> \n    \t<img decoding=\"async\" class=\"hbc_button-img\" src=\"https:\/\/hbc-system.com\/wp-content\/uploads\/d_uv_protective_header-1.webp\" alt=\"UV ochrann\u00fd n\u00e1t\u011br\">\n        <h2 class=\"hbc_button-h2\" style=\"color:#7a003c;\">UV ochrann\u00fd n\u00e1t\u011br<\/h2>\n        <span class=\"hbc_button-p\" style=\"color:#4c4c4c;\">UV ochrana sv\u011btlomet\u016f v aerosolu p\u0159ipraven\u00e9m k pou\u017eit\u00ed, bez nutnosti m\u00edch\u00e1n\u00ed. Aerosol obsahuje 400 ml UV n\u00e1t\u011bru vhodn\u00e9ho pro v\u0161echny typy sv\u011btlomet\u016f z polykarbon\u00e1tov\u00e9ho plastu. HBC System zaru\u010duje, \u017ee automobilov\u00e9 sv\u011btlomety aplikovan\u00e9 s UV-ochrann\u00fdm n\u00e1t\u011brem z\u016fstanou \u010dir\u00e9 po dobu jednoho roku. Za p\u0159edpokladu, \u017ee byly v\u0161echny pokyny dodr\u017eeny p\u0159esn\u011b podle popisu.<\/h3>\n    <\/div>\n<\/div>\n<\/a>\n\t\t\t<!-- end HBC Button v2 --><\/div><\/div><\/div><\/div><\/div><\/div><\/div><\/div><\/div><\/div><\/div><\/div>\n<\/section>","protected":false},"excerpt":{"rendered":"Headlight Repair System This headlight restoration kit offer a fast and easy way to restore the clarity to headlight lenses that have become dull over time, at a fraction of the cost of replacement. Many vehicles on the road today have yellowed and cloudy headlights due to UV light damage as well as wear and [...]","protected":false},"author":1,"featured_media":0,"parent":40,"menu_order":0,"comment_status":"closed","ping_status":"closed","template":"templates\/page-full.php","meta":{"content-type":"","inline_featured_image":false,"_monsterinsights_skip_tracking":false,"_monsterinsights_sitenote_active":false,"_monsterinsights_sitenote_note":"","_monsterinsights_sitenote_category":0,"footnotes":""},"class_list":["post-1015","page","type-page","status-publish","hentry"],"yoast_head":"<!-- This site is optimized with the Yoast SEO Premium plugin v19.6 (Yoast SEO v24.2) - https:\/\/yoast.com\/wordpress\/plugins\/seo\/ -->\n<title>Headlight Restoration Systems<\/title>\n<meta name=\"description\" content=\"Headlight Repair &amp; Restoration Systems make it easy to restore clarity to headlight lenses that have dulled over time at a fraction of the replacement cost.\" \/>\n<meta name=\"robots\" content=\"index, follow, max-snippet:-1, max-image-preview:large, max-video-preview:-1\" \/>\n<link rel=\"canonical\" href=\"https:\/\/hbc-system.com\/cs\/wp-json\/wp\/v2\/pages\/1015\" \/>\n<meta property=\"og:locale\" content=\"cs_CZ\" \/>\n<meta property=\"og:type\" content=\"article\" \/>\n<meta property=\"og:title\" content=\"Headlight Restoration Systems\" \/>\n<meta property=\"og:description\" content=\"Headlight Repair &amp; Restoration Systems make it easy to restore clarity to headlight lenses that have dulled over time at a fraction of the replacement cost.\" \/>\n<meta property=\"og:url\" content=\"https:\/\/hbc-system.com\/cs\/produkty\/systemy-pro-obnovu-svetlometu\/\" \/>\n<meta property=\"og:site_name\" content=\"HBC System\" \/>\n<meta property=\"article:publisher\" content=\"https:\/\/www.facebook.com\/hbcsystems\" \/>\n<meta property=\"article:modified_time\" content=\"2023-02-24T09:54:02+00:00\" \/>\n<meta name=\"twitter:card\" content=\"summary_large_image\" \/>\n<meta name=\"twitter:label1\" content=\"Odhadovan\u00e1 doba \u010dten\u00ed\" \/>\n\t<meta name=\"twitter:data1\" content=\"1 minuta\" \/>\n<script type=\"application\/ld+json\" class=\"yoast-schema-graph\">{\n\t    \"@context\": \"https:\/\/schema.org\",\n\t    \"@graph\": [\n\t        {\n\t            \"@type\": \"WebPage\",\n\t            \"@id\": \"https:\/\/hbc-system.com\/products\/headlight-restoration-systems\",\n\t            \"url\": \"https:\/\/hbc-system.com\/products\/headlight-restoration-systems\",\n\t            \"name\": \"Headlight Restoration Systems\",\n\t            \"isPartOf\": {\n\t                \"@id\": \"https:\/\/hbc-system.com\/fr_be\/#website\"\n\t            },\n\t            \"datePublished\": \"2022-10-12T12:56:07+00:00\",\n\t            \"dateModified\": \"2023-02-24T09:54:02+00:00\",\n\t            \"description\": \"Headlight Repair & Restoration Systems make it easy to restore clarity to headlight lenses that have dulled over time at a fraction of the replacement cost.\",\n\t            \"breadcrumb\": {\n\t                \"@id\": \"https:\/\/hbc-system.com\/products\/headlight-restoration-systems#breadcrumb\"\n\t            },\n\t            \"inLanguage\": \"cs\",\n\t            \"potentialAction\": [\n\t                {\n\t                    \"@type\": \"ReadAction\",\n\t                    \"target\": [\n\t                        \"https:\/\/hbc-system.com\/products\/headlight-restoration-systems\"\n\t                    ]\n\t                }\n\t            ]\n\t        },\n\t        {\n\t            \"@type\": \"BreadcrumbList\",\n\t            \"@id\": \"https:\/\/hbc-system.com\/products\/headlight-restoration-systems#breadcrumb\",\n\t            \"itemListElement\": [\n\t                {\n\t                    \"@type\": \"ListItem\",\n\t                    \"position\": 1,\n\t                    \"name\": \"Home\",\n\t                    \"item\": \"https:\/\/hbc-system.com\/\"\n\t                },\n\t                {\n\t                    \"@type\": \"ListItem\",\n\t                    \"position\": 2,\n\t                    \"name\": \"Products\",\n\t                    \"item\": \"https:\/\/hbc-system.com\/products\"\n\t                },\n\t                {\n\t                    \"@type\": \"ListItem\",\n\t                    \"position\": 3,\n\t                    \"name\": \"Headlight Restoration Systems\"\n\t                }\n\t            ]\n\t        },\n\t        {\n\t            \"@type\": \"WebSite\",\n\t            \"@id\": \"https:\/\/hbc-system.com\/fr_be\/#website\",\n\t            \"url\": \"https:\/\/hbc-system.com\/fr_be\/\",\n\t            \"name\": \"HBC System\",\n\t            \"description\": \"\",\n\t            \"potentialAction\": [\n\t                {\n\t                    \"@type\": \"SearchAction\",\n\t                    \"target\": {\n\t                        \"@type\": \"EntryPoint\",\n\t                        \"urlTemplate\": \"https:\/\/hbc-system.com\/fr_be\/?s={search_term_string}\"\n\t                    },\n\t                    \"query-input\": {\n\t                        \"@type\": \"PropertyValueSpecification\",\n\t                        \"valueRequired\": true,\n\t                        \"valueName\": \"search_term_string\"\n\t                    }\n\t                }\n\t            ],\n\t            \"inLanguage\": \"cs\"\n\t        }\n\t    ]\n\t}<\/script>\n<!-- \/ Yoast SEO Premium plugin. -->","yoast_head_json":{"title":"Syst\u00e9my pro obnovu sv\u011btlomet\u016f","description":"Syst\u00e9my pro opravu a obnovu sv\u011btlomet\u016f umo\u017e\u0148uj\u00ed snadno obnovit jasnost \u010do\u010dek sv\u011btlomet\u016f, kter\u00e9 se \u010dasem ztratily, a to za zlomek ceny v\u00fdm\u011bny.","robots":{"index":"index","follow":"follow","max-snippet":"max-snippet:-1","max-image-preview":"max-image-preview:large","max-video-preview":"max-video-preview:-1"},"canonical":"https:\/\/hbc-system.com\/cs\/wp-json\/wp\/v2\/pages\/1015","og_locale":"cs_CZ","og_type":"article","og_title":"Headlight Restoration Systems","og_description":"Headlight Repair & Restoration Systems make it easy to restore clarity to headlight lenses that have dulled over time at a fraction of the replacement cost.","og_url":"https:\/\/hbc-system.com\/cs\/produkty\/systemy-pro-obnovu-svetlometu\/","og_site_name":"HBC System","article_publisher":"https:\/\/www.facebook.com\/hbcsystems","article_modified_time":"2023-02-24T09:54:02+00:00","twitter_card":"summary_large_image","twitter_misc":{"Odhadovan\u00e1 doba \u010dten\u00ed":"1 minuta"},"schema":{"@context":"https:\/\/schema.org","@graph":[{"@type":"WebPage","@id":"https:\/\/hbc-system.com\/products\/headlight-restoration-systems","url":"https:\/\/hbc-system.com\/products\/headlight-restoration-systems","name":"Syst\u00e9my pro obnovu sv\u011btlomet\u016f","isPartOf":{"@id":"https:\/\/hbc-system.com\/fr_be\/#website"},"datePublished":"2022-10-12T12:56:07+00:00","dateModified":"2023-02-24T09:54:02+00:00","description":"Syst\u00e9my pro opravu a obnovu sv\u011btlomet\u016f umo\u017e\u0148uj\u00ed snadno obnovit jasnost \u010do\u010dek sv\u011btlomet\u016f, kter\u00e9 se \u010dasem ztratily, a to za zlomek ceny v\u00fdm\u011bny.","breadcrumb":{"@id":"https:\/\/hbc-system.com\/products\/headlight-restoration-systems#breadcrumb"},"inLanguage":"cs","potentialAction":[{"@type":"ReadAction","target":["https:\/\/hbc-system.com\/products\/headlight-restoration-systems"]}]},{"@type":"BreadcrumbList","@id":"https:\/\/hbc-system.com\/products\/headlight-restoration-systems#breadcrumb","itemListElement":[{"@type":"ListItem","position":1,"name":"Home","item":"https:\/\/hbc-system.com\/"},{"@type":"ListItem","position":2,"name":"Products","item":"https:\/\/hbc-system.com\/products"},{"@type":"ListItem","position":3,"name":"Headlight Restoration Systems"}]},{"@type":"WebSite","@id":"https:\/\/hbc-system.com\/fr_be\/#website","url":"https:\/\/hbc-system.com\/fr_be\/","name":"Syst\u00e9m HBC","description":"","potentialAction":[{"@type":"SearchAction","target":{"@type":"EntryPoint","urlTemplate":"https:\/\/hbc-system.com\/fr_be\/?s={search_term_string}"},"query-input":{"@type":"PropertyValueSpecification","valueRequired":true,"valueName":"search_term_string"}}],"inLanguage":"cs"}]}},"_links":{"self":[{"href":"https:\/\/hbc-system.com\/cs\/wp-json\/wp\/v2\/pages\/1015","targetHints":{"allow":["GET"]}}],"collection":[{"href":"https:\/\/hbc-system.com\/cs\/wp-json\/wp\/v2\/pages"}],"about":[{"href":"https:\/\/hbc-system.com\/cs\/wp-json\/wp\/v2\/types\/page"}],"author":[{"embeddable":true,"href":"https:\/\/hbc-system.com\/cs\/wp-json\/wp\/v2\/users\/1"}],"replies":[{"embeddable":true,"href":"https:\/\/hbc-system.com\/cs\/wp-json\/wp\/v2\/comments?post=1015"}],"version-history":[{"count":0,"href":"https:\/\/hbc-system.com\/cs\/wp-json\/wp\/v2\/pages\/1015\/revisions"}],"up":[{"embeddable":true,"href":"https:\/\/hbc-system.com\/cs\/wp-json\/wp\/v2\/pages\/40"}],"wp:attachment":[{"href":"https:\/\/hbc-system.com\/cs\/wp-json\/wp\/v2\/media?parent=1015"}],"curies":[{"name":"wp","href":"https:\/\/api.w.org\/{rel}","templated":true}]}}