{"id":1024,"date":"2022-10-12T13:04:58","date_gmt":"2022-10-12T13:04:58","guid":{"rendered":"http:\/\/70.34.210.26\/?page_id=1024"},"modified":"2023-02-24T10:14:58","modified_gmt":"2023-02-24T10:14:58","slug":"systemy-pro-odstranovani-dulku-bez-nateru-pdr","status":"publish","type":"page","link":"https:\/\/hbc-system.com\/cs\/products\/paintless-dent-removal-systems-pdr","title":{"rendered":"Syst\u00e9my pro odstra\u0148ov\u00e1n\u00ed d\u016flk\u016f bez pou\u017eit\u00ed laku PDR"},"content":{"rendered":"<section class=\"wpb-content-wrapper\"><div class=\"nm-row nm-row-full-nopad vc_row wpb_row\"><div class=\"nm_column wpb_column vc_column_container col-sm-12 vc_col-sm-12\"><div class=\"vc_column-inner\"><div class=\"wpb_wrapper\"><!-- start HBC Header -->\n\t\t<link id='uc_fonts_googleapis_com_css_family_montserrat_400_700-css' href='https:\/\/fonts.googleapis.com\/css?family=Montserrat:400,700' type='text\/css' rel='stylesheet' >\n\t\t<link id='uc_fonts_googleapis_com_css_family_lobster-css' href='https:\/\/fonts.googleapis.com\/css?family=Lobster' type='text\/css' rel='stylesheet' >\n\n\t\t\t<style type=\"text\/css\">\/* addon: HBC Header *\/\n\n.hbc-header {\n    position: relative;\n    overflow: hidden;\n    }\n.hbc-header-p br {\ndisplay: none;}\n\n.hbc-header-image {\nwidth: 100%;\nheight: auto;\nobject-fit: cover;\nmax-height: 550px;\naspect-ratio: 19 \/ 6;\n}\n\n@media (max-width: 1200px) {\n.hbc-header-h1 {\n    display: table;\n    font-weight: bold;\n    margin: 0;\n    width: 100%;\n    text-align: left;\n    background: rgba(0,0,0,0.75);\n    font-size: 18px;\n    color: #FFF;\n    text-transform: uppercase;\n    padding: 10px 5px;\n}\n\n.hbc-header-p {\n    font-size: 14px;\n    color: #FFF;\n    background: rgba(0,0,0,0.8);\n    margin: 0;\n    padding: 10px 5px;\n    width: 100%;\n}\n}\n\n\n@media (min-width: 1200px) {\n.hbc-header-h1 {\ndisplay: table;\n    z-index: 99;\n    font-weight: bold;\n    margin-bottom: 15px;\n    left: 20%;\n    top: 50px;\n    width: 550px;\n    text-align: left;\n    background: rgba(0,0,0,0.75);\n    font-size: 30px;\n    color: #FFF;\n    text-transform: uppercase;\n    padding: 15px;\n}\n.hbc-header-p {\n    z-index: 99;\n    margin: 0;\n    left: 20%;\n    top: 170px;\n    width: 550px;\n    text-align: left;\n    font-size: 17px;\n    line-height: 1.5;\n    background: rgba(0,0,0,0.75);\n    padding: 15px;\n    color: #FFF;\n}\n.notmobile {\nposition: absolute;\n    top: 50px;\n    left: 20%;\n}}\n\n}\n\n<\/style>\n\n\t\t\t<div class=\"hbc-header\">\n    <img decoding=\"async\" class=\"hbc-header-image\" height=\"\" width=\"\" alt=\"Syst\u00e9my pro odstra\u0148ov\u00e1n\u00ed zub\u016f bez pou\u017eit\u00ed laku (PDR)\" src=\"https:\/\/hbc-system.com\/wp-content\/uploads\/pdr-0001.jpg\" \/>\n    <div class=\"notmobile\">\n     <h1 class=\"hbc-header-h1\" style=\"color:white;\">Syst\u00e9my pro odstra\u0148ov\u00e1n\u00ed zub\u016f bez pou\u017eit\u00ed laku (PDR)<\/h1>\n     <h2 class=\"hbc-header-p\" style=\"display: table\">Za\u0159\u00edzen\u00ed pro bezbarv\u00e9 odstra\u0148ov\u00e1n\u00ed prom\u00e1\u010dklin a n\u00e1stroje pro PDR umo\u017e\u0148uj\u00ed levnou opravu mal\u00fdch prom\u00e1\u010dklin, ani\u017e by bylo nutn\u00e9 vozidlo p\u0159elakovat - p\u016fvodn\u00ed lak z\u016fstane zachov\u00e1n.<\/h2>\n    <\/div>\n   \n\t\t\t\t<\/div>\n\n\t\t<\/div>\n\n<p id=\"breadcrumbs\">\n    <span><span><a href=\"https:\/\/hbc-system.com\/cs\/\">Home<\/a><\/span><\/span>\n    <\/p>\n<\/div>\n\t\t\t<!-- end HBC Header --><\/div><\/div><\/div><\/div><div class=\"nm-row nm-row-full vc_row wpb_row  vc_custom_1675756284663\"><div class=\"nm_column wpb_column vc_column_container col-sm-12 vc_col-sm-12\"><div class=\"vc_column-inner\"><div class=\"wpb_wrapper\"><div class=\"templatera_shortcode\"><div class=\"nm-row nm-row-full vc_row wpb_row  flex\"><div class=\"nm_column wpb_column vc_column_container col-sm-12 vc_col-sm-12\"><div class=\"vc_column-inner\"><div class=\"wpb_wrapper\"><div class=\"nm-row nm-row-full inner  vc_custom_1667991008895\"><div class=\"nm_column nm_column_inner col-sm-4 vc_col-sm-4 vc_custom_1667473173774\"><div class=\"wpb_wrapper\"><!-- start HBC Button v2 -->\n\t\t<link id='uc_fonts_googleapis_com_css_family_roboto-css' href='https:\/\/fonts.googleapis.com\/css?family=Roboto' type='text\/css' rel='stylesheet' >\n\n\t\t\t<style type=\"text\/css\">\/* addon: HBC Button v2 *\/\n\n.hbc_box_button:hover {transition: all 0.3s;\nopacity: 0.7;\n}\n.hbc_box_button {transition: all 0.3s;\nopacity: 1;\n}\n\n.hbc_button-img {\n    width: 100%;\n    }\n.hbc_button-h2 {\n    margin: 20px 20px 10px 20px;\n    font-size: 20px;\n    line-height: 1.3;\n    text-align: left;\n    font-family: Montserrat;\n    font-weight: 700;\n    font-style: normal;\n}\n.hbc_button-p {\n\n    margin: 0px 20px 20px 20px;\n   \n  display: -webkit-box;\n    max-width: 100%;\n    -webkit-line-clamp: 2;\n    -webkit-box-orient: vertical;\n    overflow: hidden;\nfont-size: 12px;\nline-height: 1.3;\ntext-align: left;\nfont-family:Montserrat;\nfont-weight:400;\nfont-style:normal\n}\n\n.hbc_inner_button {\n\n}\n\n<\/style>\n\n\t\t\t<a class=\"hbc_box_button\" href=\"https:\/\/hbc-system.com\/cs\/produkty\/systemy-pro-odstranovani-dulku-bez-nateru-pdr\/systemy-pro-bezbarve-odstranovani-dulku\/\">\n<div class=\"hbc_box_inner\">\n\t<div class=\"hbc_inner_button\" style=\" background:#F6F6F6;\"> \n    \t<img decoding=\"async\" class=\"hbc_button-img\" src=\"https:\/\/hbc-system.com\/wp-content\/uploads\/pdr-header-1.webp\" alt=\"Syst\u00e9my a n\u00e1stroje pro odstra\u0148ov\u00e1n\u00ed d\u016flk\u016f bez laku\">\n        <h2 class=\"hbc_button-h2\" style=\"color:#7a003c;\">Syst\u00e9my a n\u00e1stroje pro odstra\u0148ov\u00e1n\u00ed d\u016flk\u016f bez laku<\/h2>\n        <span class=\"hbc_button-p\" style=\"color:#4c4c4c;\">Na\u0161e \u0159ada na m\u00edru navr\u017een\u00fdch syst\u00e9m\u016f PDR (Paintless dent removal) umo\u017e\u0148uje levnou opravu mal\u00fdch prom\u00e1\u010dklin bez nutnosti p\u0159elakovat v\u016fz - p\u016fvodn\u00ed lak z\u016fstane zachov\u00e1n. V\u0161estrannost na\u0161ich n\u00e1stroj\u016f a syst\u00e9m\u016f PDR, v\u010detn\u011b nastaviteln\u00fdch v\u00edce\u00faheln\u00edk\u016f, je zaru\u010dena.<\/h3>\n    <\/div>\n<\/div>\n<\/a>\n\t\t\t<!-- end HBC Button v2 --><\/div><\/div><div class=\"nm_column nm_column_inner col-sm-4 vc_col-sm-4 vc_custom_1667473190420\"><div class=\"wpb_wrapper\"><!-- start HBC Button v2 -->\n\n\t\t\t<style type=\"text\/css\">\/* addon: HBC Button v2 *\/\n\n.hbc_box_button:hover {transition: all 0.3s;\nopacity: 0.7;\n}\n.hbc_box_button {transition: all 0.3s;\nopacity: 1;\n}\n\n.hbc_button-img {\n    width: 100%;\n    }\n.hbc_button-h2 {\n    margin: 20px 20px 10px 20px;\n    font-size: 20px;\n    line-height: 1.3;\n    text-align: left;\n    font-family: Montserrat;\n    font-weight: 700;\n    font-style: normal;\n}\n.hbc_button-p {\n\n    margin: 0px 20px 20px 20px;\n   \n  display: -webkit-box;\n    max-width: 100%;\n    -webkit-line-clamp: 2;\n    -webkit-box-orient: vertical;\n    overflow: hidden;\nfont-size: 12px;\nline-height: 1.3;\ntext-align: left;\nfont-family:Montserrat;\nfont-weight:400;\nfont-style:normal\n}\n\n.hbc_inner_button {\n\n}\n\n<\/style>\n\n\t\t\t<a class=\"hbc_box_button\" href=\"https:\/\/hbc-system.com\/cs\/produkty\/systemy-pro-odstranovani-dulku-bez-nateru-pdr\/magneticke-systemy-pdr\/\">\n<div class=\"hbc_box_inner\">\n\t<div class=\"hbc_inner_button\" style=\" background:#F6F6F6;\"> \n    \t<img decoding=\"async\" class=\"hbc_button-img\" src=\"https:\/\/hbc-system.com\/wp-content\/uploads\/g-pdr-magnetic-header-1.webp\" alt=\"Magnetick\u00e9 syst\u00e9my PDR\">\n        <h2 class=\"hbc_button-h2\" style=\"color:#7a003c;\">Magnetick\u00e9 syst\u00e9my PDR<\/h2>\n        <span class=\"hbc_button-p\" style=\"color:#4c4c4c;\">Magnetick\u00fd syst\u00e9m odstra\u0148ov\u00e1n\u00ed zub\u016f je z\u00e1kladn\u00edm n\u00e1strojem pro v\u00fdcvik PDR. Tr\u00e9nink koordinace o\u010d\u00ed a rukou je jedn\u00edm z nejobt\u00ed\u017en\u011bj\u0161\u00edch cvi\u010den\u00ed p\u0159i tr\u00e9ninku oprav bez po\u0161kozen\u00ed. \u00da\u010dastn\u00edci v\u00fdcviku \u010dasto str\u00e1v\u00ed n\u011bkolik hodin nebo dn\u00ed, ne\u017e se jim poda\u0159\u00ed naj\u00edt p\u0159esn\u00e9 m\u00edsto.<\/h3>\n    <\/div>\n<\/div>\n<\/a>\n\t\t\t<!-- end HBC Button v2 --><\/div><\/div><div class=\"nm_column nm_column_inner col-sm-4 vc_col-sm-4 vc_custom_1667473204141\"><div class=\"wpb_wrapper\"><!-- start HBC Button v2 -->\n\n\t\t\t<style type=\"text\/css\">\/* addon: HBC Button v2 *\/\n\n.hbc_box_button:hover {transition: all 0.3s;\nopacity: 0.7;\n}\n.hbc_box_button {transition: all 0.3s;\nopacity: 1;\n}\n\n.hbc_button-img {\n    width: 100%;\n    }\n.hbc_button-h2 {\n    margin: 20px 20px 10px 20px;\n    font-size: 20px;\n    line-height: 1.3;\n    text-align: left;\n    font-family: Montserrat;\n    font-weight: 700;\n    font-style: normal;\n}\n.hbc_button-p {\n\n    margin: 0px 20px 20px 20px;\n   \n  display: -webkit-box;\n    max-width: 100%;\n    -webkit-line-clamp: 2;\n    -webkit-box-orient: vertical;\n    overflow: hidden;\nfont-size: 12px;\nline-height: 1.3;\ntext-align: left;\nfont-family:Montserrat;\nfont-weight:400;\nfont-style:normal\n}\n\n.hbc_inner_button {\n\n}\n\n<\/style>\n\n\t\t\t<a class=\"hbc_box_button\" href=\"https:\/\/hbc-system.com\/cs\/produkty\/systemy-pro-odstranovani-dulku-bez-nateru-pdr\/nastavitelne-nastroje-pdr\/\">\n<div class=\"hbc_box_inner\">\n\t<div class=\"hbc_inner_button\" style=\" background:#F6F6F6;\"> \n    \t<img decoding=\"async\" class=\"hbc_button-img\" src=\"https:\/\/hbc-system.com\/wp-content\/uploads\/g-adjustable-header-1.webp\" alt=\"Nastaviteln\u00e9 n\u00e1stroje PDR\">\n        <h2 class=\"hbc_button-h2\" style=\"color:#7a003c;\">Nastaviteln\u00e9 n\u00e1stroje PDR<\/h2>\n        <span class=\"hbc_button-p\" style=\"color:#4c4c4c;\">Na\u0161e v\u00edcen\u00e1sobn\u011b nastaviteln\u00e9 rukojeti pro odstra\u0148ov\u00e1n\u00ed d\u016flk\u016f umo\u017e\u0148uj\u00ed technikovi rychle m\u011bnit pracovn\u00ed polohu. Sta\u010d\u00ed jedno kliknut\u00ed a n\u00e1stroj na odstra\u0148ov\u00e1n\u00ed d\u016flk\u016f je p\u0159ipraven k pr\u00e1ci v nov\u00e9m \u00fahlu. Umo\u017e\u0148uje technik\u016fm PDR dokonal\u00fd \u00fahel p\u00e1ky pro odstra\u0148ov\u00e1n\u00ed d\u016flk\u016f.<\/h3>\n    <\/div>\n<\/div>\n<\/a>\n\t\t\t<!-- end HBC Button v2 --><\/div><\/div><\/div><div class=\"nm-row nm-row-full inner  vc_custom_1675756152995\"><div class=\"nm_column nm_column_inner col-sm-4 vc_col-sm-4 vc_custom_1667473173774\"><div class=\"wpb_wrapper\"><!-- start HBC Button v2 -->\n\n\t\t\t<style type=\"text\/css\">\/* addon: HBC Button v2 *\/\n\n.hbc_box_button:hover {transition: all 0.3s;\nopacity: 0.7;\n}\n.hbc_box_button {transition: all 0.3s;\nopacity: 1;\n}\n\n.hbc_button-img {\n    width: 100%;\n    }\n.hbc_button-h2 {\n    margin: 20px 20px 10px 20px;\n    font-size: 20px;\n    line-height: 1.3;\n    text-align: left;\n    font-family: Montserrat;\n    font-weight: 700;\n    font-style: normal;\n}\n.hbc_button-p {\n\n    margin: 0px 20px 20px 20px;\n   \n  display: -webkit-box;\n    max-width: 100%;\n    -webkit-line-clamp: 2;\n    -webkit-box-orient: vertical;\n    overflow: hidden;\nfont-size: 12px;\nline-height: 1.3;\ntext-align: left;\nfont-family:Montserrat;\nfont-weight:400;\nfont-style:normal\n}\n\n.hbc_inner_button {\n\n}\n\n<\/style>\n\n\t\t\t<a class=\"hbc_box_button\" href=\"https:\/\/hbc-system.com\/cs\/produkty\/systemy-pro-odstranovani-dulku-bez-nateru-pdr\/elektromagneticky-system-pro-odstranovani-dulku\/\">\n<div class=\"hbc_box_inner\">\n\t<div class=\"hbc_inner_button\" style=\" background:#F6F6F6;\"> \n    \t<img decoding=\"async\" class=\"hbc_button-img\" src=\"https:\/\/hbc-system.com\/wp-content\/uploads\/g-electro-header-1.webp\" alt=\"Elektromagnetick\u00fd syst\u00e9m odstra\u0148ov\u00e1n\u00ed zub\u016f\">\n        <h2 class=\"hbc_button-h2\" style=\"color:#7a003c;\">Elektromagnetick\u00fd syst\u00e9m odstra\u0148ov\u00e1n\u00ed zub\u016f<\/h2>\n        <span class=\"hbc_button-p\" style=\"color:#4c4c4c;\">N\u00e1\u0161 nov\u00fd elektromagnetick\u00fd syst\u00e9m pro odstra\u0148ov\u00e1n\u00ed prom\u00e1\u010dklin s induktorem pro vytahov\u00e1n\u00ed prom\u00e1\u010dklin je ide\u00e1ln\u00ed pro opravu mal\u00fdch m\u011bkk\u00fdch prom\u00e1\u010dklin na karoserii bez retu\u0161e laku. Na rozd\u00edl od tradi\u010dn\u00edch n\u00e1stroj\u016f PDR nen\u00ed nutn\u00e9 d\u016fkladn\u011b mas\u00edrovat prom\u00e1\u010dkliny.<\/h3>\n    <\/div>\n<\/div>\n<\/a>\n\t\t\t<!-- end HBC Button v2 --><\/div><\/div><div class=\"nm_column nm_column_inner col-sm-4 vc_col-sm-4 vc_custom_1667473190420\"><div class=\"wpb_wrapper\"><!-- start HBC Button v2 -->\n\n\t\t\t<style type=\"text\/css\">\/* addon: HBC Button v2 *\/\n\n.hbc_box_button:hover {transition: all 0.3s;\nopacity: 0.7;\n}\n.hbc_box_button {transition: all 0.3s;\nopacity: 1;\n}\n\n.hbc_button-img {\n    width: 100%;\n    }\n.hbc_button-h2 {\n    margin: 20px 20px 10px 20px;\n    font-size: 20px;\n    line-height: 1.3;\n    text-align: left;\n    font-family: Montserrat;\n    font-weight: 700;\n    font-style: normal;\n}\n.hbc_button-p {\n\n    margin: 0px 20px 20px 20px;\n   \n  display: -webkit-box;\n    max-width: 100%;\n    -webkit-line-clamp: 2;\n    -webkit-box-orient: vertical;\n    overflow: hidden;\nfont-size: 12px;\nline-height: 1.3;\ntext-align: left;\nfont-family:Montserrat;\nfont-weight:400;\nfont-style:normal\n}\n\n.hbc_inner_button {\n\n}\n\n<\/style>\n\n\t\t\t<a class=\"hbc_box_button\" href=\"https:\/\/hbc-system.com\/cs\/produkty\/systemy-pro-odstranovani-dulku-bez-nateru-pdr\/systemy-pro-natahovani-lepidla\/\">\n<div class=\"hbc_box_inner\">\n\t<div class=\"hbc_inner_button\" style=\" background:#F6F6F6;\"> \n    \t<img decoding=\"async\" class=\"hbc_button-img\" src=\"https:\/\/hbc-system.com\/wp-content\/uploads\/g-glue-pulling-header-1.webp\" alt=\"Syst\u00e9my pro vytahov\u00e1n\u00ed lepidla\">\n        <h2 class=\"hbc_button-h2\" style=\"color:#7a003c;\">Syst\u00e9my pro vytahov\u00e1n\u00ed lepidla<\/h2>\n        <span class=\"hbc_button-p\" style=\"color:#4c4c4c;\">Pomoc\u00ed techniky odstran\u011bn\u00ed prom\u00e1\u010dklin Glue pulling oprav\u00edte prom\u00e1\u010dkliny v podstat\u011b tak, \u017ee na posti\u017een\u00e9 m\u00edsto p\u0159ipevn\u00edte hroty pomoc\u00ed na\u0161ich speci\u00e1ln\u00edch hork\u00fdch lepidel. Prom\u00e1\u010dklina se pak zvedne\/vytahuje pomoc\u00ed na\u0161ich pru\u017einov\u00fdch zvedac\u00edch n\u00e1stroj\u016f. St\u0159ed prom\u00e1\u010dkliny je nyn\u00ed v\u00fdrazn\u011b zvednut\u00fd a<\/h3>\n    <\/div>\n<\/div>\n<\/a>\n\t\t\t<!-- end HBC Button v2 --><\/div><\/div><div class=\"nm_column nm_column_inner col-sm-4 vc_col-sm-4 vc_custom_1667473204141\"><div class=\"wpb_wrapper\"><!-- start HBC Button v2 -->\n\n\t\t\t<style type=\"text\/css\">\/* addon: HBC Button v2 *\/\n\n.hbc_box_button:hover {transition: all 0.3s;\nopacity: 0.7;\n}\n.hbc_box_button {transition: all 0.3s;\nopacity: 1;\n}\n\n.hbc_button-img {\n    width: 100%;\n    }\n.hbc_button-h2 {\n    margin: 20px 20px 10px 20px;\n    font-size: 20px;\n    line-height: 1.3;\n    text-align: left;\n    font-family: Montserrat;\n    font-weight: 700;\n    font-style: normal;\n}\n.hbc_button-p {\n\n    margin: 0px 20px 20px 20px;\n   \n  display: -webkit-box;\n    max-width: 100%;\n    -webkit-line-clamp: 2;\n    -webkit-box-orient: vertical;\n    overflow: hidden;\nfont-size: 12px;\nline-height: 1.3;\ntext-align: left;\nfont-family:Montserrat;\nfont-weight:400;\nfont-style:normal\n}\n\n.hbc_inner_button {\n\n}\n\n<\/style>\n\n\t\t\t<a class=\"hbc_box_button\" href=\"https:\/\/hbc-system.com\/cs\/produkty\/systemy-pro-odstranovani-dulku-bez-nateru-pdr\/pdr-osvetleni\/\">\n<div class=\"hbc_box_inner\">\n\t<div class=\"hbc_inner_button\" style=\" background:#F6F6F6;\"> \n    \t<img decoding=\"async\" class=\"hbc_button-img\" src=\"https:\/\/hbc-system.com\/wp-content\/uploads\/pdr-lighting-header-1.webp\" alt=\"Osv\u011btlen\u00ed PDR\">\n        <h2 class=\"hbc_button-h2\" style=\"color:#7a003c;\">Osv\u011btlen\u00ed PDR<\/h2>\n        <span class=\"hbc_button-p\" style=\"color:#4c4c4c;\">Nastaviteln\u00e9 a flexibiln\u00ed lampy a sv\u011bteln\u00e9 syst\u00e9my PDR. P\u0159i odstra\u0148ov\u00e1n\u00ed d\u016flk\u016f bez laku jsou optim\u00e1ln\u00ed sv\u011bteln\u00e9 podm\u00ednky nezbytn\u00e9, zejm\u00e9na v p\u0159\u00edpad\u011b z\u00e1v\u011bre\u010dn\u00fdch kontrol. Reflexn\u00ed lampy nebo desky osv\u011btluj\u00ed posti\u017een\u00e9 m\u00edsto<\/h3>\n    <\/div>\n<\/div>\n<\/a>\n\t\t\t<!-- end HBC Button v2 --><\/div><\/div><\/div><\/div><\/div><\/div><\/div><\/div><\/div><\/div><\/div><\/div>\n<\/section>","protected":false},"excerpt":{"rendered":"Paintless Dent Removal Systems and Tools Our range of custom designed PDR systems (Paintless dent removal) enables an inexpensive repair of small dents without having to repaint the car - preserving the original paint. The versatility of our PDR tools and systems including adjustable multi-angle Magnetic PDR Systems The Magnetic Dent removal system is an [...]","protected":false},"author":1,"featured_media":0,"parent":40,"menu_order":0,"comment_status":"closed","ping_status":"closed","template":"templates\/page-full.php","meta":{"content-type":"","inline_featured_image":false,"_monsterinsights_skip_tracking":false,"_monsterinsights_sitenote_active":false,"_monsterinsights_sitenote_note":"","_monsterinsights_sitenote_category":0,"footnotes":""},"class_list":["post-1024","page","type-page","status-publish","hentry"],"yoast_head":"<!-- This site is optimized with the Yoast SEO Premium plugin v19.6 (Yoast SEO v24.2) - https:\/\/yoast.com\/wordpress\/plugins\/seo\/ -->\n<title>Paintless Dent Removal Systems PDR<\/title>\n<meta name=\"description\" content=\"The Paintless Dent Removal Systems make it possible to repair minor dents without having to repaint the car. PDR tool for all occasions.\" \/>\n<meta name=\"robots\" content=\"index, follow, max-snippet:-1, max-image-preview:large, max-video-preview:-1\" \/>\n<link rel=\"canonical\" href=\"https:\/\/hbc-system.com\/cs\/wp-json\/wp\/v2\/pages\/1024\" \/>\n<meta property=\"og:locale\" content=\"cs_CZ\" \/>\n<meta property=\"og:type\" content=\"article\" \/>\n<meta property=\"og:title\" content=\"Paintless Dent Removal Systems PDR\" \/>\n<meta property=\"og:description\" content=\"The Paintless Dent Removal Systems make it possible to repair minor dents without having to repaint the car. PDR tool for all occasions.\" \/>\n<meta property=\"og:url\" content=\"https:\/\/hbc-system.com\/cs\/produkty\/systemy-pro-odstranovani-dulku-bez-nateru-pdr\/\" \/>\n<meta property=\"og:site_name\" content=\"HBC System\" \/>\n<meta property=\"article:publisher\" content=\"https:\/\/www.facebook.com\/hbcsystems\" \/>\n<meta property=\"article:modified_time\" content=\"2023-02-24T10:14:58+00:00\" \/>\n<meta name=\"twitter:card\" content=\"summary_large_image\" \/>\n<meta name=\"twitter:label1\" content=\"Odhadovan\u00e1 doba \u010dten\u00ed\" \/>\n\t<meta name=\"twitter:data1\" content=\"1 minuta\" \/>\n<script type=\"application\/ld+json\" class=\"yoast-schema-graph\">{\n\t    \"@context\": \"https:\/\/schema.org\",\n\t    \"@graph\": [\n\t        {\n\t            \"@type\": \"WebPage\",\n\t            \"@id\": \"https:\/\/hbc-system.com\/nl\/producten\/roestvrije-deukverwijderingssystemen-pdr\",\n\t            \"url\": \"https:\/\/hbc-system.com\/nl\/producten\/roestvrije-deukverwijderingssystemen-pdr\",\n\t            \"name\": \"Paintless Dent Removal Systems PDR\",\n\t            \"isPartOf\": {\n\t                \"@id\": \"https:\/\/hbc-system.com\/fr_be\/#website\"\n\t            },\n\t            \"datePublished\": \"2022-10-12T13:04:58+00:00\",\n\t            \"dateModified\": \"2023-02-24T10:14:58+00:00\",\n\t            \"description\": \"The Paintless Dent Removal Systems make it possible to repair minor dents without having to repaint the car. PDR tool for all occasions.\",\n\t            \"breadcrumb\": {\n\t                \"@id\": \"https:\/\/hbc-system.com\/nl\/producten\/roestvrije-deukverwijderingssystemen-pdr#breadcrumb\"\n\t            },\n\t            \"inLanguage\": \"cs\",\n\t            \"potentialAction\": [\n\t                {\n\t                    \"@type\": \"ReadAction\",\n\t                    \"target\": [\n\t                        \"https:\/\/hbc-system.com\/nl\/producten\/roestvrije-deukverwijderingssystemen-pdr\"\n\t                    ]\n\t                }\n\t            ]\n\t        },\n\t        {\n\t            \"@type\": \"BreadcrumbList\",\n\t            \"@id\": \"https:\/\/hbc-system.com\/nl\/producten\/roestvrije-deukverwijderingssystemen-pdr#breadcrumb\",\n\t            \"itemListElement\": [\n\t                {\n\t                    \"@type\": \"ListItem\",\n\t                    \"position\": 1,\n\t                    \"name\": \"Home\",\n\t                    \"item\": \"https:\/\/hbc-system.com\/\"\n\t                },\n\t                {\n\t                    \"@type\": \"ListItem\",\n\t                    \"position\": 2,\n\t                    \"name\": \"Products\",\n\t                    \"item\": \"https:\/\/hbc-system.com\/products\"\n\t                },\n\t                {\n\t                    \"@type\": \"ListItem\",\n\t                    \"position\": 3,\n\t                    \"name\": \"Paintless Dent Removal Systems PDR\"\n\t                }\n\t            ]\n\t        },\n\t        {\n\t            \"@type\": \"WebSite\",\n\t            \"@id\": \"https:\/\/hbc-system.com\/fr_be\/#website\",\n\t            \"url\": \"https:\/\/hbc-system.com\/fr_be\/\",\n\t            \"name\": \"HBC System\",\n\t            \"description\": \"\",\n\t            \"potentialAction\": [\n\t                {\n\t                    \"@type\": \"SearchAction\",\n\t                    \"target\": {\n\t                        \"@type\": \"EntryPoint\",\n\t                        \"urlTemplate\": \"https:\/\/hbc-system.com\/fr_be\/?s={search_term_string}\"\n\t                    },\n\t                    \"query-input\": {\n\t                        \"@type\": \"PropertyValueSpecification\",\n\t                        \"valueRequired\": true,\n\t                        \"valueName\": \"search_term_string\"\n\t                    }\n\t                }\n\t            ],\n\t            \"inLanguage\": \"cs\"\n\t        }\n\t    ]\n\t}<\/script>\n<!-- \/ Yoast SEO Premium plugin. -->","yoast_head_json":{"title":"Syst\u00e9my pro odstra\u0148ov\u00e1n\u00ed d\u016flk\u016f bez pou\u017eit\u00ed laku PDR","description":"Syst\u00e9my Paintless Dent Removal umo\u017e\u0148uj\u00ed opravit drobn\u00e9 prom\u00e1\u010dkliny, ani\u017e by bylo nutn\u00e9 v\u016fz znovu lakovat. N\u00e1stroj PDR pro v\u0161echny p\u0159\u00edle\u017eitosti.","robots":{"index":"index","follow":"follow","max-snippet":"max-snippet:-1","max-image-preview":"max-image-preview:large","max-video-preview":"max-video-preview:-1"},"canonical":"https:\/\/hbc-system.com\/cs\/wp-json\/wp\/v2\/pages\/1024","og_locale":"cs_CZ","og_type":"article","og_title":"Paintless Dent Removal Systems PDR","og_description":"The Paintless Dent Removal Systems make it possible to repair minor dents without having to repaint the car. PDR tool for all occasions.","og_url":"https:\/\/hbc-system.com\/cs\/produkty\/systemy-pro-odstranovani-dulku-bez-nateru-pdr\/","og_site_name":"HBC System","article_publisher":"https:\/\/www.facebook.com\/hbcsystems","article_modified_time":"2023-02-24T10:14:58+00:00","twitter_card":"summary_large_image","twitter_misc":{"Odhadovan\u00e1 doba \u010dten\u00ed":"1 minuta"},"schema":{"@context":"https:\/\/schema.org","@graph":[{"@type":"WebPage","@id":"https:\/\/hbc-system.com\/nl\/producten\/roestvrije-deukverwijderingssystemen-pdr","url":"https:\/\/hbc-system.com\/nl\/producten\/roestvrije-deukverwijderingssystemen-pdr","name":"Syst\u00e9my pro odstra\u0148ov\u00e1n\u00ed d\u016flk\u016f bez pou\u017eit\u00ed laku PDR","isPartOf":{"@id":"https:\/\/hbc-system.com\/fr_be\/#website"},"datePublished":"2022-10-12T13:04:58+00:00","dateModified":"2023-02-24T10:14:58+00:00","description":"Syst\u00e9my Paintless Dent Removal umo\u017e\u0148uj\u00ed opravit drobn\u00e9 prom\u00e1\u010dkliny, ani\u017e by bylo nutn\u00e9 v\u016fz znovu lakovat. N\u00e1stroj PDR pro v\u0161echny p\u0159\u00edle\u017eitosti.","breadcrumb":{"@id":"https:\/\/hbc-system.com\/nl\/producten\/roestvrije-deukverwijderingssystemen-pdr#breadcrumb"},"inLanguage":"cs","potentialAction":[{"@type":"ReadAction","target":["https:\/\/hbc-system.com\/nl\/producten\/roestvrije-deukverwijderingssystemen-pdr"]}]},{"@type":"BreadcrumbList","@id":"https:\/\/hbc-system.com\/nl\/producten\/roestvrije-deukverwijderingssystemen-pdr#breadcrumb","itemListElement":[{"@type":"ListItem","position":1,"name":"Home","item":"https:\/\/hbc-system.com\/"},{"@type":"ListItem","position":2,"name":"Products","item":"https:\/\/hbc-system.com\/products"},{"@type":"ListItem","position":3,"name":"Paintless Dent Removal Systems PDR"}]},{"@type":"WebSite","@id":"https:\/\/hbc-system.com\/fr_be\/#website","url":"https:\/\/hbc-system.com\/fr_be\/","name":"Syst\u00e9m HBC","description":"","potentialAction":[{"@type":"SearchAction","target":{"@type":"EntryPoint","urlTemplate":"https:\/\/hbc-system.com\/fr_be\/?s={search_term_string}"},"query-input":{"@type":"PropertyValueSpecification","valueRequired":true,"valueName":"search_term_string"}}],"inLanguage":"cs"}]}},"_links":{"self":[{"href":"https:\/\/hbc-system.com\/cs\/wp-json\/wp\/v2\/pages\/1024","targetHints":{"allow":["GET"]}}],"collection":[{"href":"https:\/\/hbc-system.com\/cs\/wp-json\/wp\/v2\/pages"}],"about":[{"href":"https:\/\/hbc-system.com\/cs\/wp-json\/wp\/v2\/types\/page"}],"author":[{"embeddable":true,"href":"https:\/\/hbc-system.com\/cs\/wp-json\/wp\/v2\/users\/1"}],"replies":[{"embeddable":true,"href":"https:\/\/hbc-system.com\/cs\/wp-json\/wp\/v2\/comments?post=1024"}],"version-history":[{"count":0,"href":"https:\/\/hbc-system.com\/cs\/wp-json\/wp\/v2\/pages\/1024\/revisions"}],"up":[{"embeddable":true,"href":"https:\/\/hbc-system.com\/cs\/wp-json\/wp\/v2\/pages\/40"}],"wp:attachment":[{"href":"https:\/\/hbc-system.com\/cs\/wp-json\/wp\/v2\/media?parent=1024"}],"curies":[{"name":"wp","href":"https:\/\/api.w.org\/{rel}","templated":true}]}}