{"id":1045,"date":"2022-10-17T07:47:06","date_gmt":"2022-10-17T07:47:06","guid":{"rendered":"http:\/\/70.34.210.26\/?page_id=1045"},"modified":"2023-02-06T12:50:42","modified_gmt":"2023-02-06T12:50:42","slug":"barevne-natery-ve-spreji","status":"publish","type":"page","link":"https:\/\/hbc-system.com\/cs\/products\/leather-plastic-and-vinyl-repair-systems\/spray-colour-coatings","title":{"rendered":"Barevn\u00e9 n\u00e1t\u011bry ve spreji"},"content":{"rendered":"<section class=\"wpb-content-wrapper\"><div class=\"nm-row nm-row-full vc_row wpb_row\"><div class=\"nm_column wpb_column vc_column_container col-sm-12 vc_col-sm-12\"><div class=\"vc_column-inner\"><div class=\"wpb_wrapper\"><div class=\"templatera_shortcode\"><div class=\"nm-row nm-row-full vc_row wpb_row  flex\"><div class=\"nm_column wpb_column vc_column_container col-sm-12 vc_col-sm-12\"><div class=\"vc_column-inner\"><div class=\"wpb_wrapper\"><div class=\"nm-row nm-row-full inner  vc_custom_1675687795985\"><div class=\"nm_column nm_column_inner col-sm-4 vc_col-sm-4 vc_custom_1667390240380\"><div class=\"wpb_wrapper\"><!-- start HBC Button v2 -->\n\t\t<link id='uc_fonts_googleapis_com_css_family_montserrat_400_700-css' href='https:\/\/fonts.googleapis.com\/css?family=Montserrat:400,700' type='text\/css' rel='stylesheet' >\n\t\t<link id='uc_fonts_googleapis_com_css_family_lobster-css' href='https:\/\/fonts.googleapis.com\/css?family=Lobster' type='text\/css' rel='stylesheet' >\n\t\t<link id='uc_fonts_googleapis_com_css_family_roboto-css' href='https:\/\/fonts.googleapis.com\/css?family=Roboto' type='text\/css' rel='stylesheet' >\n\n\t\t\t<style type=\"text\/css\">\/* addon: HBC Button v2 *\/\n\n.hbc_box_button:hover {transition: all 0.3s;\nopacity: 0.7;\n}\n.hbc_box_button {transition: all 0.3s;\nopacity: 1;\n}\n\n.hbc_button-img {\n    width: 100%;\n    }\n.hbc_button-h2 {\n    margin: 20px 20px 10px 20px;\n    font-size: 20px;\n    line-height: 1.3;\n    text-align: left;\n    font-family: Montserrat;\n    font-weight: 700;\n    font-style: normal;\n}\n.hbc_button-p {\n\n    margin: 0px 20px 20px 20px;\n   \n  display: -webkit-box;\n    max-width: 100%;\n    -webkit-line-clamp: 2;\n    -webkit-box-orient: vertical;\n    overflow: hidden;\nfont-size: 12px;\nline-height: 1.3;\ntext-align: left;\nfont-family:Montserrat;\nfont-weight:400;\nfont-style:normal\n}\n\n.hbc_inner_button {\n\n}\n\n<\/style>\n\n\t\t\t<a class=\"hbc_box_button\" href=\"https:\/\/hbc-system.com\/cs\/produkty\/systemy-pro-opravu-kuze-plastu-a-vinylu\/barevne-natery-ve-spreji\/povrchova-uprava-kuze-10\/\">\n<div class=\"hbc_box_inner\">\n\t<div class=\"hbc_inner_button\" style=\" background:#F6F6F6;\"> \n    \t<img decoding=\"async\" class=\"hbc_button-img\" src=\"https:\/\/hbc-system.com\/wp-content\/uploads\/b4_leather_header.webp\" alt=\"Povlak na k\u016f\u017ei - 10\">\n        <h2 class=\"hbc_button-h2\" style=\"color:#7a003c;\">Povlak na k\u016f\u017ei - 10<\/h2>\n        <span class=\"hbc_button-p\" style=\"color:#4c4c4c;\">Barevn\u00e9 n\u00e1t\u011bry, pru\u017en\u00e1 a rychleschnouc\u00ed barva. Pomoc\u00ed n\u00e1t\u011br\u016f syst\u00e9mu HBC m\u016f\u017eete rychle a levn\u011b opravit zm\u011bnu barvy s velk\u00fdm sortimentem r\u016fzn\u00fdch barev a povrchov\u00fdch \u00faprav. N\u00e1t\u011bry HBC na k\u016f\u017ei, tkaniny a plasty byly schv\u00e1leny p\u0159edn\u00edmi v\u00fdrobci OEM pro barven\u00ed a lakov\u00e1n\u00ed interi\u00e9r\u016f, \u010daloun\u011bn\u00ed atd.<\/h3>\n    <\/div>\n<\/div>\n<\/a>\n\t\t\t<!-- end HBC Button v2 --><\/div><\/div><div class=\"nm_column nm_column_inner col-sm-4 vc_col-sm-4 vc_custom_1667390254950\"><div class=\"wpb_wrapper\"><!-- start HBC Button v2 -->\n\n\t\t\t<style type=\"text\/css\">\/* addon: HBC Button v2 *\/\n\n.hbc_box_button:hover {transition: all 0.3s;\nopacity: 0.7;\n}\n.hbc_box_button {transition: all 0.3s;\nopacity: 1;\n}\n\n.hbc_button-img {\n    width: 100%;\n    }\n.hbc_button-h2 {\n    margin: 20px 20px 10px 20px;\n    font-size: 20px;\n    line-height: 1.3;\n    text-align: left;\n    font-family: Montserrat;\n    font-weight: 700;\n    font-style: normal;\n}\n.hbc_button-p {\n\n    margin: 0px 20px 20px 20px;\n   \n  display: -webkit-box;\n    max-width: 100%;\n    -webkit-line-clamp: 2;\n    -webkit-box-orient: vertical;\n    overflow: hidden;\nfont-size: 12px;\nline-height: 1.3;\ntext-align: left;\nfont-family:Montserrat;\nfont-weight:400;\nfont-style:normal\n}\n\n.hbc_inner_button {\n\n}\n\n<\/style>\n\n\t\t\t<a class=\"hbc_box_button\" href=\"https:\/\/hbc-system.com\/cs\/produkty\/systemy-pro-opravu-kuze-plastu-a-vinylu\/barevne-natery-ve-spreji\/tkanina-a-velurovy-potah-20\/\">\n<div class=\"hbc_box_inner\">\n\t<div class=\"hbc_inner_button\" style=\" background:#F6F6F6;\"> \n    \t<img decoding=\"async\" class=\"hbc_button-img\" src=\"https:\/\/hbc-system.com\/wp-content\/uploads\/b4_velour_header-2.webp\" alt=\"Tkanina a velurov\u00fd potah - 20\">\n        <h2 class=\"hbc_button-h2\" style=\"color:#7a003c;\">Tkanina a velurov\u00fd potah - 20<\/h2>\n        <span class=\"hbc_button-p\" style=\"color:#4c4c4c;\">Barevn\u00e9 n\u00e1t\u011bry, pru\u017en\u00e1 a rychleschnouc\u00ed barva. Pomoc\u00ed n\u00e1t\u011br\u016f syst\u00e9mu HBC m\u016f\u017eete rychle a levn\u011b opravit zm\u011bnu barvy s velk\u00fdm sortimentem r\u016fzn\u00fdch barev a povrchov\u00fdch \u00faprav. N\u00e1t\u011bry HBC na k\u016f\u017ei, tkaniny a plasty byly schv\u00e1leny p\u0159edn\u00edmi v\u00fdrobci OEM pro barven\u00ed a lakov\u00e1n\u00ed interi\u00e9r\u016f, \u010daloun\u011bn\u00ed atd.<\/h3>\n    <\/div>\n<\/div>\n<\/a>\n\t\t\t<!-- end HBC Button v2 --><\/div><\/div><div class=\"nm_column nm_column_inner col-sm-4 vc_col-sm-4 vc_custom_1667390528137\"><div class=\"wpb_wrapper\"><!-- start HBC Button v2 -->\n\n\t\t\t<style type=\"text\/css\">\/* addon: HBC Button v2 *\/\n\n.hbc_box_button:hover {transition: all 0.3s;\nopacity: 0.7;\n}\n.hbc_box_button {transition: all 0.3s;\nopacity: 1;\n}\n\n.hbc_button-img {\n    width: 100%;\n    }\n.hbc_button-h2 {\n    margin: 20px 20px 10px 20px;\n    font-size: 20px;\n    line-height: 1.3;\n    text-align: left;\n    font-family: Montserrat;\n    font-weight: 700;\n    font-style: normal;\n}\n.hbc_button-p {\n\n    margin: 0px 20px 20px 20px;\n   \n  display: -webkit-box;\n    max-width: 100%;\n    -webkit-line-clamp: 2;\n    -webkit-box-orient: vertical;\n    overflow: hidden;\nfont-size: 12px;\nline-height: 1.3;\ntext-align: left;\nfont-family:Montserrat;\nfont-weight:400;\nfont-style:normal\n}\n\n.hbc_inner_button {\n\n}\n\n<\/style>\n\n\t\t\t<a class=\"hbc_box_button\" href=\"https:\/\/hbc-system.com\/cs\/produkty\/systemy-pro-opravu-kuze-plastu-a-vinylu\/barevne-natery-ve-spreji\/povlakovani-plastu-a-vinylu-30\/\">\n<div class=\"hbc_box_inner\">\n\t<div class=\"hbc_inner_button\" style=\" background:#F6F6F6;\"> \n    \t<img decoding=\"async\" class=\"hbc_button-img\" src=\"https:\/\/hbc-system.com\/wp-content\/uploads\/b4_plastic_header.webp\" alt=\"Plastov\u00e9 a vinylov\u00e9 povlaky - 30\">\n        <h2 class=\"hbc_button-h2\" style=\"color:#7a003c;\">Plastov\u00e9 a vinylov\u00e9 povlaky - 30<\/h2>\n        <span class=\"hbc_button-p\" style=\"color:#4c4c4c;\">Barevn\u00e9 n\u00e1t\u011bry, pru\u017en\u00e1 a rychleschnouc\u00ed barva. Pomoc\u00ed n\u00e1t\u011br\u016f syst\u00e9mu HBC m\u016f\u017eete rychle a levn\u011b opravit zm\u011bnu barvy s velk\u00fdm sortimentem r\u016fzn\u00fdch barev a povrchov\u00fdch \u00faprav. N\u00e1t\u011bry HBC na k\u016f\u017ei, tkaniny a plasty byly schv\u00e1leny p\u0159edn\u00edmi v\u00fdrobci OEM pro barven\u00ed a lakov\u00e1n\u00ed interi\u00e9r\u016f, \u010daloun\u011bn\u00ed atd.<\/h3>\n    <\/div>\n<\/div>\n<\/a>\n\t\t\t<!-- end HBC Button v2 --><\/div><\/div><\/div><\/div><\/div><\/div><\/div><\/div><\/div><\/div><\/div><\/div>\n<\/section>","protected":false},"excerpt":{"rendered":"Leather Coating - 10 Color coats, flexible and fast drying paint. With the HBC system coatings you can fast and inexpensively fix discoloration of with a large assortment of different colors and finishes. HBC leather, fabric, plastic coats have been approved for coloring and painting interior, upholstery, etc. by leading OEMs Fabric and Velour Coating [...]","protected":false},"author":1,"featured_media":0,"parent":934,"menu_order":0,"comment_status":"closed","ping_status":"closed","template":"templates\/page-full.php","meta":{"content-type":"","inline_featured_image":false,"_monsterinsights_skip_tracking":false,"_monsterinsights_sitenote_active":false,"_monsterinsights_sitenote_note":"","_monsterinsights_sitenote_category":0,"footnotes":""},"class_list":["post-1045","page","type-page","status-publish","hentry"],"yoast_head":"<!-- This site is optimized with the Yoast SEO Premium plugin v19.6 (Yoast SEO v24.2) - https:\/\/yoast.com\/wordpress\/plugins\/seo\/ -->\n<title>Spray Colour Coatings<\/title>\n<meta name=\"description\" content=\"Spray Colour Coatings for leather, plastic &amp; vinyl as well as fabric &amp; velour. An inexpensive solution to discolouration.\" \/>\n<meta name=\"robots\" content=\"index, follow, max-snippet:-1, max-image-preview:large, max-video-preview:-1\" \/>\n<link rel=\"canonical\" href=\"https:\/\/hbc-system.com\/cs\/wp-json\/wp\/v2\/pages\/1045\" \/>\n<meta property=\"og:locale\" content=\"cs_CZ\" \/>\n<meta property=\"og:type\" content=\"article\" \/>\n<meta property=\"og:title\" content=\"Spray Colour Coatings\" \/>\n<meta property=\"og:description\" content=\"Spray Colour Coatings for leather, plastic &amp; vinyl as well as fabric &amp; velour. An inexpensive solution to discolouration.\" \/>\n<meta property=\"og:url\" content=\"https:\/\/hbc-system.com\/cs\/produkty\/systemy-pro-opravu-kuze-plastu-a-vinylu\/barevne-natery-ve-spreji\/\" \/>\n<meta property=\"og:site_name\" content=\"HBC System\" \/>\n<meta property=\"article:publisher\" content=\"https:\/\/www.facebook.com\/hbcsystems\" \/>\n<meta property=\"article:modified_time\" content=\"2023-02-06T12:50:42+00:00\" \/>\n<meta name=\"twitter:card\" content=\"summary_large_image\" \/>\n<meta name=\"twitter:label1\" content=\"Odhadovan\u00e1 doba \u010dten\u00ed\" \/>\n\t<meta name=\"twitter:data1\" content=\"1 minuta\" \/>\n<script type=\"application\/ld+json\" class=\"yoast-schema-graph\">{\n\t    \"@context\": \"https:\/\/schema.org\",\n\t    \"@graph\": [\n\t        {\n\t            \"@type\": \"WebPage\",\n\t            \"@id\": \"https:\/\/hbc-system.com\/da\/produkter\/laeder-plast-og-vinyl-reparationssystemer\/sprojtefarve-belaegninger\",\n\t            \"url\": \"https:\/\/hbc-system.com\/da\/produkter\/laeder-plast-og-vinyl-reparationssystemer\/sprojtefarve-belaegninger\",\n\t            \"name\": \"Spray Colour Coatings\",\n\t            \"isPartOf\": {\n\t                \"@id\": \"https:\/\/hbc-system.com\/fr_be\/#website\"\n\t            },\n\t            \"datePublished\": \"2022-10-17T07:47:06+00:00\",\n\t            \"dateModified\": \"2023-02-06T12:50:42+00:00\",\n\t            \"description\": \"Spray Colour Coatings for leather, plastic & vinyl as well as fabric & velour. An inexpensive solution to discolouration.\",\n\t            \"breadcrumb\": {\n\t                \"@id\": \"https:\/\/hbc-system.com\/da\/produkter\/laeder-plast-og-vinyl-reparationssystemer\/sprojtefarve-belaegninger#breadcrumb\"\n\t            },\n\t            \"inLanguage\": \"cs\",\n\t            \"potentialAction\": [\n\t                {\n\t                    \"@type\": \"ReadAction\",\n\t                    \"target\": [\n\t                        \"https:\/\/hbc-system.com\/da\/produkter\/laeder-plast-og-vinyl-reparationssystemer\/sprojtefarve-belaegninger\"\n\t                    ]\n\t                }\n\t            ]\n\t        },\n\t        {\n\t            \"@type\": \"BreadcrumbList\",\n\t            \"@id\": \"https:\/\/hbc-system.com\/da\/produkter\/laeder-plast-og-vinyl-reparationssystemer\/sprojtefarve-belaegninger#breadcrumb\",\n\t            \"itemListElement\": [\n\t                {\n\t                    \"@type\": \"ListItem\",\n\t                    \"position\": 1,\n\t                    \"name\": \"Home\",\n\t                    \"item\": \"https:\/\/hbc-system.com\/\"\n\t                },\n\t                {\n\t                    \"@type\": \"ListItem\",\n\t                    \"position\": 2,\n\t                    \"name\": \"Products\",\n\t                    \"item\": \"https:\/\/hbc-system.com\/products\"\n\t                },\n\t                {\n\t                    \"@type\": \"ListItem\",\n\t                    \"position\": 3,\n\t                    \"name\": \"Leather Plastic and Vinyl Repair Systems\",\n\t                    \"item\": \"https:\/\/hbc-system.com\/da\/produkter\/laeder-plast-og-vinyl-reparationssystemer\"\n\t                },\n\t                {\n\t                    \"@type\": \"ListItem\",\n\t                    \"position\": 4,\n\t                    \"name\": \"Spray Colour Coatings\"\n\t                }\n\t            ]\n\t        },\n\t        {\n\t            \"@type\": \"WebSite\",\n\t            \"@id\": \"https:\/\/hbc-system.com\/fr_be\/#website\",\n\t            \"url\": \"https:\/\/hbc-system.com\/fr_be\/\",\n\t            \"name\": \"HBC System\",\n\t            \"description\": \"\",\n\t            \"potentialAction\": [\n\t                {\n\t                    \"@type\": \"SearchAction\",\n\t                    \"target\": {\n\t                        \"@type\": \"EntryPoint\",\n\t                        \"urlTemplate\": \"https:\/\/hbc-system.com\/fr_be\/?s={search_term_string}\"\n\t                    },\n\t                    \"query-input\": {\n\t                        \"@type\": \"PropertyValueSpecification\",\n\t                        \"valueRequired\": true,\n\t                        \"valueName\": \"search_term_string\"\n\t                    }\n\t                }\n\t            ],\n\t            \"inLanguage\": \"cs\"\n\t        }\n\t    ]\n\t}<\/script>\n<!-- \/ Yoast SEO Premium plugin. -->","yoast_head_json":{"title":"Barevn\u00e9 n\u00e1t\u011bry ve spreji","description":"Barevn\u00e9 n\u00e1t\u011bry ve spreji na k\u016f\u017ei, plast a vinyl, jako\u017e i na tkaniny a velur. Levn\u00e9 \u0159e\u0161en\u00ed zm\u011bny barvy.","robots":{"index":"index","follow":"follow","max-snippet":"max-snippet:-1","max-image-preview":"max-image-preview:large","max-video-preview":"max-video-preview:-1"},"canonical":"https:\/\/hbc-system.com\/cs\/wp-json\/wp\/v2\/pages\/1045","og_locale":"cs_CZ","og_type":"article","og_title":"Spray Colour Coatings","og_description":"Spray Colour Coatings for leather, plastic & vinyl as well as fabric & velour. An inexpensive solution to discolouration.","og_url":"https:\/\/hbc-system.com\/cs\/produkty\/systemy-pro-opravu-kuze-plastu-a-vinylu\/barevne-natery-ve-spreji\/","og_site_name":"HBC System","article_publisher":"https:\/\/www.facebook.com\/hbcsystems","article_modified_time":"2023-02-06T12:50:42+00:00","twitter_card":"summary_large_image","twitter_misc":{"Odhadovan\u00e1 doba \u010dten\u00ed":"1 minuta"},"schema":{"@context":"https:\/\/schema.org","@graph":[{"@type":"WebPage","@id":"https:\/\/hbc-system.com\/da\/produkter\/laeder-plast-og-vinyl-reparationssystemer\/sprojtefarve-belaegninger","url":"https:\/\/hbc-system.com\/da\/produkter\/laeder-plast-og-vinyl-reparationssystemer\/sprojtefarve-belaegninger","name":"Barevn\u00e9 n\u00e1t\u011bry ve spreji","isPartOf":{"@id":"https:\/\/hbc-system.com\/fr_be\/#website"},"datePublished":"2022-10-17T07:47:06+00:00","dateModified":"2023-02-06T12:50:42+00:00","description":"Barevn\u00e9 n\u00e1t\u011bry ve spreji na k\u016f\u017ei, plast a vinyl, jako\u017e i na tkaniny a velur. Levn\u00e9 \u0159e\u0161en\u00ed zm\u011bny barvy.","breadcrumb":{"@id":"https:\/\/hbc-system.com\/da\/produkter\/laeder-plast-og-vinyl-reparationssystemer\/sprojtefarve-belaegninger#breadcrumb"},"inLanguage":"cs","potentialAction":[{"@type":"ReadAction","target":["https:\/\/hbc-system.com\/da\/produkter\/laeder-plast-og-vinyl-reparationssystemer\/sprojtefarve-belaegninger"]}]},{"@type":"BreadcrumbList","@id":"https:\/\/hbc-system.com\/da\/produkter\/laeder-plast-og-vinyl-reparationssystemer\/sprojtefarve-belaegninger#breadcrumb","itemListElement":[{"@type":"ListItem","position":1,"name":"Home","item":"https:\/\/hbc-system.com\/"},{"@type":"ListItem","position":2,"name":"Products","item":"https:\/\/hbc-system.com\/products"},{"@type":"ListItem","position":3,"name":"Leather Plastic and Vinyl Repair Systems","item":"https:\/\/hbc-system.com\/da\/produkter\/laeder-plast-og-vinyl-reparationssystemer"},{"@type":"ListItem","position":4,"name":"Spray Colour Coatings"}]},{"@type":"WebSite","@id":"https:\/\/hbc-system.com\/fr_be\/#website","url":"https:\/\/hbc-system.com\/fr_be\/","name":"Syst\u00e9m HBC","description":"","potentialAction":[{"@type":"SearchAction","target":{"@type":"EntryPoint","urlTemplate":"https:\/\/hbc-system.com\/fr_be\/?s={search_term_string}"},"query-input":{"@type":"PropertyValueSpecification","valueRequired":true,"valueName":"search_term_string"}}],"inLanguage":"cs"}]}},"_links":{"self":[{"href":"https:\/\/hbc-system.com\/cs\/wp-json\/wp\/v2\/pages\/1045","targetHints":{"allow":["GET"]}}],"collection":[{"href":"https:\/\/hbc-system.com\/cs\/wp-json\/wp\/v2\/pages"}],"about":[{"href":"https:\/\/hbc-system.com\/cs\/wp-json\/wp\/v2\/types\/page"}],"author":[{"embeddable":true,"href":"https:\/\/hbc-system.com\/cs\/wp-json\/wp\/v2\/users\/1"}],"replies":[{"embeddable":true,"href":"https:\/\/hbc-system.com\/cs\/wp-json\/wp\/v2\/comments?post=1045"}],"version-history":[{"count":0,"href":"https:\/\/hbc-system.com\/cs\/wp-json\/wp\/v2\/pages\/1045\/revisions"}],"up":[{"embeddable":true,"href":"https:\/\/hbc-system.com\/cs\/wp-json\/wp\/v2\/pages\/934"}],"wp:attachment":[{"href":"https:\/\/hbc-system.com\/cs\/wp-json\/wp\/v2\/media?parent=1045"}],"curies":[{"name":"wp","href":"https:\/\/api.w.org\/{rel}","templated":true}]}}