{"id":240,"date":"2022-09-30T11:54:58","date_gmt":"2022-09-30T11:54:58","guid":{"rendered":"http:\/\/70.34.210.26\/?page_id=240"},"modified":"2024-11-28T12:59:27","modified_gmt":"2024-11-28T12:59:27","slug":"chytre-opravarenske-voziky-all-in-one","status":"publish","type":"page","link":"https:\/\/hbc-system.com\/cs\/products\/all-in-one-smart-repair-trolleys","title":{"rendered":"Chytr\u00e9 oprav\u00e1rensk\u00e9 voz\u00edky typu v\u0161e v jednom"},"content":{"rendered":"<section class=\"wpb-content-wrapper\"><div class=\"nm-row nm-row-full vc_row wpb_row\"><div class=\"nm_column wpb_column vc_column_container col-sm-12 vc_col-sm-12\"><div class=\"vc_column-inner\"><div class=\"wpb_wrapper\"><div class=\"templatera_shortcode\"><\/div><\/div><\/div><\/div><\/div><div class=\"nm-row nm-row-full-nopad vc_row wpb_row  vc_custom_1678174440789\"><div class=\"nm_column wpb_column vc_column_container col-sm-12 vc_col-sm-12\"><div class=\"vc_column-inner\"><div class=\"wpb_wrapper\"><!-- start HBC Header -->\n\t\t<link id='uc_fonts_googleapis_com_css_family_montserrat_400_700-css' href='https:\/\/fonts.googleapis.com\/css?family=Montserrat:400,700' type='text\/css' rel='stylesheet' >\n\t\t<link id='uc_fonts_googleapis_com_css_family_lobster-css' href='https:\/\/fonts.googleapis.com\/css?family=Lobster' type='text\/css' rel='stylesheet' >\n\n\t\t\t<style type=\"text\/css\">\/* addon: HBC Header *\/\n\n.hbc-header {\n    position: relative;\n    overflow: hidden;\n    }\n.hbc-header-p br {\ndisplay: none;}\n\n.hbc-header-image {\nwidth: 100%;\nheight: auto;\nobject-fit: cover;\nmax-height: 550px;\naspect-ratio: 19 \/ 6;\n}\n\n@media (max-width: 1200px) {\n.hbc-header-h1 {\n    display: table;\n    font-weight: bold;\n    margin: 0;\n    width: 100%;\n    text-align: left;\n    background: rgba(0,0,0,0.75);\n    font-size: 18px;\n    color: #FFF;\n    text-transform: uppercase;\n    padding: 10px 5px;\n}\n\n.hbc-header-p {\n    font-size: 14px;\n    color: #FFF;\n    background: rgba(0,0,0,0.8);\n    margin: 0;\n    padding: 10px 5px;\n    width: 100%;\n}\n}\n\n\n@media (min-width: 1200px) {\n.hbc-header-h1 {\ndisplay: table;\n    z-index: 99;\n    font-weight: bold;\n    margin-bottom: 15px;\n    left: 20%;\n    top: 50px;\n    width: 550px;\n    text-align: left;\n    background: rgba(0,0,0,0.75);\n    font-size: 30px;\n    color: #FFF;\n    text-transform: uppercase;\n    padding: 15px;\n}\n.hbc-header-p {\n    z-index: 99;\n    margin: 0;\n    left: 20%;\n    top: 170px;\n    width: 550px;\n    text-align: left;\n    font-size: 17px;\n    line-height: 1.5;\n    background: rgba(0,0,0,0.75);\n    padding: 15px;\n    color: #FFF;\n}\n.notmobile {\nposition: absolute;\n    top: 50px;\n    left: 20%;\n}}\n\n}\n\n<\/style>\n\n\t\t\t<div class=\"hbc-header\">\n    <img decoding=\"async\" class=\"hbc-header-image\" height=\"\" width=\"\" alt=\"Chytr\u00e9 voz\u00edky pro opravy, interi\u00e9r, slitiny a PDR\" src=\"https:\/\/hbc-system.com\/wp-content\/uploads\/trolley-header-1.webp\" \/>\n    <div class=\"notmobile\">\n     <h1 class=\"hbc-header-h1\" style=\"color:white;\">Chytr\u00e9 voz\u00edky pro opravy, interi\u00e9r, slitiny a PDR<\/h1>\n     <h2 class=\"hbc-header-p\" style=\"display: table\">Univerz\u00e1ln\u00ed d\u00edlensk\u00e9 nebo mobiln\u00ed \u0159e\u0161en\u00ed pro profesion\u00e1ln\u00ed techniky<\/h2>\n    <\/div>\n   \n\t\t\t\t<\/div>\n\n\t\t<\/div>\n\n<p id=\"breadcrumbs\">\n    <span><span><a href=\"https:\/\/hbc-system.com\/cs\/\">Home<\/a><\/span><\/span>\n    <\/p>\n<\/div>\n\t\t\t<!-- end HBC Header --><\/div><\/div><\/div><\/div><div class=\"nm-row nm-row-full vc_row wpb_row  flex\"><div class=\"nm_column wpb_column vc_column_container col-sm-12 vc_col-sm-12\"><div class=\"vc_column-inner\"><div class=\"wpb_wrapper\"><div class=\"nm-row nm-row-full inner nm-row-flex nm-row-col-middle  vc_custom_1675775997465\"><div class=\"nm_column nm_column_inner col-sm-4 vc_col-sm-4 vc_custom_1666860099512\"><div class=\"wpb_wrapper\"><!-- start HBC Button v2 -->\n\t\t<link id='uc_fonts_googleapis_com_css_family_roboto-css' href='https:\/\/fonts.googleapis.com\/css?family=Roboto' type='text\/css' rel='stylesheet' >\n\n\t\t\t<style type=\"text\/css\">\/* addon: HBC Button v2 *\/\n\n.hbc_box_button:hover {transition: all 0.3s;\nopacity: 0.7;\n}\n.hbc_box_button {transition: all 0.3s;\nopacity: 1;\n}\n\n.hbc_button-img {\n    width: 100%;\n    }\n.hbc_button-h2 {\n    margin: 20px 20px 10px 20px;\n    font-size: 20px;\n    line-height: 1.3;\n    text-align: left;\n    font-family: Montserrat;\n    font-weight: 700;\n    font-style: normal;\n}\n.hbc_button-p {\n\n    margin: 0px 20px 20px 20px;\n   \n  display: -webkit-box;\n    max-width: 100%;\n    -webkit-line-clamp: 2;\n    -webkit-box-orient: vertical;\n    overflow: hidden;\nfont-size: 12px;\nline-height: 1.3;\ntext-align: left;\nfont-family:Montserrat;\nfont-weight:400;\nfont-style:normal\n}\n\n.hbc_inner_button {\n\n}\n\n<\/style>\n\n\t\t\t<a class=\"hbc_box_button\" href=\"\/cs\/produkty\/chytre-opravarenske-voziky-all-in-one\/mistr-voziku\/\">\n<div class=\"hbc_box_inner\">\n\t<div class=\"hbc_inner_button\" style=\" background:#F6F6F6;\"> \n    \t<img decoding=\"async\" class=\"hbc_button-img\" src=\"https:\/\/hbc-system.com\/wp-content\/uploads\/overview-trolley-master.jpg\" alt=\"Mistr voz\u00edku\">\n        <h2 class=\"hbc_button-h2\" style=\"color:#7a003c;\">Mistr voz\u00edku<\/h2>\n        <span class=\"hbc_button-p\" style=\"color:#4c4c4c;\">Trolley Master je \u0161pi\u010dkov\u00e1 instalace Smart Repair a PDR od spole\u010dnosti HBC system.<\/h3>\n    <\/div>\n<\/div>\n<\/a>\n\t\t\t<!-- end HBC Button v2 --><\/div><\/div><div class=\"nm_column nm_column_inner col-sm-4 vc_col-sm-4 vc_custom_1666860124219\"><div class=\"wpb_wrapper\"><!-- start HBC Button v2 -->\n\n\t\t\t<style type=\"text\/css\">\/* addon: HBC Button v2 *\/\n\n.hbc_box_button:hover {transition: all 0.3s;\nopacity: 0.7;\n}\n.hbc_box_button {transition: all 0.3s;\nopacity: 1;\n}\n\n.hbc_button-img {\n    width: 100%;\n    }\n.hbc_button-h2 {\n    margin: 20px 20px 10px 20px;\n    font-size: 20px;\n    line-height: 1.3;\n    text-align: left;\n    font-family: Montserrat;\n    font-weight: 700;\n    font-style: normal;\n}\n.hbc_button-p {\n\n    margin: 0px 20px 20px 20px;\n   \n  display: -webkit-box;\n    max-width: 100%;\n    -webkit-line-clamp: 2;\n    -webkit-box-orient: vertical;\n    overflow: hidden;\nfont-size: 12px;\nline-height: 1.3;\ntext-align: left;\nfont-family:Montserrat;\nfont-weight:400;\nfont-style:normal\n}\n\n.hbc_inner_button {\n\n}\n\n<\/style>\n\n\t\t\t<a class=\"hbc_box_button\" href=\"\/cs\/produkty\/chytre-opravarenske-voziky-all-in-one\/vozik-l\/\">\n<div class=\"hbc_box_inner\">\n\t<div class=\"hbc_inner_button\" style=\" background:#F6F6F6;\"> \n    \t<img decoding=\"async\" class=\"hbc_button-img\" src=\"https:\/\/hbc-system.com\/wp-content\/uploads\/overview-trolley-l.jpg\" alt=\"Voz\u00edk L\">\n        <h2 class=\"hbc_button-h2\" style=\"color:#7a003c;\">Voz\u00edk L<\/h2>\n        <span class=\"hbc_button-p\" style=\"color:#4c4c4c;\">Voz\u00edk L je n\u00e1\u0161 z\u00e1kladn\u00ed model pro techniky, kte\u0159\u00ed cht\u011bj\u00ed za\u010d\u00edt s opravami Smart Repair.<\/h3>\n    <\/div>\n<\/div>\n<\/a>\n\t\t\t<!-- end HBC Button v2 --><\/div><\/div><div class=\"nm_column nm_column_inner col-sm-4 vc_col-sm-4 vc_custom_1666860137518\"><div class=\"wpb_wrapper\"><!-- start HBC Button v2 -->\n\n\t\t\t<style type=\"text\/css\">\/* addon: HBC Button v2 *\/\n\n.hbc_box_button:hover {transition: all 0.3s;\nopacity: 0.7;\n}\n.hbc_box_button {transition: all 0.3s;\nopacity: 1;\n}\n\n.hbc_button-img {\n    width: 100%;\n    }\n.hbc_button-h2 {\n    margin: 20px 20px 10px 20px;\n    font-size: 20px;\n    line-height: 1.3;\n    text-align: left;\n    font-family: Montserrat;\n    font-weight: 700;\n    font-style: normal;\n}\n.hbc_button-p {\n\n    margin: 0px 20px 20px 20px;\n   \n  display: -webkit-box;\n    max-width: 100%;\n    -webkit-line-clamp: 2;\n    -webkit-box-orient: vertical;\n    overflow: hidden;\nfont-size: 12px;\nline-height: 1.3;\ntext-align: left;\nfont-family:Montserrat;\nfont-weight:400;\nfont-style:normal\n}\n\n.hbc_inner_button {\n\n}\n\n<\/style>\n\n\t\t\t<a class=\"hbc_box_button\" href=\"\/cs\/produkty\/chytre-opravarenske-voziky-all-in-one\/interier-mobilniho-voziku\/\">\n<div class=\"hbc_box_inner\">\n\t<div class=\"hbc_inner_button\" style=\" background:#F6F6F6;\"> \n    \t<img decoding=\"async\" class=\"hbc_button-img\" src=\"https:\/\/hbc-system.com\/wp-content\/uploads\/overview-trolley-mobile.jpg\" alt=\"Mobiln\u00ed voz\u00edk - interi\u00e9r\">\n        <h2 class=\"hbc_button-h2\" style=\"color:#7a003c;\">Mobiln\u00ed voz\u00edk - interi\u00e9r<\/h2>\n        <span class=\"hbc_button-p\" style=\"color:#4c4c4c;\">Interi\u00e9rov\u00fd voz\u00edk Mobile je optim\u00e1ln\u00edm \u0159e\u0161en\u00edm pro techniky na cest\u00e1ch.<\/h3>\n    <\/div>\n<\/div>\n<\/a>\n\t\t\t<!-- end HBC Button v2 --><\/div><\/div><\/div><div class=\"nm-row nm-row-full inner nm-row-flex nm-row-col-middle  vc_custom_1675775997465\"><div class=\"nm_column nm_column_inner col-sm-4 vc_col-sm-4 vc_custom_1666860099512\"><div class=\"wpb_wrapper\"><!-- start HBC Button v2 -->\n\n\t\t\t<style type=\"text\/css\">\/* addon: HBC Button v2 *\/\n\n.hbc_box_button:hover {transition: all 0.3s;\nopacity: 0.7;\n}\n.hbc_box_button {transition: all 0.3s;\nopacity: 1;\n}\n\n.hbc_button-img {\n    width: 100%;\n    }\n.hbc_button-h2 {\n    margin: 20px 20px 10px 20px;\n    font-size: 20px;\n    line-height: 1.3;\n    text-align: left;\n    font-family: Montserrat;\n    font-weight: 700;\n    font-style: normal;\n}\n.hbc_button-p {\n\n    margin: 0px 20px 20px 20px;\n   \n  display: -webkit-box;\n    max-width: 100%;\n    -webkit-line-clamp: 2;\n    -webkit-box-orient: vertical;\n    overflow: hidden;\nfont-size: 12px;\nline-height: 1.3;\ntext-align: left;\nfont-family:Montserrat;\nfont-weight:400;\nfont-style:normal\n}\n\n.hbc_inner_button {\n\n}\n\n<\/style>\n\n\t\t\t<a class=\"hbc_box_button\" href=\"\/cs\/produkty\/chytre-opravarenske-voziky-all-in-one\/vozik-pdr-pro\/\">\n<div class=\"hbc_box_inner\">\n\t<div class=\"hbc_inner_button\" style=\" background:#F6F6F6;\"> \n    \t<img decoding=\"async\" class=\"hbc_button-img\" src=\"https:\/\/hbc-system.com\/wp-content\/uploads\/overview-trolley-pdr-pro.jpg\" alt=\"Voz\u00edk PDR Pro\">\n        <h2 class=\"hbc_button-h2\" style=\"color:#7a003c;\">Voz\u00edk PDR Pro<\/h2>\n        <span class=\"hbc_button-p\" style=\"color:#4c4c4c;\">Trolley PDR Pro je dokonal\u00e1 instalace PDR od spole\u010dnosti HBC System.<\/h3>\n    <\/div>\n<\/div>\n<\/a>\n\t\t\t<!-- end HBC Button v2 --><\/div><\/div><div class=\"nm_column nm_column_inner col-sm-4 vc_col-sm-4 vc_custom_1666860124219\"><div class=\"wpb_wrapper\"><!-- start HBC Button v2 -->\n\n\t\t\t<style type=\"text\/css\">\/* addon: HBC Button v2 *\/\n\n.hbc_box_button:hover {transition: all 0.3s;\nopacity: 0.7;\n}\n.hbc_box_button {transition: all 0.3s;\nopacity: 1;\n}\n\n.hbc_button-img {\n    width: 100%;\n    }\n.hbc_button-h2 {\n    margin: 20px 20px 10px 20px;\n    font-size: 20px;\n    line-height: 1.3;\n    text-align: left;\n    font-family: Montserrat;\n    font-weight: 700;\n    font-style: normal;\n}\n.hbc_button-p {\n\n    margin: 0px 20px 20px 20px;\n   \n  display: -webkit-box;\n    max-width: 100%;\n    -webkit-line-clamp: 2;\n    -webkit-box-orient: vertical;\n    overflow: hidden;\nfont-size: 12px;\nline-height: 1.3;\ntext-align: left;\nfont-family:Montserrat;\nfont-weight:400;\nfont-style:normal\n}\n\n.hbc_inner_button {\n\n}\n\n<\/style>\n\n\t\t\t<a class=\"hbc_box_button\" href=\"\/cs\/produkty\/chytre-opravarenske-voziky-all-in-one\/vozik-pdr-pro\/\">\n<div class=\"hbc_box_inner\">\n\t<div class=\"hbc_inner_button\" style=\" background:#F6F6F6;\"> \n    \t<img decoding=\"async\" class=\"hbc_button-img\" src=\"https:\/\/hbc-system.com\/wp-content\/uploads\/overview-trolley-pdr.jpg\" alt=\"Voz\u00edk PDR Standard\">\n        <h2 class=\"hbc_button-h2\" style=\"color:#7a003c;\">Voz\u00edk PDR Standard<\/h2>\n        <span class=\"hbc_button-p\" style=\"color:#4c4c4c;\">Voz\u00edk PDR Standard obsahuje z\u00e1kladn\u00ed syst\u00e9my pot\u0159ebn\u00e9 k odstran\u011bn\u00ed prom\u00e1\u010dklin.<\/h3>\n    <\/div>\n<\/div>\n<\/a>\n\t\t\t<!-- end HBC Button v2 --><\/div><\/div><div class=\"nm_column nm_column_inner col-sm-4 vc_col-sm-4 vc_custom_1666860137518\"><div class=\"wpb_wrapper\"><!-- start HBC Button v2 -->\n\n\t\t\t<style type=\"text\/css\">\/* addon: HBC Button v2 *\/\n\n.hbc_box_button:hover {transition: all 0.3s;\nopacity: 0.7;\n}\n.hbc_box_button {transition: all 0.3s;\nopacity: 1;\n}\n\n.hbc_button-img {\n    width: 100%;\n    }\n.hbc_button-h2 {\n    margin: 20px 20px 10px 20px;\n    font-size: 20px;\n    line-height: 1.3;\n    text-align: left;\n    font-family: Montserrat;\n    font-weight: 700;\n    font-style: normal;\n}\n.hbc_button-p {\n\n    margin: 0px 20px 20px 20px;\n   \n  display: -webkit-box;\n    max-width: 100%;\n    -webkit-line-clamp: 2;\n    -webkit-box-orient: vertical;\n    overflow: hidden;\nfont-size: 12px;\nline-height: 1.3;\ntext-align: left;\nfont-family:Montserrat;\nfont-weight:400;\nfont-style:normal\n}\n\n.hbc_inner_button {\n\n}\n\n<\/style>\n\n\t\t\t<a class=\"hbc_box_button\" href=\"\/cs\/produkty\/chytre-opravarenske-voziky-all-in-one\/obytny-prives-na-voziku\/\">\n<div class=\"hbc_box_inner\">\n\t<div class=\"hbc_inner_button\" style=\" background:#F6F6F6;\"> \n    \t<img decoding=\"async\" class=\"hbc_button-img\" src=\"https:\/\/hbc-system.com\/wp-content\/uploads\/overview-trolley-caravan.jpg\" alt=\"Voz\u00edk Caravan\">\n        <h2 class=\"hbc_button-h2\" style=\"color:#7a003c;\">Voz\u00edk Caravan<\/h2>\n        <span class=\"hbc_button-p\" style=\"color:#4c4c4c;\">\u0160pi\u010dkov\u00e1 oprava karavan\u016f od spole\u010dnosti HBC system.<\/h3>\n    <\/div>\n<\/div>\n<\/a>\n\t\t\t<!-- end HBC Button v2 --><\/div><\/div><\/div><div class=\"vc_empty_space\"   style=\"height: 32px\"><span class=\"vc_empty_space_inner\"><\/span><\/div><\/div><\/div><\/div><\/div><div class=\"nm-row nm-row-full-nopad vc_row wpb_row\"><div class=\"nm_column wpb_column vc_column_container col-sm-12 vc_col-sm-12\"><div class=\"vc_column-inner\"><div class=\"wpb_wrapper\"><div class=\"templatera_shortcode\"><div style=\" background-image:url(https:\/\/hbc-system.com\/wp-content\/uploads\/header-hbc-group-distributor-1.webp) !important;\" class=\"nm-row nm-row-full-nopad vc_row wpb_row nm-row-flex nm-row-col-middle nm-row-parallax nm-row-parallax-static  vc_custom_1682509734084\"><div class=\"nm_column wpb_column vc_column_container col-sm-12 vc_col-sm-12\"><div class=\"vc_column-inner\"><div class=\"wpb_wrapper\"><div class=\"nm-row nm-row-boxed inner nm-row-flex nm-row-col-middle  vc_custom_1679497305997\"><div class=\"nm_column nm_column_inner col-sm-4 vc_col-sm-4 vc_custom_1679496449268\"><div class=\"wpb_wrapper\"><div class=\"vc_empty_space\"   style=\"height: 25px\"><span class=\"vc_empty_space_inner\"><\/span><\/div><p style=\"font-size: 48px;color: #ffffff;line-height: 1.1;text-align: left;font-family:Montserrat;font-weight:700;font-style:normal\" class=\"vc_custom_heading\" ><a href=\"\/cs\/o-nas\/partner\/\" title=\"Glob\u00e1ln\u00ed ud\u00e1losti\">V\u00c1\u0160 M\u00cdSTN\u00cd DISTRIBUTOR<\/a><\/p><div class=\"vc_empty_space\"   style=\"height: 25px\"><span class=\"vc_empty_space_inner\"><\/span><\/div>\r\n\t\t\t<div class=\"nm_btn_align_left\">\r\n\t\t\t\t<a href=\"\/cs\/o-nas\/partner\/\" class=\"nm_btn nm_btn_lg nm_btn_border\" title=\"O syst\u00e9mu HBC\" style=\"color:#ffffff;\">\r\n\t\t\t\t\t<span class=\"nm_btn_title\">HBC PARTNER<\/span>\r\n\t\t\t\t\t<span class=\"nm_btn_bg\"><\/span>\r\n\t\t\t\t<\/a>\r\n\t\t\t<\/div><div class=\"vc_empty_space\"   style=\"height: 25px\"><span class=\"vc_empty_space_inner\"><\/span><\/div><\/div><\/div><div class=\"nm_column nm_column_inner col-sm-4 vc_col-sm-4 vc_custom_1679666699177\"><div class=\"wpb_wrapper\"><p style=\"font-size: 25px;color: #ffffff;line-height: 1.5;text-align: left;font-family:Montserrat;font-weight:400;font-style:normal\" class=\"vc_custom_heading\" ><a href=\"https:\/\/hbc-system.com\/cs\/o-nas\/partner\/\" title=\"Glob\u00e1ln\u00ed ud\u00e1losti\">Prodej<\/a><\/p><p style=\"font-size: 25px;color: #ffffff;line-height: 1.5;text-align: left;font-family:Montserrat;font-weight:400;font-style:normal\" class=\"vc_custom_heading\" ><a href=\"https:\/\/hbc-system.com\/cs\/o-nas\/partner\/\" title=\"Glob\u00e1ln\u00ed ud\u00e1losti\">Podpora produktu<\/a><\/p><p style=\"font-size: 25px;color: #ffffff;line-height: 1.5;text-align: left;font-family:Montserrat;font-weight:400;font-style:normal\" class=\"vc_custom_heading\" ><a href=\"https:\/\/hbc-system.com\/cs\/o-nas\/partner\/\" title=\"Glob\u00e1ln\u00ed ud\u00e1losti\">Uk\u00e1zkov\u00e9 knihy<\/a><\/p><p style=\"font-size: 25px;color: #ffffff;line-height: 1.5;text-align: left;font-family:Montserrat;font-weight:400;font-style:normal\" class=\"vc_custom_heading\" ><a href=\"https:\/\/hbc-system.com\/cs\/o-nas\/partner\/\" title=\"Glob\u00e1ln\u00ed ud\u00e1losti\">Certifikovan\u00e9 \u0161kolen\u00ed<\/a><\/p><p style=\"font-size: 25px;color: #ffffff;line-height: 1.5;text-align: left;font-family:Montserrat;font-weight:400;font-style:normal\" class=\"vc_custom_heading\" ><a href=\"https:\/\/hbc-system.com\/cs\/o-nas\/partner\/\" title=\"Glob\u00e1ln\u00ed ud\u00e1losti\">Objedn\u00e1vka spot\u0159ebn\u00edho materi\u00e1lu<\/a><\/p><\/div><\/div><div class=\"nm_column nm_column_inner col-sm-4 vc_col-sm-4\"><div class=\"wpb_wrapper\"><\/div><\/div><\/div><\/div><\/div><\/div><\/div><\/div><\/div><\/div><\/div><\/div>\n<\/section>","protected":false},"excerpt":{"rendered":"V\u00c1\u0160 M\u00cdSTN\u00cd DISTRIBUTOR HBC PARTNER ProdejPodpora produkt\u016fP\u0159edv\u00e1d\u011bc\u00ed knihyCertifikovan\u00e1 \u0161kolen\u00edObjedn\u00e1vka spot\u0159ebn\u00edho materi\u00e1lu","protected":false},"author":1,"featured_media":0,"parent":40,"menu_order":0,"comment_status":"closed","ping_status":"closed","template":"templates\/page-full.php","meta":{"content-type":"","inline_featured_image":false,"_monsterinsights_skip_tracking":false,"_monsterinsights_sitenote_active":false,"_monsterinsights_sitenote_note":"","_monsterinsights_sitenote_category":0,"footnotes":""},"class_list":["post-240","page","type-page","status-publish","hentry"],"yoast_head":"<!-- This site is optimized with the Yoast SEO Premium plugin v19.6 (Yoast SEO v24.2) - https:\/\/yoast.com\/wordpress\/plugins\/seo\/ -->\n<title>All-in-one smart repair trolleys<\/title>\n<meta name=\"description\" content=\"Our all-in-one smart repair trolleys are designed for the SMART Repair specialist. View our selection of trolleys for SMART Repairs, PDR and caravan.\" \/>\n<meta name=\"robots\" content=\"index, follow, max-snippet:-1, max-image-preview:large, max-video-preview:-1\" \/>\n<link rel=\"canonical\" href=\"https:\/\/hbc-system.com\/cs\/wp-json\/wp\/v2\/pages\/240\" \/>\n<meta property=\"og:locale\" content=\"cs_CZ\" \/>\n<meta property=\"og:type\" content=\"article\" \/>\n<meta property=\"og:title\" content=\"All-in-one smart repair trolleys\" \/>\n<meta property=\"og:description\" content=\"Our all-in-one smart repair trolleys are designed for the SMART Repair specialist. View our selection of trolleys for SMART Repairs, PDR and caravan.\" \/>\n<meta property=\"og:url\" content=\"https:\/\/hbc-system.com\/cs\/produkty\/chytre-opravarenske-voziky-all-in-one\/\" \/>\n<meta property=\"og:site_name\" content=\"HBC System\" \/>\n<meta property=\"article:publisher\" content=\"https:\/\/www.facebook.com\/hbcsystems\" \/>\n<meta property=\"article:modified_time\" content=\"2024-11-28T12:59:27+00:00\" \/>\n<meta name=\"twitter:card\" content=\"summary_large_image\" \/>\n<meta name=\"twitter:label1\" content=\"Odhadovan\u00e1 doba \u010dten\u00ed\" \/>\n\t<meta name=\"twitter:data1\" content=\"1 minuta\" \/>\n<script type=\"application\/ld+json\" class=\"yoast-schema-graph\">{\n\t    \"@context\": \"https:\/\/schema.org\",\n\t    \"@graph\": [\n\t        {\n\t            \"@type\": \"WebPage\",\n\t            \"@id\": \"https:\/\/hbc-system.com\/products\/all-in-one-smart-repair-trolleys\",\n\t            \"url\": \"https:\/\/hbc-system.com\/products\/all-in-one-smart-repair-trolleys\",\n\t            \"name\": \"All-in-one smart repair trolleys\",\n\t            \"isPartOf\": {\n\t                \"@id\": \"https:\/\/hbc-system.com\/fr_be\/#website\"\n\t            },\n\t            \"datePublished\": \"2022-09-30T11:54:58+00:00\",\n\t            \"dateModified\": \"2024-11-28T12:59:27+00:00\",\n\t            \"description\": \"Our all-in-one smart repair trolleys are designed for the SMART Repair specialist. View our selection of trolleys for SMART Repairs, PDR and caravan.\",\n\t            \"breadcrumb\": {\n\t                \"@id\": \"https:\/\/hbc-system.com\/products\/all-in-one-smart-repair-trolleys#breadcrumb\"\n\t            },\n\t            \"inLanguage\": \"cs\",\n\t            \"potentialAction\": [\n\t                {\n\t                    \"@type\": \"ReadAction\",\n\t                    \"target\": [\n\t                        \"https:\/\/hbc-system.com\/products\/all-in-one-smart-repair-trolleys\"\n\t                    ]\n\t                }\n\t            ]\n\t        },\n\t        {\n\t            \"@type\": \"BreadcrumbList\",\n\t            \"@id\": \"https:\/\/hbc-system.com\/products\/all-in-one-smart-repair-trolleys#breadcrumb\",\n\t            \"itemListElement\": [\n\t                {\n\t                    \"@type\": \"ListItem\",\n\t                    \"position\": 1,\n\t                    \"name\": \"Home\",\n\t                    \"item\": \"https:\/\/hbc-system.com\/\"\n\t                },\n\t                {\n\t                    \"@type\": \"ListItem\",\n\t                    \"position\": 2,\n\t                    \"name\": \"Products\",\n\t                    \"item\": \"https:\/\/hbc-system.com\/products\"\n\t                },\n\t                {\n\t                    \"@type\": \"ListItem\",\n\t                    \"position\": 3,\n\t                    \"name\": \"All-in-one smart repair trolleys\"\n\t                }\n\t            ]\n\t        },\n\t        {\n\t            \"@type\": \"WebSite\",\n\t            \"@id\": \"https:\/\/hbc-system.com\/fr_be\/#website\",\n\t            \"url\": \"https:\/\/hbc-system.com\/fr_be\/\",\n\t            \"name\": \"HBC System\",\n\t            \"description\": \"\",\n\t            \"potentialAction\": [\n\t                {\n\t                    \"@type\": \"SearchAction\",\n\t                    \"target\": {\n\t                        \"@type\": \"EntryPoint\",\n\t                        \"urlTemplate\": \"https:\/\/hbc-system.com\/fr_be\/?s={search_term_string}\"\n\t                    },\n\t                    \"query-input\": {\n\t                        \"@type\": \"PropertyValueSpecification\",\n\t                        \"valueRequired\": true,\n\t                        \"valueName\": \"search_term_string\"\n\t                    }\n\t                }\n\t            ],\n\t            \"inLanguage\": \"cs\"\n\t        }\n\t    ]\n\t}<\/script>\n<!-- \/ Yoast SEO Premium plugin. -->","yoast_head_json":{"title":"Chytr\u00e9 oprav\u00e1rensk\u00e9 voz\u00edky typu v\u0161e v jednom","description":"Na\u0161e chytr\u00e9 oprav\u00e1rensk\u00e9 voz\u00edky \"v\u0161e v jednom\" jsou ur\u010deny pro specialisty na opravy SMART. Prohl\u00e9dn\u011bte si na\u0161i nab\u00eddku voz\u00edk\u016f pro opravy SMART, PDR a karavany.","robots":{"index":"index","follow":"follow","max-snippet":"max-snippet:-1","max-image-preview":"max-image-preview:large","max-video-preview":"max-video-preview:-1"},"canonical":"https:\/\/hbc-system.com\/cs\/wp-json\/wp\/v2\/pages\/240","og_locale":"cs_CZ","og_type":"article","og_title":"All-in-one smart repair trolleys","og_description":"Our all-in-one smart repair trolleys are designed for the SMART Repair specialist. View our selection of trolleys for SMART Repairs, PDR and caravan.","og_url":"https:\/\/hbc-system.com\/cs\/produkty\/chytre-opravarenske-voziky-all-in-one\/","og_site_name":"HBC System","article_publisher":"https:\/\/www.facebook.com\/hbcsystems","article_modified_time":"2024-11-28T12:59:27+00:00","twitter_card":"summary_large_image","twitter_misc":{"Odhadovan\u00e1 doba \u010dten\u00ed":"1 minuta"},"schema":{"@context":"https:\/\/schema.org","@graph":[{"@type":"WebPage","@id":"https:\/\/hbc-system.com\/products\/all-in-one-smart-repair-trolleys","url":"https:\/\/hbc-system.com\/products\/all-in-one-smart-repair-trolleys","name":"Chytr\u00e9 oprav\u00e1rensk\u00e9 voz\u00edky typu v\u0161e v jednom","isPartOf":{"@id":"https:\/\/hbc-system.com\/fr_be\/#website"},"datePublished":"2022-09-30T11:54:58+00:00","dateModified":"2024-11-28T12:59:27+00:00","description":"Na\u0161e chytr\u00e9 oprav\u00e1rensk\u00e9 voz\u00edky \"v\u0161e v jednom\" jsou ur\u010deny pro specialisty na opravy SMART. Prohl\u00e9dn\u011bte si na\u0161i nab\u00eddku voz\u00edk\u016f pro opravy SMART, PDR a karavany.","breadcrumb":{"@id":"https:\/\/hbc-system.com\/products\/all-in-one-smart-repair-trolleys#breadcrumb"},"inLanguage":"cs","potentialAction":[{"@type":"ReadAction","target":["https:\/\/hbc-system.com\/products\/all-in-one-smart-repair-trolleys"]}]},{"@type":"BreadcrumbList","@id":"https:\/\/hbc-system.com\/products\/all-in-one-smart-repair-trolleys#breadcrumb","itemListElement":[{"@type":"ListItem","position":1,"name":"Home","item":"https:\/\/hbc-system.com\/"},{"@type":"ListItem","position":2,"name":"Products","item":"https:\/\/hbc-system.com\/products"},{"@type":"ListItem","position":3,"name":"All-in-one smart repair trolleys"}]},{"@type":"WebSite","@id":"https:\/\/hbc-system.com\/fr_be\/#website","url":"https:\/\/hbc-system.com\/fr_be\/","name":"Syst\u00e9m HBC","description":"","potentialAction":[{"@type":"SearchAction","target":{"@type":"EntryPoint","urlTemplate":"https:\/\/hbc-system.com\/fr_be\/?s={search_term_string}"},"query-input":{"@type":"PropertyValueSpecification","valueRequired":true,"valueName":"search_term_string"}}],"inLanguage":"cs"}]}},"_links":{"self":[{"href":"https:\/\/hbc-system.com\/cs\/wp-json\/wp\/v2\/pages\/240","targetHints":{"allow":["GET"]}}],"collection":[{"href":"https:\/\/hbc-system.com\/cs\/wp-json\/wp\/v2\/pages"}],"about":[{"href":"https:\/\/hbc-system.com\/cs\/wp-json\/wp\/v2\/types\/page"}],"author":[{"embeddable":true,"href":"https:\/\/hbc-system.com\/cs\/wp-json\/wp\/v2\/users\/1"}],"replies":[{"embeddable":true,"href":"https:\/\/hbc-system.com\/cs\/wp-json\/wp\/v2\/comments?post=240"}],"version-history":[{"count":4,"href":"https:\/\/hbc-system.com\/cs\/wp-json\/wp\/v2\/pages\/240\/revisions"}],"predecessor-version":[{"id":7268,"href":"https:\/\/hbc-system.com\/cs\/wp-json\/wp\/v2\/pages\/240\/revisions\/7268"}],"up":[{"embeddable":true,"href":"https:\/\/hbc-system.com\/cs\/wp-json\/wp\/v2\/pages\/40"}],"wp:attachment":[{"href":"https:\/\/hbc-system.com\/cs\/wp-json\/wp\/v2\/media?parent=240"}],"curies":[{"name":"wp","href":"https:\/\/api.w.org\/{rel}","templated":true}]}}