{"id":763,"date":"2022-10-11T06:52:09","date_gmt":"2022-10-11T06:52:09","guid":{"rendered":"http:\/\/70.34.210.26\/?page_id=763"},"modified":"2023-02-23T13:04:19","modified_gmt":"2023-02-23T13:04:19","slug":"opravy-a-vymeny-celnich-skel","status":"publish","type":"page","link":"https:\/\/hbc-system.com\/cs\/products\/windscreen-repair-and-replacement","title":{"rendered":"Oprava a v\u00fdm\u011bna \u010deln\u00edho skla"},"content":{"rendered":"<section class=\"wpb-content-wrapper\"><div class=\"nm-row nm-row-full-nopad vc_row wpb_row\"><div class=\"nm_column wpb_column vc_column_container col-sm-12 vc_col-sm-12\"><div class=\"vc_column-inner\"><div class=\"wpb_wrapper\"><!-- start HBC Header -->\n\t\t<link id='uc_fonts_googleapis_com_css_family_montserrat_400_700-css' href='https:\/\/fonts.googleapis.com\/css?family=Montserrat:400,700' type='text\/css' rel='stylesheet' >\n\t\t<link id='uc_fonts_googleapis_com_css_family_lobster-css' href='https:\/\/fonts.googleapis.com\/css?family=Lobster' type='text\/css' rel='stylesheet' >\n\n\t\t\t<style type=\"text\/css\">\/* addon: HBC Header *\/\n\n.hbc-header {\n    position: relative;\n    overflow: hidden;\n    }\n.hbc-header-p br {\ndisplay: none;}\n\n.hbc-header-image {\nwidth: 100%;\nheight: auto;\nobject-fit: cover;\nmax-height: 550px;\naspect-ratio: 19 \/ 6;\n}\n\n@media (max-width: 1200px) {\n.hbc-header-h1 {\n    display: table;\n    font-weight: bold;\n    margin: 0;\n    width: 100%;\n    text-align: left;\n    background: rgba(0,0,0,0.75);\n    font-size: 18px;\n    color: #FFF;\n    text-transform: uppercase;\n    padding: 10px 5px;\n}\n\n.hbc-header-p {\n    font-size: 14px;\n    color: #FFF;\n    background: rgba(0,0,0,0.8);\n    margin: 0;\n    padding: 10px 5px;\n    width: 100%;\n}\n}\n\n\n@media (min-width: 1200px) {\n.hbc-header-h1 {\ndisplay: table;\n    z-index: 99;\n    font-weight: bold;\n    margin-bottom: 15px;\n    left: 20%;\n    top: 50px;\n    width: 550px;\n    text-align: left;\n    background: rgba(0,0,0,0.75);\n    font-size: 30px;\n    color: #FFF;\n    text-transform: uppercase;\n    padding: 15px;\n}\n.hbc-header-p {\n    z-index: 99;\n    margin: 0;\n    left: 20%;\n    top: 170px;\n    width: 550px;\n    text-align: left;\n    font-size: 17px;\n    line-height: 1.5;\n    background: rgba(0,0,0,0.75);\n    padding: 15px;\n    color: #FFF;\n}\n.notmobile {\nposition: absolute;\n    top: 50px;\n    left: 20%;\n}}\n\n}\n\n<\/style>\n\n\t\t\t<div class=\"hbc-header\">\n    <img decoding=\"async\" class=\"hbc-header-image\" height=\"\" width=\"\" alt=\"Syst\u00e9my pro opravu a demont\u00e1\u017e \u010deln\u00edho skla\" src=\"https:\/\/hbc-system.com\/wp-content\/uploads\/D-PRO-0001.jpg\" \/>\n    <div class=\"notmobile\">\n     <h1 class=\"hbc-header-h1\" style=\"color:white;\">Syst\u00e9my pro opravu a demont\u00e1\u017e \u010deln\u00edho skla<\/h1>\n     <h2 class=\"hbc-header-p\" style=\"display: table\">Ur\u010deno pro profesion\u00e1ln\u00ed opravy t\u0159eskut\u00fdch trhlin, prasklin a prasklin na laminovan\u00fdch \u010deln\u00edch sklech.<\/h2>\n    <\/div>\n   \n\t\t\t\t<\/div>\n\n\t\t<\/div>\n\n<p id=\"breadcrumbs\">\n    <span><span><a href=\"https:\/\/hbc-system.com\/cs\/\">Home<\/a><\/span><\/span>\n    <\/p>\n<\/div>\n\t\t\t<!-- end HBC Header --><\/div><\/div><\/div><\/div><div class=\"nm-row nm-row-full vc_row wpb_row  vc_custom_1675690523620\"><div class=\"nm_column wpb_column vc_column_container col-sm-12 vc_col-sm-12\"><div class=\"vc_column-inner\"><div class=\"wpb_wrapper\"><div class=\"templatera_shortcode\"><div class=\"nm-row nm-row-full vc_row wpb_row  flex vc_custom_1675690369646\"><div class=\"nm_column wpb_column vc_column_container col-sm-12 vc_col-sm-12\"><div class=\"vc_column-inner\"><div class=\"wpb_wrapper\"><div class=\"nm-row nm-row-full inner  vc_custom_1675690362046\"><div class=\"nm_column nm_column_inner col-sm-4 vc_col-sm-4 vc_custom_1667985649476\"><div class=\"wpb_wrapper\"><!-- start HBC Button v2 -->\n\t\t<link id='uc_fonts_googleapis_com_css_family_roboto-css' href='https:\/\/fonts.googleapis.com\/css?family=Roboto' type='text\/css' rel='stylesheet' >\n\n\t\t\t<style type=\"text\/css\">\/* addon: HBC Button v2 *\/\n\n.hbc_box_button:hover {transition: all 0.3s;\nopacity: 0.7;\n}\n.hbc_box_button {transition: all 0.3s;\nopacity: 1;\n}\n\n.hbc_button-img {\n    width: 100%;\n    }\n.hbc_button-h2 {\n    margin: 20px 20px 10px 20px;\n    font-size: 20px;\n    line-height: 1.3;\n    text-align: left;\n    font-family: Montserrat;\n    font-weight: 700;\n    font-style: normal;\n}\n.hbc_button-p {\n\n    margin: 0px 20px 20px 20px;\n   \n  display: -webkit-box;\n    max-width: 100%;\n    -webkit-line-clamp: 2;\n    -webkit-box-orient: vertical;\n    overflow: hidden;\nfont-size: 12px;\nline-height: 1.3;\ntext-align: left;\nfont-family:Montserrat;\nfont-weight:400;\nfont-style:normal\n}\n\n.hbc_inner_button {\n\n}\n\n<\/style>\n\n\t\t\t<a class=\"hbc_box_button\" href=\"https:\/\/hbc-system.com\/cs\/produkty\/opravy-a-vymeny-celnich-skel\/system-opravy-celniho-skla\/\">\n<div class=\"hbc_box_inner\">\n\t<div class=\"hbc_inner_button\" style=\" background:#F6F6F6;\"> \n    \t<img decoding=\"async\" class=\"hbc_button-img\" src=\"https:\/\/hbc-system.com\/wp-content\/uploads\/d-pro-g5_windscreen_header-1.webp\" alt=\"Syst\u00e9m opravy \u010deln\u00edho skla\">\n        <h2 class=\"hbc_button-h2\" style=\"color:#7a003c;\">Syst\u00e9m opravy \u010deln\u00edho skla<\/h2>\n        <span class=\"hbc_button-p\" style=\"color:#4c4c4c;\">Tento syst\u00e9m oprav nab\u00edz\u00ed nejrychlej\u0161\u00ed opravy \u010deln\u00edch skel na trhu s nejvy\u0161\u0161\u00ed kvalitou. Nov\u00fd patentovan\u00fd most pro opravu \u010deln\u00edho skla Pro s vakuovou n\u00e1dobkou na jedno stisknut\u00ed, samonivela\u010dn\u00edmi no\u017ei\u010dkami, indik\u00e1torem snadn\u00e9ho pohybu a v neposledn\u00ed \u0159ad\u011b pr\u016fhlednou prysky\u0159ic\u00ed Dualx2 v\u00e1m zaru\u010duje nejlep\u0161\u00ed syst\u00e9m na trhu.<\/h3>\n    <\/div>\n<\/div>\n<\/a>\n\t\t\t<!-- end HBC Button v2 --><\/div><\/div><div class=\"nm_column nm_column_inner col-sm-4 vc_col-sm-4 vc_custom_1667985664772\"><div class=\"wpb_wrapper\"><!-- start HBC Button v2 -->\n\n\t\t\t<style type=\"text\/css\">\/* addon: HBC Button v2 *\/\n\n.hbc_box_button:hover {transition: all 0.3s;\nopacity: 0.7;\n}\n.hbc_box_button {transition: all 0.3s;\nopacity: 1;\n}\n\n.hbc_button-img {\n    width: 100%;\n    }\n.hbc_button-h2 {\n    margin: 20px 20px 10px 20px;\n    font-size: 20px;\n    line-height: 1.3;\n    text-align: left;\n    font-family: Montserrat;\n    font-weight: 700;\n    font-style: normal;\n}\n.hbc_button-p {\n\n    margin: 0px 20px 20px 20px;\n   \n  display: -webkit-box;\n    max-width: 100%;\n    -webkit-line-clamp: 2;\n    -webkit-box-orient: vertical;\n    overflow: hidden;\nfont-size: 12px;\nline-height: 1.3;\ntext-align: left;\nfont-family:Montserrat;\nfont-weight:400;\nfont-style:normal\n}\n\n.hbc_inner_button {\n\n}\n\n<\/style>\n\n\t\t\t<a class=\"hbc_box_button\" href=\"https:\/\/hbc-system.com\/cs\/produkty\/opravy-a-vymeny-celnich-skel\/system-rezani-celniho-skla\/\">\n<div class=\"hbc_box_inner\">\n\t<div class=\"hbc_inner_button\" style=\" background:#F6F6F6;\"> \n    \t<img decoding=\"async\" class=\"hbc_button-img\" src=\"https:\/\/hbc-system.com\/wp-content\/uploads\/d_windscreen_replace_header-1.webp\" alt=\"Syst\u00e9m \u0159ez\u00e1n\u00ed \u010deln\u00edho skla\">\n        <h2 class=\"hbc_button-h2\" style=\"color:#7a003c;\">Syst\u00e9m \u0159ez\u00e1n\u00ed \u010deln\u00edho skla<\/h2>\n        <span class=\"hbc_button-p\" style=\"color:#4c4c4c;\">Syst\u00e9m pro \u0159ez\u00e1n\u00ed \u010deln\u00edch skel odstra\u0148uje nalepen\u00e1 \u010deln\u00ed skla z vozidel bez pou\u017eit\u00ed \u0159ezac\u00edch no\u017e\u016f nebo kovov\u00e9ho dr\u00e1tu. Proto\u017ee je n\u00e1stroj na \u0159ez\u00e1n\u00ed \u010deln\u00edho skla nap\u00e1jen pomoc\u00ed dob\u00edjec\u00edho elektrick\u00e9ho \u0161roubov\u00e1ku*, nevy\u017eaduje velk\u00e9 vynalo\u017een\u00ed s\u00edly. K pro\u0159\u00edznut\u00ed lepic\u00ed kuli\u010dky kolem \u010deln\u00edho skla vyu\u017e\u00edv\u00e1 sada speci\u00e1ln\u011b navr\u017een\u00fd vysokopevnostn\u00ed \u0159ezac\u00ed dr\u00e1t (d\u00edl \u010d. 623). Tento odstra\u0148ovac\u00ed dr\u00e1t m\u00e1 \u0159ezn\u00fd v\u00fdkon podobn\u00fd standardn\u00edm kovov\u00fdm \u0159ezn\u00fdm \u0161\u0148\u016fr\u00e1m, ale je tak m\u011bkk\u00fd a pru\u017en\u00fd, \u017ee nedoch\u00e1z\u00ed k po\u0161kozen\u00ed laku vozidla. N\u00e1stroj je konstruov\u00e1n tak, \u017ee k odstran\u011bn\u00ed \u010deln\u00edho skla sta\u010d\u00ed pouze \u010dty\u0159ikr\u00e1t zm\u011bnit polohu n\u00e1stroje a b\u011bhem procesu nen\u00ed t\u0159eba n\u00e1stroj upravovat.<\/h3>\n    <\/div>\n<\/div>\n<\/a>\n\t\t\t<!-- end HBC Button v2 --><\/div><\/div><div class=\"nm_column nm_column_inner col-sm-4 vc_col-sm-4 vc_custom_1667985679977\"><div class=\"wpb_wrapper\"><!-- start HBC Button v2 -->\n\n\t\t\t<style type=\"text\/css\">\/* addon: HBC Button v2 *\/\n\n.hbc_box_button:hover {transition: all 0.3s;\nopacity: 0.7;\n}\n.hbc_box_button {transition: all 0.3s;\nopacity: 1;\n}\n\n.hbc_button-img {\n    width: 100%;\n    }\n.hbc_button-h2 {\n    margin: 20px 20px 10px 20px;\n    font-size: 20px;\n    line-height: 1.3;\n    text-align: left;\n    font-family: Montserrat;\n    font-weight: 700;\n    font-style: normal;\n}\n.hbc_button-p {\n\n    margin: 0px 20px 20px 20px;\n   \n  display: -webkit-box;\n    max-width: 100%;\n    -webkit-line-clamp: 2;\n    -webkit-box-orient: vertical;\n    overflow: hidden;\nfont-size: 12px;\nline-height: 1.3;\ntext-align: left;\nfont-family:Montserrat;\nfont-weight:400;\nfont-style:normal\n}\n\n.hbc_inner_button {\n\n}\n\n<\/style>\n\n\t\t\t<a class=\"hbc_box_button\" href=\"https:\/\/www.smartrepair-shop.com\/product\/windscreen-replacement-system\/\">\n<div class=\"hbc_box_inner\">\n\t<div class=\"hbc_inner_button\" style=\" background:#F6F6F6;\"> \n    \t<img decoding=\"async\" class=\"hbc_button-img\" src=\"https:\/\/hbc-system.com\/wp-content\/uploads\/d_windscreen_replacement_system_header-1.webp\" alt=\"Syst\u00e9m v\u00fdm\u011bny \u010deln\u00edho skla\">\n        <h2 class=\"hbc_button-h2\" style=\"color:#7a003c;\">Syst\u00e9m v\u00fdm\u011bny \u010deln\u00edho skla<\/h2>\n        <span class=\"hbc_button-p\" style=\"color:#4c4c4c;\">Pomoc\u00ed nov\u00e9ho syst\u00e9mu pro ru\u010dn\u00ed demont\u00e1\u017e lze demontovat v\u0161echny typy obrazovek, a\u0165 u\u017e se jedn\u00e1 o osobn\u00ed automobil, autobus nebo n\u00e1kladn\u00ed vozidlo. Syst\u00e9m vyu\u017e\u00edv\u00e1 nejnov\u011bj\u0161\u00ed konstrukci no\u017e\u016f a \u0161krabek, kter\u00e9 maj\u00ed speci\u00e1ln\u00ed design.<\/h3>\n    <\/div>\n<\/div>\n<\/a>\n\t\t\t<!-- end HBC Button v2 --><\/div><\/div><\/div><\/div><\/div><\/div><\/div><\/div><\/div><\/div><\/div><\/div>\n<\/section>","protected":false},"excerpt":{"rendered":"Windscreen Repair System This repair system offers the market\u2019s fastest windscreen repairs with the highest quality. The new patented windscreen Repair Bridge Pro with one push vacuum cup, self levelling legs, easy moving indicator, and last but not least the clear Dualx2 windscreen resin, guarantees you the best windscreen system in the market. Windscreen Cutting [...]","protected":false},"author":1,"featured_media":0,"parent":40,"menu_order":0,"comment_status":"closed","ping_status":"closed","template":"templates\/page-full.php","meta":{"content-type":"","inline_featured_image":false,"_monsterinsights_skip_tracking":false,"_monsterinsights_sitenote_active":false,"_monsterinsights_sitenote_note":"","_monsterinsights_sitenote_category":0,"footnotes":""},"class_list":["post-763","page","type-page","status-publish","hentry"],"yoast_head":"<!-- This site is optimized with the Yoast SEO Premium plugin v19.6 (Yoast SEO v24.2) - https:\/\/yoast.com\/wordpress\/plugins\/seo\/ -->\n<title>Windscreen Repair and Replacement<\/title>\n<meta name=\"description\" content=\"HBC Systems Windscreen Repair and Removal Systems are designed for professional repairs of starbursts, cracks and bullseyes in laminated windscreens in all vehicles.\" \/>\n<meta name=\"robots\" content=\"index, follow, max-snippet:-1, max-image-preview:large, max-video-preview:-1\" \/>\n<link rel=\"canonical\" href=\"https:\/\/hbc-system.com\/cs\/wp-json\/wp\/v2\/pages\/763\" \/>\n<meta property=\"og:locale\" content=\"cs_CZ\" \/>\n<meta property=\"og:type\" content=\"article\" \/>\n<meta property=\"og:title\" content=\"Windscreen Repair and Replacement\" \/>\n<meta property=\"og:description\" content=\"HBC Systems Windscreen Repair and Removal Systems are designed for professional repairs of starbursts, cracks and bullseyes in laminated windscreens in all vehicles.\" \/>\n<meta property=\"og:url\" content=\"https:\/\/hbc-system.com\/cs\/produkty\/opravy-a-vymeny-celnich-skel\/\" \/>\n<meta property=\"og:site_name\" content=\"HBC System\" \/>\n<meta property=\"article:publisher\" content=\"https:\/\/www.facebook.com\/hbcsystems\" \/>\n<meta property=\"article:modified_time\" content=\"2023-02-23T13:04:19+00:00\" \/>\n<meta name=\"twitter:card\" content=\"summary_large_image\" \/>\n<meta name=\"twitter:label1\" content=\"Odhadovan\u00e1 doba \u010dten\u00ed\" \/>\n\t<meta name=\"twitter:data1\" content=\"1 minuta\" \/>\n<script type=\"application\/ld+json\" class=\"yoast-schema-graph\">{\n\t    \"@context\": \"https:\/\/schema.org\",\n\t    \"@graph\": [\n\t        {\n\t            \"@type\": \"WebPage\",\n\t            \"@id\": \"https:\/\/hbc-system.com\/fr_ch\/produits\/reparation-et-remplacement-de-pare-brise\",\n\t            \"url\": \"https:\/\/hbc-system.com\/fr_ch\/produits\/reparation-et-remplacement-de-pare-brise\",\n\t            \"name\": \"Windscreen Repair and Replacement\",\n\t            \"isPartOf\": {\n\t                \"@id\": \"https:\/\/hbc-system.com\/fr_be\/#website\"\n\t            },\n\t            \"datePublished\": \"2022-10-11T06:52:09+00:00\",\n\t            \"dateModified\": \"2023-02-23T13:04:19+00:00\",\n\t            \"description\": \"HBC Systems Windscreen Repair and Removal Systems are designed for professional repairs of starbursts, cracks and bullseyes in laminated windscreens in all vehicles.\",\n\t            \"breadcrumb\": {\n\t                \"@id\": \"https:\/\/hbc-system.com\/fr_ch\/produits\/reparation-et-remplacement-de-pare-brise#breadcrumb\"\n\t            },\n\t            \"inLanguage\": \"cs\",\n\t            \"potentialAction\": [\n\t                {\n\t                    \"@type\": \"ReadAction\",\n\t                    \"target\": [\n\t                        \"https:\/\/hbc-system.com\/fr_ch\/produits\/reparation-et-remplacement-de-pare-brise\"\n\t                    ]\n\t                }\n\t            ]\n\t        },\n\t        {\n\t            \"@type\": \"BreadcrumbList\",\n\t            \"@id\": \"https:\/\/hbc-system.com\/fr_ch\/produits\/reparation-et-remplacement-de-pare-brise#breadcrumb\",\n\t            \"itemListElement\": [\n\t                {\n\t                    \"@type\": \"ListItem\",\n\t                    \"position\": 1,\n\t                    \"name\": \"Home\",\n\t                    \"item\": \"https:\/\/hbc-system.com\/\"\n\t                },\n\t                {\n\t                    \"@type\": \"ListItem\",\n\t                    \"position\": 2,\n\t                    \"name\": \"Products\",\n\t                    \"item\": \"https:\/\/hbc-system.com\/products\"\n\t                },\n\t                {\n\t                    \"@type\": \"ListItem\",\n\t                    \"position\": 3,\n\t                    \"name\": \"Windscreen Repair and Replacement\"\n\t                }\n\t            ]\n\t        },\n\t        {\n\t            \"@type\": \"WebSite\",\n\t            \"@id\": \"https:\/\/hbc-system.com\/fr_be\/#website\",\n\t            \"url\": \"https:\/\/hbc-system.com\/fr_be\/\",\n\t            \"name\": \"HBC System\",\n\t            \"description\": \"\",\n\t            \"potentialAction\": [\n\t                {\n\t                    \"@type\": \"SearchAction\",\n\t                    \"target\": {\n\t                        \"@type\": \"EntryPoint\",\n\t                        \"urlTemplate\": \"https:\/\/hbc-system.com\/fr_be\/?s={search_term_string}\"\n\t                    },\n\t                    \"query-input\": {\n\t                        \"@type\": \"PropertyValueSpecification\",\n\t                        \"valueRequired\": true,\n\t                        \"valueName\": \"search_term_string\"\n\t                    }\n\t                }\n\t            ],\n\t            \"inLanguage\": \"cs\"\n\t        }\n\t    ]\n\t}<\/script>\n<!-- \/ Yoast SEO Premium plugin. -->","yoast_head_json":{"title":"Oprava a v\u00fdm\u011bna \u010deln\u00edho skla","description":"Syst\u00e9my HBC Systems pro opravy a odstra\u0148ov\u00e1n\u00ed \u010deln\u00edch skel jsou ur\u010deny k profesion\u00e1ln\u00edm oprav\u00e1m t\u0159eskut\u00fdch skvrn, prasklin a prasklin na laminovan\u00fdch \u010deln\u00edch sklech v\u0161ech vozidel.","robots":{"index":"index","follow":"follow","max-snippet":"max-snippet:-1","max-image-preview":"max-image-preview:large","max-video-preview":"max-video-preview:-1"},"canonical":"https:\/\/hbc-system.com\/cs\/wp-json\/wp\/v2\/pages\/763","og_locale":"cs_CZ","og_type":"article","og_title":"Windscreen Repair and Replacement","og_description":"HBC Systems Windscreen Repair and Removal Systems are designed for professional repairs of starbursts, cracks and bullseyes in laminated windscreens in all vehicles.","og_url":"https:\/\/hbc-system.com\/cs\/produkty\/opravy-a-vymeny-celnich-skel\/","og_site_name":"HBC System","article_publisher":"https:\/\/www.facebook.com\/hbcsystems","article_modified_time":"2023-02-23T13:04:19+00:00","twitter_card":"summary_large_image","twitter_misc":{"Odhadovan\u00e1 doba \u010dten\u00ed":"1 minuta"},"schema":{"@context":"https:\/\/schema.org","@graph":[{"@type":"WebPage","@id":"https:\/\/hbc-system.com\/fr_ch\/produits\/reparation-et-remplacement-de-pare-brise","url":"https:\/\/hbc-system.com\/fr_ch\/produits\/reparation-et-remplacement-de-pare-brise","name":"Oprava a v\u00fdm\u011bna \u010deln\u00edho skla","isPartOf":{"@id":"https:\/\/hbc-system.com\/fr_be\/#website"},"datePublished":"2022-10-11T06:52:09+00:00","dateModified":"2023-02-23T13:04:19+00:00","description":"Syst\u00e9my HBC Systems pro opravy a odstra\u0148ov\u00e1n\u00ed \u010deln\u00edch skel jsou ur\u010deny k profesion\u00e1ln\u00edm oprav\u00e1m t\u0159eskut\u00fdch skvrn, prasklin a prasklin na laminovan\u00fdch \u010deln\u00edch sklech v\u0161ech vozidel.","breadcrumb":{"@id":"https:\/\/hbc-system.com\/fr_ch\/produits\/reparation-et-remplacement-de-pare-brise#breadcrumb"},"inLanguage":"cs","potentialAction":[{"@type":"ReadAction","target":["https:\/\/hbc-system.com\/fr_ch\/produits\/reparation-et-remplacement-de-pare-brise"]}]},{"@type":"BreadcrumbList","@id":"https:\/\/hbc-system.com\/fr_ch\/produits\/reparation-et-remplacement-de-pare-brise#breadcrumb","itemListElement":[{"@type":"ListItem","position":1,"name":"Home","item":"https:\/\/hbc-system.com\/"},{"@type":"ListItem","position":2,"name":"Products","item":"https:\/\/hbc-system.com\/products"},{"@type":"ListItem","position":3,"name":"Windscreen Repair and Replacement"}]},{"@type":"WebSite","@id":"https:\/\/hbc-system.com\/fr_be\/#website","url":"https:\/\/hbc-system.com\/fr_be\/","name":"Syst\u00e9m HBC","description":"","potentialAction":[{"@type":"SearchAction","target":{"@type":"EntryPoint","urlTemplate":"https:\/\/hbc-system.com\/fr_be\/?s={search_term_string}"},"query-input":{"@type":"PropertyValueSpecification","valueRequired":true,"valueName":"search_term_string"}}],"inLanguage":"cs"}]}},"_links":{"self":[{"href":"https:\/\/hbc-system.com\/cs\/wp-json\/wp\/v2\/pages\/763","targetHints":{"allow":["GET"]}}],"collection":[{"href":"https:\/\/hbc-system.com\/cs\/wp-json\/wp\/v2\/pages"}],"about":[{"href":"https:\/\/hbc-system.com\/cs\/wp-json\/wp\/v2\/types\/page"}],"author":[{"embeddable":true,"href":"https:\/\/hbc-system.com\/cs\/wp-json\/wp\/v2\/users\/1"}],"replies":[{"embeddable":true,"href":"https:\/\/hbc-system.com\/cs\/wp-json\/wp\/v2\/comments?post=763"}],"version-history":[{"count":0,"href":"https:\/\/hbc-system.com\/cs\/wp-json\/wp\/v2\/pages\/763\/revisions"}],"up":[{"embeddable":true,"href":"https:\/\/hbc-system.com\/cs\/wp-json\/wp\/v2\/pages\/40"}],"wp:attachment":[{"href":"https:\/\/hbc-system.com\/cs\/wp-json\/wp\/v2\/media?parent=763"}],"curies":[{"name":"wp","href":"https:\/\/api.w.org\/{rel}","templated":true}]}}