{"id":2713,"date":"2022-11-28T16:03:54","date_gmt":"2022-11-28T16:03:54","guid":{"rendered":"http:\/\/70.34.210.26\/?page_id=2713"},"modified":"2023-04-21T12:41:49","modified_gmt":"2023-04-21T12:41:49","slug":"maling-kappe-ekstraktion","status":"publish","type":"page","link":"https:\/\/hbc-system.com\/da\/products\/paint-booth-extraction","title":{"rendered":"Spr\u00f8jtekabine og udsugning"},"content":{"rendered":"<section class=\"wpb-content-wrapper\"><div class=\"nm-row nm-row-full-nopad vc_row wpb_row\"><div class=\"nm_column wpb_column vc_column_container col-sm-12 vc_col-sm-12\"><div class=\"vc_column-inner\"><div class=\"wpb_wrapper\"><!-- start HBC Header -->\n\t\t<link id='uc_fonts_googleapis_com_css_family_montserrat_400_700-css' href='https:\/\/fonts.googleapis.com\/css?family=Montserrat:400,700' type='text\/css' rel='stylesheet' >\n\t\t<link id='uc_fonts_googleapis_com_css_family_lobster-css' href='https:\/\/fonts.googleapis.com\/css?family=Lobster' type='text\/css' rel='stylesheet' >\n\n\t\t\t<style type=\"text\/css\">\/* addon: HBC Header *\/\n\n.hbc-header {\n    position: relative;\n    overflow: hidden;\n    }\n.hbc-header-p br {\ndisplay: none;}\n\n.hbc-header-image {\nwidth: 100%;\nheight: auto;\nobject-fit: cover;\nmax-height: 550px;\naspect-ratio: 19 \/ 6;\n}\n\n@media (max-width: 1200px) {\n.hbc-header-h1 {\n    display: table;\n    font-weight: bold;\n    margin: 0;\n    width: 100%;\n    text-align: left;\n    background: rgba(0,0,0,0.75);\n    font-size: 18px;\n    color: #FFF;\n    text-transform: uppercase;\n    padding: 10px 5px;\n}\n\n.hbc-header-p {\n    font-size: 14px;\n    color: #FFF;\n    background: rgba(0,0,0,0.8);\n    margin: 0;\n    padding: 10px 5px;\n    width: 100%;\n}\n}\n\n\n@media (min-width: 1200px) {\n.hbc-header-h1 {\ndisplay: table;\n    z-index: 99;\n    font-weight: bold;\n    margin-bottom: 15px;\n    left: 20%;\n    top: 50px;\n    width: 550px;\n    text-align: left;\n    background: rgba(0,0,0,0.75);\n    font-size: 30px;\n    color: #FFF;\n    text-transform: uppercase;\n    padding: 15px;\n}\n.hbc-header-p {\n    z-index: 99;\n    margin: 0;\n    left: 20%;\n    top: 170px;\n    width: 550px;\n    text-align: left;\n    font-size: 17px;\n    line-height: 1.5;\n    background: rgba(0,0,0,0.75);\n    padding: 15px;\n    color: #FFF;\n}\n.notmobile {\nposition: absolute;\n    top: 50px;\n    left: 20%;\n}}\n\n}\n\n<\/style>\n\n\t\t\t<div class=\"hbc-header\">\n    <img decoding=\"async\" class=\"hbc-header-image\" height=\"\" width=\"\" alt=\"Spr\u00f8jtekabine og udsugning\" src=\"https:\/\/hbc-system.com\/wp-content\/uploads\/header-paint-booths-filterbanks-1.webp\" \/>\n    <div class=\"notmobile\">\n     <h1 class=\"hbc-header-h1\" style=\"color:white;\">Spr\u00f8jtekabine og udsugning<\/h1>\n     <h2 class=\"hbc-header-p\" style=\"display: table\">Mobile spr\u00f8jtekabiner og filtrerings-\/ekstraktionsenheder<\/h2>\n    <\/div>\n   \n\t\t\t\t<\/div>\n\n\t\t<\/div>\n\n<p id=\"breadcrumbs\">\n    <span><span><a href=\"https:\/\/hbc-system.com\/da\/\">Hjem<\/a><\/span><\/span>\n    <\/p>\n<\/div>\n\t\t\t<!-- end HBC Header --><\/div><\/div><\/div>.<\/div>.<div class=\"nm-row nm-row-full vc_row wpb_row\"><div class=\"nm_column wpb_column vc_column_container col-sm-12 vc_col-sm-12\"><div class=\"vc_column-inner\"><div class=\"wpb_wrapper\"><div class=\"templatera_shortcode\"><div class=\"nm-row nm-row-full vc_row wpb_row  flex vc_custom_1675765559414\"><div class=\"nm_column wpb_column vc_column_container col-sm-12 vc_col-sm-12\"><div class=\"vc_column-inner\"><div class=\"wpb_wrapper\"><div class=\"nm-row nm-row-full inner nm-row-flex nm-row-col-middle  vc_custom_1667979675307\"><div class=\"nm_column nm_column_inner col-sm-4 vc_col-sm-4 vc_custom_1666878146216\"><div class=\"wpb_wrapper\"><!-- start HBC Button v2 -->\n\t\t<link id='uc_fonts_googleapis_com_css_family_roboto-css' href='https:\/\/fonts.googleapis.com\/css?family=Roboto' type='text\/css' rel='stylesheet' >\n\n\t\t\t<style type=\"text\/css\">\/* addon: HBC Button v2 *\/\n\n.hbc_box_button:hover {transition: all 0.3s;\nopacity: 0.7;\n}\n.hbc_box_button {transition: all 0.3s;\nopacity: 1;\n}\n\n.hbc_button-img {\n    width: 100%;\n    }\n.hbc_button-h2 {\n    margin: 20px 20px 10px 20px;\n    font-size: 20px;\n    line-height: 1.3;\n    text-align: left;\n    font-family: Montserrat;\n    font-weight: 700;\n    font-style: normal;\n}\n.hbc_button-p {\n\n    margin: 0px 20px 20px 20px;\n   \n  display: -webkit-box;\n    max-width: 100%;\n    -webkit-line-clamp: 2;\n    -webkit-box-orient: vertical;\n    overflow: hidden;\nfont-size: 12px;\nline-height: 1.3;\ntext-align: left;\nfont-family:Montserrat;\nfont-weight:400;\nfont-style:normal\n}\n\n.hbc_inner_button {\n\n}\n\n<\/style>\n\n\t\t\t<a class=\"hbc_box_button\" href=\"https:\/\/hbc-system.com\/da\/produkter\/maling-kappe-ekstraktion\/hybrid-paint-kabine\/\">\n<div class=\"hbc_box_inner\">\n\t<div class=\"hbc_inner_button\" style=\" background:#F6F6F6;\"> \n    \t<img decoding=\"async\" class=\"hbc_button-img\" src=\"https:\/\/hbc-system.com\/wp-content\/uploads\/hybrid-paint-booth-header.webp\" alt=\"Smart Repair Paint Booth\">\n        <h2 class=\"hbc_button-h2\" style=\"color:#7a003c;\">Smart Repair Paint Booth<\/h2>\n        <span class=\"hbc_button-p\" style=\"color:#4c4c4c;\">Med dene mobile spr\u00f8jtekabine kan du spr\u00f8jtmale hvor som helst. kabinen fastg\u00f8res direkte til det beskadigede omr\u00e5de af bilen og skaber et lukket rum til den perfekte spot reparation. Det, der virkelig adskiller den mobile spr\u00f8jtekabine fra alle tilsvarende produkter, er malerens placering. I mods\u00e6tning til traditionelle spr\u00f8jtekabiner s\u00e5 er maleren sikkert placeret uden for spr\u00f8jtekabinen i stedet for at arbejde indenfor sammen med farlige dampe og stoffer. Det betyder, at et malerarbejde kan udf\u00f8res helt uden maske, briller osv.<\/h3>\n    <\/div>\n<\/div>\n<\/a>\n\t\t\t<!-- end HBC Button v2 --><\/div><\/div><div class=\"nm_column nm_column_inner col-sm-4 vc_col-sm-4 vc_custom_1666878207875\"><div class=\"wpb_wrapper\"><!-- start HBC Button v2 -->\n\n\t\t\t<style type=\"text\/css\">\/* addon: HBC Button v2 *\/\n\n.hbc_box_button:hover {transition: all 0.3s;\nopacity: 0.7;\n}\n.hbc_box_button {transition: all 0.3s;\nopacity: 1;\n}\n\n.hbc_button-img {\n    width: 100%;\n    }\n.hbc_button-h2 {\n    margin: 20px 20px 10px 20px;\n    font-size: 20px;\n    line-height: 1.3;\n    text-align: left;\n    font-family: Montserrat;\n    font-weight: 700;\n    font-style: normal;\n}\n.hbc_button-p {\n\n    margin: 0px 20px 20px 20px;\n   \n  display: -webkit-box;\n    max-width: 100%;\n    -webkit-line-clamp: 2;\n    -webkit-box-orient: vertical;\n    overflow: hidden;\nfont-size: 12px;\nline-height: 1.3;\ntext-align: left;\nfont-family:Montserrat;\nfont-weight:400;\nfont-style:normal\n}\n\n.hbc_inner_button {\n\n}\n\n<\/style>\n\n\t\t\t<a class=\"hbc_box_button\" href=\"https:\/\/hbc-system.com\/da\/produkter\/maling-kappe-ekstraktion\/smartwall-filterbank\/\">\n<div class=\"hbc_box_inner\">\n\t<div class=\"hbc_inner_button\" style=\" background:#F6F6F6;\"> \n    \t<img decoding=\"async\" class=\"hbc_button-img\" src=\"https:\/\/hbc-system.com\/wp-content\/uploads\/smart-wall-header.webp\" alt=\"Filterbank og Smartwall - Udsugnings system\">\n        <h2 class=\"hbc_button-h2\" style=\"color:#7a003c;\">Filterbank og Smartwall - Udsugnings system<\/h2>\n        <span class=\"hbc_button-p\" style=\"color:#4c4c4c;\">SmartWall og Filterbank er unikke state-of-the-art reparationsl\u00f8sninger til luftrensning, udf\u00f8relse af mindre skader og ikke-strukturelle reparationer p\u00e5 et v\u00e6rksted, hvor st\u00f8v- og r\u00f8gudsugning er n\u00f8dvendig. Disse enheder renser luften ved at filtrere alle VOC'er fra og skubbe ren luft ud! Plus, det digitale instrumentbr\u00e6t giver dig mulighed for at dokumentere bevis for filtrering med tonsvis af data, hvilket sikrer overholdelse overalt!<\/h3>\n    <\/div>\n<\/div>\n<\/a>\n\t\t\t<!-- end HBC Button v2 --><\/div><\/div><div class=\"nm_column nm_column_inner col-sm-4 vc_col-sm-4 vc_custom_1666878234281\"><div class=\"wpb_wrapper\"><!-- start HBC Button v2 -->\n\n\t\t\t<style type=\"text\/css\">\/* addon: HBC Button v2 *\/\n\n.hbc_box_button:hover {transition: all 0.3s;\nopacity: 0.7;\n}\n.hbc_box_button {transition: all 0.3s;\nopacity: 1;\n}\n\n.hbc_button-img {\n    width: 100%;\n    }\n.hbc_button-h2 {\n    margin: 20px 20px 10px 20px;\n    font-size: 20px;\n    line-height: 1.3;\n    text-align: left;\n    font-family: Montserrat;\n    font-weight: 700;\n    font-style: normal;\n}\n.hbc_button-p {\n\n    margin: 0px 20px 20px 20px;\n   \n  display: -webkit-box;\n    max-width: 100%;\n    -webkit-line-clamp: 2;\n    -webkit-box-orient: vertical;\n    overflow: hidden;\nfont-size: 12px;\nline-height: 1.3;\ntext-align: left;\nfont-family:Montserrat;\nfont-weight:400;\nfont-style:normal\n}\n\n.hbc_inner_button {\n\n}\n\n<\/style>\n\n\t\t\t<a class=\"hbc_box_button\" href=\"https:\/\/hbc-system.com\/da\/recirkulerende-malekabine\/\">\n<div class=\"hbc_box_inner\">\n\t<div class=\"hbc_inner_button\" style=\" background:#F6F6F6;\"> \n    \t<img decoding=\"async\" class=\"hbc_button-img\" src=\"https:\/\/hbc-system.com\/wp-content\/uploads\/recirculation-booths-header.webp\" alt=\"Recirkulerende malekabine\">\n        <h2 class=\"hbc_button-h2\" style=\"color:#7a003c;\">Recirkulerende malekabine<\/h2>\n        <span class=\"hbc_button-p\" style=\"color:#4c4c4c;\">En alsidig malekabine til reparationer af mindre skader. Den filtrerer effektivt VOC'er fra og genanvender ren luft i et lukket kredsl\u00f8b for at skabe en selvforsynende, ren arbejdszone. Skr\u00e6ddersyet til mindre opgaver som spr\u00f8jtemaling og slibning.<\/h3>\n    <\/div>\n<\/div>\n<\/a>\n\t\t\t<!-- end HBC Button v2 --><\/div><\/div><\/div><div class=\"nm-row nm-row-full inner nm-row-flex nm-row-col-middle  vc_custom_1705325600918\"><div class=\"nm_column nm_column_inner col-sm-4 vc_col-sm-4 vc_custom_1666878207875\"><div class=\"wpb_wrapper\"><!-- start HBC Button v2 -->\n\n\t\t\t<style type=\"text\/css\">\/* addon: HBC Button v2 *\/\n\n.hbc_box_button:hover {transition: all 0.3s;\nopacity: 0.7;\n}\n.hbc_box_button {transition: all 0.3s;\nopacity: 1;\n}\n\n.hbc_button-img {\n    width: 100%;\n    }\n.hbc_button-h2 {\n    margin: 20px 20px 10px 20px;\n    font-size: 20px;\n    line-height: 1.3;\n    text-align: left;\n    font-family: Montserrat;\n    font-weight: 700;\n    font-style: normal;\n}\n.hbc_button-p {\n\n    margin: 0px 20px 20px 20px;\n   \n  display: -webkit-box;\n    max-width: 100%;\n    -webkit-line-clamp: 2;\n    -webkit-box-orient: vertical;\n    overflow: hidden;\nfont-size: 12px;\nline-height: 1.3;\ntext-align: left;\nfont-family:Montserrat;\nfont-weight:400;\nfont-style:normal\n}\n\n.hbc_inner_button {\n\n}\n\n<\/style>\n\n\t\t\t<a class=\"hbc_box_button\" href=\"https:\/\/hbc-system.com\/da\/produkter\/legeringshjul-reparationssystemer-udstyr\/hjul-maling-maskine\/\">\n<div class=\"hbc_box_inner\">\n\t<div class=\"hbc_inner_button\" style=\" background:#F6F6F6;\"> \n    \t<img decoding=\"async\" class=\"hbc_button-img\" src=\"https:\/\/hbc-system.com\/wp-content\/uploads\/wheel-paint-robot-header.webp\" alt=\"F\u00e6lg spr\u00f8jtekabine - automatiseret\">\n        <h2 class=\"hbc_button-h2\" style=\"color:#7a003c;\">F\u00e6lg spr\u00f8jtekabine - automatiseret<\/h2>\n        <span class=\"hbc_button-p\" style=\"color:#4c4c4c;\">Verdens f\u00f8rste fuldautomatiske F\u00e6lgspr\u00f8jtekabine. En patenteret robot, der er i stand til at male begge sider af et hjul fra start til slut, fuldautomatisk, med enten en almindelig spr\u00f8jtepistol eller en aerosol. Eliminerer ethvert g\u00e6tteri eller uoverensstemmelser ved maling af f\u00e6lge! <\/h3>\n    <\/div>\n<\/div>\n<\/a>\n\t\t\t<!-- end HBC Button v2 --><\/div><\/div><div class=\"nm_column nm_column_inner col-sm-4 vc_col-sm-4 vc_custom_1666878146216\"><div class=\"wpb_wrapper\"><!-- start HBC Button v2 -->\n\n\t\t\t<style type=\"text\/css\">\/* addon: HBC Button v2 *\/\n\n.hbc_box_button:hover {transition: all 0.3s;\nopacity: 0.7;\n}\n.hbc_box_button {transition: all 0.3s;\nopacity: 1;\n}\n\n.hbc_button-img {\n    width: 100%;\n    }\n.hbc_button-h2 {\n    margin: 20px 20px 10px 20px;\n    font-size: 20px;\n    line-height: 1.3;\n    text-align: left;\n    font-family: Montserrat;\n    font-weight: 700;\n    font-style: normal;\n}\n.hbc_button-p {\n\n    margin: 0px 20px 20px 20px;\n   \n  display: -webkit-box;\n    max-width: 100%;\n    -webkit-line-clamp: 2;\n    -webkit-box-orient: vertical;\n    overflow: hidden;\nfont-size: 12px;\nline-height: 1.3;\ntext-align: left;\nfont-family:Montserrat;\nfont-weight:400;\nfont-style:normal\n}\n\n.hbc_inner_button {\n\n}\n\n<\/style>\n\n\t\t\t<a class=\"hbc_box_button\" href=\"https:\/\/hbc-system.com\/da\/produkter\/legeringshjul-reparationssystemer-udstyr\/faelge-spray-booth-alufaelge\/\">\n<div class=\"hbc_box_inner\">\n\t<div class=\"hbc_inner_button\" style=\" background:#F6F6F6;\"> \n    \t<img decoding=\"async\" class=\"hbc_button-img\" src=\"https:\/\/hbc-system.com\/wp-content\/uploads\/spray-bay-header.webp\" alt=\"Spr\u00f8jtekabine til f\u00e6lge\">\n        <h2 class=\"hbc_button-h2\" style=\"color:#7a003c;\">Spr\u00f8jtekabine til f\u00e6lge<\/h2>\n        <span class=\"hbc_button-p\" style=\"color:#4c4c4c;\">Wheel Spray Booth er en banebrydende l\u00f8sning, der er designet til at forbedre lakeringsprocessen for aluf\u00e6lge. Med kapacitet til at klarg\u00f8re eller spr\u00f8jte to f\u00e6lge p\u00e5 samme tid maksimerer denne innovative boks effektiviteten og produktiviteten. <\/h3>\n    <\/div>\n<\/div>\n<\/a>\n\t\t\t<!-- end HBC Button v2 --><\/div><\/div><div class=\"nm_column nm_column_inner col-sm-4 vc_col-sm-4 vc_custom_1666878234281\"><div class=\"wpb_wrapper\"><\/div><\/div><\/div><\/div><\/div><\/div><\/div><\/div><\/div><\/div><\/div><\/div>\n<\/section>","protected":false},"excerpt":{"rendered":"Smart Repair Paint Booth The Mobile Hybrid Paint Booth enables you to paint anywhere. It attaches directly to the damaged area of the car, creating an enclosed space for the perfect spot repair. What truly sets the Mobile Hybrid Spray Booth apart from all equivalent products is the location of the painter. Unlike traditional solutions, [...]","protected":false},"author":2,"featured_media":0,"parent":40,"menu_order":0,"comment_status":"closed","ping_status":"closed","template":"templates\/page-full.php","meta":{"content-type":"","inline_featured_image":false,"_monsterinsights_skip_tracking":false,"_monsterinsights_sitenote_active":false,"_monsterinsights_sitenote_note":"","_monsterinsights_sitenote_category":0,"footnotes":""},"class_list":["post-2713","page","type-page","status-publish","hentry"],"yoast_head":"<!-- This site is optimized with the Yoast SEO Premium plugin v19.6 (Yoast SEO v24.2) - https:\/\/yoast.com\/wordpress\/plugins\/seo\/ -->\n<title>Paint Booth &amp; Extraction<\/title>\n<meta name=\"description\" content=\"Mobile spray booth for spot repairs directly on the car and extraction\/filtration units that filter the VOCs while ensuring full compliance.\" \/>\n<meta name=\"robots\" content=\"index, follow, max-snippet:-1, max-image-preview:large, max-video-preview:-1\" \/>\n<link rel=\"canonical\" href=\"https:\/\/hbc-system.com\/da\/wp-json\/wp\/v2\/pages\/2713\" \/>\n<meta property=\"og:locale\" content=\"da_DK\" \/>\n<meta property=\"og:type\" content=\"article\" \/>\n<meta property=\"og:title\" content=\"Paint Booth &amp; Extraction\" \/>\n<meta property=\"og:description\" content=\"Mobile spray booth for spot repairs directly on the car and extraction\/filtration units that filter the VOCs while ensuring full compliance.\" \/>\n<meta property=\"og:url\" content=\"https:\/\/hbc-system.com\/da\/produkter\/maling-kappe-ekstraktion\/\" \/>\n<meta property=\"og:site_name\" content=\"HBC System\" \/>\n<meta property=\"article:publisher\" content=\"https:\/\/www.facebook.com\/hbcsystems\" \/>\n<meta property=\"article:modified_time\" content=\"2023-04-21T12:41:49+00:00\" \/>\n<meta name=\"twitter:card\" content=\"summary_large_image\" \/>\n<meta name=\"twitter:label1\" content=\"Estimeret l\u00e6setid\" \/>\n\t<meta name=\"twitter:data1\" content=\"1 minut\" \/>\n<script type=\"application\/ld+json\" class=\"yoast-schema-graph\">{\n\t    \"@context\": \"https:\/\/schema.org\",\n\t    \"@graph\": [\n\t        {\n\t            \"@type\": \"WebPage\",\n\t            \"@id\": \"https:\/\/hbc-system.com\/products\/paint-booth-extraction\",\n\t            \"url\": \"https:\/\/hbc-system.com\/products\/paint-booth-extraction\",\n\t            \"name\": \"Paint Booth & Extraction\",\n\t            \"isPartOf\": {\n\t                \"@id\": \"https:\/\/hbc-system.com\/fr_be\/#website\"\n\t            },\n\t            \"datePublished\": \"2022-11-28T16:03:54+00:00\",\n\t            \"dateModified\": \"2023-04-21T12:41:49+00:00\",\n\t            \"description\": \"Mobile spray booth for spot repairs directly on the car and extraction\/filtration units that filter the VOCs while ensuring full compliance.\",\n\t            \"breadcrumb\": {\n\t                \"@id\": \"https:\/\/hbc-system.com\/products\/paint-booth-extraction#breadcrumb\"\n\t            },\n\t            \"inLanguage\": \"da-DK\",\n\t            \"potentialAction\": [\n\t                {\n\t                    \"@type\": \"ReadAction\",\n\t                    \"target\": [\n\t                        \"https:\/\/hbc-system.com\/products\/paint-booth-extraction\"\n\t                    ]\n\t                }\n\t            ]\n\t        },\n\t        {\n\t            \"@type\": \"BreadcrumbList\",\n\t            \"@id\": \"https:\/\/hbc-system.com\/products\/paint-booth-extraction#breadcrumb\",\n\t            \"itemListElement\": [\n\t                {\n\t                    \"@type\": \"ListItem\",\n\t                    \"position\": 1,\n\t                    \"name\": \"Home\",\n\t                    \"item\": \"https:\/\/hbc-system.com\/\"\n\t                },\n\t                {\n\t                    \"@type\": \"ListItem\",\n\t                    \"position\": 2,\n\t                    \"name\": \"Products\",\n\t                    \"item\": \"https:\/\/hbc-system.com\/products\"\n\t                },\n\t                {\n\t                    \"@type\": \"ListItem\",\n\t                    \"position\": 3,\n\t                    \"name\": \"Paint Booth &#038; Extraction\"\n\t                }\n\t            ]\n\t        },\n\t        {\n\t            \"@type\": \"WebSite\",\n\t            \"@id\": \"https:\/\/hbc-system.com\/fr_be\/#website\",\n\t            \"url\": \"https:\/\/hbc-system.com\/fr_be\/\",\n\t            \"name\": \"HBC System\",\n\t            \"description\": \"\",\n\t            \"potentialAction\": [\n\t                {\n\t                    \"@type\": \"SearchAction\",\n\t                    \"target\": {\n\t                        \"@type\": \"EntryPoint\",\n\t                        \"urlTemplate\": \"https:\/\/hbc-system.com\/fr_be\/?s={search_term_string}\"\n\t                    },\n\t                    \"query-input\": {\n\t                        \"@type\": \"PropertyValueSpecification\",\n\t                        \"valueRequired\": true,\n\t                        \"valueName\": \"search_term_string\"\n\t                    }\n\t                }\n\t            ],\n\t            \"inLanguage\": \"da-DK\"\n\t        }\n\t    ]\n\t}<\/script>\n<!-- \/ Yoast SEO Premium plugin. -->","yoast_head_json":{"title":"Spr\u00f8jtekabine og udsugning","description":"Mobil spr\u00f8jtekabine til spot-reparationer direkte p\u00e5 bilen og udsugnings-\/filtreringsenheder, der filtrerer VOC'erne og samtidig sikrer fuld overholdelse af kravene.","robots":{"index":"index","follow":"follow","max-snippet":"max-snippet:-1","max-image-preview":"max-image-preview:large","max-video-preview":"max-video-preview:-1"},"canonical":"https:\/\/hbc-system.com\/da\/wp-json\/wp\/v2\/pages\/2713","og_locale":"da_DK","og_type":"article","og_title":"Paint Booth & Extraction","og_description":"Mobile spray booth for spot repairs directly on the car and extraction\/filtration units that filter the VOCs while ensuring full compliance.","og_url":"https:\/\/hbc-system.com\/da\/produkter\/maling-kappe-ekstraktion\/","og_site_name":"HBC System","article_publisher":"https:\/\/www.facebook.com\/hbcsystems","article_modified_time":"2023-04-21T12:41:49+00:00","twitter_card":"summary_large_image","twitter_misc":{"Estimeret l\u00e6setid":"1 minut"},"schema":{"@context":"https:\/\/schema.org","@graph":[{"@type":"WebPage","@id":"https:\/\/hbc-system.com\/products\/paint-booth-extraction","url":"https:\/\/hbc-system.com\/products\/paint-booth-extraction","name":"Spr\u00f8jtekabine og udsugning","isPartOf":{"@id":"https:\/\/hbc-system.com\/fr_be\/#website"},"datePublished":"2022-11-28T16:03:54+00:00","dateModified":"2023-04-21T12:41:49+00:00","description":"Mobil spr\u00f8jtekabine til spot-reparationer direkte p\u00e5 bilen og udsugnings-\/filtreringsenheder, der filtrerer VOC'erne og samtidig sikrer fuld overholdelse af kravene.","breadcrumb":{"@id":"https:\/\/hbc-system.com\/products\/paint-booth-extraction#breadcrumb"},"inLanguage":"da-DK","potentialAction":[{"@type":"ReadAction","target":["https:\/\/hbc-system.com\/products\/paint-booth-extraction"]}]},{"@type":"BreadcrumbList","@id":"https:\/\/hbc-system.com\/products\/paint-booth-extraction#breadcrumb","itemListElement":[{"@type":"ListItem","position":1,"name":"Home","item":"https:\/\/hbc-system.com\/"},{"@type":"ListItem","position":2,"name":"Products","item":"https:\/\/hbc-system.com\/products"},{"@type":"ListItem","position":3,"name":"Paint Booth &#038; Extraction"}]},{"@type":"WebSite","@id":"https:\/\/hbc-system.com\/fr_be\/#website","url":"https:\/\/hbc-system.com\/fr_be\/","name":"HBC system","description":"","potentialAction":[{"@type":"SearchAction","target":{"@type":"EntryPoint","urlTemplate":"https:\/\/hbc-system.com\/fr_be\/?s={search_term_string}"},"query-input":{"@type":"PropertyValueSpecification","valueRequired":true,"valueName":"search_term_string"}}],"inLanguage":"da-DK"}]}},"_links":{"self":[{"href":"https:\/\/hbc-system.com\/da\/wp-json\/wp\/v2\/pages\/2713","targetHints":{"allow":["GET"]}}],"collection":[{"href":"https:\/\/hbc-system.com\/da\/wp-json\/wp\/v2\/pages"}],"about":[{"href":"https:\/\/hbc-system.com\/da\/wp-json\/wp\/v2\/types\/page"}],"author":[{"embeddable":true,"href":"https:\/\/hbc-system.com\/da\/wp-json\/wp\/v2\/users\/2"}],"replies":[{"embeddable":true,"href":"https:\/\/hbc-system.com\/da\/wp-json\/wp\/v2\/comments?post=2713"}],"version-history":[{"count":3,"href":"https:\/\/hbc-system.com\/da\/wp-json\/wp\/v2\/pages\/2713\/revisions"}],"predecessor-version":[{"id":5825,"href":"https:\/\/hbc-system.com\/da\/wp-json\/wp\/v2\/pages\/2713\/revisions\/5825"}],"up":[{"embeddable":true,"href":"https:\/\/hbc-system.com\/da\/wp-json\/wp\/v2\/pages\/40"}],"wp:attachment":[{"href":"https:\/\/hbc-system.com\/da\/wp-json\/wp\/v2\/media?parent=2713"}],"curies":[{"name":"wp","href":"https:\/\/api.w.org\/{rel}","templated":true}]}}