{"id":2713,"date":"2022-11-28T16:03:54","date_gmt":"2022-11-28T16:03:54","guid":{"rendered":"http:\/\/70.34.210.26\/?page_id=2713"},"modified":"2023-04-21T12:41:49","modified_gmt":"2023-04-21T12:41:49","slug":"farbe-stiefel-extraktion","status":"publish","type":"page","link":"https:\/\/hbc-system.com\/de\/products\/paint-booth-extraction","title":{"rendered":"Lackierkabine &amp; Absaugung"},"content":{"rendered":"<section class=\"wpb-content-wrapper\"><div class=\"nm-row nm-row-full-nopad vc_row wpb_row\"><div class=\"nm_column wpb_column vc_column_container col-sm-12 vc_col-sm-12\"><div class=\"vc_column-inner\"><div class=\"wpb_wrapper\"><!-- start HBC Header -->\n\t\t<link id='uc_fonts_googleapis_com_css_family_montserrat_400_700-css' href='https:\/\/fonts.googleapis.com\/css?family=Montserrat:400,700' type='text\/css' rel='stylesheet' >\n\t\t<link id='uc_fonts_googleapis_com_css_family_lobster-css' href='https:\/\/fonts.googleapis.com\/css?family=Lobster' type='text\/css' rel='stylesheet' >\n\n\t\t\t<style type=\"text\/css\">\/* addon: HBC Header *\/\n\n.hbc-header {\n    position: relative;\n    overflow: hidden;\n    }\n.hbc-header-p br {\ndisplay: none;}\n\n.hbc-header-image {\nwidth: 100%;\nheight: auto;\nobject-fit: cover;\nmax-height: 550px;\naspect-ratio: 19 \/ 6;\n}\n\n@media (max-width: 1200px) {\n.hbc-header-h1 {\n    display: table;\n    font-weight: bold;\n    margin: 0;\n    width: 100%;\n    text-align: left;\n    background: rgba(0,0,0,0.75);\n    font-size: 18px;\n    color: #FFF;\n    text-transform: uppercase;\n    padding: 10px 5px;\n}\n\n.hbc-header-p {\n    font-size: 14px;\n    color: #FFF;\n    background: rgba(0,0,0,0.8);\n    margin: 0;\n    padding: 10px 5px;\n    width: 100%;\n}\n}\n\n\n@media (min-width: 1200px) {\n.hbc-header-h1 {\ndisplay: table;\n    z-index: 99;\n    font-weight: bold;\n    margin-bottom: 15px;\n    left: 20%;\n    top: 50px;\n    width: 550px;\n    text-align: left;\n    background: rgba(0,0,0,0.75);\n    font-size: 30px;\n    color: #FFF;\n    text-transform: uppercase;\n    padding: 15px;\n}\n.hbc-header-p {\n    z-index: 99;\n    margin: 0;\n    left: 20%;\n    top: 170px;\n    width: 550px;\n    text-align: left;\n    font-size: 17px;\n    line-height: 1.5;\n    background: rgba(0,0,0,0.75);\n    padding: 15px;\n    color: #FFF;\n}\n.notmobile {\nposition: absolute;\n    top: 50px;\n    left: 20%;\n}}\n\n}\n\n<\/style>\n\n\t\t\t<div class=\"hbc-header\">\n    <img decoding=\"async\" class=\"hbc-header-image\" height=\"\" width=\"\" alt=\"Lackierkabine und Absaugung\" src=\"https:\/\/hbc-system.com\/wp-content\/uploads\/header-paint-booths-filterbanks-1.webp\" \/>\n    <div class=\"notmobile\">\n     <h1 class=\"hbc-header-h1\" style=\"color:white;\">Lackierkabine und Absaugung<\/h1>\n     <h2 class=\"hbc-header-p\" style=\"display: table\">Mobile Spritzkabinen und Filtrations-\/Absauganlagen<\/h2>\n    <\/div>\n   \n\t\t\t\t<\/div>\n\n\t\t<\/div>\n\n<p id=\"breadcrumbs\">\n    <span><span><a href=\"https:\/\/hbc-system.com\/de\/\">Startseite<\/a><\/span><\/span>\n    <\/p>\n<\/div>\n\t\t\t<!-- end HBC Header --><\/div><\/div><\/div><\/div><div class=\"nm-row nm-row-full vc_row wpb_row\"><div class=\"nm_column wpb_column vc_column_container col-sm-12 vc_col-sm-12\"><div class=\"vc_column-inner\"><div class=\"wpb_wrapper\"><div class=\"templatera_shortcode\"><div class=\"nm-row nm-row-full vc_row wpb_row  flex vc_custom_1675765559414\"><div class=\"nm_column wpb_column vc_column_container col-sm-12 vc_col-sm-12\"><div class=\"vc_column-inner\"><div class=\"wpb_wrapper\"><div class=\"nm-row nm-row-full inner nm-row-flex nm-row-col-middle  vc_custom_1667979675307\"><div class=\"nm_column nm_column_inner col-sm-4 vc_col-sm-4 vc_custom_1666878146216\"><div class=\"wpb_wrapper\"><!-- start HBC Button v2 -->\n\t\t<link id='uc_fonts_googleapis_com_css_family_roboto-css' href='https:\/\/fonts.googleapis.com\/css?family=Roboto' type='text\/css' rel='stylesheet' >\n\n\t\t\t<style type=\"text\/css\">\/* addon: HBC Button v2 *\/\n\n.hbc_box_button:hover {transition: all 0.3s;\nopacity: 0.7;\n}\n.hbc_box_button {transition: all 0.3s;\nopacity: 1;\n}\n\n.hbc_button-img {\n    width: 100%;\n    }\n.hbc_button-h2 {\n    margin: 20px 20px 10px 20px;\n    font-size: 20px;\n    line-height: 1.3;\n    text-align: left;\n    font-family: Montserrat;\n    font-weight: 700;\n    font-style: normal;\n}\n.hbc_button-p {\n\n    margin: 0px 20px 20px 20px;\n   \n  display: -webkit-box;\n    max-width: 100%;\n    -webkit-line-clamp: 2;\n    -webkit-box-orient: vertical;\n    overflow: hidden;\nfont-size: 12px;\nline-height: 1.3;\ntext-align: left;\nfont-family:Montserrat;\nfont-weight:400;\nfont-style:normal\n}\n\n.hbc_inner_button {\n\n}\n\n<\/style>\n\n\t\t\t<a class=\"hbc_box_button\" href=\"https:\/\/hbc-system.com\/de\/produkte\/farbe-stiefel-extraktion\/hybrid-painting-kabine-2\/\">\n<div class=\"hbc_box_inner\">\n\t<div class=\"hbc_inner_button\" style=\" background:#F6F6F6;\"> \n    \t<img decoding=\"async\" class=\"hbc_button-img\" src=\"https:\/\/hbc-system.com\/wp-content\/uploads\/hybrid-paint-booth-header.webp\" alt=\"Smart Repair Lackierkabine\">\n        <h2 class=\"hbc_button-h2\" style=\"color:#7a003c;\">Smart Repair Lackierkabine<\/h2>\n        <span class=\"hbc_button-p\" style=\"color:#4c4c4c;\">Mit der mobilen Hybrid-Lackierkabine k\u00f6nnen Sie \u00fcberall lackieren. Sie wird direkt an der besch\u00e4digten Stelle des Fahrzeugs angebracht, wodurch ein geschlossener Raum f\u00fcr die perfekte Spot-Repair entsteht. Was die Mobile Hybrid-Lackierkabine wirklich von allen vergleichbaren Produkten unterscheidet, ist der Standort des Lackierers. Im Gegensatz zu herk\u00f6mmlichen L\u00f6sungen befindet sich der Lackierer sicher au\u00dferhalb der Lackierkabine und arbeitet nicht im Innenraum, wo er gef\u00e4hrlichen D\u00e4mpfen und Substanzen ausgesetzt ist. Das bedeutet, dass ein Lackierauftrag v\u00f6llig ohne Maske, Brille usw. ausgef\u00fchrt werden kann.<\/h3>\n    <\/div>\n<\/div>\n<\/a>\n\t\t\t<!-- end HBC Button v2 --><\/div><\/div><div class=\"nm_column nm_column_inner col-sm-4 vc_col-sm-4 vc_custom_1666878207875\"><div class=\"wpb_wrapper\"><!-- start HBC Button v2 -->\n\n\t\t\t<style type=\"text\/css\">\/* addon: HBC Button v2 *\/\n\n.hbc_box_button:hover {transition: all 0.3s;\nopacity: 0.7;\n}\n.hbc_box_button {transition: all 0.3s;\nopacity: 1;\n}\n\n.hbc_button-img {\n    width: 100%;\n    }\n.hbc_button-h2 {\n    margin: 20px 20px 10px 20px;\n    font-size: 20px;\n    line-height: 1.3;\n    text-align: left;\n    font-family: Montserrat;\n    font-weight: 700;\n    font-style: normal;\n}\n.hbc_button-p {\n\n    margin: 0px 20px 20px 20px;\n   \n  display: -webkit-box;\n    max-width: 100%;\n    -webkit-line-clamp: 2;\n    -webkit-box-orient: vertical;\n    overflow: hidden;\nfont-size: 12px;\nline-height: 1.3;\ntext-align: left;\nfont-family:Montserrat;\nfont-weight:400;\nfont-style:normal\n}\n\n.hbc_inner_button {\n\n}\n\n<\/style>\n\n\t\t\t<a class=\"hbc_box_button\" href=\"https:\/\/hbc-system.com\/de\/produkte\/farbe-stiefel-extraktion\/smartwall-filterbank\/\">\n<div class=\"hbc_box_inner\">\n\t<div class=\"hbc_inner_button\" style=\" background:#F6F6F6;\"> \n    \t<img decoding=\"async\" class=\"hbc_button-img\" src=\"https:\/\/hbc-system.com\/wp-content\/uploads\/smart-wall-header.webp\" alt=\"Filterbank und Smartwall - Extraktion\">\n        <h2 class=\"hbc_button-h2\" style=\"color:#7a003c;\">Filterbank und Smartwall - Extraktion<\/h2>\n        <span class=\"hbc_button-p\" style=\"color:#4c4c4c;\">Die SmartWall und die Filterbank sind einzigartige, hochmoderne Reparaturl\u00f6sungen f\u00fcr die Luftreinigung, f\u00fcr kleinere Sch\u00e4den und f\u00fcr nicht strukturelle Reparaturen in einer Werkstatt, in der eine Staub- und Rauchabsaugung erforderlich ist. Diese Ger\u00e4te reinigen die Luft, indem sie alle VOCs herausfiltern und saubere Luft aussto\u00dfen! Au\u00dferdem k\u00f6nnen Sie mit dem digitalen Dashboard den Nachweis der Filterung mit einer Vielzahl von Daten dokumentieren und so die Einhaltung der Vorschriften \u00fcberall sicherstellen!<\/h3>\n    <\/div>\n<\/div>\n<\/a>\n\t\t\t<!-- end HBC Button v2 --><\/div><\/div><div class=\"nm_column nm_column_inner col-sm-4 vc_col-sm-4 vc_custom_1666878234281\"><div class=\"wpb_wrapper\"><!-- start HBC Button v2 -->\n\n\t\t\t<style type=\"text\/css\">\/* addon: HBC Button v2 *\/\n\n.hbc_box_button:hover {transition: all 0.3s;\nopacity: 0.7;\n}\n.hbc_box_button {transition: all 0.3s;\nopacity: 1;\n}\n\n.hbc_button-img {\n    width: 100%;\n    }\n.hbc_button-h2 {\n    margin: 20px 20px 10px 20px;\n    font-size: 20px;\n    line-height: 1.3;\n    text-align: left;\n    font-family: Montserrat;\n    font-weight: 700;\n    font-style: normal;\n}\n.hbc_button-p {\n\n    margin: 0px 20px 20px 20px;\n   \n  display: -webkit-box;\n    max-width: 100%;\n    -webkit-line-clamp: 2;\n    -webkit-box-orient: vertical;\n    overflow: hidden;\nfont-size: 12px;\nline-height: 1.3;\ntext-align: left;\nfont-family:Montserrat;\nfont-weight:400;\nfont-style:normal\n}\n\n.hbc_inner_button {\n\n}\n\n<\/style>\n\n\t\t\t<a class=\"hbc_box_button\" href=\"https:\/\/hbc-system.com\/de\/kreislauflackierkabine\/\">\n<div class=\"hbc_box_inner\">\n\t<div class=\"hbc_inner_button\" style=\" background:#F6F6F6;\"> \n    \t<img decoding=\"async\" class=\"hbc_button-img\" src=\"https:\/\/hbc-system.com\/wp-content\/uploads\/recirculation-booths-header.webp\" alt=\"Lackierkabine mit Umw\u00e4lzung\">\n        <h2 class=\"hbc_button-h2\" style=\"color:#7a003c;\">Lackierkabine mit Umw\u00e4lzung<\/h2>\n        <span class=\"hbc_button-p\" style=\"color:#4c4c4c;\">Eine vielseitige Lackierkabine f\u00fcr die Reparatur kleinerer Sch\u00e4den. Sie filtert VOCs effizient heraus und recycelt saubere Luft in einem geschlossenen Kreislauf f\u00fcr einen autarken, sauberen Arbeitsbereich. Ma\u00dfgeschneidert f\u00fcr kleinere Arbeiten wie Spritzlackieren und Schleifen.<\/h3>\n    <\/div>\n<\/div>\n<\/a>\n\t\t\t<!-- end HBC Button v2 --><\/div><\/div><\/div><div class=\"nm-row nm-row-full inner nm-row-flex nm-row-col-middle  vc_custom_1705325600918\"><div class=\"nm_column nm_column_inner col-sm-4 vc_col-sm-4 vc_custom_1666878207875\"><div class=\"wpb_wrapper\"><!-- start HBC Button v2 -->\n\n\t\t\t<style type=\"text\/css\">\/* addon: HBC Button v2 *\/\n\n.hbc_box_button:hover {transition: all 0.3s;\nopacity: 0.7;\n}\n.hbc_box_button {transition: all 0.3s;\nopacity: 1;\n}\n\n.hbc_button-img {\n    width: 100%;\n    }\n.hbc_button-h2 {\n    margin: 20px 20px 10px 20px;\n    font-size: 20px;\n    line-height: 1.3;\n    text-align: left;\n    font-family: Montserrat;\n    font-weight: 700;\n    font-style: normal;\n}\n.hbc_button-p {\n\n    margin: 0px 20px 20px 20px;\n   \n  display: -webkit-box;\n    max-width: 100%;\n    -webkit-line-clamp: 2;\n    -webkit-box-orient: vertical;\n    overflow: hidden;\nfont-size: 12px;\nline-height: 1.3;\ntext-align: left;\nfont-family:Montserrat;\nfont-weight:400;\nfont-style:normal\n}\n\n.hbc_inner_button {\n\n}\n\n<\/style>\n\n\t\t\t<a class=\"hbc_box_button\" href=\"https:\/\/hbc-system.com\/de\/produkte\/leichmetall-felgen-reparatur-systeme\/rader-lackiermaschine\/\">\n<div class=\"hbc_box_inner\">\n\t<div class=\"hbc_inner_button\" style=\" background:#F6F6F6;\"> \n    \t<img decoding=\"async\" class=\"hbc_button-img\" src=\"https:\/\/hbc-system.com\/wp-content\/uploads\/wheel-paint-robot-header.webp\" alt=\"Radlackierkabine - automatisiert\">\n        <h2 class=\"hbc_button-h2\" style=\"color:#7a003c;\">Radlackierkabine - automatisiert<\/h2>\n        <span class=\"hbc_button-p\" style=\"color:#4c4c4c;\">Ein patentierter Felgenlackierroboter, der beide Seiten einer Felge von Anfang bis Ende vollautomatisch lackieren kann, entweder mit einer handels\u00fcblichen Spritzpistole oder einer Spr\u00fchdose. Kein R\u00e4tselraten und keine Ungereimtheiten mehr beim Lackieren von R\u00e4dern! <\/h3>\n    <\/div>\n<\/div>\n<\/a>\n\t\t\t<!-- end HBC Button v2 --><\/div><\/div><div class=\"nm_column nm_column_inner col-sm-4 vc_col-sm-4 vc_custom_1666878146216\"><div class=\"wpb_wrapper\"><!-- start HBC Button v2 -->\n\n\t\t\t<style type=\"text\/css\">\/* addon: HBC Button v2 *\/\n\n.hbc_box_button:hover {transition: all 0.3s;\nopacity: 0.7;\n}\n.hbc_box_button {transition: all 0.3s;\nopacity: 1;\n}\n\n.hbc_button-img {\n    width: 100%;\n    }\n.hbc_button-h2 {\n    margin: 20px 20px 10px 20px;\n    font-size: 20px;\n    line-height: 1.3;\n    text-align: left;\n    font-family: Montserrat;\n    font-weight: 700;\n    font-style: normal;\n}\n.hbc_button-p {\n\n    margin: 0px 20px 20px 20px;\n   \n  display: -webkit-box;\n    max-width: 100%;\n    -webkit-line-clamp: 2;\n    -webkit-box-orient: vertical;\n    overflow: hidden;\nfont-size: 12px;\nline-height: 1.3;\ntext-align: left;\nfont-family:Montserrat;\nfont-weight:400;\nfont-style:normal\n}\n\n.hbc_inner_button {\n\n}\n\n<\/style>\n\n\t\t\t<a class=\"hbc_box_button\" href=\"https:\/\/hbc-system.com\/de\/produkte\/leichmetall-felgen-reparatur-systeme\/radspray-booth-legierungsfelgen\/\">\n<div class=\"hbc_box_inner\">\n\t<div class=\"hbc_inner_button\" style=\" background:#F6F6F6;\"> \n    \t<img decoding=\"async\" class=\"hbc_button-img\" src=\"https:\/\/hbc-system.com\/wp-content\/uploads\/spray-bay-header.webp\" alt=\"Rad-Spritzkabine\">\n        <h2 class=\"hbc_button-h2\" style=\"color:#7a003c;\">Rad-Spritzkabine<\/h2>\n        <span class=\"hbc_button-p\" style=\"color:#4c4c4c;\">Die Felgenspritzkabine, eine innovative L\u00f6sung zur Verbesserung des Lackierprozesses f\u00fcr Leichtmetallfelgen. Mit der M\u00f6glichkeit, zwei Felgen gleichzeitig vorzubereiten oder zu lackieren, maximiert diese innovative Kabine die Effizienz und Produktivit\u00e4t. <\/h3>\n    <\/div>\n<\/div>\n<\/a>\n\t\t\t<!-- end HBC Button v2 --><\/div><\/div><div class=\"nm_column nm_column_inner col-sm-4 vc_col-sm-4 vc_custom_1666878234281\"><div class=\"wpb_wrapper\"><\/div><\/div><\/div><\/div><\/div><\/div><\/div><\/div><\/div><\/div><\/div><\/div>\n<\/section>","protected":false},"excerpt":{"rendered":"Smart Repair Paint Booth The Mobile Hybrid Paint Booth enables you to paint anywhere. It attaches directly to the damaged area of the car, creating an enclosed space for the perfect spot repair. What truly sets the Mobile Hybrid Spray Booth apart from all equivalent products is the location of the painter. Unlike traditional solutions, [...]","protected":false},"author":2,"featured_media":0,"parent":40,"menu_order":0,"comment_status":"closed","ping_status":"closed","template":"templates\/page-full.php","meta":{"content-type":"","inline_featured_image":false,"_monsterinsights_skip_tracking":false,"_monsterinsights_sitenote_active":false,"_monsterinsights_sitenote_note":"","_monsterinsights_sitenote_category":0,"footnotes":""},"class_list":["post-2713","page","type-page","status-publish","hentry"],"yoast_head":"<!-- This site is optimized with the Yoast SEO Premium plugin v19.6 (Yoast SEO v24.2) - https:\/\/yoast.com\/wordpress\/plugins\/seo\/ -->\n<title>Paint Booth &amp; Extraction<\/title>\n<meta name=\"description\" content=\"Mobile spray booth for spot repairs directly on the car and extraction\/filtration units that filter the VOCs while ensuring full compliance.\" \/>\n<meta name=\"robots\" content=\"index, follow, max-snippet:-1, max-image-preview:large, max-video-preview:-1\" \/>\n<link rel=\"canonical\" href=\"https:\/\/hbc-system.com\/de\/wp-json\/wp\/v2\/pages\/2713\" \/>\n<meta property=\"og:locale\" content=\"de_DE\" \/>\n<meta property=\"og:type\" content=\"article\" \/>\n<meta property=\"og:title\" content=\"Paint Booth &amp; Extraction\" \/>\n<meta property=\"og:description\" content=\"Mobile spray booth for spot repairs directly on the car and extraction\/filtration units that filter the VOCs while ensuring full compliance.\" \/>\n<meta property=\"og:url\" content=\"https:\/\/hbc-system.com\/de\/produkte\/farbe-stiefel-extraktion\/\" \/>\n<meta property=\"og:site_name\" content=\"HBC System\" \/>\n<meta property=\"article:publisher\" content=\"https:\/\/www.facebook.com\/hbcsystems\" \/>\n<meta property=\"article:modified_time\" content=\"2023-04-21T12:41:49+00:00\" \/>\n<meta name=\"twitter:card\" content=\"summary_large_image\" \/>\n<meta name=\"twitter:label1\" content=\"Gesch\u00e4tzte Lesezeit\" \/>\n\t<meta name=\"twitter:data1\" content=\"1\u00a0Minute\" \/>\n<script type=\"application\/ld+json\" class=\"yoast-schema-graph\">{\n\t    \"@context\": \"https:\/\/schema.org\",\n\t    \"@graph\": [\n\t        {\n\t            \"@type\": \"WebPage\",\n\t            \"@id\": \"https:\/\/hbc-system.com\/products\/paint-booth-extraction\",\n\t            \"url\": \"https:\/\/hbc-system.com\/products\/paint-booth-extraction\",\n\t            \"name\": \"Paint Booth & Extraction\",\n\t            \"isPartOf\": {\n\t                \"@id\": \"https:\/\/hbc-system.com\/fr_be\/#website\"\n\t            },\n\t            \"datePublished\": \"2022-11-28T16:03:54+00:00\",\n\t            \"dateModified\": \"2023-04-21T12:41:49+00:00\",\n\t            \"description\": \"Mobile spray booth for spot repairs directly on the car and extraction\/filtration units that filter the VOCs while ensuring full compliance.\",\n\t            \"breadcrumb\": {\n\t                \"@id\": \"https:\/\/hbc-system.com\/products\/paint-booth-extraction#breadcrumb\"\n\t            },\n\t            \"inLanguage\": \"de\",\n\t            \"potentialAction\": [\n\t                {\n\t                    \"@type\": \"ReadAction\",\n\t                    \"target\": [\n\t                        \"https:\/\/hbc-system.com\/products\/paint-booth-extraction\"\n\t                    ]\n\t                }\n\t            ]\n\t        },\n\t        {\n\t            \"@type\": \"BreadcrumbList\",\n\t            \"@id\": \"https:\/\/hbc-system.com\/products\/paint-booth-extraction#breadcrumb\",\n\t            \"itemListElement\": [\n\t                {\n\t                    \"@type\": \"ListItem\",\n\t                    \"position\": 1,\n\t                    \"name\": \"Home\",\n\t                    \"item\": \"https:\/\/hbc-system.com\/\"\n\t                },\n\t                {\n\t                    \"@type\": \"ListItem\",\n\t                    \"position\": 2,\n\t                    \"name\": \"Products\",\n\t                    \"item\": \"https:\/\/hbc-system.com\/products\"\n\t                },\n\t                {\n\t                    \"@type\": \"ListItem\",\n\t                    \"position\": 3,\n\t                    \"name\": \"Paint Booth &#038; Extraction\"\n\t                }\n\t            ]\n\t        },\n\t        {\n\t            \"@type\": \"WebSite\",\n\t            \"@id\": \"https:\/\/hbc-system.com\/fr_be\/#website\",\n\t            \"url\": \"https:\/\/hbc-system.com\/fr_be\/\",\n\t            \"name\": \"HBC System\",\n\t            \"description\": \"\",\n\t            \"potentialAction\": [\n\t                {\n\t                    \"@type\": \"SearchAction\",\n\t                    \"target\": {\n\t                        \"@type\": \"EntryPoint\",\n\t                        \"urlTemplate\": \"https:\/\/hbc-system.com\/fr_be\/?s={search_term_string}\"\n\t                    },\n\t                    \"query-input\": {\n\t                        \"@type\": \"PropertyValueSpecification\",\n\t                        \"valueRequired\": true,\n\t                        \"valueName\": \"search_term_string\"\n\t                    }\n\t                }\n\t            ],\n\t            \"inLanguage\": \"de\"\n\t        }\n\t    ]\n\t}<\/script>\n<!-- \/ Yoast SEO Premium plugin. -->","yoast_head_json":{"title":"Lackierkabine &amp; Absaugung","description":"Mobile Lackierkabine f\u00fcr punktuelle Reparaturen direkt am Auto und Absaug-\/Filteranlagen, die die VOCs filtern und gleichzeitig die Einhaltung der Vorschriften gew\u00e4hrleisten.","robots":{"index":"index","follow":"follow","max-snippet":"max-snippet:-1","max-image-preview":"max-image-preview:large","max-video-preview":"max-video-preview:-1"},"canonical":"https:\/\/hbc-system.com\/de\/wp-json\/wp\/v2\/pages\/2713","og_locale":"de_DE","og_type":"article","og_title":"Paint Booth & Extraction","og_description":"Mobile spray booth for spot repairs directly on the car and extraction\/filtration units that filter the VOCs while ensuring full compliance.","og_url":"https:\/\/hbc-system.com\/de\/produkte\/farbe-stiefel-extraktion\/","og_site_name":"HBC System","article_publisher":"https:\/\/www.facebook.com\/hbcsystems","article_modified_time":"2023-04-21T12:41:49+00:00","twitter_card":"summary_large_image","twitter_misc":{"Gesch\u00e4tzte Lesezeit":"1\u00a0Minute"},"schema":{"@context":"https:\/\/schema.org","@graph":[{"@type":"WebPage","@id":"https:\/\/hbc-system.com\/products\/paint-booth-extraction","url":"https:\/\/hbc-system.com\/products\/paint-booth-extraction","name":"Lackierkabine &amp; Absaugung","isPartOf":{"@id":"https:\/\/hbc-system.com\/fr_be\/#website"},"datePublished":"2022-11-28T16:03:54+00:00","dateModified":"2023-04-21T12:41:49+00:00","description":"Mobile Lackierkabine f\u00fcr punktuelle Reparaturen direkt am Auto und Absaug-\/Filteranlagen, die die VOCs filtern und gleichzeitig die Einhaltung der Vorschriften gew\u00e4hrleisten.","breadcrumb":{"@id":"https:\/\/hbc-system.com\/products\/paint-booth-extraction#breadcrumb"},"inLanguage":"de","potentialAction":[{"@type":"ReadAction","target":["https:\/\/hbc-system.com\/products\/paint-booth-extraction"]}]},{"@type":"BreadcrumbList","@id":"https:\/\/hbc-system.com\/products\/paint-booth-extraction#breadcrumb","itemListElement":[{"@type":"ListItem","position":1,"name":"Home","item":"https:\/\/hbc-system.com\/"},{"@type":"ListItem","position":2,"name":"Products","item":"https:\/\/hbc-system.com\/products"},{"@type":"ListItem","position":3,"name":"Paint Booth &#038; Extraction"}]},{"@type":"WebSite","@id":"https:\/\/hbc-system.com\/fr_be\/#website","url":"https:\/\/hbc-system.com\/fr_be\/","name":"HBC System","description":"","potentialAction":[{"@type":"SearchAction","target":{"@type":"EntryPoint","urlTemplate":"https:\/\/hbc-system.com\/fr_be\/?s={search_term_string}"},"query-input":{"@type":"PropertyValueSpecification","valueRequired":true,"valueName":"search_term_string"}}],"inLanguage":"de"}]}},"_links":{"self":[{"href":"https:\/\/hbc-system.com\/de\/wp-json\/wp\/v2\/pages\/2713","targetHints":{"allow":["GET"]}}],"collection":[{"href":"https:\/\/hbc-system.com\/de\/wp-json\/wp\/v2\/pages"}],"about":[{"href":"https:\/\/hbc-system.com\/de\/wp-json\/wp\/v2\/types\/page"}],"author":[{"embeddable":true,"href":"https:\/\/hbc-system.com\/de\/wp-json\/wp\/v2\/users\/2"}],"replies":[{"embeddable":true,"href":"https:\/\/hbc-system.com\/de\/wp-json\/wp\/v2\/comments?post=2713"}],"version-history":[{"count":3,"href":"https:\/\/hbc-system.com\/de\/wp-json\/wp\/v2\/pages\/2713\/revisions"}],"predecessor-version":[{"id":5825,"href":"https:\/\/hbc-system.com\/de\/wp-json\/wp\/v2\/pages\/2713\/revisions\/5825"}],"up":[{"embeddable":true,"href":"https:\/\/hbc-system.com\/de\/wp-json\/wp\/v2\/pages\/40"}],"wp:attachment":[{"href":"https:\/\/hbc-system.com\/de\/wp-json\/wp\/v2\/media?parent=2713"}],"curies":[{"name":"wp","href":"https:\/\/api.w.org\/{rel}","templated":true}]}}