{"id":1024,"date":"2022-10-12T13:04:58","date_gmt":"2022-10-12T13:04:58","guid":{"rendered":"http:\/\/70.34.210.26\/?page_id=1024"},"modified":"2023-02-24T10:14:58","modified_gmt":"2023-02-24T10:14:58","slug":"paintless-dent-removal-systems-pdr","status":"publish","type":"page","link":"https:\/\/hbc-system.com\/es\/products\/paintless-dent-removal-systems-pdr","title":{"rendered":"Sistemas de desabollado sin pintura PDR"},"content":{"rendered":"<section class=\"wpb-content-wrapper\"><div class=\"nm-row nm-row-full-nopad vc_row wpb_row\"><div class=\"nm_column wpb_column vc_column_container col-sm-12 vc_col-sm-12\"><div class=\"vc_column-inner\"><div class=\"wpb_wrapper\"><!-- start HBC Header -->\n\t\t<link id='uc_fonts_googleapis_com_css_family_montserrat_400_700-css' href='https:\/\/fonts.googleapis.com\/css?family=Montserrat:400,700' type='text\/css' rel='stylesheet' >\n\t\t<link id='uc_fonts_googleapis_com_css_family_lobster-css' href='https:\/\/fonts.googleapis.com\/css?family=Lobster' type='text\/css' rel='stylesheet' >\n\n\t\t\t<style type=\"text\/css\">\/* addon: HBC Header *\/\n\n.hbc-header {\n    position: relative;\n    overflow: hidden;\n    }\n.hbc-header-p br {\ndisplay: none;}\n\n.hbc-header-image {\nwidth: 100%;\nheight: auto;\nobject-fit: cover;\nmax-height: 550px;\naspect-ratio: 19 \/ 6;\n}\n\n@media (max-width: 1200px) {\n.hbc-header-h1 {\n    display: table;\n    font-weight: bold;\n    margin: 0;\n    width: 100%;\n    text-align: left;\n    background: rgba(0,0,0,0.75);\n    font-size: 18px;\n    color: #FFF;\n    text-transform: uppercase;\n    padding: 10px 5px;\n}\n\n.hbc-header-p {\n    font-size: 14px;\n    color: #FFF;\n    background: rgba(0,0,0,0.8);\n    margin: 0;\n    padding: 10px 5px;\n    width: 100%;\n}\n}\n\n\n@media (min-width: 1200px) {\n.hbc-header-h1 {\ndisplay: table;\n    z-index: 99;\n    font-weight: bold;\n    margin-bottom: 15px;\n    left: 20%;\n    top: 50px;\n    width: 550px;\n    text-align: left;\n    background: rgba(0,0,0,0.75);\n    font-size: 30px;\n    color: #FFF;\n    text-transform: uppercase;\n    padding: 15px;\n}\n.hbc-header-p {\n    z-index: 99;\n    margin: 0;\n    left: 20%;\n    top: 170px;\n    width: 550px;\n    text-align: left;\n    font-size: 17px;\n    line-height: 1.5;\n    background: rgba(0,0,0,0.75);\n    padding: 15px;\n    color: #FFF;\n}\n.notmobile {\nposition: absolute;\n    top: 50px;\n    left: 20%;\n}}\n\n}\n\n<\/style>\n\n\t\t\t<div class=\"hbc-header\">\n    <img decoding=\"async\" class=\"hbc-header-image\" height=\"\" width=\"\" alt=\"Sistemas de desabollado sin pintura (PDR)\" src=\"https:\/\/hbc-system.com\/wp-content\/uploads\/pdr-0001.jpg\" \/>\n    <div class=\"notmobile\">\n     <h1 class=\"hbc-header-h1\" style=\"color:white;\">Sistemas de desabollado sin pintura (PDR)<\/h1>\n     <h2 class=\"hbc-header-p\" style=\"display: table\">Los equipos de desabollado sin pintura y las herramientas PDR permiten reparar de forma econ\u00f3mica peque\u00f1as abolladuras sin necesidad de volver a pintar el coche: se conserva la pintura original.<\/h2>\n    <\/div>\n   \n\t\t\t\t<\/div>\n\n\t\t<\/div>\n\n<p id=\"breadcrumbs\">\n    <span><span><a href=\"https:\/\/hbc-system.com\/es\/\">Inicio<\/a><\/span><\/span>\n    <\/p>\n<\/div>\n\t\t\t<!-- end HBC Header --><\/div><\/div><\/div><\/div><div class=\"nm-row nm-row-full vc_row wpb_row  vc_custom_1675756284663\"><div class=\"nm_column wpb_column vc_column_container col-sm-12 vc_col-sm-12\"><div class=\"vc_column-inner\"><div class=\"wpb_wrapper\"><div class=\"templatera_shortcode\"><div class=\"nm-row nm-row-full vc_row wpb_row  flex\"><div class=\"nm_column wpb_column vc_column_container col-sm-12 vc_col-sm-12\"><div class=\"vc_column-inner\"><div class=\"wpb_wrapper\"><div class=\"nm-row nm-row-full inner  vc_custom_1667991008895\"><div class=\"nm_column nm_column_inner col-sm-4 vc_col-sm-4 vc_custom_1667473173774\"><div class=\"wpb_wrapper\"><!-- start HBC Button v2 -->\n\t\t<link id='uc_fonts_googleapis_com_css_family_roboto-css' href='https:\/\/fonts.googleapis.com\/css?family=Roboto' type='text\/css' rel='stylesheet' >\n\n\t\t\t<style type=\"text\/css\">\/* addon: HBC Button v2 *\/\n\n.hbc_box_button:hover {transition: all 0.3s;\nopacity: 0.7;\n}\n.hbc_box_button {transition: all 0.3s;\nopacity: 1;\n}\n\n.hbc_button-img {\n    width: 100%;\n    }\n.hbc_button-h2 {\n    margin: 20px 20px 10px 20px;\n    font-size: 20px;\n    line-height: 1.3;\n    text-align: left;\n    font-family: Montserrat;\n    font-weight: 700;\n    font-style: normal;\n}\n.hbc_button-p {\n\n    margin: 0px 20px 20px 20px;\n   \n  display: -webkit-box;\n    max-width: 100%;\n    -webkit-line-clamp: 2;\n    -webkit-box-orient: vertical;\n    overflow: hidden;\nfont-size: 12px;\nline-height: 1.3;\ntext-align: left;\nfont-family:Montserrat;\nfont-weight:400;\nfont-style:normal\n}\n\n.hbc_inner_button {\n\n}\n\n<\/style>\n\n\t\t\t<a class=\"hbc_box_button\" href=\"https:\/\/hbc-system.com\/es\/productos\/paintless-dent-removal-systems-pdr\/sistemas-de-eliminacion-de-abolladuras-sin-pintura\/\">\n<div class=\"hbc_box_inner\">\n\t<div class=\"hbc_inner_button\" style=\" background:#F6F6F6;\"> \n    \t<img decoding=\"async\" class=\"hbc_button-img\" src=\"https:\/\/hbc-system.com\/wp-content\/uploads\/pdr-header-1.webp\" alt=\"Sistemas y herramientas de desabollado sin pintura\">\n        <h2 class=\"hbc_button-h2\" style=\"color:#7a003c;\">Sistemas y herramientas de desabollado sin pintura<\/h2>\n        <span class=\"hbc_button-p\" style=\"color:#4c4c4c;\">Nuestra gama de sistemas PDR (Desabollado sin Pintura) dise\u00f1ados a medida permite reparar de forma econ\u00f3mica peque\u00f1as abolladuras sin tener que volver a pintar el coche, conservando la pintura original. La versatilidad de nuestras herramientas y sistemas PDR, incluidos los multi\u00e1ngulos ajustables.<\/h3>\n    <\/div>\n<\/div>\n<\/a>\n\t\t\t<!-- end HBC Button v2 --><\/div><\/div><div class=\"nm_column nm_column_inner col-sm-4 vc_col-sm-4 vc_custom_1667473190420\"><div class=\"wpb_wrapper\"><!-- start HBC Button v2 -->\n\n\t\t\t<style type=\"text\/css\">\/* addon: HBC Button v2 *\/\n\n.hbc_box_button:hover {transition: all 0.3s;\nopacity: 0.7;\n}\n.hbc_box_button {transition: all 0.3s;\nopacity: 1;\n}\n\n.hbc_button-img {\n    width: 100%;\n    }\n.hbc_button-h2 {\n    margin: 20px 20px 10px 20px;\n    font-size: 20px;\n    line-height: 1.3;\n    text-align: left;\n    font-family: Montserrat;\n    font-weight: 700;\n    font-style: normal;\n}\n.hbc_button-p {\n\n    margin: 0px 20px 20px 20px;\n   \n  display: -webkit-box;\n    max-width: 100%;\n    -webkit-line-clamp: 2;\n    -webkit-box-orient: vertical;\n    overflow: hidden;\nfont-size: 12px;\nline-height: 1.3;\ntext-align: left;\nfont-family:Montserrat;\nfont-weight:400;\nfont-style:normal\n}\n\n.hbc_inner_button {\n\n}\n\n<\/style>\n\n\t\t\t<a class=\"hbc_box_button\" href=\"https:\/\/hbc-system.com\/es\/productos\/paintless-dent-removal-systems-pdr\/sistemas-magneticos-pdr\/\">\n<div class=\"hbc_box_inner\">\n\t<div class=\"hbc_inner_button\" style=\" background:#F6F6F6;\"> \n    \t<img decoding=\"async\" class=\"hbc_button-img\" src=\"https:\/\/hbc-system.com\/wp-content\/uploads\/g-pdr-magnetic-header-1.webp\" alt=\"Sistemas PDR magn\u00e9ticos\">\n        <h2 class=\"hbc_button-h2\" style=\"color:#7a003c;\">Sistemas PDR magn\u00e9ticos<\/h2>\n        <span class=\"hbc_button-p\" style=\"color:#4c4c4c;\">El sistema de Desabollado Magn\u00e9tico es una herramienta de entrenamiento PDR esencial. El entrenamiento de la coordinaci\u00f3n ojo-mano es uno de los ejercicios m\u00e1s dif\u00edciles cuando se entrena la Reparaci\u00f3n de Desabolladuras sin Pintura. Los alumnos a menudo pasan varias horas o d\u00edas antes de que puedan encontrar la ubicaci\u00f3n exacta<\/h3>\n    <\/div>\n<\/div>\n<\/a>\n\t\t\t<!-- end HBC Button v2 --><\/div><\/div><div class=\"nm_column nm_column_inner col-sm-4 vc_col-sm-4 vc_custom_1667473204141\"><div class=\"wpb_wrapper\"><!-- start HBC Button v2 -->\n\n\t\t\t<style type=\"text\/css\">\/* addon: HBC Button v2 *\/\n\n.hbc_box_button:hover {transition: all 0.3s;\nopacity: 0.7;\n}\n.hbc_box_button {transition: all 0.3s;\nopacity: 1;\n}\n\n.hbc_button-img {\n    width: 100%;\n    }\n.hbc_button-h2 {\n    margin: 20px 20px 10px 20px;\n    font-size: 20px;\n    line-height: 1.3;\n    text-align: left;\n    font-family: Montserrat;\n    font-weight: 700;\n    font-style: normal;\n}\n.hbc_button-p {\n\n    margin: 0px 20px 20px 20px;\n   \n  display: -webkit-box;\n    max-width: 100%;\n    -webkit-line-clamp: 2;\n    -webkit-box-orient: vertical;\n    overflow: hidden;\nfont-size: 12px;\nline-height: 1.3;\ntext-align: left;\nfont-family:Montserrat;\nfont-weight:400;\nfont-style:normal\n}\n\n.hbc_inner_button {\n\n}\n\n<\/style>\n\n\t\t\t<a class=\"hbc_box_button\" href=\"https:\/\/hbc-system.com\/es\/productos\/paintless-dent-removal-systems-pdr\/herramientas-pdr-ajustables\/\">\n<div class=\"hbc_box_inner\">\n\t<div class=\"hbc_inner_button\" style=\" background:#F6F6F6;\"> \n    \t<img decoding=\"async\" class=\"hbc_button-img\" src=\"https:\/\/hbc-system.com\/wp-content\/uploads\/g-adjustable-header-1.webp\" alt=\"Herramientas PDR ajustables\">\n        <h2 class=\"hbc_button-h2\" style=\"color:#7a003c;\">Herramientas PDR ajustables<\/h2>\n        <span class=\"hbc_button-p\" style=\"color:#4c4c4c;\">Nuestros mangos de desabollado multiajustables permiten al t\u00e9cnico cambiar r\u00e1pidamente la posici\u00f3n de trabajo. Con un simple clic, la herramienta de desabollado est\u00e1 lista para trabajar en el nuevo \u00e1ngulo. Permitiendo a los t\u00e9cnicos PDR el \u00e1ngulo de palanca perfecto para eliminar abolladuras.<\/h3>\n    <\/div>\n<\/div>\n<\/a>\n\t\t\t<!-- end HBC Button v2 --><\/div><\/div><\/div><div class=\"nm-row nm-row-full inner  vc_custom_1675756152995\"><div class=\"nm_column nm_column_inner col-sm-4 vc_col-sm-4 vc_custom_1667473173774\"><div class=\"wpb_wrapper\"><!-- start HBC Button v2 -->\n\n\t\t\t<style type=\"text\/css\">\/* addon: HBC Button v2 *\/\n\n.hbc_box_button:hover {transition: all 0.3s;\nopacity: 0.7;\n}\n.hbc_box_button {transition: all 0.3s;\nopacity: 1;\n}\n\n.hbc_button-img {\n    width: 100%;\n    }\n.hbc_button-h2 {\n    margin: 20px 20px 10px 20px;\n    font-size: 20px;\n    line-height: 1.3;\n    text-align: left;\n    font-family: Montserrat;\n    font-weight: 700;\n    font-style: normal;\n}\n.hbc_button-p {\n\n    margin: 0px 20px 20px 20px;\n   \n  display: -webkit-box;\n    max-width: 100%;\n    -webkit-line-clamp: 2;\n    -webkit-box-orient: vertical;\n    overflow: hidden;\nfont-size: 12px;\nline-height: 1.3;\ntext-align: left;\nfont-family:Montserrat;\nfont-weight:400;\nfont-style:normal\n}\n\n.hbc_inner_button {\n\n}\n\n<\/style>\n\n\t\t\t<a class=\"hbc_box_button\" href=\"https:\/\/hbc-system.com\/es\/productos\/paintless-dent-removal-systems-pdr\/sistema-electromagnetico-de-eliminacion-de-abolladuras\/\">\n<div class=\"hbc_box_inner\">\n\t<div class=\"hbc_inner_button\" style=\" background:#F6F6F6;\"> \n    \t<img decoding=\"async\" class=\"hbc_button-img\" src=\"https:\/\/hbc-system.com\/wp-content\/uploads\/g-electro-header-1.webp\" alt=\"Sistema electromagn\u00e9tico de desabollado\">\n        <h2 class=\"hbc_button-h2\" style=\"color:#7a003c;\">Sistema electromagn\u00e9tico de desabollado<\/h2>\n        <span class=\"hbc_button-p\" style=\"color:#4c4c4c;\">Nuestro nuevo sistema electromagn\u00e9tico de desabollado con un inductor de extracci\u00f3n de abolladuras dise\u00f1ado a medida es ideal para reparar peque\u00f1as abolladuras blandas en la carrocer\u00eda sin retocar la pintura. A diferencia de las herramientas PDR tradicionales, no es necesario masajear meticulosamente las abolladuras<\/h3>\n    <\/div>\n<\/div>\n<\/a>\n\t\t\t<!-- end HBC Button v2 --><\/div><\/div><div class=\"nm_column nm_column_inner col-sm-4 vc_col-sm-4 vc_custom_1667473190420\"><div class=\"wpb_wrapper\"><!-- start HBC Button v2 -->\n\n\t\t\t<style type=\"text\/css\">\/* addon: HBC Button v2 *\/\n\n.hbc_box_button:hover {transition: all 0.3s;\nopacity: 0.7;\n}\n.hbc_box_button {transition: all 0.3s;\nopacity: 1;\n}\n\n.hbc_button-img {\n    width: 100%;\n    }\n.hbc_button-h2 {\n    margin: 20px 20px 10px 20px;\n    font-size: 20px;\n    line-height: 1.3;\n    text-align: left;\n    font-family: Montserrat;\n    font-weight: 700;\n    font-style: normal;\n}\n.hbc_button-p {\n\n    margin: 0px 20px 20px 20px;\n   \n  display: -webkit-box;\n    max-width: 100%;\n    -webkit-line-clamp: 2;\n    -webkit-box-orient: vertical;\n    overflow: hidden;\nfont-size: 12px;\nline-height: 1.3;\ntext-align: left;\nfont-family:Montserrat;\nfont-weight:400;\nfont-style:normal\n}\n\n.hbc_inner_button {\n\n}\n\n<\/style>\n\n\t\t\t<a class=\"hbc_box_button\" href=\"https:\/\/hbc-system.com\/es\/productos\/paintless-dent-removal-systems-pdr\/sistemas-de-extraccion-de-cola\/\">\n<div class=\"hbc_box_inner\">\n\t<div class=\"hbc_inner_button\" style=\" background:#F6F6F6;\"> \n    \t<img decoding=\"async\" class=\"hbc_button-img\" src=\"https:\/\/hbc-system.com\/wp-content\/uploads\/g-glue-pulling-header-1.webp\" alt=\"Sistemas de extracci\u00f3n de abolladuras por encolado\">\n        <h2 class=\"hbc_button-h2\" style=\"color:#7a003c;\">Sistemas de extracci\u00f3n de abolladuras por encolado<\/h2>\n        <span class=\"hbc_button-p\" style=\"color:#4c4c4c;\">Con la t\u00e9cnica de desabollado con tirador de cola, b\u00e1sicamente se reparan las abolladuras fijando puntas en la zona afectada utilizando nuestras colas calientes personalizadas. A continuaci\u00f3n, la abolladura se levanta\/tira utilizando nuestras herramientas de elevaci\u00f3n accionadas por resorte. El centro de la abolladura ahora se ha levantado significativamente y<\/h3>\n    <\/div>\n<\/div>\n<\/a>\n\t\t\t<!-- end HBC Button v2 --><\/div><\/div><div class=\"nm_column nm_column_inner col-sm-4 vc_col-sm-4 vc_custom_1667473204141\"><div class=\"wpb_wrapper\"><!-- start HBC Button v2 -->\n\n\t\t\t<style type=\"text\/css\">\/* addon: HBC Button v2 *\/\n\n.hbc_box_button:hover {transition: all 0.3s;\nopacity: 0.7;\n}\n.hbc_box_button {transition: all 0.3s;\nopacity: 1;\n}\n\n.hbc_button-img {\n    width: 100%;\n    }\n.hbc_button-h2 {\n    margin: 20px 20px 10px 20px;\n    font-size: 20px;\n    line-height: 1.3;\n    text-align: left;\n    font-family: Montserrat;\n    font-weight: 700;\n    font-style: normal;\n}\n.hbc_button-p {\n\n    margin: 0px 20px 20px 20px;\n   \n  display: -webkit-box;\n    max-width: 100%;\n    -webkit-line-clamp: 2;\n    -webkit-box-orient: vertical;\n    overflow: hidden;\nfont-size: 12px;\nline-height: 1.3;\ntext-align: left;\nfont-family:Montserrat;\nfont-weight:400;\nfont-style:normal\n}\n\n.hbc_inner_button {\n\n}\n\n<\/style>\n\n\t\t\t<a class=\"hbc_box_button\" href=\"https:\/\/hbc-system.com\/es\/productos\/paintless-dent-removal-systems-pdr\/pdr-iluminacion\/\">\n<div class=\"hbc_box_inner\">\n\t<div class=\"hbc_inner_button\" style=\" background:#F6F6F6;\"> \n    \t<img decoding=\"async\" class=\"hbc_button-img\" src=\"https:\/\/hbc-system.com\/wp-content\/uploads\/pdr-lighting-header-1.webp\" alt=\"Iluminaci\u00f3n PDR\">\n        <h2 class=\"hbc_button-h2\" style=\"color:#7a003c;\">Iluminaci\u00f3n PDR<\/h2>\n        <span class=\"hbc_button-p\" style=\"color:#4c4c4c;\">L\u00e1mparas y sistemas de iluminaci\u00f3n PDR ajustables y flexibles. Cuando se realiza un desabollado sin pintura, las condiciones \u00f3ptimas de iluminaci\u00f3n son esenciales, especialmente en el caso de las inspecciones finales. Las l\u00e1mparas o placas reflectantes iluminan la zona afectada<\/h3>\n    <\/div>\n<\/div>\n<\/a>\n\t\t\t<!-- end HBC Button v2 --><\/div><\/div><\/div><\/div><\/div><\/div><\/div><\/div><\/div><\/div><\/div><\/div>\n<\/section>","protected":false},"excerpt":{"rendered":"Paintless Dent Removal Systems and Tools Our range of custom designed PDR systems (Paintless dent removal) enables an inexpensive repair of small dents without having to repaint the car - preserving the original paint. The versatility of our PDR tools and systems including adjustable multi-angle Magnetic PDR Systems The Magnetic Dent removal system is an [...]","protected":false},"author":1,"featured_media":0,"parent":40,"menu_order":0,"comment_status":"closed","ping_status":"closed","template":"templates\/page-full.php","meta":{"content-type":"","inline_featured_image":false,"_monsterinsights_skip_tracking":false,"_monsterinsights_sitenote_active":false,"_monsterinsights_sitenote_note":"","_monsterinsights_sitenote_category":0,"footnotes":""},"class_list":["post-1024","page","type-page","status-publish","hentry"],"yoast_head":"<!-- This site is optimized with the Yoast SEO Premium plugin v19.6 (Yoast SEO v24.2) - https:\/\/yoast.com\/wordpress\/plugins\/seo\/ -->\n<title>Paintless Dent Removal Systems PDR<\/title>\n<meta name=\"description\" content=\"The Paintless Dent Removal Systems make it possible to repair minor dents without having to repaint the car. PDR tool for all occasions.\" \/>\n<meta name=\"robots\" content=\"index, follow, max-snippet:-1, max-image-preview:large, max-video-preview:-1\" \/>\n<link rel=\"canonical\" href=\"https:\/\/hbc-system.com\/es\/wp-json\/wp\/v2\/pages\/1024\" \/>\n<meta property=\"og:locale\" content=\"es_ES\" \/>\n<meta property=\"og:type\" content=\"article\" \/>\n<meta property=\"og:title\" content=\"Paintless Dent Removal Systems PDR\" \/>\n<meta property=\"og:description\" content=\"The Paintless Dent Removal Systems make it possible to repair minor dents without having to repaint the car. PDR tool for all occasions.\" \/>\n<meta property=\"og:url\" content=\"https:\/\/hbc-system.com\/es\/productos\/paintless-dent-removal-systems-pdr\/\" \/>\n<meta property=\"og:site_name\" content=\"HBC System\" \/>\n<meta property=\"article:publisher\" content=\"https:\/\/www.facebook.com\/hbcsystems\" \/>\n<meta property=\"article:modified_time\" content=\"2023-02-24T10:14:58+00:00\" \/>\n<meta name=\"twitter:card\" content=\"summary_large_image\" \/>\n<meta name=\"twitter:label1\" content=\"Tiempo de lectura\" \/>\n\t<meta name=\"twitter:data1\" content=\"1 minuto\" \/>\n<script type=\"application\/ld+json\" class=\"yoast-schema-graph\">{\n\t    \"@context\": \"https:\/\/schema.org\",\n\t    \"@graph\": [\n\t        {\n\t            \"@type\": \"WebPage\",\n\t            \"@id\": \"https:\/\/hbc-system.com\/nl\/producten\/roestvrije-deukverwijderingssystemen-pdr\",\n\t            \"url\": \"https:\/\/hbc-system.com\/nl\/producten\/roestvrije-deukverwijderingssystemen-pdr\",\n\t            \"name\": \"Paintless Dent Removal Systems PDR\",\n\t            \"isPartOf\": {\n\t                \"@id\": \"https:\/\/hbc-system.com\/fr_be\/#website\"\n\t            },\n\t            \"datePublished\": \"2022-10-12T13:04:58+00:00\",\n\t            \"dateModified\": \"2023-02-24T10:14:58+00:00\",\n\t            \"description\": \"The Paintless Dent Removal Systems make it possible to repair minor dents without having to repaint the car. PDR tool for all occasions.\",\n\t            \"breadcrumb\": {\n\t                \"@id\": \"https:\/\/hbc-system.com\/nl\/producten\/roestvrije-deukverwijderingssystemen-pdr#breadcrumb\"\n\t            },\n\t            \"inLanguage\": \"es\",\n\t            \"potentialAction\": [\n\t                {\n\t                    \"@type\": \"ReadAction\",\n\t                    \"target\": [\n\t                        \"https:\/\/hbc-system.com\/nl\/producten\/roestvrije-deukverwijderingssystemen-pdr\"\n\t                    ]\n\t                }\n\t            ]\n\t        },\n\t        {\n\t            \"@type\": \"BreadcrumbList\",\n\t            \"@id\": \"https:\/\/hbc-system.com\/nl\/producten\/roestvrije-deukverwijderingssystemen-pdr#breadcrumb\",\n\t            \"itemListElement\": [\n\t                {\n\t                    \"@type\": \"ListItem\",\n\t                    \"position\": 1,\n\t                    \"name\": \"Home\",\n\t                    \"item\": \"https:\/\/hbc-system.com\/\"\n\t                },\n\t                {\n\t                    \"@type\": \"ListItem\",\n\t                    \"position\": 2,\n\t                    \"name\": \"Products\",\n\t                    \"item\": \"https:\/\/hbc-system.com\/products\"\n\t                },\n\t                {\n\t                    \"@type\": \"ListItem\",\n\t                    \"position\": 3,\n\t                    \"name\": \"Paintless Dent Removal Systems PDR\"\n\t                }\n\t            ]\n\t        },\n\t        {\n\t            \"@type\": \"WebSite\",\n\t            \"@id\": \"https:\/\/hbc-system.com\/fr_be\/#website\",\n\t            \"url\": \"https:\/\/hbc-system.com\/fr_be\/\",\n\t            \"name\": \"HBC System\",\n\t            \"description\": \"\",\n\t            \"potentialAction\": [\n\t                {\n\t                    \"@type\": \"SearchAction\",\n\t                    \"target\": {\n\t                        \"@type\": \"EntryPoint\",\n\t                        \"urlTemplate\": \"https:\/\/hbc-system.com\/fr_be\/?s={search_term_string}\"\n\t                    },\n\t                    \"query-input\": {\n\t                        \"@type\": \"PropertyValueSpecification\",\n\t                        \"valueRequired\": true,\n\t                        \"valueName\": \"search_term_string\"\n\t                    }\n\t                }\n\t            ],\n\t            \"inLanguage\": \"es\"\n\t        }\n\t    ]\n\t}<\/script>\n<!-- \/ Yoast SEO Premium plugin. -->","yoast_head_json":{"title":"Sistemas de desabollado sin pintura PDR","description":"Los sistemas de desabollado sin pintura permiten reparar peque\u00f1as abolladuras sin tener que volver a pintar el coche. Herramienta PDR para todas las ocasiones.","robots":{"index":"index","follow":"follow","max-snippet":"max-snippet:-1","max-image-preview":"max-image-preview:large","max-video-preview":"max-video-preview:-1"},"canonical":"https:\/\/hbc-system.com\/es\/wp-json\/wp\/v2\/pages\/1024","og_locale":"es_ES","og_type":"article","og_title":"Paintless Dent Removal Systems PDR","og_description":"The Paintless Dent Removal Systems make it possible to repair minor dents without having to repaint the car. PDR tool for all occasions.","og_url":"https:\/\/hbc-system.com\/es\/productos\/paintless-dent-removal-systems-pdr\/","og_site_name":"HBC System","article_publisher":"https:\/\/www.facebook.com\/hbcsystems","article_modified_time":"2023-02-24T10:14:58+00:00","twitter_card":"summary_large_image","twitter_misc":{"Tiempo de lectura":"1 minuto"},"schema":{"@context":"https:\/\/schema.org","@graph":[{"@type":"WebPage","@id":"https:\/\/hbc-system.com\/nl\/producten\/roestvrije-deukverwijderingssystemen-pdr","url":"https:\/\/hbc-system.com\/nl\/producten\/roestvrije-deukverwijderingssystemen-pdr","name":"Sistemas de desabollado sin pintura PDR","isPartOf":{"@id":"https:\/\/hbc-system.com\/fr_be\/#website"},"datePublished":"2022-10-12T13:04:58+00:00","dateModified":"2023-02-24T10:14:58+00:00","description":"Los sistemas de desabollado sin pintura permiten reparar peque\u00f1as abolladuras sin tener que volver a pintar el coche. Herramienta PDR para todas las ocasiones.","breadcrumb":{"@id":"https:\/\/hbc-system.com\/nl\/producten\/roestvrije-deukverwijderingssystemen-pdr#breadcrumb"},"inLanguage":"es","potentialAction":[{"@type":"ReadAction","target":["https:\/\/hbc-system.com\/nl\/producten\/roestvrije-deukverwijderingssystemen-pdr"]}]},{"@type":"BreadcrumbList","@id":"https:\/\/hbc-system.com\/nl\/producten\/roestvrije-deukverwijderingssystemen-pdr#breadcrumb","itemListElement":[{"@type":"ListItem","position":1,"name":"Home","item":"https:\/\/hbc-system.com\/"},{"@type":"ListItem","position":2,"name":"Products","item":"https:\/\/hbc-system.com\/products"},{"@type":"ListItem","position":3,"name":"Paintless Dent Removal Systems PDR"}]},{"@type":"WebSite","@id":"https:\/\/hbc-system.com\/fr_be\/#website","url":"https:\/\/hbc-system.com\/fr_be\/","name":"HBC System","description":"","potentialAction":[{"@type":"SearchAction","target":{"@type":"EntryPoint","urlTemplate":"https:\/\/hbc-system.com\/fr_be\/?s={search_term_string}"},"query-input":{"@type":"PropertyValueSpecification","valueRequired":true,"valueName":"search_term_string"}}],"inLanguage":"es"}]}},"_links":{"self":[{"href":"https:\/\/hbc-system.com\/es\/wp-json\/wp\/v2\/pages\/1024","targetHints":{"allow":["GET"]}}],"collection":[{"href":"https:\/\/hbc-system.com\/es\/wp-json\/wp\/v2\/pages"}],"about":[{"href":"https:\/\/hbc-system.com\/es\/wp-json\/wp\/v2\/types\/page"}],"author":[{"embeddable":true,"href":"https:\/\/hbc-system.com\/es\/wp-json\/wp\/v2\/users\/1"}],"replies":[{"embeddable":true,"href":"https:\/\/hbc-system.com\/es\/wp-json\/wp\/v2\/comments?post=1024"}],"version-history":[{"count":0,"href":"https:\/\/hbc-system.com\/es\/wp-json\/wp\/v2\/pages\/1024\/revisions"}],"up":[{"embeddable":true,"href":"https:\/\/hbc-system.com\/es\/wp-json\/wp\/v2\/pages\/40"}],"wp:attachment":[{"href":"https:\/\/hbc-system.com\/es\/wp-json\/wp\/v2\/media?parent=1024"}],"curies":[{"name":"wp","href":"https:\/\/api.w.org\/{rel}","templated":true}]}}