{"id":646,"date":"2022-10-06T09:49:18","date_gmt":"2022-10-06T09:49:18","guid":{"rendered":"http:\/\/70.34.210.26\/?page_id=646"},"modified":"2023-02-23T12:33:33","modified_gmt":"2023-02-23T12:33:33","slug":"kankaan-ja-veluurin-korjausjarjestelmat","status":"publish","type":"page","link":"https:\/\/hbc-system.com\/fi\/products\/fabric-and-velour-repair-systems","title":{"rendered":"Kankaan ja veluurin korjausj\u00e4rjestelm\u00e4t"},"content":{"rendered":"<section class=\"wpb-content-wrapper\"><div class=\"nm-row nm-row-full vc_row wpb_row\"><div class=\"nm_column wpb_column vc_column_container col-sm-12 vc_col-sm-12\"><div class=\"vc_column-inner\"><div class=\"wpb_wrapper\"><div class=\"templatera_shortcode\"><\/div><\/div><\/div><\/div><\/div><div class=\"nm-row nm-row-full-nopad vc_row wpb_row\"><div class=\"nm_column wpb_column vc_column_container col-sm-12 vc_col-sm-12\"><div class=\"vc_column-inner\"><div class=\"wpb_wrapper\"><!-- start HBC Header -->\n\t\t<link id='uc_fonts_googleapis_com_css_family_montserrat_400_700-css' href='https:\/\/fonts.googleapis.com\/css?family=Montserrat:400,700' type='text\/css' rel='stylesheet' >\n\t\t<link id='uc_fonts_googleapis_com_css_family_lobster-css' href='https:\/\/fonts.googleapis.com\/css?family=Lobster' type='text\/css' rel='stylesheet' >\n\n\t\t\t<style type=\"text\/css\">\/* addon: HBC Header *\/\n\n.hbc-header {\n    position: relative;\n    overflow: hidden;\n    }\n.hbc-header-p br {\ndisplay: none;}\n\n.hbc-header-image {\nwidth: 100%;\nheight: auto;\nobject-fit: cover;\nmax-height: 550px;\naspect-ratio: 19 \/ 6;\n}\n\n@media (max-width: 1200px) {\n.hbc-header-h1 {\n    display: table;\n    font-weight: bold;\n    margin: 0;\n    width: 100%;\n    text-align: left;\n    background: rgba(0,0,0,0.75);\n    font-size: 18px;\n    color: #FFF;\n    text-transform: uppercase;\n    padding: 10px 5px;\n}\n\n.hbc-header-p {\n    font-size: 14px;\n    color: #FFF;\n    background: rgba(0,0,0,0.8);\n    margin: 0;\n    padding: 10px 5px;\n    width: 100%;\n}\n}\n\n\n@media (min-width: 1200px) {\n.hbc-header-h1 {\ndisplay: table;\n    z-index: 99;\n    font-weight: bold;\n    margin-bottom: 15px;\n    left: 20%;\n    top: 50px;\n    width: 550px;\n    text-align: left;\n    background: rgba(0,0,0,0.75);\n    font-size: 30px;\n    color: #FFF;\n    text-transform: uppercase;\n    padding: 15px;\n}\n.hbc-header-p {\n    z-index: 99;\n    margin: 0;\n    left: 20%;\n    top: 170px;\n    width: 550px;\n    text-align: left;\n    font-size: 17px;\n    line-height: 1.5;\n    background: rgba(0,0,0,0.75);\n    padding: 15px;\n    color: #FFF;\n}\n.notmobile {\nposition: absolute;\n    top: 50px;\n    left: 20%;\n}}\n\n}\n\n<\/style>\n\n\t\t\t<div class=\"hbc-header\">\n    <img decoding=\"async\" class=\"hbc-header-image\" height=\"\" width=\"\" alt=\"Kankaan ja veluurin korjausj\u00e4rjestelm\u00e4t\" src=\"https:\/\/hbc-system.com\/wp-content\/uploads\/A-0001.jpg\" \/>\n    <div class=\"notmobile\">\n     <h1 class=\"hbc-header-h1\" style=\"color:white;\">Kankaan ja veluurin korjausj\u00e4rjestelm\u00e4t<\/h1>\n     <h2 class=\"hbc-header-p\" style=\"display: table\">Korjaa kangas- ja veluuripenkkien, -verhoilujen ja -istuinten vauriot.<\/h2>\n    <\/div>\n   \n\t\t\t\t<\/div>\n\n\t\t<\/div>\n\n<p id=\"breadcrumbs\">\n    <span><span><a href=\"https:\/\/hbc-system.com\/fi\/\">Etusivu<\/a><\/span><\/span>\n    <\/p>\n<\/div>\n\t\t\t<!-- end HBC Header --><\/div><\/div><\/div><\/div><div class=\"nm-row nm-row-full vc_row wpb_row\"><div class=\"nm_column wpb_column vc_column_container col-sm-12 vc_col-sm-12\"><div class=\"vc_column-inner\"><div class=\"wpb_wrapper\"><div class=\"nm-row nm-row-full inner  flex vc_custom_1675678691616\"><div class=\"nm_column nm_column_inner col-sm-4 vc_col-sm-4 vc_custom_1667983363780\"><div class=\"wpb_wrapper\"><!-- start HBC Button v2 -->\n\t\t<link id='uc_fonts_googleapis_com_css_family_roboto-css' href='https:\/\/fonts.googleapis.com\/css?family=Roboto' type='text\/css' rel='stylesheet' >\n\n\t\t\t<style type=\"text\/css\">\/* addon: HBC Button v2 *\/\n\n.hbc_box_button:hover {transition: all 0.3s;\nopacity: 0.7;\n}\n.hbc_box_button {transition: all 0.3s;\nopacity: 1;\n}\n\n.hbc_button-img {\n    width: 100%;\n    }\n.hbc_button-h2 {\n    margin: 20px 20px 10px 20px;\n    font-size: 20px;\n    line-height: 1.3;\n    text-align: left;\n    font-family: Montserrat;\n    font-weight: 700;\n    font-style: normal;\n}\n.hbc_button-p {\n\n    margin: 0px 20px 20px 20px;\n   \n  display: -webkit-box;\n    max-width: 100%;\n    -webkit-line-clamp: 2;\n    -webkit-box-orient: vertical;\n    overflow: hidden;\nfont-size: 12px;\nline-height: 1.3;\ntext-align: left;\nfont-family:Montserrat;\nfont-weight:400;\nfont-style:normal\n}\n\n.hbc_inner_button {\n\n}\n\n<\/style>\n\n\t\t\t<a class=\"hbc_box_button\" href=\"\/fi\/tuotteet\/kankaan-ja-veluurin-korjausjarjestelmat\/kankaan-ja-veluurin-korjausjarjestelma\/\">\n<div class=\"hbc_box_inner\">\n\t<div class=\"hbc_inner_button\" style=\" background:#F6F6F6;\"> \n    \t<img decoding=\"async\" class=\"hbc_button-img\" src=\"https:\/\/hbc-system.com\/wp-content\/uploads\/a_fabric_repair_system_header-1.webp\" alt=\"Kankaan ja veluurin korjausj\u00e4rjestelm\u00e4\">\n        <h2 class=\"hbc_button-h2\" style=\"color:#7a003c;\">Kankaan ja veluurin korjausj\u00e4rjestelm\u00e4<\/h2>\n        <span class=\"hbc_button-p\" style=\"color:#4c4c4c;\">T\u00e4m\u00e4n ammattimaisen all-in-one-j\u00e4rjestelm\u00e4n avulla voit korjata kangas- ja veluuripenkkien, verhoilun tai verhoilun vauriot. Vahvat, pysyv\u00e4t ja l\u00e4hes n\u00e4kym\u00e4tt\u00f6m\u00e4t korjaukset! J\u00e4rjestelm\u00e4 sis\u00e4lt\u00e4\u00e4 vakiona 40 erilaista kuitua, jotka voidaan sekoittaa kesken\u00e4\u00e4n, jotta ne sopivat t\u00e4ydellisesti p\u00e4\u00e4v\u00e4riin. T\u00e4m\u00e4n j\u00e4lkeen kuvio maalataan p\u00e4\u00e4lle, ja lopuksi teht\u00e4v\u00e4 kyll\u00e4stet\u00e4\u00e4n, jotta se saa vastustuskyvyn tulevaa kulumista vastaan.<\/h3>\n    <\/div>\n<\/div>\n<\/a>\n\t\t\t<!-- end HBC Button v2 --><\/div><\/div><div class=\"nm_column nm_column_inner col-sm-4 vc_col-sm-4 vc_custom_1667983375380\"><div class=\"wpb_wrapper\"><!-- start HBC Button v2 -->\n\n\t\t\t<style type=\"text\/css\">\/* addon: HBC Button v2 *\/\n\n.hbc_box_button:hover {transition: all 0.3s;\nopacity: 0.7;\n}\n.hbc_box_button {transition: all 0.3s;\nopacity: 1;\n}\n\n.hbc_button-img {\n    width: 100%;\n    }\n.hbc_button-h2 {\n    margin: 20px 20px 10px 20px;\n    font-size: 20px;\n    line-height: 1.3;\n    text-align: left;\n    font-family: Montserrat;\n    font-weight: 700;\n    font-style: normal;\n}\n.hbc_button-p {\n\n    margin: 0px 20px 20px 20px;\n   \n  display: -webkit-box;\n    max-width: 100%;\n    -webkit-line-clamp: 2;\n    -webkit-box-orient: vertical;\n    overflow: hidden;\nfont-size: 12px;\nline-height: 1.3;\ntext-align: left;\nfont-family:Montserrat;\nfont-weight:400;\nfont-style:normal\n}\n\n.hbc_inner_button {\n\n}\n\n<\/style>\n\n\t\t\t<a class=\"hbc_box_button\" href=\"\/fi\/tuotteet\/kankaan-ja-veluurin-korjausjarjestelmat\/kangas-ja-veluuripinnoite\/\">\n<div class=\"hbc_box_inner\">\n\t<div class=\"hbc_inner_button\" style=\" background:#F6F6F6;\"> \n    \t<img decoding=\"async\" class=\"hbc_button-img\" src=\"https:\/\/hbc-system.com\/wp-content\/uploads\/b4_velour_header-1.webp\" alt=\"Kangas- ja veluuripinnoitteet\">\n        <h2 class=\"hbc_button-h2\" style=\"color:#7a003c;\">Kangas- ja veluuripinnoitteet<\/h2>\n        <span class=\"hbc_button-p\" style=\"color:#4c4c4c;\">Kehitetty ruiskutettavaksi matoille ja muille kankaille autoissa, kuorma-autoissa ja vastaavissa tiloissa, joissa on kankaita. V\u00e4rikerros on 100% joustava ja helppo suihkuttaa tahroille, auringon vaurioittamille alueille sek\u00e4 alueille, joihin ei p\u00e4\u00e4se imurilla. Suihke on my\u00f6s<\/h3>\n    <\/div>\n<\/div>\n<\/a>\n\t\t\t<!-- end HBC Button v2 --><\/div><\/div><div class=\"nm_column nm_column_inner col-sm-4 vc_col-sm-4 vc_custom_1667983389278\"><div class=\"wpb_wrapper\"><!-- start HBC Button v2 -->\n\n\t\t\t<style type=\"text\/css\">\/* addon: HBC Button v2 *\/\n\n.hbc_box_button:hover {transition: all 0.3s;\nopacity: 0.7;\n}\n.hbc_box_button {transition: all 0.3s;\nopacity: 1;\n}\n\n.hbc_button-img {\n    width: 100%;\n    }\n.hbc_button-h2 {\n    margin: 20px 20px 10px 20px;\n    font-size: 20px;\n    line-height: 1.3;\n    text-align: left;\n    font-family: Montserrat;\n    font-weight: 700;\n    font-style: normal;\n}\n.hbc_button-p {\n\n    margin: 0px 20px 20px 20px;\n   \n  display: -webkit-box;\n    max-width: 100%;\n    -webkit-line-clamp: 2;\n    -webkit-box-orient: vertical;\n    overflow: hidden;\nfont-size: 12px;\nline-height: 1.3;\ntext-align: left;\nfont-family:Montserrat;\nfont-weight:400;\nfont-style:normal\n}\n\n.hbc_inner_button {\n\n}\n\n<\/style>\n\n\t\t\t<a class=\"hbc_box_button\" href=\"\/fi\/tuotteet\/kankaan-ja-veluurin-korjausjarjestelmat\/suojus-kangas-suojaa\/\">\n<div class=\"hbc_box_inner\">\n\t<div class=\"hbc_inner_button\" style=\" background:#F6F6F6;\"> \n    \t<img decoding=\"async\" class=\"hbc_button-img\" src=\"https:\/\/hbc-system.com\/wp-content\/uploads\/leather-protection-shield-1.webp\" alt=\"Kankaan suojakilpi\">\n        <h2 class=\"hbc_button-h2\" style=\"color:#7a003c;\">Kankaan suojakilpi<\/h2>\n        <span class=\"hbc_button-p\" style=\"color:#4c4c4c;\">Jos haluat suojata sisustus- ja verhoilukankaita ei-toivotuilta roiskeilta ja tahroilta, on suositeltavaa p\u00e4\u00e4llyst\u00e4\u00e4 ne Fabric Protection Shieldill\u00e4 niiden k\u00e4ytt\u00f6i\u00e4n pident\u00e4miseksi. Suojaa istuimet, matot ja muut verhoillut osat lialta ja lialta<\/h3>\n    <\/div>\n<\/div>\n<\/a>\n\t\t\t<!-- end HBC Button v2 --><\/div><\/div><\/div><\/div><\/div><\/div><\/div>\n<\/section>","protected":false},"excerpt":{"rendered":"","protected":false},"author":1,"featured_media":0,"parent":40,"menu_order":0,"comment_status":"closed","ping_status":"closed","template":"templates\/page-full.php","meta":{"content-type":"","inline_featured_image":false,"_monsterinsights_skip_tracking":false,"_monsterinsights_sitenote_active":false,"_monsterinsights_sitenote_note":"","_monsterinsights_sitenote_category":0,"footnotes":""},"class_list":["post-646","page","type-page","status-publish","hentry"],"yoast_head":"<!-- This site is optimized with the Yoast SEO Premium plugin v19.6 (Yoast SEO v24.2) - https:\/\/yoast.com\/wordpress\/plugins\/seo\/ -->\n<title>Fabric and Velour Repair Systems<\/title>\n<meta name=\"description\" content=\"See our selection of fabric &amp; velour repair systems. We offer coatings, fabric protection, and a complete system for fabric &amp; velour repairs.\" \/>\n<meta name=\"robots\" content=\"index, follow, max-snippet:-1, max-image-preview:large, max-video-preview:-1\" \/>\n<link rel=\"canonical\" href=\"https:\/\/hbc-system.com\/fi\/wp-json\/wp\/v2\/pages\/646\" \/>\n<meta property=\"og:locale\" content=\"fi_FI\" \/>\n<meta property=\"og:type\" content=\"article\" \/>\n<meta property=\"og:title\" content=\"Fabric and Velour Repair Systems\" \/>\n<meta property=\"og:description\" content=\"See our selection of fabric &amp; velour repair systems. We offer coatings, fabric protection, and a complete system for fabric &amp; velour repairs.\" \/>\n<meta property=\"og:url\" content=\"https:\/\/hbc-system.com\/fi\/tuotteet\/kankaan-ja-veluurin-korjausjarjestelmat\/\" \/>\n<meta property=\"og:site_name\" content=\"HBC System\" \/>\n<meta property=\"article:publisher\" content=\"https:\/\/www.facebook.com\/hbcsystems\" \/>\n<meta property=\"article:modified_time\" content=\"2023-02-23T12:33:33+00:00\" \/>\n<meta name=\"twitter:card\" content=\"summary_large_image\" \/>\n<meta name=\"twitter:label1\" content=\"Arvioitu lukuaika\" \/>\n\t<meta name=\"twitter:data1\" content=\"1 minuutti\" \/>\n<script type=\"application\/ld+json\" class=\"yoast-schema-graph\">{\n\t    \"@context\": \"https:\/\/schema.org\",\n\t    \"@graph\": [\n\t        {\n\t            \"@type\": \"WebPage\",\n\t            \"@id\": \"https:\/\/hbc-system.com\/ar\/products\/fabric-and-velour-repair-systems\",\n\t            \"url\": \"https:\/\/hbc-system.com\/ar\/products\/fabric-and-velour-repair-systems\",\n\t            \"name\": \"Fabric and Velour Repair Systems\",\n\t            \"isPartOf\": {\n\t                \"@id\": \"https:\/\/hbc-system.com\/fr_be\/#website\"\n\t            },\n\t            \"datePublished\": \"2022-10-06T09:49:18+00:00\",\n\t            \"dateModified\": \"2023-02-23T12:33:33+00:00\",\n\t            \"description\": \"See our selection of fabric & velour repair systems. We offer coatings, fabric protection, and a complete system for fabric & velour repairs.\",\n\t            \"breadcrumb\": {\n\t                \"@id\": \"https:\/\/hbc-system.com\/ar\/products\/fabric-and-velour-repair-systems#breadcrumb\"\n\t            },\n\t            \"inLanguage\": \"fi\",\n\t            \"potentialAction\": [\n\t                {\n\t                    \"@type\": \"ReadAction\",\n\t                    \"target\": [\n\t                        \"https:\/\/hbc-system.com\/ar\/products\/fabric-and-velour-repair-systems\"\n\t                    ]\n\t                }\n\t            ]\n\t        },\n\t        {\n\t            \"@type\": \"BreadcrumbList\",\n\t            \"@id\": \"https:\/\/hbc-system.com\/ar\/products\/fabric-and-velour-repair-systems#breadcrumb\",\n\t            \"itemListElement\": [\n\t                {\n\t                    \"@type\": \"ListItem\",\n\t                    \"position\": 1,\n\t                    \"name\": \"Home\",\n\t                    \"item\": \"https:\/\/hbc-system.com\/\"\n\t                },\n\t                {\n\t                    \"@type\": \"ListItem\",\n\t                    \"position\": 2,\n\t                    \"name\": \"Products\",\n\t                    \"item\": \"https:\/\/hbc-system.com\/products\"\n\t                },\n\t                {\n\t                    \"@type\": \"ListItem\",\n\t                    \"position\": 3,\n\t                    \"name\": \"Fabric and Velour Repair Systems\"\n\t                }\n\t            ]\n\t        },\n\t        {\n\t            \"@type\": \"WebSite\",\n\t            \"@id\": \"https:\/\/hbc-system.com\/fr_be\/#website\",\n\t            \"url\": \"https:\/\/hbc-system.com\/fr_be\/\",\n\t            \"name\": \"HBC System\",\n\t            \"description\": \"\",\n\t            \"potentialAction\": [\n\t                {\n\t                    \"@type\": \"SearchAction\",\n\t                    \"target\": {\n\t                        \"@type\": \"EntryPoint\",\n\t                        \"urlTemplate\": \"https:\/\/hbc-system.com\/fr_be\/?s={search_term_string}\"\n\t                    },\n\t                    \"query-input\": {\n\t                        \"@type\": \"PropertyValueSpecification\",\n\t                        \"valueRequired\": true,\n\t                        \"valueName\": \"search_term_string\"\n\t                    }\n\t                }\n\t            ],\n\t            \"inLanguage\": \"fi\"\n\t        }\n\t    ]\n\t}<\/script>\n<!-- \/ Yoast SEO Premium plugin. -->","yoast_head_json":{"title":"Kankaan ja veluurin korjausj\u00e4rjestelm\u00e4t","description":"Tutustu valikoimaan kankaan ja veluurin korjausj\u00e4rjestelmi\u00e4. Tarjoamme pinnoitteita, kankaiden suojausta ja t\u00e4ydellisen j\u00e4rjestelm\u00e4n kankaan ja veluurin korjaukseen.","robots":{"index":"index","follow":"follow","max-snippet":"max-snippet:-1","max-image-preview":"max-image-preview:large","max-video-preview":"max-video-preview:-1"},"canonical":"https:\/\/hbc-system.com\/fi\/wp-json\/wp\/v2\/pages\/646","og_locale":"fi_FI","og_type":"article","og_title":"Fabric and Velour Repair Systems","og_description":"See our selection of fabric & velour repair systems. We offer coatings, fabric protection, and a complete system for fabric & velour repairs.","og_url":"https:\/\/hbc-system.com\/fi\/tuotteet\/kankaan-ja-veluurin-korjausjarjestelmat\/","og_site_name":"HBC System","article_publisher":"https:\/\/www.facebook.com\/hbcsystems","article_modified_time":"2023-02-23T12:33:33+00:00","twitter_card":"summary_large_image","twitter_misc":{"Arvioitu lukuaika":"1 minuutti"},"schema":{"@context":"https:\/\/schema.org","@graph":[{"@type":"WebPage","@id":"https:\/\/hbc-system.com\/ar\/products\/fabric-and-velour-repair-systems","url":"https:\/\/hbc-system.com\/ar\/products\/fabric-and-velour-repair-systems","name":"Kankaan ja veluurin korjausj\u00e4rjestelm\u00e4t","isPartOf":{"@id":"https:\/\/hbc-system.com\/fr_be\/#website"},"datePublished":"2022-10-06T09:49:18+00:00","dateModified":"2023-02-23T12:33:33+00:00","description":"Tutustu valikoimaan kankaan ja veluurin korjausj\u00e4rjestelmi\u00e4. Tarjoamme pinnoitteita, kankaiden suojausta ja t\u00e4ydellisen j\u00e4rjestelm\u00e4n kankaan ja veluurin korjaukseen.","breadcrumb":{"@id":"https:\/\/hbc-system.com\/ar\/products\/fabric-and-velour-repair-systems#breadcrumb"},"inLanguage":"fi","potentialAction":[{"@type":"ReadAction","target":["https:\/\/hbc-system.com\/ar\/products\/fabric-and-velour-repair-systems"]}]},{"@type":"BreadcrumbList","@id":"https:\/\/hbc-system.com\/ar\/products\/fabric-and-velour-repair-systems#breadcrumb","itemListElement":[{"@type":"ListItem","position":1,"name":"Home","item":"https:\/\/hbc-system.com\/"},{"@type":"ListItem","position":2,"name":"Products","item":"https:\/\/hbc-system.com\/products"},{"@type":"ListItem","position":3,"name":"Fabric and Velour Repair Systems"}]},{"@type":"WebSite","@id":"https:\/\/hbc-system.com\/fr_be\/#website","url":"https:\/\/hbc-system.com\/fr_be\/","name":"HBC-j\u00e4rjestelm\u00e4","description":"","potentialAction":[{"@type":"SearchAction","target":{"@type":"EntryPoint","urlTemplate":"https:\/\/hbc-system.com\/fr_be\/?s={search_term_string}"},"query-input":{"@type":"PropertyValueSpecification","valueRequired":true,"valueName":"search_term_string"}}],"inLanguage":"fi"}]}},"_links":{"self":[{"href":"https:\/\/hbc-system.com\/fi\/wp-json\/wp\/v2\/pages\/646","targetHints":{"allow":["GET"]}}],"collection":[{"href":"https:\/\/hbc-system.com\/fi\/wp-json\/wp\/v2\/pages"}],"about":[{"href":"https:\/\/hbc-system.com\/fi\/wp-json\/wp\/v2\/types\/page"}],"author":[{"embeddable":true,"href":"https:\/\/hbc-system.com\/fi\/wp-json\/wp\/v2\/users\/1"}],"replies":[{"embeddable":true,"href":"https:\/\/hbc-system.com\/fi\/wp-json\/wp\/v2\/comments?post=646"}],"version-history":[{"count":0,"href":"https:\/\/hbc-system.com\/fi\/wp-json\/wp\/v2\/pages\/646\/revisions"}],"up":[{"embeddable":true,"href":"https:\/\/hbc-system.com\/fi\/wp-json\/wp\/v2\/pages\/40"}],"wp:attachment":[{"href":"https:\/\/hbc-system.com\/fi\/wp-json\/wp\/v2\/media?parent=646"}],"curies":[{"name":"wp","href":"https:\/\/api.w.org\/{rel}","templated":true}]}}