{"id":1422,"date":"2022-10-24T06:48:52","date_gmt":"2022-10-24T06:48:52","guid":{"rendered":"http:\/\/70.34.210.26\/?page_id=1422"},"modified":"2023-04-28T11:21:01","modified_gmt":"2023-04-28T11:21:01","slug":"catalogue-restauration-de-roues","status":"publish","type":"page","link":"https:\/\/hbc-system.com\/fr_be\/catalogues\/wheel-restore-catalogue","title":{"rendered":"Catalogue de restauration des roues"},"content":{"rendered":"<section class=\"wpb-content-wrapper\"><div class=\"nm-row nm-row-full vc_row wpb_row  vc_custom_1679992411141\"><div class=\"nm_column wpb_column vc_column_container col-sm-12 vc_col-sm-12\"><div class=\"vc_column-inner\"><div class=\"wpb_wrapper\"><div class=\"nm-row nm-row-full inner\"><div class=\"nm_column nm_column_inner col-sm-12 vc_col-sm-12\"><div class=\"wpb_wrapper\">\n\t<div class=\"wpb_raw_code wpb_content_element wpb_raw_html\" >\n\t\t<div class=\"wpb_wrapper\">\n\t\t\t<iframe loading=\"lazy\" width=\"620px\" height=\"566px\" src=\"https:\/\/www.yumpu.com\/fr\/embed\/view\/F8BnVJlSmoat9kc0\" frameborder=\"0\" allowfullscreen=\"true\"  allowtransparency=\"true\"><\/iframe>\n\t\t<\/div>\n\t<\/div>\n<\/div><\/div><\/div><\/div><\/div><\/div><\/div>\n<\/section>","protected":false},"excerpt":{"rendered":"","protected":false},"author":1,"featured_media":0,"parent":1405,"menu_order":0,"comment_status":"closed","ping_status":"closed","template":"","meta":{"content-type":"","inline_featured_image":false,"_monsterinsights_skip_tracking":false,"_monsterinsights_sitenote_active":false,"_monsterinsights_sitenote_note":"","_monsterinsights_sitenote_category":0,"footnotes":""},"class_list":["post-1422","page","type-page","status-publish","hentry"],"yoast_head":"<!-- This site is optimized with the Yoast SEO Premium plugin v19.6 (Yoast SEO v24.2) - https:\/\/yoast.com\/wordpress\/plugins\/seo\/ -->\n<title>Wheel Restore Catalogue<\/title>\n<meta name=\"description\" content=\"In Wheel Restore Catalogue you can read about our Diamond Cut Machine, Alloy Wheel Blast Cabinet, Wheel Paint Machine and the Electro-hydraulic Wheel Straightener.\" \/>\n<meta name=\"robots\" content=\"index, follow, max-snippet:-1, max-image-preview:large, max-video-preview:-1\" \/>\n<link rel=\"canonical\" href=\"https:\/\/hbc-system.com\/fr_be\/wp-json\/wp\/v2\/pages\/1422\" \/>\n<meta property=\"og:locale\" content=\"fr_FR\" \/>\n<meta property=\"og:type\" content=\"article\" \/>\n<meta property=\"og:title\" content=\"Wheel Restore Catalogue\" \/>\n<meta property=\"og:description\" content=\"In Wheel Restore Catalogue you can read about our Diamond Cut Machine, Alloy Wheel Blast Cabinet, Wheel Paint Machine and the Electro-hydraulic Wheel Straightener.\" \/>\n<meta property=\"og:url\" content=\"https:\/\/hbc-system.com\/fr_be\/catalogues\/catalogue-restauration-de-roues\/\" \/>\n<meta property=\"og:site_name\" content=\"HBC System\" \/>\n<meta property=\"article:publisher\" content=\"https:\/\/www.facebook.com\/hbcsystems\" \/>\n<meta property=\"article:modified_time\" content=\"2023-04-28T11:21:01+00:00\" \/>\n<meta name=\"twitter:card\" content=\"summary_large_image\" \/>\n<meta name=\"twitter:label1\" content=\"Dur\u00e9e de lecture est.\" \/>\n\t<meta name=\"twitter:data1\" content=\"1 minute\" \/>\n<script type=\"application\/ld+json\" class=\"yoast-schema-graph\">{\n\t    \"@context\": \"https:\/\/schema.org\",\n\t    \"@graph\": [\n\t        {\n\t            \"@type\": \"WebPage\",\n\t            \"@id\": \"https:\/\/hbc-system.com\/catalogues\/wheel-restore-catalogue\",\n\t            \"url\": \"https:\/\/hbc-system.com\/catalogues\/wheel-restore-catalogue\",\n\t            \"name\": \"Wheel Restore Catalogue\",\n\t            \"isPartOf\": {\n\t                \"@id\": \"https:\/\/hbc-system.com\/fr_be\/#website\"\n\t            },\n\t            \"datePublished\": \"2022-10-24T06:48:52+00:00\",\n\t            \"dateModified\": \"2023-04-28T11:21:01+00:00\",\n\t            \"description\": \"In Wheel Restore Catalogue you can read about our Diamond Cut Machine, Alloy Wheel Blast Cabinet, Wheel Paint Machine and the Electro-hydraulic Wheel Straightener.\",\n\t            \"breadcrumb\": {\n\t                \"@id\": \"https:\/\/hbc-system.com\/catalogues\/wheel-restore-catalogue#breadcrumb\"\n\t            },\n\t            \"inLanguage\": \"fr-BE\",\n\t            \"potentialAction\": [\n\t                {\n\t                    \"@type\": \"ReadAction\",\n\t                    \"target\": [\n\t                        \"https:\/\/hbc-system.com\/catalogues\/wheel-restore-catalogue\"\n\t                    ]\n\t                }\n\t            ]\n\t        },\n\t        {\n\t            \"@type\": \"BreadcrumbList\",\n\t            \"@id\": \"https:\/\/hbc-system.com\/catalogues\/wheel-restore-catalogue#breadcrumb\",\n\t            \"itemListElement\": [\n\t                {\n\t                    \"@type\": \"ListItem\",\n\t                    \"position\": 1,\n\t                    \"name\": \"Home\",\n\t                    \"item\": \"https:\/\/hbc-system.com\/\"\n\t                },\n\t                {\n\t                    \"@type\": \"ListItem\",\n\t                    \"position\": 2,\n\t                    \"name\": \"Catalogues\",\n\t                    \"item\": \"https:\/\/hbc-system.com\/catalogues\"\n\t                },\n\t                {\n\t                    \"@type\": \"ListItem\",\n\t                    \"position\": 3,\n\t                    \"name\": \"Wheel Restore Catalogue\"\n\t                }\n\t            ]\n\t        },\n\t        {\n\t            \"@type\": \"WebSite\",\n\t            \"@id\": \"https:\/\/hbc-system.com\/fr_be\/#website\",\n\t            \"url\": \"https:\/\/hbc-system.com\/fr_be\/\",\n\t            \"name\": \"HBC System\",\n\t            \"description\": \"\",\n\t            \"potentialAction\": [\n\t                {\n\t                    \"@type\": \"SearchAction\",\n\t                    \"target\": {\n\t                        \"@type\": \"EntryPoint\",\n\t                        \"urlTemplate\": \"https:\/\/hbc-system.com\/fr_be\/?s={search_term_string}\"\n\t                    },\n\t                    \"query-input\": {\n\t                        \"@type\": \"PropertyValueSpecification\",\n\t                        \"valueRequired\": true,\n\t                        \"valueName\": \"search_term_string\"\n\t                    }\n\t                }\n\t            ],\n\t            \"inLanguage\": \"fr-BE\"\n\t        }\n\t    ]\n\t}<\/script>\n<!-- \/ Yoast SEO Premium plugin. -->","yoast_head_json":{"title":"Catalogue de restauration des roues","description":"Dans le catalogue Wheel Restore, vous trouverez des informations sur notre machine \u00e0 d\u00e9couper au diamant, notre cabine de grenaillage pour roues en alliage, notre machine \u00e0 peindre les roues et notre redresseur de roues \u00e9lectro-hydraulique.","robots":{"index":"index","follow":"follow","max-snippet":"max-snippet:-1","max-image-preview":"max-image-preview:large","max-video-preview":"max-video-preview:-1"},"canonical":"https:\/\/hbc-system.com\/fr_be\/wp-json\/wp\/v2\/pages\/1422","og_locale":"fr_FR","og_type":"article","og_title":"Wheel Restore Catalogue","og_description":"In Wheel Restore Catalogue you can read about our Diamond Cut Machine, Alloy Wheel Blast Cabinet, Wheel Paint Machine and the Electro-hydraulic Wheel Straightener.","og_url":"https:\/\/hbc-system.com\/fr_be\/catalogues\/catalogue-restauration-de-roues\/","og_site_name":"HBC System","article_publisher":"https:\/\/www.facebook.com\/hbcsystems","article_modified_time":"2023-04-28T11:21:01+00:00","twitter_card":"summary_large_image","twitter_misc":{"Dur\u00e9e de lecture est.":"1 minute"},"schema":{"@context":"https:\/\/schema.org","@graph":[{"@type":"WebPage","@id":"https:\/\/hbc-system.com\/catalogues\/wheel-restore-catalogue","url":"https:\/\/hbc-system.com\/catalogues\/wheel-restore-catalogue","name":"Catalogue de restauration des roues","isPartOf":{"@id":"https:\/\/hbc-system.com\/fr_be\/#website"},"datePublished":"2022-10-24T06:48:52+00:00","dateModified":"2023-04-28T11:21:01+00:00","description":"Dans le catalogue Wheel Restore, vous trouverez des informations sur notre machine \u00e0 d\u00e9couper au diamant, notre cabine de grenaillage pour roues en alliage, notre machine \u00e0 peindre les roues et notre redresseur de roues \u00e9lectro-hydraulique.","breadcrumb":{"@id":"https:\/\/hbc-system.com\/catalogues\/wheel-restore-catalogue#breadcrumb"},"inLanguage":"fr-BE","potentialAction":[{"@type":"ReadAction","target":["https:\/\/hbc-system.com\/catalogues\/wheel-restore-catalogue"]}]},{"@type":"BreadcrumbList","@id":"https:\/\/hbc-system.com\/catalogues\/wheel-restore-catalogue#breadcrumb","itemListElement":[{"@type":"ListItem","position":1,"name":"Home","item":"https:\/\/hbc-system.com\/"},{"@type":"ListItem","position":2,"name":"Catalogues","item":"https:\/\/hbc-system.com\/catalogues"},{"@type":"ListItem","position":3,"name":"Wheel Restore Catalogue"}]},{"@type":"WebSite","@id":"https:\/\/hbc-system.com\/fr_be\/#website","url":"https:\/\/hbc-system.com\/fr_be\/","name":"Syst\u00e8me HBC","description":"","potentialAction":[{"@type":"SearchAction","target":{"@type":"EntryPoint","urlTemplate":"https:\/\/hbc-system.com\/fr_be\/?s={search_term_string}"},"query-input":{"@type":"PropertyValueSpecification","valueRequired":true,"valueName":"search_term_string"}}],"inLanguage":"fr-BE"}]}},"_links":{"self":[{"href":"https:\/\/hbc-system.com\/fr_be\/wp-json\/wp\/v2\/pages\/1422","targetHints":{"allow":["GET"]}}],"collection":[{"href":"https:\/\/hbc-system.com\/fr_be\/wp-json\/wp\/v2\/pages"}],"about":[{"href":"https:\/\/hbc-system.com\/fr_be\/wp-json\/wp\/v2\/types\/page"}],"author":[{"embeddable":true,"href":"https:\/\/hbc-system.com\/fr_be\/wp-json\/wp\/v2\/users\/1"}],"replies":[{"embeddable":true,"href":"https:\/\/hbc-system.com\/fr_be\/wp-json\/wp\/v2\/comments?post=1422"}],"version-history":[{"count":5,"href":"https:\/\/hbc-system.com\/fr_be\/wp-json\/wp\/v2\/pages\/1422\/revisions"}],"predecessor-version":[{"id":5702,"href":"https:\/\/hbc-system.com\/fr_be\/wp-json\/wp\/v2\/pages\/1422\/revisions\/5702"}],"up":[{"embeddable":true,"href":"https:\/\/hbc-system.com\/fr_be\/wp-json\/wp\/v2\/pages\/1405"}],"wp:attachment":[{"href":"https:\/\/hbc-system.com\/fr_be\/wp-json\/wp\/v2\/media?parent=1422"}],"curies":[{"name":"wp","href":"https:\/\/api.w.org\/{rel}","templated":true}]}}