{"id":1015,"date":"2022-10-12T12:56:07","date_gmt":"2022-10-12T12:56:07","guid":{"rendered":"http:\/\/70.34.210.26\/?page_id=1015"},"modified":"2023-02-24T09:54:02","modified_gmt":"2023-02-24T09:54:02","slug":"sistemas-de-restauracao-de-farois","status":"publish","type":"page","link":"https:\/\/hbc-system.com\/pt\/products\/headlight-restoration-systems","title":{"rendered":"Sistemas de restaura\u00e7\u00e3o de far\u00f3is"},"content":{"rendered":"<section class=\"wpb-content-wrapper\"><div class=\"nm-row nm-row-full-nopad vc_row wpb_row\"><div class=\"nm_column wpb_column vc_column_container col-sm-12 vc_col-sm-12\"><div class=\"vc_column-inner\"><div class=\"wpb_wrapper\"><!-- start HBC Header -->\n\t\t<link id='uc_fonts_googleapis_com_css_family_montserrat_400_700-css' href='https:\/\/fonts.googleapis.com\/css?family=Montserrat:400,700' type='text\/css' rel='stylesheet' >\n\t\t<link id='uc_fonts_googleapis_com_css_family_lobster-css' href='https:\/\/fonts.googleapis.com\/css?family=Lobster' type='text\/css' rel='stylesheet' >\n\n\t\t\t<style type=\"text\/css\">\/* addon: HBC Header *\/\n\n.hbc-header {\n    position: relative;\n    overflow: hidden;\n    }\n.hbc-header-p br {\ndisplay: none;}\n\n.hbc-header-image {\nwidth: 100%;\nheight: auto;\nobject-fit: cover;\nmax-height: 550px;\naspect-ratio: 19 \/ 6;\n}\n\n@media (max-width: 1200px) {\n.hbc-header-h1 {\n    display: table;\n    font-weight: bold;\n    margin: 0;\n    width: 100%;\n    text-align: left;\n    background: rgba(0,0,0,0.75);\n    font-size: 18px;\n    color: #FFF;\n    text-transform: uppercase;\n    padding: 10px 5px;\n}\n\n.hbc-header-p {\n    font-size: 14px;\n    color: #FFF;\n    background: rgba(0,0,0,0.8);\n    margin: 0;\n    padding: 10px 5px;\n    width: 100%;\n}\n}\n\n\n@media (min-width: 1200px) {\n.hbc-header-h1 {\ndisplay: table;\n    z-index: 99;\n    font-weight: bold;\n    margin-bottom: 15px;\n    left: 20%;\n    top: 50px;\n    width: 550px;\n    text-align: left;\n    background: rgba(0,0,0,0.75);\n    font-size: 30px;\n    color: #FFF;\n    text-transform: uppercase;\n    padding: 15px;\n}\n.hbc-header-p {\n    z-index: 99;\n    margin: 0;\n    left: 20%;\n    top: 170px;\n    width: 550px;\n    text-align: left;\n    font-size: 17px;\n    line-height: 1.5;\n    background: rgba(0,0,0,0.75);\n    padding: 15px;\n    color: #FFF;\n}\n.notmobile {\nposition: absolute;\n    top: 50px;\n    left: 20%;\n}}\n\n}\n\n<\/style>\n\n\t\t\t<div class=\"hbc-header\">\n    <img decoding=\"async\" class=\"hbc-header-image\" height=\"\" width=\"\" alt=\"Sistemas de repara\u00e7\u00e3o e restauro de far\u00f3is\" src=\"https:\/\/hbc-system.com\/wp-content\/uploads\/D-uv-protect-0001.jpg\" \/>\n    <div class=\"notmobile\">\n     <h1 class=\"hbc-header-h1\" style=\"color:white;\">Sistemas de repara\u00e7\u00e3o e restauro de far\u00f3is<\/h1>\n     <h2 class=\"hbc-header-p\" style=\"display: table\">Os nossos sistemas \u00fanicos de repara\u00e7\u00e3o de far\u00f3is restauram a nitidez das lentes dos far\u00f3is que se tornaram ba\u00e7as com o tempo, por uma fra\u00e7\u00e3o do custo de substitui\u00e7\u00e3o<\/h2>\n    <\/div>\n   \n\t\t\t\t<\/div>\n\n\t\t<\/div>\n\n<p id=\"breadcrumbs\">\n    <span><span><a href=\"https:\/\/hbc-system.com\/pt\/\">In\u00edcio<\/a><\/span><\/span>\n    <\/p>\n<\/div>\n\t\t\t<!-- end HBC Header --><\/div><\/div><\/div><\/div><div class=\"nm-row nm-row-full vc_row wpb_row  vc_custom_1675691190299\"><div class=\"nm_column wpb_column vc_column_container col-sm-12 vc_col-sm-12\"><div class=\"vc_column-inner\"><div class=\"wpb_wrapper\"><div class=\"templatera_shortcode\"><div class=\"nm-row nm-row-full vc_row wpb_row  flex vc_custom_1675691091510\"><div class=\"nm_column wpb_column vc_column_container col-sm-12 vc_col-sm-12\"><div class=\"vc_column-inner\"><div class=\"wpb_wrapper\"><div class=\"nm-row nm-row-full inner  flex vc_custom_1675691082814\"><div class=\"nm_column nm_column_inner col-sm-4 vc_col-sm-4 vc_custom_1667990008692\"><div class=\"wpb_wrapper\"><!-- start HBC Button v2 -->\n\t\t<link id='uc_fonts_googleapis_com_css_family_roboto-css' href='https:\/\/fonts.googleapis.com\/css?family=Roboto' type='text\/css' rel='stylesheet' >\n\n\t\t\t<style type=\"text\/css\">\/* addon: HBC Button v2 *\/\n\n.hbc_box_button:hover {transition: all 0.3s;\nopacity: 0.7;\n}\n.hbc_box_button {transition: all 0.3s;\nopacity: 1;\n}\n\n.hbc_button-img {\n    width: 100%;\n    }\n.hbc_button-h2 {\n    margin: 20px 20px 10px 20px;\n    font-size: 20px;\n    line-height: 1.3;\n    text-align: left;\n    font-family: Montserrat;\n    font-weight: 700;\n    font-style: normal;\n}\n.hbc_button-p {\n\n    margin: 0px 20px 20px 20px;\n   \n  display: -webkit-box;\n    max-width: 100%;\n    -webkit-line-clamp: 2;\n    -webkit-box-orient: vertical;\n    overflow: hidden;\nfont-size: 12px;\nline-height: 1.3;\ntext-align: left;\nfont-family:Montserrat;\nfont-weight:400;\nfont-style:normal\n}\n\n.hbc_inner_button {\n\n}\n\n<\/style>\n\n\t\t\t<a class=\"hbc_box_button\" href=\"https:\/\/hbc-system.com\/pt\/produtos\/sistemas-de-restauracao-de-farois\/sistema-de-reparacao-de-farois\/\">\n<div class=\"hbc_box_inner\">\n\t<div class=\"hbc_inner_button\" style=\" background:#F6F6F6;\"> \n    \t<img decoding=\"async\" class=\"hbc_button-img\" src=\"https:\/\/hbc-system.com\/wp-content\/uploads\/d_headlight_header-1.webp\" alt=\"Sistema de repara\u00e7\u00e3o de far\u00f3is\">\n        <h2 class=\"hbc_button-h2\" style=\"color:#7a003c;\">Sistema de repara\u00e7\u00e3o de far\u00f3is<\/h2>\n        <span class=\"hbc_button-p\" style=\"color:#4c4c4c;\">Este kit de restauro de far\u00f3is oferece uma forma r\u00e1pida e f\u00e1cil de restaurar a clareza das lentes dos far\u00f3is que se tornaram ba\u00e7as com o tempo, por uma fra\u00e7\u00e3o do custo de substitui\u00e7\u00e3o. Muitos ve\u00edculos que circulam atualmente na estrada t\u00eam far\u00f3is amarelados e enevoados devido aos danos causados pela luz UV, bem como ao desgaste provocado pelas condi\u00e7\u00f5es atmosf\u00e9ricas e pelos detritos da estrada. O resultado n\u00e3o \u00e9 apenas a m\u00e1 apar\u00eancia do ve\u00edculo e a redu\u00e7\u00e3o do valor de revenda, mas tamb\u00e9m compromete a seguran\u00e7a.<\/h3>\n    <\/div>\n<\/div>\n<\/a>\n\t\t\t<!-- end HBC Button v2 --><\/div><\/div><div class=\"nm_column nm_column_inner col-sm-4 vc_col-sm-4 vc_custom_1667989994539\"><div class=\"wpb_wrapper\"><!-- start HBC Button v2 -->\n\n\t\t\t<style type=\"text\/css\">\/* addon: HBC Button v2 *\/\n\n.hbc_box_button:hover {transition: all 0.3s;\nopacity: 0.7;\n}\n.hbc_box_button {transition: all 0.3s;\nopacity: 1;\n}\n\n.hbc_button-img {\n    width: 100%;\n    }\n.hbc_button-h2 {\n    margin: 20px 20px 10px 20px;\n    font-size: 20px;\n    line-height: 1.3;\n    text-align: left;\n    font-family: Montserrat;\n    font-weight: 700;\n    font-style: normal;\n}\n.hbc_button-p {\n\n    margin: 0px 20px 20px 20px;\n   \n  display: -webkit-box;\n    max-width: 100%;\n    -webkit-line-clamp: 2;\n    -webkit-box-orient: vertical;\n    overflow: hidden;\nfont-size: 12px;\nline-height: 1.3;\ntext-align: left;\nfont-family:Montserrat;\nfont-weight:400;\nfont-style:normal\n}\n\n.hbc_inner_button {\n\n}\n\n<\/style>\n\n\t\t\t<a class=\"hbc_box_button\" href=\"https:\/\/hbc-system.com\/pt\/produtos\/sistemas-de-restauracao-de-farois\/revestimento-protetor-uv\/\">\n<div class=\"hbc_box_inner\">\n\t<div class=\"hbc_inner_button\" style=\" background:#F6F6F6;\"> \n    \t<img decoding=\"async\" class=\"hbc_button-img\" src=\"https:\/\/hbc-system.com\/wp-content\/uploads\/d_uv_protective_header-1.webp\" alt=\"Revestimento de prote\u00e7\u00e3o UV\">\n        <h2 class=\"hbc_button-h2\" style=\"color:#7a003c;\">Revestimento de prote\u00e7\u00e3o UV<\/h2>\n        <span class=\"hbc_button-p\" style=\"color:#4c4c4c;\">Prote\u00e7\u00e3o UV para far\u00f3is num aerossol pronto a usar, sem necessidade de mistura. O aerossol cont\u00e9m 400 ml de revestimento UV adequado para todos os tipos de far\u00f3is feitos de pl\u00e1stico policarbonato. A HBC System garante que os far\u00f3is de autom\u00f3veis aplicados com o revestimento de prote\u00e7\u00e3o UV permanecem limpos durante um ano. Desde que todas as instru\u00e7\u00f5es tenham sido seguidas exatamente como descrito.<\/h3>\n    <\/div>\n<\/div>\n<\/a>\n\t\t\t<!-- end HBC Button v2 --><\/div><\/div><\/div><\/div><\/div><\/div><\/div><\/div><\/div><\/div><\/div><\/div>\n<\/section>","protected":false},"excerpt":{"rendered":"Headlight Repair System This headlight restoration kit offer a fast and easy way to restore the clarity to headlight lenses that have become dull over time, at a fraction of the cost of replacement. Many vehicles on the road today have yellowed and cloudy headlights due to UV light damage as well as wear and [...]","protected":false},"author":1,"featured_media":0,"parent":40,"menu_order":0,"comment_status":"closed","ping_status":"closed","template":"templates\/page-full.php","meta":{"content-type":"","inline_featured_image":false,"_monsterinsights_skip_tracking":false,"_monsterinsights_sitenote_active":false,"_monsterinsights_sitenote_note":"","_monsterinsights_sitenote_category":0,"footnotes":""},"class_list":["post-1015","page","type-page","status-publish","hentry"],"yoast_head":"<!-- This site is optimized with the Yoast SEO Premium plugin v19.6 (Yoast SEO v24.2) - https:\/\/yoast.com\/wordpress\/plugins\/seo\/ -->\n<title>Headlight Restoration Systems<\/title>\n<meta name=\"description\" content=\"Headlight Repair &amp; Restoration Systems make it easy to restore clarity to headlight lenses that have dulled over time at a fraction of the replacement cost.\" \/>\n<meta name=\"robots\" content=\"index, follow, max-snippet:-1, max-image-preview:large, max-video-preview:-1\" \/>\n<link rel=\"canonical\" href=\"https:\/\/hbc-system.com\/pt\/wp-json\/wp\/v2\/pages\/1015\" \/>\n<meta property=\"og:locale\" content=\"pt_PT\" \/>\n<meta property=\"og:type\" content=\"article\" \/>\n<meta property=\"og:title\" content=\"Headlight Restoration Systems\" \/>\n<meta property=\"og:description\" content=\"Headlight Repair &amp; Restoration Systems make it easy to restore clarity to headlight lenses that have dulled over time at a fraction of the replacement cost.\" \/>\n<meta property=\"og:url\" content=\"https:\/\/hbc-system.com\/pt\/produtos\/sistemas-de-restauracao-de-farois\/\" \/>\n<meta property=\"og:site_name\" content=\"HBC System\" \/>\n<meta property=\"article:publisher\" content=\"https:\/\/www.facebook.com\/hbcsystems\" \/>\n<meta property=\"article:modified_time\" content=\"2023-02-24T09:54:02+00:00\" \/>\n<meta name=\"twitter:card\" content=\"summary_large_image\" \/>\n<meta name=\"twitter:label1\" content=\"Tempo estimado de leitura\" \/>\n\t<meta name=\"twitter:data1\" content=\"1 minuto\" \/>\n<script type=\"application\/ld+json\" class=\"yoast-schema-graph\">{\n\t    \"@context\": \"https:\/\/schema.org\",\n\t    \"@graph\": [\n\t        {\n\t            \"@type\": \"WebPage\",\n\t            \"@id\": \"https:\/\/hbc-system.com\/products\/headlight-restoration-systems\",\n\t            \"url\": \"https:\/\/hbc-system.com\/products\/headlight-restoration-systems\",\n\t            \"name\": \"Headlight Restoration Systems\",\n\t            \"isPartOf\": {\n\t                \"@id\": \"https:\/\/hbc-system.com\/fr_be\/#website\"\n\t            },\n\t            \"datePublished\": \"2022-10-12T12:56:07+00:00\",\n\t            \"dateModified\": \"2023-02-24T09:54:02+00:00\",\n\t            \"description\": \"Headlight Repair & Restoration Systems make it easy to restore clarity to headlight lenses that have dulled over time at a fraction of the replacement cost.\",\n\t            \"breadcrumb\": {\n\t                \"@id\": \"https:\/\/hbc-system.com\/products\/headlight-restoration-systems#breadcrumb\"\n\t            },\n\t            \"inLanguage\": \"pt-PT\",\n\t            \"potentialAction\": [\n\t                {\n\t                    \"@type\": \"ReadAction\",\n\t                    \"target\": [\n\t                        \"https:\/\/hbc-system.com\/products\/headlight-restoration-systems\"\n\t                    ]\n\t                }\n\t            ]\n\t        },\n\t        {\n\t            \"@type\": \"BreadcrumbList\",\n\t            \"@id\": \"https:\/\/hbc-system.com\/products\/headlight-restoration-systems#breadcrumb\",\n\t            \"itemListElement\": [\n\t                {\n\t                    \"@type\": \"ListItem\",\n\t                    \"position\": 1,\n\t                    \"name\": \"Home\",\n\t                    \"item\": \"https:\/\/hbc-system.com\/\"\n\t                },\n\t                {\n\t                    \"@type\": \"ListItem\",\n\t                    \"position\": 2,\n\t                    \"name\": \"Products\",\n\t                    \"item\": \"https:\/\/hbc-system.com\/products\"\n\t                },\n\t                {\n\t                    \"@type\": \"ListItem\",\n\t                    \"position\": 3,\n\t                    \"name\": \"Headlight Restoration Systems\"\n\t                }\n\t            ]\n\t        },\n\t        {\n\t            \"@type\": \"WebSite\",\n\t            \"@id\": \"https:\/\/hbc-system.com\/fr_be\/#website\",\n\t            \"url\": \"https:\/\/hbc-system.com\/fr_be\/\",\n\t            \"name\": \"HBC System\",\n\t            \"description\": \"\",\n\t            \"potentialAction\": [\n\t                {\n\t                    \"@type\": \"SearchAction\",\n\t                    \"target\": {\n\t                        \"@type\": \"EntryPoint\",\n\t                        \"urlTemplate\": \"https:\/\/hbc-system.com\/fr_be\/?s={search_term_string}\"\n\t                    },\n\t                    \"query-input\": {\n\t                        \"@type\": \"PropertyValueSpecification\",\n\t                        \"valueRequired\": true,\n\t                        \"valueName\": \"search_term_string\"\n\t                    }\n\t                }\n\t            ],\n\t            \"inLanguage\": \"pt-PT\"\n\t        }\n\t    ]\n\t}<\/script>\n<!-- \/ Yoast SEO Premium plugin. -->","yoast_head_json":{"title":"Sistemas de restaura\u00e7\u00e3o de far\u00f3is","description":"Os Sistemas de Repara\u00e7\u00e3o e Restauro de Far\u00f3is facilitam o restauro da nitidez das lentes dos far\u00f3is que se tornaram ba\u00e7as com o tempo, por uma fra\u00e7\u00e3o do custo de substitui\u00e7\u00e3o.","robots":{"index":"index","follow":"follow","max-snippet":"max-snippet:-1","max-image-preview":"max-image-preview:large","max-video-preview":"max-video-preview:-1"},"canonical":"https:\/\/hbc-system.com\/pt\/wp-json\/wp\/v2\/pages\/1015","og_locale":"pt_PT","og_type":"article","og_title":"Headlight Restoration Systems","og_description":"Headlight Repair & Restoration Systems make it easy to restore clarity to headlight lenses that have dulled over time at a fraction of the replacement cost.","og_url":"https:\/\/hbc-system.com\/pt\/produtos\/sistemas-de-restauracao-de-farois\/","og_site_name":"HBC System","article_publisher":"https:\/\/www.facebook.com\/hbcsystems","article_modified_time":"2023-02-24T09:54:02+00:00","twitter_card":"summary_large_image","twitter_misc":{"Tempo estimado de leitura":"1 minuto"},"schema":{"@context":"https:\/\/schema.org","@graph":[{"@type":"WebPage","@id":"https:\/\/hbc-system.com\/products\/headlight-restoration-systems","url":"https:\/\/hbc-system.com\/products\/headlight-restoration-systems","name":"Sistemas de restaura\u00e7\u00e3o de far\u00f3is","isPartOf":{"@id":"https:\/\/hbc-system.com\/fr_be\/#website"},"datePublished":"2022-10-12T12:56:07+00:00","dateModified":"2023-02-24T09:54:02+00:00","description":"Os Sistemas de Repara\u00e7\u00e3o e Restauro de Far\u00f3is facilitam o restauro da nitidez das lentes dos far\u00f3is que se tornaram ba\u00e7as com o tempo, por uma fra\u00e7\u00e3o do custo de substitui\u00e7\u00e3o.","breadcrumb":{"@id":"https:\/\/hbc-system.com\/products\/headlight-restoration-systems#breadcrumb"},"inLanguage":"pt-PT","potentialAction":[{"@type":"ReadAction","target":["https:\/\/hbc-system.com\/products\/headlight-restoration-systems"]}]},{"@type":"BreadcrumbList","@id":"https:\/\/hbc-system.com\/products\/headlight-restoration-systems#breadcrumb","itemListElement":[{"@type":"ListItem","position":1,"name":"Home","item":"https:\/\/hbc-system.com\/"},{"@type":"ListItem","position":2,"name":"Products","item":"https:\/\/hbc-system.com\/products"},{"@type":"ListItem","position":3,"name":"Headlight Restoration Systems"}]},{"@type":"WebSite","@id":"https:\/\/hbc-system.com\/fr_be\/#website","url":"https:\/\/hbc-system.com\/fr_be\/","name":"Sistema HBC","description":"","potentialAction":[{"@type":"SearchAction","target":{"@type":"EntryPoint","urlTemplate":"https:\/\/hbc-system.com\/fr_be\/?s={search_term_string}"},"query-input":{"@type":"PropertyValueSpecification","valueRequired":true,"valueName":"search_term_string"}}],"inLanguage":"pt-PT"}]}},"_links":{"self":[{"href":"https:\/\/hbc-system.com\/pt\/wp-json\/wp\/v2\/pages\/1015","targetHints":{"allow":["GET"]}}],"collection":[{"href":"https:\/\/hbc-system.com\/pt\/wp-json\/wp\/v2\/pages"}],"about":[{"href":"https:\/\/hbc-system.com\/pt\/wp-json\/wp\/v2\/types\/page"}],"author":[{"embeddable":true,"href":"https:\/\/hbc-system.com\/pt\/wp-json\/wp\/v2\/users\/1"}],"replies":[{"embeddable":true,"href":"https:\/\/hbc-system.com\/pt\/wp-json\/wp\/v2\/comments?post=1015"}],"version-history":[{"count":0,"href":"https:\/\/hbc-system.com\/pt\/wp-json\/wp\/v2\/pages\/1015\/revisions"}],"up":[{"embeddable":true,"href":"https:\/\/hbc-system.com\/pt\/wp-json\/wp\/v2\/pages\/40"}],"wp:attachment":[{"href":"https:\/\/hbc-system.com\/pt\/wp-json\/wp\/v2\/media?parent=1015"}],"curies":[{"name":"wp","href":"https:\/\/api.w.org\/{rel}","templated":true}]}}