{"id":1024,"date":"2022-10-12T13:04:58","date_gmt":"2022-10-12T13:04:58","guid":{"rendered":"http:\/\/70.34.210.26\/?page_id=1024"},"modified":"2023-02-24T10:14:58","modified_gmt":"2023-02-24T10:14:58","slug":"sistemas-de-remocao-de-mossas-sem-pintura-pdr","status":"publish","type":"page","link":"https:\/\/hbc-system.com\/pt\/products\/paintless-dent-removal-systems-pdr","title":{"rendered":"Sistemas de remo\u00e7\u00e3o de mossas sem pintura PDR"},"content":{"rendered":"<section class=\"wpb-content-wrapper\"><div class=\"nm-row nm-row-full-nopad vc_row wpb_row\"><div class=\"nm_column wpb_column vc_column_container col-sm-12 vc_col-sm-12\"><div class=\"vc_column-inner\"><div class=\"wpb_wrapper\"><!-- start HBC Header -->\n\t\t<link id='uc_fonts_googleapis_com_css_family_montserrat_400_700-css' href='https:\/\/fonts.googleapis.com\/css?family=Montserrat:400,700' type='text\/css' rel='stylesheet' >\n\t\t<link id='uc_fonts_googleapis_com_css_family_lobster-css' href='https:\/\/fonts.googleapis.com\/css?family=Lobster' type='text\/css' rel='stylesheet' >\n\n\t\t\t<style type=\"text\/css\">\/* addon: HBC Header *\/\n\n.hbc-header {\n    position: relative;\n    overflow: hidden;\n    }\n.hbc-header-p br {\ndisplay: none;}\n\n.hbc-header-image {\nwidth: 100%;\nheight: auto;\nobject-fit: cover;\nmax-height: 550px;\naspect-ratio: 19 \/ 6;\n}\n\n@media (max-width: 1200px) {\n.hbc-header-h1 {\n    display: table;\n    font-weight: bold;\n    margin: 0;\n    width: 100%;\n    text-align: left;\n    background: rgba(0,0,0,0.75);\n    font-size: 18px;\n    color: #FFF;\n    text-transform: uppercase;\n    padding: 10px 5px;\n}\n\n.hbc-header-p {\n    font-size: 14px;\n    color: #FFF;\n    background: rgba(0,0,0,0.8);\n    margin: 0;\n    padding: 10px 5px;\n    width: 100%;\n}\n}\n\n\n@media (min-width: 1200px) {\n.hbc-header-h1 {\ndisplay: table;\n    z-index: 99;\n    font-weight: bold;\n    margin-bottom: 15px;\n    left: 20%;\n    top: 50px;\n    width: 550px;\n    text-align: left;\n    background: rgba(0,0,0,0.75);\n    font-size: 30px;\n    color: #FFF;\n    text-transform: uppercase;\n    padding: 15px;\n}\n.hbc-header-p {\n    z-index: 99;\n    margin: 0;\n    left: 20%;\n    top: 170px;\n    width: 550px;\n    text-align: left;\n    font-size: 17px;\n    line-height: 1.5;\n    background: rgba(0,0,0,0.75);\n    padding: 15px;\n    color: #FFF;\n}\n.notmobile {\nposition: absolute;\n    top: 50px;\n    left: 20%;\n}}\n\n}\n\n<\/style>\n\n\t\t\t<div class=\"hbc-header\">\n    <img decoding=\"async\" class=\"hbc-header-image\" height=\"\" width=\"\" alt=\"Sistemas de remo\u00e7\u00e3o de mossas sem pintura (PDR)\" src=\"https:\/\/hbc-system.com\/wp-content\/uploads\/pdr-0001.jpg\" \/>\n    <div class=\"notmobile\">\n     <h1 class=\"hbc-header-h1\" style=\"color:white;\">Sistemas de remo\u00e7\u00e3o de mossas sem pintura (PDR)<\/h1>\n     <h2 class=\"hbc-header-p\" style=\"display: table\">O equipamento de remo\u00e7\u00e3o de mossas sem pintura e as ferramentas PDR permitem uma repara\u00e7\u00e3o econ\u00f3mica de pequenas mossas sem ser necess\u00e1rio repintar o autom\u00f3vel - a pintura original \u00e9 preservada<\/h2>\n    <\/div>\n   \n\t\t\t\t<\/div>\n\n\t\t<\/div>\n\n<p id=\"breadcrumbs\">\n    <span><span><a href=\"https:\/\/hbc-system.com\/pt\/\">In\u00edcio<\/a><\/span><\/span>\n    <\/p>\n<\/div>\n\t\t\t<!-- end HBC Header --><\/div><\/div><\/div><\/div><div class=\"nm-row nm-row-full vc_row wpb_row  vc_custom_1675756284663\"><div class=\"nm_column wpb_column vc_column_container col-sm-12 vc_col-sm-12\"><div class=\"vc_column-inner\"><div class=\"wpb_wrapper\"><div class=\"templatera_shortcode\"><div class=\"nm-row nm-row-full vc_row wpb_row  flex\"><div class=\"nm_column wpb_column vc_column_container col-sm-12 vc_col-sm-12\"><div class=\"vc_column-inner\"><div class=\"wpb_wrapper\"><div class=\"nm-row nm-row-full inner  vc_custom_1667991008895\"><div class=\"nm_column nm_column_inner col-sm-4 vc_col-sm-4 vc_custom_1667473173774\"><div class=\"wpb_wrapper\"><!-- start HBC Button v2 -->\n\t\t<link id='uc_fonts_googleapis_com_css_family_roboto-css' href='https:\/\/fonts.googleapis.com\/css?family=Roboto' type='text\/css' rel='stylesheet' >\n\n\t\t\t<style type=\"text\/css\">\/* addon: HBC Button v2 *\/\n\n.hbc_box_button:hover {transition: all 0.3s;\nopacity: 0.7;\n}\n.hbc_box_button {transition: all 0.3s;\nopacity: 1;\n}\n\n.hbc_button-img {\n    width: 100%;\n    }\n.hbc_button-h2 {\n    margin: 20px 20px 10px 20px;\n    font-size: 20px;\n    line-height: 1.3;\n    text-align: left;\n    font-family: Montserrat;\n    font-weight: 700;\n    font-style: normal;\n}\n.hbc_button-p {\n\n    margin: 0px 20px 20px 20px;\n   \n  display: -webkit-box;\n    max-width: 100%;\n    -webkit-line-clamp: 2;\n    -webkit-box-orient: vertical;\n    overflow: hidden;\nfont-size: 12px;\nline-height: 1.3;\ntext-align: left;\nfont-family:Montserrat;\nfont-weight:400;\nfont-style:normal\n}\n\n.hbc_inner_button {\n\n}\n\n<\/style>\n\n\t\t\t<a class=\"hbc_box_button\" href=\"https:\/\/hbc-system.com\/pt\/produtos\/sistemas-de-remocao-de-mossas-sem-pintura-pdr\/sistemas-de-remocao-de-mossas-sem-pintura\/\">\n<div class=\"hbc_box_inner\">\n\t<div class=\"hbc_inner_button\" style=\" background:#F6F6F6;\"> \n    \t<img decoding=\"async\" class=\"hbc_button-img\" src=\"https:\/\/hbc-system.com\/wp-content\/uploads\/pdr-header-1.webp\" alt=\"Sistemas e ferramentas de remo\u00e7\u00e3o de mossas sem pintura\">\n        <h2 class=\"hbc_button-h2\" style=\"color:#7a003c;\">Sistemas e ferramentas de remo\u00e7\u00e3o de mossas sem pintura<\/h2>\n        <span class=\"hbc_button-p\" style=\"color:#4c4c4c;\">A nossa gama de sistemas PDR (remo\u00e7\u00e3o de mossas sem pintura) concebidos \u00e0 medida permite uma repara\u00e7\u00e3o econ\u00f3mica de pequenas mossas sem ter de repintar o autom\u00f3vel - preservando a pintura original. A versatilidade das nossas ferramentas e sistemas PDR, incluindo o sistema multi-\u00e2ngulo ajust\u00e1vel<\/h3>\n    <\/div>\n<\/div>\n<\/a>\n\t\t\t<!-- end HBC Button v2 --><\/div><\/div><div class=\"nm_column nm_column_inner col-sm-4 vc_col-sm-4 vc_custom_1667473190420\"><div class=\"wpb_wrapper\"><!-- start HBC Button v2 -->\n\n\t\t\t<style type=\"text\/css\">\/* addon: HBC Button v2 *\/\n\n.hbc_box_button:hover {transition: all 0.3s;\nopacity: 0.7;\n}\n.hbc_box_button {transition: all 0.3s;\nopacity: 1;\n}\n\n.hbc_button-img {\n    width: 100%;\n    }\n.hbc_button-h2 {\n    margin: 20px 20px 10px 20px;\n    font-size: 20px;\n    line-height: 1.3;\n    text-align: left;\n    font-family: Montserrat;\n    font-weight: 700;\n    font-style: normal;\n}\n.hbc_button-p {\n\n    margin: 0px 20px 20px 20px;\n   \n  display: -webkit-box;\n    max-width: 100%;\n    -webkit-line-clamp: 2;\n    -webkit-box-orient: vertical;\n    overflow: hidden;\nfont-size: 12px;\nline-height: 1.3;\ntext-align: left;\nfont-family:Montserrat;\nfont-weight:400;\nfont-style:normal\n}\n\n.hbc_inner_button {\n\n}\n\n<\/style>\n\n\t\t\t<a class=\"hbc_box_button\" href=\"https:\/\/hbc-system.com\/pt\/produtos\/sistemas-de-remocao-de-mossas-sem-pintura-pdr\/sistemas-magneticos-pdr\/\">\n<div class=\"hbc_box_inner\">\n\t<div class=\"hbc_inner_button\" style=\" background:#F6F6F6;\"> \n    \t<img decoding=\"async\" class=\"hbc_button-img\" src=\"https:\/\/hbc-system.com\/wp-content\/uploads\/g-pdr-magnetic-header-1.webp\" alt=\"Sistemas magn\u00e9ticos PDR\">\n        <h2 class=\"hbc_button-h2\" style=\"color:#7a003c;\">Sistemas magn\u00e9ticos PDR<\/h2>\n        <span class=\"hbc_button-p\" style=\"color:#4c4c4c;\">O sistema magn\u00e9tico de remo\u00e7\u00e3o de mossas \u00e9 uma ferramenta de treino essencial para a repara\u00e7\u00e3o de mossas sem pintura. O treino da coordena\u00e7\u00e3o olho-m\u00e3o \u00e9 um dos exerc\u00edcios mais dif\u00edceis no treino da repara\u00e7\u00e3o de mossas sem pintura. Os formandos passam muitas vezes v\u00e1rias horas ou dias at\u00e9 conseguirem encontrar a localiza\u00e7\u00e3o exacta<\/h3>\n    <\/div>\n<\/div>\n<\/a>\n\t\t\t<!-- end HBC Button v2 --><\/div><\/div><div class=\"nm_column nm_column_inner col-sm-4 vc_col-sm-4 vc_custom_1667473204141\"><div class=\"wpb_wrapper\"><!-- start HBC Button v2 -->\n\n\t\t\t<style type=\"text\/css\">\/* addon: HBC Button v2 *\/\n\n.hbc_box_button:hover {transition: all 0.3s;\nopacity: 0.7;\n}\n.hbc_box_button {transition: all 0.3s;\nopacity: 1;\n}\n\n.hbc_button-img {\n    width: 100%;\n    }\n.hbc_button-h2 {\n    margin: 20px 20px 10px 20px;\n    font-size: 20px;\n    line-height: 1.3;\n    text-align: left;\n    font-family: Montserrat;\n    font-weight: 700;\n    font-style: normal;\n}\n.hbc_button-p {\n\n    margin: 0px 20px 20px 20px;\n   \n  display: -webkit-box;\n    max-width: 100%;\n    -webkit-line-clamp: 2;\n    -webkit-box-orient: vertical;\n    overflow: hidden;\nfont-size: 12px;\nline-height: 1.3;\ntext-align: left;\nfont-family:Montserrat;\nfont-weight:400;\nfont-style:normal\n}\n\n.hbc_inner_button {\n\n}\n\n<\/style>\n\n\t\t\t<a class=\"hbc_box_button\" href=\"https:\/\/hbc-system.com\/pt\/produtos\/sistemas-de-remocao-de-mossas-sem-pintura-pdr\/ferramentas-pdr-ajustaveis\/\">\n<div class=\"hbc_box_inner\">\n\t<div class=\"hbc_inner_button\" style=\" background:#F6F6F6;\"> \n    \t<img decoding=\"async\" class=\"hbc_button-img\" src=\"https:\/\/hbc-system.com\/wp-content\/uploads\/g-adjustable-header-1.webp\" alt=\"Ferramentas PDR ajust\u00e1veis\">\n        <h2 class=\"hbc_button-h2\" style=\"color:#7a003c;\">Ferramentas PDR ajust\u00e1veis<\/h2>\n        <span class=\"hbc_button-p\" style=\"color:#4c4c4c;\">Os nossos punhos de remo\u00e7\u00e3o de mossas multi-ajust\u00e1veis permitem ao t\u00e9cnico mudar rapidamente a posi\u00e7\u00e3o de trabalho. Basta um simples clique e a ferramenta de remo\u00e7\u00e3o de mossas est\u00e1 pronta a funcionar no novo \u00e2ngulo. Permitindo aos t\u00e9cnicos de PDR o \u00e2ngulo de alavanca perfeito para a remo\u00e7\u00e3o de mossas<\/h3>\n    <\/div>\n<\/div>\n<\/a>\n\t\t\t<!-- end HBC Button v2 --><\/div><\/div><\/div><div class=\"nm-row nm-row-full inner  vc_custom_1675756152995\"><div class=\"nm_column nm_column_inner col-sm-4 vc_col-sm-4 vc_custom_1667473173774\"><div class=\"wpb_wrapper\"><!-- start HBC Button v2 -->\n\n\t\t\t<style type=\"text\/css\">\/* addon: HBC Button v2 *\/\n\n.hbc_box_button:hover {transition: all 0.3s;\nopacity: 0.7;\n}\n.hbc_box_button {transition: all 0.3s;\nopacity: 1;\n}\n\n.hbc_button-img {\n    width: 100%;\n    }\n.hbc_button-h2 {\n    margin: 20px 20px 10px 20px;\n    font-size: 20px;\n    line-height: 1.3;\n    text-align: left;\n    font-family: Montserrat;\n    font-weight: 700;\n    font-style: normal;\n}\n.hbc_button-p {\n\n    margin: 0px 20px 20px 20px;\n   \n  display: -webkit-box;\n    max-width: 100%;\n    -webkit-line-clamp: 2;\n    -webkit-box-orient: vertical;\n    overflow: hidden;\nfont-size: 12px;\nline-height: 1.3;\ntext-align: left;\nfont-family:Montserrat;\nfont-weight:400;\nfont-style:normal\n}\n\n.hbc_inner_button {\n\n}\n\n<\/style>\n\n\t\t\t<a class=\"hbc_box_button\" href=\"https:\/\/hbc-system.com\/pt\/produtos\/sistemas-de-remocao-de-mossas-sem-pintura-pdr\/sistema-eletromagnetico-de-remocao-de-mossas\/\">\n<div class=\"hbc_box_inner\">\n\t<div class=\"hbc_inner_button\" style=\" background:#F6F6F6;\"> \n    \t<img decoding=\"async\" class=\"hbc_button-img\" src=\"https:\/\/hbc-system.com\/wp-content\/uploads\/g-electro-header-1.webp\" alt=\"Sistema eletromagn\u00e9tico de remo\u00e7\u00e3o de mossas\">\n        <h2 class=\"hbc_button-h2\" style=\"color:#7a003c;\">Sistema eletromagn\u00e9tico de remo\u00e7\u00e3o de mossas<\/h2>\n        <span class=\"hbc_button-p\" style=\"color:#4c4c4c;\">O nosso novo sistema eletromagn\u00e9tico de remo\u00e7\u00e3o de mossas com um indutor de extra\u00e7\u00e3o de mossas concebido \u00e0 medida \u00e9 ideal para reparar pequenas mossas suaves na carro\u00e7aria do autom\u00f3vel sem retocar a pintura. Ao contr\u00e1rio das ferramentas PDR tradicionais, n\u00e3o h\u00e1 necessidade de massajar meticulosamente as amolgadelas<\/h3>\n    <\/div>\n<\/div>\n<\/a>\n\t\t\t<!-- end HBC Button v2 --><\/div><\/div><div class=\"nm_column nm_column_inner col-sm-4 vc_col-sm-4 vc_custom_1667473190420\"><div class=\"wpb_wrapper\"><!-- start HBC Button v2 -->\n\n\t\t\t<style type=\"text\/css\">\/* addon: HBC Button v2 *\/\n\n.hbc_box_button:hover {transition: all 0.3s;\nopacity: 0.7;\n}\n.hbc_box_button {transition: all 0.3s;\nopacity: 1;\n}\n\n.hbc_button-img {\n    width: 100%;\n    }\n.hbc_button-h2 {\n    margin: 20px 20px 10px 20px;\n    font-size: 20px;\n    line-height: 1.3;\n    text-align: left;\n    font-family: Montserrat;\n    font-weight: 700;\n    font-style: normal;\n}\n.hbc_button-p {\n\n    margin: 0px 20px 20px 20px;\n   \n  display: -webkit-box;\n    max-width: 100%;\n    -webkit-line-clamp: 2;\n    -webkit-box-orient: vertical;\n    overflow: hidden;\nfont-size: 12px;\nline-height: 1.3;\ntext-align: left;\nfont-family:Montserrat;\nfont-weight:400;\nfont-style:normal\n}\n\n.hbc_inner_button {\n\n}\n\n<\/style>\n\n\t\t\t<a class=\"hbc_box_button\" href=\"https:\/\/hbc-system.com\/pt\/produtos\/sistemas-de-remocao-de-mossas-sem-pintura-pdr\/sistemas-de-extracao-de-cola\/\">\n<div class=\"hbc_box_inner\">\n\t<div class=\"hbc_inner_button\" style=\" background:#F6F6F6;\"> \n    \t<img decoding=\"async\" class=\"hbc_button-img\" src=\"https:\/\/hbc-system.com\/wp-content\/uploads\/g-glue-pulling-header-1.webp\" alt=\"Sistemas de remo\u00e7\u00e3o de cola para dentaduras\">\n        <h2 class=\"hbc_button-h2\" style=\"color:#7a003c;\">Sistemas de remo\u00e7\u00e3o de cola para dentaduras<\/h2>\n        <span class=\"hbc_button-p\" style=\"color:#4c4c4c;\">Com a t\u00e9cnica de remo\u00e7\u00e3o de mossas Glue pulling, basicamente repara as mossas fixando pontas na \u00e1rea afetada utilizando as nossas colas quentes personalizadas. A mossa \u00e9 ent\u00e3o levantada\/puxada utilizando as nossas ferramentas de eleva\u00e7\u00e3o com mola. O centro da mossa foi agora significativamente levantado e<\/h3>\n    <\/div>\n<\/div>\n<\/a>\n\t\t\t<!-- end HBC Button v2 --><\/div><\/div><div class=\"nm_column nm_column_inner col-sm-4 vc_col-sm-4 vc_custom_1667473204141\"><div class=\"wpb_wrapper\"><!-- start HBC Button v2 -->\n\n\t\t\t<style type=\"text\/css\">\/* addon: HBC Button v2 *\/\n\n.hbc_box_button:hover {transition: all 0.3s;\nopacity: 0.7;\n}\n.hbc_box_button {transition: all 0.3s;\nopacity: 1;\n}\n\n.hbc_button-img {\n    width: 100%;\n    }\n.hbc_button-h2 {\n    margin: 20px 20px 10px 20px;\n    font-size: 20px;\n    line-height: 1.3;\n    text-align: left;\n    font-family: Montserrat;\n    font-weight: 700;\n    font-style: normal;\n}\n.hbc_button-p {\n\n    margin: 0px 20px 20px 20px;\n   \n  display: -webkit-box;\n    max-width: 100%;\n    -webkit-line-clamp: 2;\n    -webkit-box-orient: vertical;\n    overflow: hidden;\nfont-size: 12px;\nline-height: 1.3;\ntext-align: left;\nfont-family:Montserrat;\nfont-weight:400;\nfont-style:normal\n}\n\n.hbc_inner_button {\n\n}\n\n<\/style>\n\n\t\t\t<a class=\"hbc_box_button\" href=\"https:\/\/hbc-system.com\/pt\/produtos\/sistemas-de-remocao-de-mossas-sem-pintura-pdr\/iluminacao-pdr\/\">\n<div class=\"hbc_box_inner\">\n\t<div class=\"hbc_inner_button\" style=\" background:#F6F6F6;\"> \n    \t<img decoding=\"async\" class=\"hbc_button-img\" src=\"https:\/\/hbc-system.com\/wp-content\/uploads\/pdr-lighting-header-1.webp\" alt=\"Ilumina\u00e7\u00e3o PDR\">\n        <h2 class=\"hbc_button-h2\" style=\"color:#7a003c;\">Ilumina\u00e7\u00e3o PDR<\/h2>\n        <span class=\"hbc_button-p\" style=\"color:#4c4c4c;\">L\u00e2mpadas e sistemas de ilumina\u00e7\u00e3o PDR ajust\u00e1veis e flex\u00edveis. Quando se procede \u00e0 remo\u00e7\u00e3o de mossas sem pintura, s\u00e3o essenciais condi\u00e7\u00f5es de luz \u00f3ptimas, especialmente no caso das inspec\u00e7\u00f5es finais. As l\u00e2mpadas ou placas reflectoras iluminam a \u00e1rea afetada<\/h3>\n    <\/div>\n<\/div>\n<\/a>\n\t\t\t<!-- end HBC Button v2 --><\/div><\/div><\/div><\/div><\/div><\/div><\/div><\/div><\/div><\/div><\/div><\/div>\n<\/section>","protected":false},"excerpt":{"rendered":"Paintless Dent Removal Systems and Tools Our range of custom designed PDR systems (Paintless dent removal) enables an inexpensive repair of small dents without having to repaint the car - preserving the original paint. The versatility of our PDR tools and systems including adjustable multi-angle Magnetic PDR Systems The Magnetic Dent removal system is an [...]","protected":false},"author":1,"featured_media":0,"parent":40,"menu_order":0,"comment_status":"closed","ping_status":"closed","template":"templates\/page-full.php","meta":{"content-type":"","inline_featured_image":false,"_monsterinsights_skip_tracking":false,"_monsterinsights_sitenote_active":false,"_monsterinsights_sitenote_note":"","_monsterinsights_sitenote_category":0,"footnotes":""},"class_list":["post-1024","page","type-page","status-publish","hentry"],"yoast_head":"<!-- This site is optimized with the Yoast SEO Premium plugin v19.6 (Yoast SEO v24.2) - https:\/\/yoast.com\/wordpress\/plugins\/seo\/ -->\n<title>Paintless Dent Removal Systems PDR<\/title>\n<meta name=\"description\" content=\"The Paintless Dent Removal Systems make it possible to repair minor dents without having to repaint the car. PDR tool for all occasions.\" \/>\n<meta name=\"robots\" content=\"index, follow, max-snippet:-1, max-image-preview:large, max-video-preview:-1\" \/>\n<link rel=\"canonical\" href=\"https:\/\/hbc-system.com\/pt\/wp-json\/wp\/v2\/pages\/1024\" \/>\n<meta property=\"og:locale\" content=\"pt_PT\" \/>\n<meta property=\"og:type\" content=\"article\" \/>\n<meta property=\"og:title\" content=\"Paintless Dent Removal Systems PDR\" \/>\n<meta property=\"og:description\" content=\"The Paintless Dent Removal Systems make it possible to repair minor dents without having to repaint the car. PDR tool for all occasions.\" \/>\n<meta property=\"og:url\" content=\"https:\/\/hbc-system.com\/pt\/produtos\/sistemas-de-remocao-de-mossas-sem-pintura-pdr\/\" \/>\n<meta property=\"og:site_name\" content=\"HBC System\" \/>\n<meta property=\"article:publisher\" content=\"https:\/\/www.facebook.com\/hbcsystems\" \/>\n<meta property=\"article:modified_time\" content=\"2023-02-24T10:14:58+00:00\" \/>\n<meta name=\"twitter:card\" content=\"summary_large_image\" \/>\n<meta name=\"twitter:label1\" content=\"Tempo estimado de leitura\" \/>\n\t<meta name=\"twitter:data1\" content=\"1 minuto\" \/>\n<script type=\"application\/ld+json\" class=\"yoast-schema-graph\">{\n\t    \"@context\": \"https:\/\/schema.org\",\n\t    \"@graph\": [\n\t        {\n\t            \"@type\": \"WebPage\",\n\t            \"@id\": \"https:\/\/hbc-system.com\/nl\/producten\/roestvrije-deukverwijderingssystemen-pdr\",\n\t            \"url\": \"https:\/\/hbc-system.com\/nl\/producten\/roestvrije-deukverwijderingssystemen-pdr\",\n\t            \"name\": \"Paintless Dent Removal Systems PDR\",\n\t            \"isPartOf\": {\n\t                \"@id\": \"https:\/\/hbc-system.com\/fr_be\/#website\"\n\t            },\n\t            \"datePublished\": \"2022-10-12T13:04:58+00:00\",\n\t            \"dateModified\": \"2023-02-24T10:14:58+00:00\",\n\t            \"description\": \"The Paintless Dent Removal Systems make it possible to repair minor dents without having to repaint the car. PDR tool for all occasions.\",\n\t            \"breadcrumb\": {\n\t                \"@id\": \"https:\/\/hbc-system.com\/nl\/producten\/roestvrije-deukverwijderingssystemen-pdr#breadcrumb\"\n\t            },\n\t            \"inLanguage\": \"pt-PT\",\n\t            \"potentialAction\": [\n\t                {\n\t                    \"@type\": \"ReadAction\",\n\t                    \"target\": [\n\t                        \"https:\/\/hbc-system.com\/nl\/producten\/roestvrije-deukverwijderingssystemen-pdr\"\n\t                    ]\n\t                }\n\t            ]\n\t        },\n\t        {\n\t            \"@type\": \"BreadcrumbList\",\n\t            \"@id\": \"https:\/\/hbc-system.com\/nl\/producten\/roestvrije-deukverwijderingssystemen-pdr#breadcrumb\",\n\t            \"itemListElement\": [\n\t                {\n\t                    \"@type\": \"ListItem\",\n\t                    \"position\": 1,\n\t                    \"name\": \"Home\",\n\t                    \"item\": \"https:\/\/hbc-system.com\/\"\n\t                },\n\t                {\n\t                    \"@type\": \"ListItem\",\n\t                    \"position\": 2,\n\t                    \"name\": \"Products\",\n\t                    \"item\": \"https:\/\/hbc-system.com\/products\"\n\t                },\n\t                {\n\t                    \"@type\": \"ListItem\",\n\t                    \"position\": 3,\n\t                    \"name\": \"Paintless Dent Removal Systems PDR\"\n\t                }\n\t            ]\n\t        },\n\t        {\n\t            \"@type\": \"WebSite\",\n\t            \"@id\": \"https:\/\/hbc-system.com\/fr_be\/#website\",\n\t            \"url\": \"https:\/\/hbc-system.com\/fr_be\/\",\n\t            \"name\": \"HBC System\",\n\t            \"description\": \"\",\n\t            \"potentialAction\": [\n\t                {\n\t                    \"@type\": \"SearchAction\",\n\t                    \"target\": {\n\t                        \"@type\": \"EntryPoint\",\n\t                        \"urlTemplate\": \"https:\/\/hbc-system.com\/fr_be\/?s={search_term_string}\"\n\t                    },\n\t                    \"query-input\": {\n\t                        \"@type\": \"PropertyValueSpecification\",\n\t                        \"valueRequired\": true,\n\t                        \"valueName\": \"search_term_string\"\n\t                    }\n\t                }\n\t            ],\n\t            \"inLanguage\": \"pt-PT\"\n\t        }\n\t    ]\n\t}<\/script>\n<!-- \/ Yoast SEO Premium plugin. -->","yoast_head_json":{"title":"Sistemas de remo\u00e7\u00e3o de mossas sem pintura PDR","description":"Os sistemas de remo\u00e7\u00e3o de mossas sem pintura permitem reparar pequenas mossas sem ter de repintar o autom\u00f3vel. Ferramenta PDR para todas as ocasi\u00f5es.","robots":{"index":"index","follow":"follow","max-snippet":"max-snippet:-1","max-image-preview":"max-image-preview:large","max-video-preview":"max-video-preview:-1"},"canonical":"https:\/\/hbc-system.com\/pt\/wp-json\/wp\/v2\/pages\/1024","og_locale":"pt_PT","og_type":"article","og_title":"Paintless Dent Removal Systems PDR","og_description":"The Paintless Dent Removal Systems make it possible to repair minor dents without having to repaint the car. PDR tool for all occasions.","og_url":"https:\/\/hbc-system.com\/pt\/produtos\/sistemas-de-remocao-de-mossas-sem-pintura-pdr\/","og_site_name":"HBC System","article_publisher":"https:\/\/www.facebook.com\/hbcsystems","article_modified_time":"2023-02-24T10:14:58+00:00","twitter_card":"summary_large_image","twitter_misc":{"Tempo estimado de leitura":"1 minuto"},"schema":{"@context":"https:\/\/schema.org","@graph":[{"@type":"WebPage","@id":"https:\/\/hbc-system.com\/nl\/producten\/roestvrije-deukverwijderingssystemen-pdr","url":"https:\/\/hbc-system.com\/nl\/producten\/roestvrije-deukverwijderingssystemen-pdr","name":"Sistemas de remo\u00e7\u00e3o de mossas sem pintura PDR","isPartOf":{"@id":"https:\/\/hbc-system.com\/fr_be\/#website"},"datePublished":"2022-10-12T13:04:58+00:00","dateModified":"2023-02-24T10:14:58+00:00","description":"Os sistemas de remo\u00e7\u00e3o de mossas sem pintura permitem reparar pequenas mossas sem ter de repintar o autom\u00f3vel. Ferramenta PDR para todas as ocasi\u00f5es.","breadcrumb":{"@id":"https:\/\/hbc-system.com\/nl\/producten\/roestvrije-deukverwijderingssystemen-pdr#breadcrumb"},"inLanguage":"pt-PT","potentialAction":[{"@type":"ReadAction","target":["https:\/\/hbc-system.com\/nl\/producten\/roestvrije-deukverwijderingssystemen-pdr"]}]},{"@type":"BreadcrumbList","@id":"https:\/\/hbc-system.com\/nl\/producten\/roestvrije-deukverwijderingssystemen-pdr#breadcrumb","itemListElement":[{"@type":"ListItem","position":1,"name":"Home","item":"https:\/\/hbc-system.com\/"},{"@type":"ListItem","position":2,"name":"Products","item":"https:\/\/hbc-system.com\/products"},{"@type":"ListItem","position":3,"name":"Paintless Dent Removal Systems PDR"}]},{"@type":"WebSite","@id":"https:\/\/hbc-system.com\/fr_be\/#website","url":"https:\/\/hbc-system.com\/fr_be\/","name":"Sistema HBC","description":"","potentialAction":[{"@type":"SearchAction","target":{"@type":"EntryPoint","urlTemplate":"https:\/\/hbc-system.com\/fr_be\/?s={search_term_string}"},"query-input":{"@type":"PropertyValueSpecification","valueRequired":true,"valueName":"search_term_string"}}],"inLanguage":"pt-PT"}]}},"_links":{"self":[{"href":"https:\/\/hbc-system.com\/pt\/wp-json\/wp\/v2\/pages\/1024","targetHints":{"allow":["GET"]}}],"collection":[{"href":"https:\/\/hbc-system.com\/pt\/wp-json\/wp\/v2\/pages"}],"about":[{"href":"https:\/\/hbc-system.com\/pt\/wp-json\/wp\/v2\/types\/page"}],"author":[{"embeddable":true,"href":"https:\/\/hbc-system.com\/pt\/wp-json\/wp\/v2\/users\/1"}],"replies":[{"embeddable":true,"href":"https:\/\/hbc-system.com\/pt\/wp-json\/wp\/v2\/comments?post=1024"}],"version-history":[{"count":0,"href":"https:\/\/hbc-system.com\/pt\/wp-json\/wp\/v2\/pages\/1024\/revisions"}],"up":[{"embeddable":true,"href":"https:\/\/hbc-system.com\/pt\/wp-json\/wp\/v2\/pages\/40"}],"wp:attachment":[{"href":"https:\/\/hbc-system.com\/pt\/wp-json\/wp\/v2\/media?parent=1024"}],"curies":[{"name":"wp","href":"https:\/\/api.w.org\/{rel}","templated":true}]}}