{"id":2713,"date":"2022-11-28T16:03:54","date_gmt":"2022-11-28T16:03:54","guid":{"rendered":"http:\/\/70.34.210.26\/?page_id=2713"},"modified":"2023-04-21T12:41:49","modified_gmt":"2023-04-21T12:41:49","slug":"extracao-em-cabinas-de-pintura","status":"publish","type":"page","link":"https:\/\/hbc-system.com\/pt\/products\/paint-booth-extraction","title":{"rendered":"Cabina de pintura e extra\u00e7\u00e3o"},"content":{"rendered":"<section class=\"wpb-content-wrapper\"><div class=\"nm-row nm-row-full-nopad vc_row wpb_row\"><div class=\"nm_column wpb_column vc_column_container col-sm-12 vc_col-sm-12\"><div class=\"vc_column-inner\"><div class=\"wpb_wrapper\"><!-- start HBC Header -->\n\t\t<link id='uc_fonts_googleapis_com_css_family_montserrat_400_700-css' href='https:\/\/fonts.googleapis.com\/css?family=Montserrat:400,700' type='text\/css' rel='stylesheet' >\n\t\t<link id='uc_fonts_googleapis_com_css_family_lobster-css' href='https:\/\/fonts.googleapis.com\/css?family=Lobster' type='text\/css' rel='stylesheet' >\n\n\t\t\t<style type=\"text\/css\">\/* addon: HBC Header *\/\n\n.hbc-header {\n    position: relative;\n    overflow: hidden;\n    }\n.hbc-header-p br {\ndisplay: none;}\n\n.hbc-header-image {\nwidth: 100%;\nheight: auto;\nobject-fit: cover;\nmax-height: 550px;\naspect-ratio: 19 \/ 6;\n}\n\n@media (max-width: 1200px) {\n.hbc-header-h1 {\n    display: table;\n    font-weight: bold;\n    margin: 0;\n    width: 100%;\n    text-align: left;\n    background: rgba(0,0,0,0.75);\n    font-size: 18px;\n    color: #FFF;\n    text-transform: uppercase;\n    padding: 10px 5px;\n}\n\n.hbc-header-p {\n    font-size: 14px;\n    color: #FFF;\n    background: rgba(0,0,0,0.8);\n    margin: 0;\n    padding: 10px 5px;\n    width: 100%;\n}\n}\n\n\n@media (min-width: 1200px) {\n.hbc-header-h1 {\ndisplay: table;\n    z-index: 99;\n    font-weight: bold;\n    margin-bottom: 15px;\n    left: 20%;\n    top: 50px;\n    width: 550px;\n    text-align: left;\n    background: rgba(0,0,0,0.75);\n    font-size: 30px;\n    color: #FFF;\n    text-transform: uppercase;\n    padding: 15px;\n}\n.hbc-header-p {\n    z-index: 99;\n    margin: 0;\n    left: 20%;\n    top: 170px;\n    width: 550px;\n    text-align: left;\n    font-size: 17px;\n    line-height: 1.5;\n    background: rgba(0,0,0,0.75);\n    padding: 15px;\n    color: #FFF;\n}\n.notmobile {\nposition: absolute;\n    top: 50px;\n    left: 20%;\n}}\n\n}\n\n<\/style>\n\n\t\t\t<div class=\"hbc-header\">\n    <img decoding=\"async\" class=\"hbc-header-image\" height=\"\" width=\"\" alt=\"Cabina de pintura e extra\u00e7\u00e3o\" src=\"https:\/\/hbc-system.com\/wp-content\/uploads\/header-paint-booths-filterbanks-1.webp\" \/>\n    <div class=\"notmobile\">\n     <h1 class=\"hbc-header-h1\" style=\"color:white;\">Cabina de pintura e extra\u00e7\u00e3o<\/h1>\n     <h2 class=\"hbc-header-p\" style=\"display: table\">Cabina de pintura m\u00f3vel e unidades de filtragem\/extra\u00e7\u00e3o<\/h2>\n    <\/div>\n   \n\t\t\t\t<\/div>\n\n\t\t<\/div>\n\n<p id=\"breadcrumbs\">\n    <span><span><a href=\"https:\/\/hbc-system.com\/pt\/\">In\u00edcio<\/a><\/span><\/span>\n    <\/p>\n<\/div>\n\t\t\t<!-- end HBC Header --><\/div><\/div><\/div><\/div><div class=\"nm-row nm-row-full vc_row wpb_row\"><div class=\"nm_column wpb_column vc_column_container col-sm-12 vc_col-sm-12\"><div class=\"vc_column-inner\"><div class=\"wpb_wrapper\"><div class=\"templatera_shortcode\"><div class=\"nm-row nm-row-full vc_row wpb_row  flex vc_custom_1675765559414\"><div class=\"nm_column wpb_column vc_column_container col-sm-12 vc_col-sm-12\"><div class=\"vc_column-inner\"><div class=\"wpb_wrapper\"><div class=\"nm-row nm-row-full inner nm-row-flex nm-row-col-middle  vc_custom_1667979675307\"><div class=\"nm_column nm_column_inner col-sm-4 vc_col-sm-4 vc_custom_1666878146216\"><div class=\"wpb_wrapper\"><!-- start HBC Button v2 -->\n\t\t<link id='uc_fonts_googleapis_com_css_family_roboto-css' href='https:\/\/fonts.googleapis.com\/css?family=Roboto' type='text\/css' rel='stylesheet' >\n\n\t\t\t<style type=\"text\/css\">\/* addon: HBC Button v2 *\/\n\n.hbc_box_button:hover {transition: all 0.3s;\nopacity: 0.7;\n}\n.hbc_box_button {transition: all 0.3s;\nopacity: 1;\n}\n\n.hbc_button-img {\n    width: 100%;\n    }\n.hbc_button-h2 {\n    margin: 20px 20px 10px 20px;\n    font-size: 20px;\n    line-height: 1.3;\n    text-align: left;\n    font-family: Montserrat;\n    font-weight: 700;\n    font-style: normal;\n}\n.hbc_button-p {\n\n    margin: 0px 20px 20px 20px;\n   \n  display: -webkit-box;\n    max-width: 100%;\n    -webkit-line-clamp: 2;\n    -webkit-box-orient: vertical;\n    overflow: hidden;\nfont-size: 12px;\nline-height: 1.3;\ntext-align: left;\nfont-family:Montserrat;\nfont-weight:400;\nfont-style:normal\n}\n\n.hbc_inner_button {\n\n}\n\n<\/style>\n\n\t\t\t<a class=\"hbc_box_button\" href=\"https:\/\/hbc-system.com\/pt\/produtos\/extracao-em-cabinas-de-pintura\/cabina-de-pintura-hibrida-2\/\">\n<div class=\"hbc_box_inner\">\n\t<div class=\"hbc_inner_button\" style=\" background:#F6F6F6;\"> \n    \t<img decoding=\"async\" class=\"hbc_button-img\" src=\"https:\/\/hbc-system.com\/wp-content\/uploads\/hybrid-paint-booth-header.webp\" alt=\"Cabina de pintura Smart Repair\">\n        <h2 class=\"hbc_button-h2\" style=\"color:#7a003c;\">Cabina de pintura Smart Repair<\/h2>\n        <span class=\"hbc_button-p\" style=\"color:#4c4c4c;\">A cabina de pintura h\u00edbrida m\u00f3vel permite-lhe pintar em qualquer lugar. Fixa-se diretamente \u00e0 \u00e1rea danificada do autom\u00f3vel, criando um espa\u00e7o fechado para a repara\u00e7\u00e3o perfeita do local. O que verdadeiramente distingue a cabina de pintura h\u00edbrida m\u00f3vel de todos os produtos equivalentes \u00e9 a localiza\u00e7\u00e3o do pintor. Ao contr\u00e1rio das solu\u00e7\u00f5es tradicionais, o pintor est\u00e1 localizado em seguran\u00e7a no exterior da cabina de pintura, em vez de trabalhar no interior, juntamente com fumos e subst\u00e2ncias perigosas. O que significa que um trabalho de pintura pode ser efectuado completamente sem m\u00e1scara, \u00f3culos, etc.<\/h3>\n    <\/div>\n<\/div>\n<\/a>\n\t\t\t<!-- end HBC Button v2 --><\/div><\/div><div class=\"nm_column nm_column_inner col-sm-4 vc_col-sm-4 vc_custom_1666878207875\"><div class=\"wpb_wrapper\"><!-- start HBC Button v2 -->\n\n\t\t\t<style type=\"text\/css\">\/* addon: HBC Button v2 *\/\n\n.hbc_box_button:hover {transition: all 0.3s;\nopacity: 0.7;\n}\n.hbc_box_button {transition: all 0.3s;\nopacity: 1;\n}\n\n.hbc_button-img {\n    width: 100%;\n    }\n.hbc_button-h2 {\n    margin: 20px 20px 10px 20px;\n    font-size: 20px;\n    line-height: 1.3;\n    text-align: left;\n    font-family: Montserrat;\n    font-weight: 700;\n    font-style: normal;\n}\n.hbc_button-p {\n\n    margin: 0px 20px 20px 20px;\n   \n  display: -webkit-box;\n    max-width: 100%;\n    -webkit-line-clamp: 2;\n    -webkit-box-orient: vertical;\n    overflow: hidden;\nfont-size: 12px;\nline-height: 1.3;\ntext-align: left;\nfont-family:Montserrat;\nfont-weight:400;\nfont-style:normal\n}\n\n.hbc_inner_button {\n\n}\n\n<\/style>\n\n\t\t\t<a class=\"hbc_box_button\" href=\"https:\/\/hbc-system.com\/pt\/produtos\/extracao-em-cabinas-de-pintura\/banco-de-filtros-smartwall\/\">\n<div class=\"hbc_box_inner\">\n\t<div class=\"hbc_inner_button\" style=\" background:#F6F6F6;\"> \n    \t<img decoding=\"async\" class=\"hbc_button-img\" src=\"https:\/\/hbc-system.com\/wp-content\/uploads\/smart-wall-header.webp\" alt=\"Banco de filtros e Smartwall - extra\u00e7\u00e3o\">\n        <h2 class=\"hbc_button-h2\" style=\"color:#7a003c;\">Banco de filtros e Smartwall - extra\u00e7\u00e3o<\/h2>\n        <span class=\"hbc_button-p\" style=\"color:#4c4c4c;\">A SmartWall e o Filterbank s\u00e3o solu\u00e7\u00f5es de repara\u00e7\u00e3o \u00fanicas e de \u00faltima gera\u00e7\u00e3o para a limpeza do ar, a realiza\u00e7\u00e3o de pequenos danos e repara\u00e7\u00f5es n\u00e3o estruturais no interior de uma oficina onde \u00e9 necess\u00e1ria a extra\u00e7\u00e3o de poeiras e fumos. Estas unidades limpam o ar, filtrando todos os COVs e libertando ar limpo! Al\u00e9m disso, o painel de controlo digital permite-lhe documentar a prova de filtragem com toneladas de dados, garantindo a conformidade em qualquer lugar!<\/h3>\n    <\/div>\n<\/div>\n<\/a>\n\t\t\t<!-- end HBC Button v2 --><\/div><\/div><div class=\"nm_column nm_column_inner col-sm-4 vc_col-sm-4 vc_custom_1666878234281\"><div class=\"wpb_wrapper\"><!-- start HBC Button v2 -->\n\n\t\t\t<style type=\"text\/css\">\/* addon: HBC Button v2 *\/\n\n.hbc_box_button:hover {transition: all 0.3s;\nopacity: 0.7;\n}\n.hbc_box_button {transition: all 0.3s;\nopacity: 1;\n}\n\n.hbc_button-img {\n    width: 100%;\n    }\n.hbc_button-h2 {\n    margin: 20px 20px 10px 20px;\n    font-size: 20px;\n    line-height: 1.3;\n    text-align: left;\n    font-family: Montserrat;\n    font-weight: 700;\n    font-style: normal;\n}\n.hbc_button-p {\n\n    margin: 0px 20px 20px 20px;\n   \n  display: -webkit-box;\n    max-width: 100%;\n    -webkit-line-clamp: 2;\n    -webkit-box-orient: vertical;\n    overflow: hidden;\nfont-size: 12px;\nline-height: 1.3;\ntext-align: left;\nfont-family:Montserrat;\nfont-weight:400;\nfont-style:normal\n}\n\n.hbc_inner_button {\n\n}\n\n<\/style>\n\n\t\t\t<a class=\"hbc_box_button\" href=\"https:\/\/hbc-system.com\/pt\/cabina-de-pintura-com-recirculacao\/\">\n<div class=\"hbc_box_inner\">\n\t<div class=\"hbc_inner_button\" style=\" background:#F6F6F6;\"> \n    \t<img decoding=\"async\" class=\"hbc_button-img\" src=\"https:\/\/hbc-system.com\/wp-content\/uploads\/recirculation-booths-header.webp\" alt=\"Cabine de pintura com recircula\u00e7\u00e3o\">\n        <h2 class=\"hbc_button-h2\" style=\"color:#7a003c;\">Cabine de pintura com recircula\u00e7\u00e3o<\/h2>\n        <span class=\"hbc_button-p\" style=\"color:#4c4c4c;\">Uma cabina de pintura vers\u00e1til para pequenas repara\u00e7\u00f5es de danos. Filtra eficazmente os COV, reciclando o ar limpo num circuito fechado para uma zona de trabalho autossuficiente e limpa. Concebida para tarefas mais pequenas, como pintura por pulveriza\u00e7\u00e3o e lixagem.<\/h3>\n    <\/div>\n<\/div>\n<\/a>\n\t\t\t<!-- end HBC Button v2 --><\/div><\/div><\/div><div class=\"nm-row nm-row-full inner nm-row-flex nm-row-col-middle  vc_custom_1705325600918\"><div class=\"nm_column nm_column_inner col-sm-4 vc_col-sm-4 vc_custom_1666878207875\"><div class=\"wpb_wrapper\"><!-- start HBC Button v2 -->\n\n\t\t\t<style type=\"text\/css\">\/* addon: HBC Button v2 *\/\n\n.hbc_box_button:hover {transition: all 0.3s;\nopacity: 0.7;\n}\n.hbc_box_button {transition: all 0.3s;\nopacity: 1;\n}\n\n.hbc_button-img {\n    width: 100%;\n    }\n.hbc_button-h2 {\n    margin: 20px 20px 10px 20px;\n    font-size: 20px;\n    line-height: 1.3;\n    text-align: left;\n    font-family: Montserrat;\n    font-weight: 700;\n    font-style: normal;\n}\n.hbc_button-p {\n\n    margin: 0px 20px 20px 20px;\n   \n  display: -webkit-box;\n    max-width: 100%;\n    -webkit-line-clamp: 2;\n    -webkit-box-orient: vertical;\n    overflow: hidden;\nfont-size: 12px;\nline-height: 1.3;\ntext-align: left;\nfont-family:Montserrat;\nfont-weight:400;\nfont-style:normal\n}\n\n.hbc_inner_button {\n\n}\n\n<\/style>\n\n\t\t\t<a class=\"hbc_box_button\" href=\"https:\/\/hbc-system.com\/pt\/produtos\/sistemas-de-reparacao-de-jantes-de-liga-leve-equipamento\/maquina-de-pintar-rodas\/\">\n<div class=\"hbc_box_inner\">\n\t<div class=\"hbc_inner_button\" style=\" background:#F6F6F6;\"> \n    \t<img decoding=\"async\" class=\"hbc_button-img\" src=\"https:\/\/hbc-system.com\/wp-content\/uploads\/wheel-paint-robot-header.webp\" alt=\"Cabina de pintura de rodas - Automatizada\">\n        <h2 class=\"hbc_button-h2\" style=\"color:#7a003c;\">Cabina de pintura de rodas - Automatizada<\/h2>\n        <span class=\"hbc_button-p\" style=\"color:#4c4c4c;\">A primeira m\u00e1quina de pintura de jantes totalmente autom\u00e1tica do mundo. Um robot patenteado, capaz de pintar ambos os lados de uma roda do in\u00edcio ao fim, totalmente automatizado, utilizando uma pistola de pulveriza\u00e7\u00e3o normal ou um aerossol. Elimina qualquer adivinha\u00e7\u00e3o ou inconsist\u00eancia na pintura de jantes! <\/h3>\n    <\/div>\n<\/div>\n<\/a>\n\t\t\t<!-- end HBC Button v2 --><\/div><\/div><div class=\"nm_column nm_column_inner col-sm-4 vc_col-sm-4 vc_custom_1666878146216\"><div class=\"wpb_wrapper\"><!-- start HBC Button v2 -->\n\n\t\t\t<style type=\"text\/css\">\/* addon: HBC Button v2 *\/\n\n.hbc_box_button:hover {transition: all 0.3s;\nopacity: 0.7;\n}\n.hbc_box_button {transition: all 0.3s;\nopacity: 1;\n}\n\n.hbc_button-img {\n    width: 100%;\n    }\n.hbc_button-h2 {\n    margin: 20px 20px 10px 20px;\n    font-size: 20px;\n    line-height: 1.3;\n    text-align: left;\n    font-family: Montserrat;\n    font-weight: 700;\n    font-style: normal;\n}\n.hbc_button-p {\n\n    margin: 0px 20px 20px 20px;\n   \n  display: -webkit-box;\n    max-width: 100%;\n    -webkit-line-clamp: 2;\n    -webkit-box-orient: vertical;\n    overflow: hidden;\nfont-size: 12px;\nline-height: 1.3;\ntext-align: left;\nfont-family:Montserrat;\nfont-weight:400;\nfont-style:normal\n}\n\n.hbc_inner_button {\n\n}\n\n<\/style>\n\n\t\t\t<a class=\"hbc_box_button\" href=\"https:\/\/hbc-system.com\/pt\/produtos\/sistemas-de-reparacao-de-jantes-de-liga-leve-equipamento\/cabina-de-pulverizacao-de-rodas-jantes-de-liga-leve\/\">\n<div class=\"hbc_box_inner\">\n\t<div class=\"hbc_inner_button\" style=\" background:#F6F6F6;\"> \n    \t<img decoding=\"async\" class=\"hbc_button-img\" src=\"https:\/\/hbc-system.com\/wp-content\/uploads\/spray-bay-header.webp\" alt=\"Cabina de pintura de rodas\">\n        <h2 class=\"hbc_button-h2\" style=\"color:#7a003c;\">Cabina de pintura de rodas<\/h2>\n        <span class=\"hbc_button-p\" style=\"color:#4c4c4c;\">A cabina de pintura de jantes, uma solu\u00e7\u00e3o de vanguarda concebida para melhorar o processo de pintura de jantes de liga leve. Com a capacidade de preparar ou pulverizar duas jantes em simult\u00e2neo, esta inovadora ba\u00eda maximiza a efici\u00eancia e a produtividade. <\/h3>\n    <\/div>\n<\/div>\n<\/a>\n\t\t\t<!-- end HBC Button v2 --><\/div><\/div><div class=\"nm_column nm_column_inner col-sm-4 vc_col-sm-4 vc_custom_1666878234281\"><div class=\"wpb_wrapper\"><\/div><\/div><\/div><\/div><\/div><\/div><\/div><\/div><\/div><\/div><\/div><\/div>\n<\/section>","protected":false},"excerpt":{"rendered":"Smart Repair Paint Booth The Mobile Hybrid Paint Booth enables you to paint anywhere. It attaches directly to the damaged area of the car, creating an enclosed space for the perfect spot repair. What truly sets the Mobile Hybrid Spray Booth apart from all equivalent products is the location of the painter. Unlike traditional solutions, [...]","protected":false},"author":2,"featured_media":0,"parent":40,"menu_order":0,"comment_status":"closed","ping_status":"closed","template":"templates\/page-full.php","meta":{"content-type":"","inline_featured_image":false,"_monsterinsights_skip_tracking":false,"_monsterinsights_sitenote_active":false,"_monsterinsights_sitenote_note":"","_monsterinsights_sitenote_category":0,"footnotes":""},"class_list":["post-2713","page","type-page","status-publish","hentry"],"yoast_head":"<!-- This site is optimized with the Yoast SEO Premium plugin v19.6 (Yoast SEO v24.2) - https:\/\/yoast.com\/wordpress\/plugins\/seo\/ -->\n<title>Paint Booth &amp; Extraction<\/title>\n<meta name=\"description\" content=\"Mobile spray booth for spot repairs directly on the car and extraction\/filtration units that filter the VOCs while ensuring full compliance.\" \/>\n<meta name=\"robots\" content=\"index, follow, max-snippet:-1, max-image-preview:large, max-video-preview:-1\" \/>\n<link rel=\"canonical\" href=\"https:\/\/hbc-system.com\/pt\/wp-json\/wp\/v2\/pages\/2713\" \/>\n<meta property=\"og:locale\" content=\"pt_PT\" \/>\n<meta property=\"og:type\" content=\"article\" \/>\n<meta property=\"og:title\" content=\"Paint Booth &amp; Extraction\" \/>\n<meta property=\"og:description\" content=\"Mobile spray booth for spot repairs directly on the car and extraction\/filtration units that filter the VOCs while ensuring full compliance.\" \/>\n<meta property=\"og:url\" content=\"https:\/\/hbc-system.com\/pt\/produtos\/extracao-em-cabinas-de-pintura\/\" \/>\n<meta property=\"og:site_name\" content=\"HBC System\" \/>\n<meta property=\"article:publisher\" content=\"https:\/\/www.facebook.com\/hbcsystems\" \/>\n<meta property=\"article:modified_time\" content=\"2023-04-21T12:41:49+00:00\" \/>\n<meta name=\"twitter:card\" content=\"summary_large_image\" \/>\n<meta name=\"twitter:label1\" content=\"Tempo estimado de leitura\" \/>\n\t<meta name=\"twitter:data1\" content=\"1 minuto\" \/>\n<script type=\"application\/ld+json\" class=\"yoast-schema-graph\">{\n\t    \"@context\": \"https:\/\/schema.org\",\n\t    \"@graph\": [\n\t        {\n\t            \"@type\": \"WebPage\",\n\t            \"@id\": \"https:\/\/hbc-system.com\/products\/paint-booth-extraction\",\n\t            \"url\": \"https:\/\/hbc-system.com\/products\/paint-booth-extraction\",\n\t            \"name\": \"Paint Booth & Extraction\",\n\t            \"isPartOf\": {\n\t                \"@id\": \"https:\/\/hbc-system.com\/fr_be\/#website\"\n\t            },\n\t            \"datePublished\": \"2022-11-28T16:03:54+00:00\",\n\t            \"dateModified\": \"2023-04-21T12:41:49+00:00\",\n\t            \"description\": \"Mobile spray booth for spot repairs directly on the car and extraction\/filtration units that filter the VOCs while ensuring full compliance.\",\n\t            \"breadcrumb\": {\n\t                \"@id\": \"https:\/\/hbc-system.com\/products\/paint-booth-extraction#breadcrumb\"\n\t            },\n\t            \"inLanguage\": \"pt-PT\",\n\t            \"potentialAction\": [\n\t                {\n\t                    \"@type\": \"ReadAction\",\n\t                    \"target\": [\n\t                        \"https:\/\/hbc-system.com\/products\/paint-booth-extraction\"\n\t                    ]\n\t                }\n\t            ]\n\t        },\n\t        {\n\t            \"@type\": \"BreadcrumbList\",\n\t            \"@id\": \"https:\/\/hbc-system.com\/products\/paint-booth-extraction#breadcrumb\",\n\t            \"itemListElement\": [\n\t                {\n\t                    \"@type\": \"ListItem\",\n\t                    \"position\": 1,\n\t                    \"name\": \"Home\",\n\t                    \"item\": \"https:\/\/hbc-system.com\/\"\n\t                },\n\t                {\n\t                    \"@type\": \"ListItem\",\n\t                    \"position\": 2,\n\t                    \"name\": \"Products\",\n\t                    \"item\": \"https:\/\/hbc-system.com\/products\"\n\t                },\n\t                {\n\t                    \"@type\": \"ListItem\",\n\t                    \"position\": 3,\n\t                    \"name\": \"Paint Booth &#038; Extraction\"\n\t                }\n\t            ]\n\t        },\n\t        {\n\t            \"@type\": \"WebSite\",\n\t            \"@id\": \"https:\/\/hbc-system.com\/fr_be\/#website\",\n\t            \"url\": \"https:\/\/hbc-system.com\/fr_be\/\",\n\t            \"name\": \"HBC System\",\n\t            \"description\": \"\",\n\t            \"potentialAction\": [\n\t                {\n\t                    \"@type\": \"SearchAction\",\n\t                    \"target\": {\n\t                        \"@type\": \"EntryPoint\",\n\t                        \"urlTemplate\": \"https:\/\/hbc-system.com\/fr_be\/?s={search_term_string}\"\n\t                    },\n\t                    \"query-input\": {\n\t                        \"@type\": \"PropertyValueSpecification\",\n\t                        \"valueRequired\": true,\n\t                        \"valueName\": \"search_term_string\"\n\t                    }\n\t                }\n\t            ],\n\t            \"inLanguage\": \"pt-PT\"\n\t        }\n\t    ]\n\t}<\/script>\n<!-- \/ Yoast SEO Premium plugin. -->","yoast_head_json":{"title":"Cabina de pintura e extra\u00e7\u00e3o","description":"Cabina de pulveriza\u00e7\u00e3o m\u00f3vel para repara\u00e7\u00f5es pontuais diretamente no autom\u00f3vel e unidades de extra\u00e7\u00e3o\/filtragem que filtram os COV, assegurando simultaneamente a total conformidade.","robots":{"index":"index","follow":"follow","max-snippet":"max-snippet:-1","max-image-preview":"max-image-preview:large","max-video-preview":"max-video-preview:-1"},"canonical":"https:\/\/hbc-system.com\/pt\/wp-json\/wp\/v2\/pages\/2713","og_locale":"pt_PT","og_type":"article","og_title":"Paint Booth & Extraction","og_description":"Mobile spray booth for spot repairs directly on the car and extraction\/filtration units that filter the VOCs while ensuring full compliance.","og_url":"https:\/\/hbc-system.com\/pt\/produtos\/extracao-em-cabinas-de-pintura\/","og_site_name":"HBC System","article_publisher":"https:\/\/www.facebook.com\/hbcsystems","article_modified_time":"2023-04-21T12:41:49+00:00","twitter_card":"summary_large_image","twitter_misc":{"Tempo estimado de leitura":"1 minuto"},"schema":{"@context":"https:\/\/schema.org","@graph":[{"@type":"WebPage","@id":"https:\/\/hbc-system.com\/products\/paint-booth-extraction","url":"https:\/\/hbc-system.com\/products\/paint-booth-extraction","name":"Cabina de pintura e extra\u00e7\u00e3o","isPartOf":{"@id":"https:\/\/hbc-system.com\/fr_be\/#website"},"datePublished":"2022-11-28T16:03:54+00:00","dateModified":"2023-04-21T12:41:49+00:00","description":"Cabina de pulveriza\u00e7\u00e3o m\u00f3vel para repara\u00e7\u00f5es pontuais diretamente no autom\u00f3vel e unidades de extra\u00e7\u00e3o\/filtragem que filtram os COV, assegurando simultaneamente a total conformidade.","breadcrumb":{"@id":"https:\/\/hbc-system.com\/products\/paint-booth-extraction#breadcrumb"},"inLanguage":"pt-PT","potentialAction":[{"@type":"ReadAction","target":["https:\/\/hbc-system.com\/products\/paint-booth-extraction"]}]},{"@type":"BreadcrumbList","@id":"https:\/\/hbc-system.com\/products\/paint-booth-extraction#breadcrumb","itemListElement":[{"@type":"ListItem","position":1,"name":"Home","item":"https:\/\/hbc-system.com\/"},{"@type":"ListItem","position":2,"name":"Products","item":"https:\/\/hbc-system.com\/products"},{"@type":"ListItem","position":3,"name":"Paint Booth &#038; Extraction"}]},{"@type":"WebSite","@id":"https:\/\/hbc-system.com\/fr_be\/#website","url":"https:\/\/hbc-system.com\/fr_be\/","name":"Sistema HBC","description":"","potentialAction":[{"@type":"SearchAction","target":{"@type":"EntryPoint","urlTemplate":"https:\/\/hbc-system.com\/fr_be\/?s={search_term_string}"},"query-input":{"@type":"PropertyValueSpecification","valueRequired":true,"valueName":"search_term_string"}}],"inLanguage":"pt-PT"}]}},"_links":{"self":[{"href":"https:\/\/hbc-system.com\/pt\/wp-json\/wp\/v2\/pages\/2713","targetHints":{"allow":["GET"]}}],"collection":[{"href":"https:\/\/hbc-system.com\/pt\/wp-json\/wp\/v2\/pages"}],"about":[{"href":"https:\/\/hbc-system.com\/pt\/wp-json\/wp\/v2\/types\/page"}],"author":[{"embeddable":true,"href":"https:\/\/hbc-system.com\/pt\/wp-json\/wp\/v2\/users\/2"}],"replies":[{"embeddable":true,"href":"https:\/\/hbc-system.com\/pt\/wp-json\/wp\/v2\/comments?post=2713"}],"version-history":[{"count":3,"href":"https:\/\/hbc-system.com\/pt\/wp-json\/wp\/v2\/pages\/2713\/revisions"}],"predecessor-version":[{"id":5825,"href":"https:\/\/hbc-system.com\/pt\/wp-json\/wp\/v2\/pages\/2713\/revisions\/5825"}],"up":[{"embeddable":true,"href":"https:\/\/hbc-system.com\/pt\/wp-json\/wp\/v2\/pages\/40"}],"wp:attachment":[{"href":"https:\/\/hbc-system.com\/pt\/wp-json\/wp\/v2\/media?parent=2713"}],"curies":[{"name":"wp","href":"https:\/\/api.w.org\/{rel}","templated":true}]}}