{"id":763,"date":"2022-10-11T06:52:09","date_gmt":"2022-10-11T06:52:09","guid":{"rendered":"http:\/\/70.34.210.26\/?page_id=763"},"modified":"2023-02-23T13:04:19","modified_gmt":"2023-02-23T13:04:19","slug":"reparacao-e-substituicao-de-para-brisas","status":"publish","type":"page","link":"https:\/\/hbc-system.com\/pt\/products\/windscreen-repair-and-replacement","title":{"rendered":"Repara\u00e7\u00e3o e substitui\u00e7\u00e3o de para-brisas"},"content":{"rendered":"<section class=\"wpb-content-wrapper\"><div class=\"nm-row nm-row-full-nopad vc_row wpb_row\"><div class=\"nm_column wpb_column vc_column_container col-sm-12 vc_col-sm-12\"><div class=\"vc_column-inner\"><div class=\"wpb_wrapper\"><!-- start HBC Header -->\n\t\t<link id='uc_fonts_googleapis_com_css_family_montserrat_400_700-css' href='https:\/\/fonts.googleapis.com\/css?family=Montserrat:400,700' type='text\/css' rel='stylesheet' >\n\t\t<link id='uc_fonts_googleapis_com_css_family_lobster-css' href='https:\/\/fonts.googleapis.com\/css?family=Lobster' type='text\/css' rel='stylesheet' >\n\n\t\t\t<style type=\"text\/css\">\/* addon: HBC Header *\/\n\n.hbc-header {\n    position: relative;\n    overflow: hidden;\n    }\n.hbc-header-p br {\ndisplay: none;}\n\n.hbc-header-image {\nwidth: 100%;\nheight: auto;\nobject-fit: cover;\nmax-height: 550px;\naspect-ratio: 19 \/ 6;\n}\n\n@media (max-width: 1200px) {\n.hbc-header-h1 {\n    display: table;\n    font-weight: bold;\n    margin: 0;\n    width: 100%;\n    text-align: left;\n    background: rgba(0,0,0,0.75);\n    font-size: 18px;\n    color: #FFF;\n    text-transform: uppercase;\n    padding: 10px 5px;\n}\n\n.hbc-header-p {\n    font-size: 14px;\n    color: #FFF;\n    background: rgba(0,0,0,0.8);\n    margin: 0;\n    padding: 10px 5px;\n    width: 100%;\n}\n}\n\n\n@media (min-width: 1200px) {\n.hbc-header-h1 {\ndisplay: table;\n    z-index: 99;\n    font-weight: bold;\n    margin-bottom: 15px;\n    left: 20%;\n    top: 50px;\n    width: 550px;\n    text-align: left;\n    background: rgba(0,0,0,0.75);\n    font-size: 30px;\n    color: #FFF;\n    text-transform: uppercase;\n    padding: 15px;\n}\n.hbc-header-p {\n    z-index: 99;\n    margin: 0;\n    left: 20%;\n    top: 170px;\n    width: 550px;\n    text-align: left;\n    font-size: 17px;\n    line-height: 1.5;\n    background: rgba(0,0,0,0.75);\n    padding: 15px;\n    color: #FFF;\n}\n.notmobile {\nposition: absolute;\n    top: 50px;\n    left: 20%;\n}}\n\n}\n\n<\/style>\n\n\t\t\t<div class=\"hbc-header\">\n    <img decoding=\"async\" class=\"hbc-header-image\" height=\"\" width=\"\" alt=\"Sistemas de repara\u00e7\u00e3o e remo\u00e7\u00e3o de para-brisas\" src=\"https:\/\/hbc-system.com\/wp-content\/uploads\/D-PRO-0001.jpg\" \/>\n    <div class=\"notmobile\">\n     <h1 class=\"hbc-header-h1\" style=\"color:white;\">Sistemas de repara\u00e7\u00e3o e remo\u00e7\u00e3o de para-brisas<\/h1>\n     <h2 class=\"hbc-header-p\" style=\"display: table\">Concebida para repara\u00e7\u00f5es profissionais de estrias, fissuras e bolhas em para-brisas laminados<\/h2>\n    <\/div>\n   \n\t\t\t\t<\/div>\n\n\t\t<\/div>\n\n<p id=\"breadcrumbs\">\n    <span><span><a href=\"https:\/\/hbc-system.com\/pt\/\">In\u00edcio<\/a><\/span><\/span>\n    <\/p>\n<\/div>\n\t\t\t<!-- end HBC Header --><\/div><\/div><\/div><\/div><div class=\"nm-row nm-row-full vc_row wpb_row  vc_custom_1675690523620\"><div class=\"nm_column wpb_column vc_column_container col-sm-12 vc_col-sm-12\"><div class=\"vc_column-inner\"><div class=\"wpb_wrapper\"><div class=\"templatera_shortcode\"><div class=\"nm-row nm-row-full vc_row wpb_row  flex vc_custom_1675690369646\"><div class=\"nm_column wpb_column vc_column_container col-sm-12 vc_col-sm-12\"><div class=\"vc_column-inner\"><div class=\"wpb_wrapper\"><div class=\"nm-row nm-row-full inner  vc_custom_1675690362046\"><div class=\"nm_column nm_column_inner col-sm-4 vc_col-sm-4 vc_custom_1667985649476\"><div class=\"wpb_wrapper\"><!-- start HBC Button v2 -->\n\t\t<link id='uc_fonts_googleapis_com_css_family_roboto-css' href='https:\/\/fonts.googleapis.com\/css?family=Roboto' type='text\/css' rel='stylesheet' >\n\n\t\t\t<style type=\"text\/css\">\/* addon: HBC Button v2 *\/\n\n.hbc_box_button:hover {transition: all 0.3s;\nopacity: 0.7;\n}\n.hbc_box_button {transition: all 0.3s;\nopacity: 1;\n}\n\n.hbc_button-img {\n    width: 100%;\n    }\n.hbc_button-h2 {\n    margin: 20px 20px 10px 20px;\n    font-size: 20px;\n    line-height: 1.3;\n    text-align: left;\n    font-family: Montserrat;\n    font-weight: 700;\n    font-style: normal;\n}\n.hbc_button-p {\n\n    margin: 0px 20px 20px 20px;\n   \n  display: -webkit-box;\n    max-width: 100%;\n    -webkit-line-clamp: 2;\n    -webkit-box-orient: vertical;\n    overflow: hidden;\nfont-size: 12px;\nline-height: 1.3;\ntext-align: left;\nfont-family:Montserrat;\nfont-weight:400;\nfont-style:normal\n}\n\n.hbc_inner_button {\n\n}\n\n<\/style>\n\n\t\t\t<a class=\"hbc_box_button\" href=\"https:\/\/hbc-system.com\/pt\/produtos\/reparacao-e-substituicao-de-para-brisas\/sistema-de-reparacao-de-para-brisas\/\">\n<div class=\"hbc_box_inner\">\n\t<div class=\"hbc_inner_button\" style=\" background:#F6F6F6;\"> \n    \t<img decoding=\"async\" class=\"hbc_button-img\" src=\"https:\/\/hbc-system.com\/wp-content\/uploads\/d-pro-g5_windscreen_header-1.webp\" alt=\"Sistema de repara\u00e7\u00e3o de para-brisas\">\n        <h2 class=\"hbc_button-h2\" style=\"color:#7a003c;\">Sistema de repara\u00e7\u00e3o de para-brisas<\/h2>\n        <span class=\"hbc_button-p\" style=\"color:#4c4c4c;\">Este sistema de repara\u00e7\u00e3o oferece as repara\u00e7\u00f5es de para-brisas mais r\u00e1pidas do mercado com a mais elevada qualidade. A nova Ponte de Repara\u00e7\u00e3o de Para-brisas patenteada Pro com uma ventosa de press\u00e3o, pernas autonivelantes, indicador de movimento f\u00e1cil e, por \u00faltimo, mas n\u00e3o menos importante, a resina transparente Dualx2 para para-brisas, garante-lhe o melhor sistema de para-brisas do mercado.<\/h3>\n    <\/div>\n<\/div>\n<\/a>\n\t\t\t<!-- end HBC Button v2 --><\/div><\/div><div class=\"nm_column nm_column_inner col-sm-4 vc_col-sm-4 vc_custom_1667985664772\"><div class=\"wpb_wrapper\"><!-- start HBC Button v2 -->\n\n\t\t\t<style type=\"text\/css\">\/* addon: HBC Button v2 *\/\n\n.hbc_box_button:hover {transition: all 0.3s;\nopacity: 0.7;\n}\n.hbc_box_button {transition: all 0.3s;\nopacity: 1;\n}\n\n.hbc_button-img {\n    width: 100%;\n    }\n.hbc_button-h2 {\n    margin: 20px 20px 10px 20px;\n    font-size: 20px;\n    line-height: 1.3;\n    text-align: left;\n    font-family: Montserrat;\n    font-weight: 700;\n    font-style: normal;\n}\n.hbc_button-p {\n\n    margin: 0px 20px 20px 20px;\n   \n  display: -webkit-box;\n    max-width: 100%;\n    -webkit-line-clamp: 2;\n    -webkit-box-orient: vertical;\n    overflow: hidden;\nfont-size: 12px;\nline-height: 1.3;\ntext-align: left;\nfont-family:Montserrat;\nfont-weight:400;\nfont-style:normal\n}\n\n.hbc_inner_button {\n\n}\n\n<\/style>\n\n\t\t\t<a class=\"hbc_box_button\" href=\"https:\/\/hbc-system.com\/pt\/produtos\/reparacao-e-substituicao-de-para-brisas\/sistema-de-corte-do-para-brisas\/\">\n<div class=\"hbc_box_inner\">\n\t<div class=\"hbc_inner_button\" style=\" background:#F6F6F6;\"> \n    \t<img decoding=\"async\" class=\"hbc_button-img\" src=\"https:\/\/hbc-system.com\/wp-content\/uploads\/d_windscreen_replace_header-1.webp\" alt=\"Sistema de corte do para-brisas\">\n        <h2 class=\"hbc_button-h2\" style=\"color:#7a003c;\">Sistema de corte do para-brisas<\/h2>\n        <span class=\"hbc_button-p\" style=\"color:#4c4c4c;\">O sistema de corte do para-brisas remove os para-brisas colados dos ve\u00edculos sem utilizar l\u00e2minas de corte ou fio met\u00e1lico. Uma vez que a ferramenta de corte do para-brisas \u00e9 alimentada por uma chave de fendas el\u00e9ctrica recarreg\u00e1vel*, n\u00e3o requer um grande disp\u00eandio de for\u00e7a. Para cortar o cord\u00e3o adesivo \u00e0 volta do para-brisas, o kit utiliza o fio de corte de alta resist\u00eancia especialmente concebido (Pe\u00e7a n.\u00ba 623). Este fio de remo\u00e7\u00e3o tem um desempenho de corte que \u00e9 semelhante aos cabos de corte de metal padr\u00e3o, mas \u00e9 t\u00e3o macio e flex\u00edvel que evita qualquer dano \u00e0 pintura do ve\u00edculo. A ferramenta \u00e9 constru\u00edda de tal forma que s\u00f3 precisa de ser reposicionada quatro vezes para remover o para-brisas e a ferramenta n\u00e3o precisa de ser modificada durante o processo.<\/h3>\n    <\/div>\n<\/div>\n<\/a>\n\t\t\t<!-- end HBC Button v2 --><\/div><\/div><div class=\"nm_column nm_column_inner col-sm-4 vc_col-sm-4 vc_custom_1667985679977\"><div class=\"wpb_wrapper\"><!-- start HBC Button v2 -->\n\n\t\t\t<style type=\"text\/css\">\/* addon: HBC Button v2 *\/\n\n.hbc_box_button:hover {transition: all 0.3s;\nopacity: 0.7;\n}\n.hbc_box_button {transition: all 0.3s;\nopacity: 1;\n}\n\n.hbc_button-img {\n    width: 100%;\n    }\n.hbc_button-h2 {\n    margin: 20px 20px 10px 20px;\n    font-size: 20px;\n    line-height: 1.3;\n    text-align: left;\n    font-family: Montserrat;\n    font-weight: 700;\n    font-style: normal;\n}\n.hbc_button-p {\n\n    margin: 0px 20px 20px 20px;\n   \n  display: -webkit-box;\n    max-width: 100%;\n    -webkit-line-clamp: 2;\n    -webkit-box-orient: vertical;\n    overflow: hidden;\nfont-size: 12px;\nline-height: 1.3;\ntext-align: left;\nfont-family:Montserrat;\nfont-weight:400;\nfont-style:normal\n}\n\n.hbc_inner_button {\n\n}\n\n<\/style>\n\n\t\t\t<a class=\"hbc_box_button\" href=\"https:\/\/www.smartrepair-shop.com\/product\/windscreen-replacement-system\/\">\n<div class=\"hbc_box_inner\">\n\t<div class=\"hbc_inner_button\" style=\" background:#F6F6F6;\"> \n    \t<img decoding=\"async\" class=\"hbc_button-img\" src=\"https:\/\/hbc-system.com\/wp-content\/uploads\/d_windscreen_replacement_system_header-1.webp\" alt=\"Sistema de substitui\u00e7\u00e3o de para-brisas\">\n        <h2 class=\"hbc_button-h2\" style=\"color:#7a003c;\">Sistema de substitui\u00e7\u00e3o de para-brisas<\/h2>\n        <span class=\"hbc_button-p\" style=\"color:#4c4c4c;\">Todos os tipos de ecr\u00e3s podem ser removidos utilizando o novo sistema de remo\u00e7\u00e3o manual, independentemente do ve\u00edculo - autom\u00f3vel de passageiros, autocarro e mesmo ve\u00edculo pesado de mercadorias. O sistema utiliza facas e raspadores de \u00faltima gera\u00e7\u00e3o, com desenhos especiais.<\/h3>\n    <\/div>\n<\/div>\n<\/a>\n\t\t\t<!-- end HBC Button v2 --><\/div><\/div><\/div><\/div><\/div><\/div><\/div><\/div><\/div><\/div><\/div><\/div>\n<\/section>","protected":false},"excerpt":{"rendered":"Windscreen Repair System This repair system offers the market\u2019s fastest windscreen repairs with the highest quality. The new patented windscreen Repair Bridge Pro with one push vacuum cup, self levelling legs, easy moving indicator, and last but not least the clear Dualx2 windscreen resin, guarantees you the best windscreen system in the market. Windscreen Cutting [...]","protected":false},"author":1,"featured_media":0,"parent":40,"menu_order":0,"comment_status":"closed","ping_status":"closed","template":"templates\/page-full.php","meta":{"content-type":"","inline_featured_image":false,"_monsterinsights_skip_tracking":false,"_monsterinsights_sitenote_active":false,"_monsterinsights_sitenote_note":"","_monsterinsights_sitenote_category":0,"footnotes":""},"class_list":["post-763","page","type-page","status-publish","hentry"],"yoast_head":"<!-- This site is optimized with the Yoast SEO Premium plugin v19.6 (Yoast SEO v24.2) - https:\/\/yoast.com\/wordpress\/plugins\/seo\/ -->\n<title>Windscreen Repair and Replacement<\/title>\n<meta name=\"description\" content=\"HBC Systems Windscreen Repair and Removal Systems are designed for professional repairs of starbursts, cracks and bullseyes in laminated windscreens in all vehicles.\" \/>\n<meta name=\"robots\" content=\"index, follow, max-snippet:-1, max-image-preview:large, max-video-preview:-1\" \/>\n<link rel=\"canonical\" href=\"https:\/\/hbc-system.com\/pt\/wp-json\/wp\/v2\/pages\/763\" \/>\n<meta property=\"og:locale\" content=\"pt_PT\" \/>\n<meta property=\"og:type\" content=\"article\" \/>\n<meta property=\"og:title\" content=\"Windscreen Repair and Replacement\" \/>\n<meta property=\"og:description\" content=\"HBC Systems Windscreen Repair and Removal Systems are designed for professional repairs of starbursts, cracks and bullseyes in laminated windscreens in all vehicles.\" \/>\n<meta property=\"og:url\" content=\"https:\/\/hbc-system.com\/pt\/produtos\/reparacao-e-substituicao-de-para-brisas\/\" \/>\n<meta property=\"og:site_name\" content=\"HBC System\" \/>\n<meta property=\"article:publisher\" content=\"https:\/\/www.facebook.com\/hbcsystems\" \/>\n<meta property=\"article:modified_time\" content=\"2023-02-23T13:04:19+00:00\" \/>\n<meta name=\"twitter:card\" content=\"summary_large_image\" \/>\n<meta name=\"twitter:label1\" content=\"Tempo estimado de leitura\" \/>\n\t<meta name=\"twitter:data1\" content=\"1 minuto\" \/>\n<script type=\"application\/ld+json\" class=\"yoast-schema-graph\">{\n\t    \"@context\": \"https:\/\/schema.org\",\n\t    \"@graph\": [\n\t        {\n\t            \"@type\": \"WebPage\",\n\t            \"@id\": \"https:\/\/hbc-system.com\/fr_ch\/produits\/reparation-et-remplacement-de-pare-brise\",\n\t            \"url\": \"https:\/\/hbc-system.com\/fr_ch\/produits\/reparation-et-remplacement-de-pare-brise\",\n\t            \"name\": \"Windscreen Repair and Replacement\",\n\t            \"isPartOf\": {\n\t                \"@id\": \"https:\/\/hbc-system.com\/fr_be\/#website\"\n\t            },\n\t            \"datePublished\": \"2022-10-11T06:52:09+00:00\",\n\t            \"dateModified\": \"2023-02-23T13:04:19+00:00\",\n\t            \"description\": \"HBC Systems Windscreen Repair and Removal Systems are designed for professional repairs of starbursts, cracks and bullseyes in laminated windscreens in all vehicles.\",\n\t            \"breadcrumb\": {\n\t                \"@id\": \"https:\/\/hbc-system.com\/fr_ch\/produits\/reparation-et-remplacement-de-pare-brise#breadcrumb\"\n\t            },\n\t            \"inLanguage\": \"pt-PT\",\n\t            \"potentialAction\": [\n\t                {\n\t                    \"@type\": \"ReadAction\",\n\t                    \"target\": [\n\t                        \"https:\/\/hbc-system.com\/fr_ch\/produits\/reparation-et-remplacement-de-pare-brise\"\n\t                    ]\n\t                }\n\t            ]\n\t        },\n\t        {\n\t            \"@type\": \"BreadcrumbList\",\n\t            \"@id\": \"https:\/\/hbc-system.com\/fr_ch\/produits\/reparation-et-remplacement-de-pare-brise#breadcrumb\",\n\t            \"itemListElement\": [\n\t                {\n\t                    \"@type\": \"ListItem\",\n\t                    \"position\": 1,\n\t                    \"name\": \"Home\",\n\t                    \"item\": \"https:\/\/hbc-system.com\/\"\n\t                },\n\t                {\n\t                    \"@type\": \"ListItem\",\n\t                    \"position\": 2,\n\t                    \"name\": \"Products\",\n\t                    \"item\": \"https:\/\/hbc-system.com\/products\"\n\t                },\n\t                {\n\t                    \"@type\": \"ListItem\",\n\t                    \"position\": 3,\n\t                    \"name\": \"Windscreen Repair and Replacement\"\n\t                }\n\t            ]\n\t        },\n\t        {\n\t            \"@type\": \"WebSite\",\n\t            \"@id\": \"https:\/\/hbc-system.com\/fr_be\/#website\",\n\t            \"url\": \"https:\/\/hbc-system.com\/fr_be\/\",\n\t            \"name\": \"HBC System\",\n\t            \"description\": \"\",\n\t            \"potentialAction\": [\n\t                {\n\t                    \"@type\": \"SearchAction\",\n\t                    \"target\": {\n\t                        \"@type\": \"EntryPoint\",\n\t                        \"urlTemplate\": \"https:\/\/hbc-system.com\/fr_be\/?s={search_term_string}\"\n\t                    },\n\t                    \"query-input\": {\n\t                        \"@type\": \"PropertyValueSpecification\",\n\t                        \"valueRequired\": true,\n\t                        \"valueName\": \"search_term_string\"\n\t                    }\n\t                }\n\t            ],\n\t            \"inLanguage\": \"pt-PT\"\n\t        }\n\t    ]\n\t}<\/script>\n<!-- \/ Yoast SEO Premium plugin. -->","yoast_head_json":{"title":"Repara\u00e7\u00e3o e substitui\u00e7\u00e3o de para-brisas","description":"Os sistemas de repara\u00e7\u00e3o e remo\u00e7\u00e3o de para-brisas da HBC Systems foram concebidos para repara\u00e7\u00f5es profissionais de estrias, fissuras e bolhas em para-brisas laminados de todos os ve\u00edculos.","robots":{"index":"index","follow":"follow","max-snippet":"max-snippet:-1","max-image-preview":"max-image-preview:large","max-video-preview":"max-video-preview:-1"},"canonical":"https:\/\/hbc-system.com\/pt\/wp-json\/wp\/v2\/pages\/763","og_locale":"pt_PT","og_type":"article","og_title":"Windscreen Repair and Replacement","og_description":"HBC Systems Windscreen Repair and Removal Systems are designed for professional repairs of starbursts, cracks and bullseyes in laminated windscreens in all vehicles.","og_url":"https:\/\/hbc-system.com\/pt\/produtos\/reparacao-e-substituicao-de-para-brisas\/","og_site_name":"HBC System","article_publisher":"https:\/\/www.facebook.com\/hbcsystems","article_modified_time":"2023-02-23T13:04:19+00:00","twitter_card":"summary_large_image","twitter_misc":{"Tempo estimado de leitura":"1 minuto"},"schema":{"@context":"https:\/\/schema.org","@graph":[{"@type":"WebPage","@id":"https:\/\/hbc-system.com\/fr_ch\/produits\/reparation-et-remplacement-de-pare-brise","url":"https:\/\/hbc-system.com\/fr_ch\/produits\/reparation-et-remplacement-de-pare-brise","name":"Repara\u00e7\u00e3o e substitui\u00e7\u00e3o de para-brisas","isPartOf":{"@id":"https:\/\/hbc-system.com\/fr_be\/#website"},"datePublished":"2022-10-11T06:52:09+00:00","dateModified":"2023-02-23T13:04:19+00:00","description":"Os sistemas de repara\u00e7\u00e3o e remo\u00e7\u00e3o de para-brisas da HBC Systems foram concebidos para repara\u00e7\u00f5es profissionais de estrias, fissuras e bolhas em para-brisas laminados de todos os ve\u00edculos.","breadcrumb":{"@id":"https:\/\/hbc-system.com\/fr_ch\/produits\/reparation-et-remplacement-de-pare-brise#breadcrumb"},"inLanguage":"pt-PT","potentialAction":[{"@type":"ReadAction","target":["https:\/\/hbc-system.com\/fr_ch\/produits\/reparation-et-remplacement-de-pare-brise"]}]},{"@type":"BreadcrumbList","@id":"https:\/\/hbc-system.com\/fr_ch\/produits\/reparation-et-remplacement-de-pare-brise#breadcrumb","itemListElement":[{"@type":"ListItem","position":1,"name":"Home","item":"https:\/\/hbc-system.com\/"},{"@type":"ListItem","position":2,"name":"Products","item":"https:\/\/hbc-system.com\/products"},{"@type":"ListItem","position":3,"name":"Windscreen Repair and Replacement"}]},{"@type":"WebSite","@id":"https:\/\/hbc-system.com\/fr_be\/#website","url":"https:\/\/hbc-system.com\/fr_be\/","name":"Sistema HBC","description":"","potentialAction":[{"@type":"SearchAction","target":{"@type":"EntryPoint","urlTemplate":"https:\/\/hbc-system.com\/fr_be\/?s={search_term_string}"},"query-input":{"@type":"PropertyValueSpecification","valueRequired":true,"valueName":"search_term_string"}}],"inLanguage":"pt-PT"}]}},"_links":{"self":[{"href":"https:\/\/hbc-system.com\/pt\/wp-json\/wp\/v2\/pages\/763","targetHints":{"allow":["GET"]}}],"collection":[{"href":"https:\/\/hbc-system.com\/pt\/wp-json\/wp\/v2\/pages"}],"about":[{"href":"https:\/\/hbc-system.com\/pt\/wp-json\/wp\/v2\/types\/page"}],"author":[{"embeddable":true,"href":"https:\/\/hbc-system.com\/pt\/wp-json\/wp\/v2\/users\/1"}],"replies":[{"embeddable":true,"href":"https:\/\/hbc-system.com\/pt\/wp-json\/wp\/v2\/comments?post=763"}],"version-history":[{"count":0,"href":"https:\/\/hbc-system.com\/pt\/wp-json\/wp\/v2\/pages\/763\/revisions"}],"up":[{"embeddable":true,"href":"https:\/\/hbc-system.com\/pt\/wp-json\/wp\/v2\/pages\/40"}],"wp:attachment":[{"href":"https:\/\/hbc-system.com\/pt\/wp-json\/wp\/v2\/media?parent=763"}],"curies":[{"name":"wp","href":"https:\/\/api.w.org\/{rel}","templated":true}]}}