{"id":1024,"date":"2022-10-12T13:04:58","date_gmt":"2022-10-12T13:04:58","guid":{"rendered":"http:\/\/70.34.210.26\/?page_id=1024"},"modified":"2023-02-24T10:14:58","modified_gmt":"2023-02-24T10:14:58","slug":"boyasiz-gocuk-gi%cc%87derme-si%cc%87stemleri%cc%87-pdr","status":"publish","type":"page","link":"https:\/\/hbc-system.com\/tr\/products\/paintless-dent-removal-systems-pdr","title":{"rendered":"Boyas\u0131z G\u00f6\u00e7\u00fck Giderme Sistemleri PDR"},"content":{"rendered":"<section class=\"wpb-content-wrapper\"><div class=\"nm-row nm-row-full-nopad vc_row wpb_row\"><div class=\"nm_column wpb_column vc_column_container col-sm-12 vc_col-sm-12\"><div class=\"vc_column-inner\"><div class=\"wpb_wrapper\"><!-- start HBC Header -->\n\t\t<link id='uc_fonts_googleapis_com_css_family_montserrat_400_700-css' href='https:\/\/fonts.googleapis.com\/css?family=Montserrat:400,700' type='text\/css' rel='stylesheet' >\n\t\t<link id='uc_fonts_googleapis_com_css_family_lobster-css' href='https:\/\/fonts.googleapis.com\/css?family=Lobster' type='text\/css' rel='stylesheet' >\n\n\t\t\t<style type=\"text\/css\">\/* addon: HBC Header *\/\n\n.hbc-header {\n    position: relative;\n    overflow: hidden;\n    }\n.hbc-header-p br {\ndisplay: none;}\n\n.hbc-header-image {\nwidth: 100%;\nheight: auto;\nobject-fit: cover;\nmax-height: 550px;\naspect-ratio: 19 \/ 6;\n}\n\n@media (max-width: 1200px) {\n.hbc-header-h1 {\n    display: table;\n    font-weight: bold;\n    margin: 0;\n    width: 100%;\n    text-align: left;\n    background: rgba(0,0,0,0.75);\n    font-size: 18px;\n    color: #FFF;\n    text-transform: uppercase;\n    padding: 10px 5px;\n}\n\n.hbc-header-p {\n    font-size: 14px;\n    color: #FFF;\n    background: rgba(0,0,0,0.8);\n    margin: 0;\n    padding: 10px 5px;\n    width: 100%;\n}\n}\n\n\n@media (min-width: 1200px) {\n.hbc-header-h1 {\ndisplay: table;\n    z-index: 99;\n    font-weight: bold;\n    margin-bottom: 15px;\n    left: 20%;\n    top: 50px;\n    width: 550px;\n    text-align: left;\n    background: rgba(0,0,0,0.75);\n    font-size: 30px;\n    color: #FFF;\n    text-transform: uppercase;\n    padding: 15px;\n}\n.hbc-header-p {\n    z-index: 99;\n    margin: 0;\n    left: 20%;\n    top: 170px;\n    width: 550px;\n    text-align: left;\n    font-size: 17px;\n    line-height: 1.5;\n    background: rgba(0,0,0,0.75);\n    padding: 15px;\n    color: #FFF;\n}\n.notmobile {\nposition: absolute;\n    top: 50px;\n    left: 20%;\n}}\n\n}\n\n<\/style>\n\n\t\t\t<div class=\"hbc-header\">\n    <img decoding=\"async\" class=\"hbc-header-image\" height=\"\" width=\"\" alt=\"Boyas\u0131z G\u00f6\u00e7\u00fck Giderme Sistemleri (PDR)\" src=\"https:\/\/hbc-system.com\/wp-content\/uploads\/pdr-0001.jpg\" \/>\n    <div class=\"notmobile\">\n     <h1 class=\"hbc-header-h1\" style=\"color:white;\">Boyas\u0131z G\u00f6\u00e7\u00fck Giderme Sistemleri (PDR)<\/h1>\n     <h2 class=\"hbc-header-p\" style=\"display: table\">Boyas\u0131z g\u00f6\u00e7\u00fck giderme ekipman\u0131 ve PDR ara\u00e7lar\u0131, arac\u0131n yeniden boyanmas\u0131na gerek kalmadan k\u00fc\u00e7\u00fck g\u00f6\u00e7\u00fcklerin ucuz bir \u015fekilde onar\u0131lmas\u0131n\u0131 sa\u011flar - orijinal boya korunur<\/h2>\n    <\/div>\n   \n\t\t\t\t<\/div>\n\n\t\t<\/div>\n\n<p id=\"breadcrumbs\">\n    <span><span><a href=\"https:\/\/hbc-system.com\/tr\/\">Ev<\/a><\/span><\/span>\n    <\/p>\n<\/div>\n\t\t\t<!-- end HBC Header --><\/div><\/div><\/div><\/div><div class=\"nm-row nm-row-full vc_row wpb_row  vc_custom_1675756284663\"><div class=\"nm_column wpb_column vc_column_container col-sm-12 vc_col-sm-12\"><div class=\"vc_column-inner\"><div class=\"wpb_wrapper\"><div class=\"templatera_shortcode\"><div class=\"nm-row nm-row-full vc_row wpb_row  flex\"><div class=\"nm_column wpb_column vc_column_container col-sm-12 vc_col-sm-12\"><div class=\"vc_column-inner\"><div class=\"wpb_wrapper\"><div class=\"nm-row nm-row-full inner  vc_custom_1667991008895\"><div class=\"nm_column nm_column_inner col-sm-4 vc_col-sm-4 vc_custom_1667473173774\"><div class=\"wpb_wrapper\"><!-- start HBC Button v2 -->\n\t\t<link id='uc_fonts_googleapis_com_css_family_roboto-css' href='https:\/\/fonts.googleapis.com\/css?family=Roboto' type='text\/css' rel='stylesheet' >\n\n\t\t\t<style type=\"text\/css\">\/* addon: HBC Button v2 *\/\n\n.hbc_box_button:hover {transition: all 0.3s;\nopacity: 0.7;\n}\n.hbc_box_button {transition: all 0.3s;\nopacity: 1;\n}\n\n.hbc_button-img {\n    width: 100%;\n    }\n.hbc_button-h2 {\n    margin: 20px 20px 10px 20px;\n    font-size: 20px;\n    line-height: 1.3;\n    text-align: left;\n    font-family: Montserrat;\n    font-weight: 700;\n    font-style: normal;\n}\n.hbc_button-p {\n\n    margin: 0px 20px 20px 20px;\n   \n  display: -webkit-box;\n    max-width: 100%;\n    -webkit-line-clamp: 2;\n    -webkit-box-orient: vertical;\n    overflow: hidden;\nfont-size: 12px;\nline-height: 1.3;\ntext-align: left;\nfont-family:Montserrat;\nfont-weight:400;\nfont-style:normal\n}\n\n.hbc_inner_button {\n\n}\n\n<\/style>\n\n\t\t\t<a class=\"hbc_box_button\" href=\"https:\/\/hbc-system.com\/tr\/urunler\/boyasiz-gocuk-gi%cc%87derme-si%cc%87stemleri%cc%87-pdr\/boyasiz-gocuk-giderme-sistemleri\/\">\n<div class=\"hbc_box_inner\">\n\t<div class=\"hbc_inner_button\" style=\" background:#F6F6F6;\"> \n    \t<img decoding=\"async\" class=\"hbc_button-img\" src=\"https:\/\/hbc-system.com\/wp-content\/uploads\/pdr-header-1.webp\" alt=\"Boyas\u0131z G\u00f6\u00e7\u00fck Giderme Sistemleri ve Ara\u00e7lar\u0131\">\n        <h2 class=\"hbc_button-h2\" style=\"color:#7a003c;\">Boyas\u0131z G\u00f6\u00e7\u00fck Giderme Sistemleri ve Ara\u00e7lar\u0131<\/h2>\n        <span class=\"hbc_button-p\" style=\"color:#4c4c4c;\">\u00d6zel tasarlanm\u0131\u015f PDR sistemleri (Boyas\u0131z g\u00f6\u00e7\u00fck giderme) yelpazemiz, arac\u0131 yeniden boyamak zorunda kalmadan k\u00fc\u00e7\u00fck g\u00f6\u00e7\u00fcklerin ucuz bir \u015fekilde onar\u0131lmas\u0131n\u0131 sa\u011flar - orijinal boyay\u0131 korur. PDR ara\u00e7lar\u0131m\u0131z\u0131n ve sistemlerimizin \u00e7ok y\u00f6nl\u00fcl\u00fc\u011f\u00fc, ayarlanabilir \u00e7ok a\u00e7\u0131l\u0131<\/h3>\n    <\/div>\n<\/div>\n<\/a>\n\t\t\t<!-- end HBC Button v2 --><\/div><\/div><div class=\"nm_column nm_column_inner col-sm-4 vc_col-sm-4 vc_custom_1667473190420\"><div class=\"wpb_wrapper\"><!-- start HBC Button v2 -->\n\n\t\t\t<style type=\"text\/css\">\/* addon: HBC Button v2 *\/\n\n.hbc_box_button:hover {transition: all 0.3s;\nopacity: 0.7;\n}\n.hbc_box_button {transition: all 0.3s;\nopacity: 1;\n}\n\n.hbc_button-img {\n    width: 100%;\n    }\n.hbc_button-h2 {\n    margin: 20px 20px 10px 20px;\n    font-size: 20px;\n    line-height: 1.3;\n    text-align: left;\n    font-family: Montserrat;\n    font-weight: 700;\n    font-style: normal;\n}\n.hbc_button-p {\n\n    margin: 0px 20px 20px 20px;\n   \n  display: -webkit-box;\n    max-width: 100%;\n    -webkit-line-clamp: 2;\n    -webkit-box-orient: vertical;\n    overflow: hidden;\nfont-size: 12px;\nline-height: 1.3;\ntext-align: left;\nfont-family:Montserrat;\nfont-weight:400;\nfont-style:normal\n}\n\n.hbc_inner_button {\n\n}\n\n<\/style>\n\n\t\t\t<a class=\"hbc_box_button\" href=\"https:\/\/hbc-system.com\/tr\/urunler\/boyasiz-gocuk-gi%cc%87derme-si%cc%87stemleri%cc%87-pdr\/manyeti%cc%87k-pdr-si%cc%87stemleri%cc%87\/\">\n<div class=\"hbc_box_inner\">\n\t<div class=\"hbc_inner_button\" style=\" background:#F6F6F6;\"> \n    \t<img decoding=\"async\" class=\"hbc_button-img\" src=\"https:\/\/hbc-system.com\/wp-content\/uploads\/g-pdr-magnetic-header-1.webp\" alt=\"Manyetik PDR Sistemleri\">\n        <h2 class=\"hbc_button-h2\" style=\"color:#7a003c;\">Manyetik PDR Sistemleri<\/h2>\n        <span class=\"hbc_button-p\" style=\"color:#4c4c4c;\">Manyetik G\u00f6\u00e7\u00fck giderme sistemi \u00f6nemli bir PDR e\u011fitim arac\u0131d\u0131r. El-g\u00f6z koordinasyonu e\u011fitimi, Boyas\u0131z G\u00f6\u00e7\u00fck Onar\u0131m\u0131 e\u011fitimi s\u0131ras\u0131nda en zor egzersizlerden biridir. Kursiyerler genellikle tam yeri bulabilmek i\u00e7in birka\u00e7 saat veya g\u00fcn harcarlar.<\/h3>\n    <\/div>\n<\/div>\n<\/a>\n\t\t\t<!-- end HBC Button v2 --><\/div><\/div><div class=\"nm_column nm_column_inner col-sm-4 vc_col-sm-4 vc_custom_1667473204141\"><div class=\"wpb_wrapper\"><!-- start HBC Button v2 -->\n\n\t\t\t<style type=\"text\/css\">\/* addon: HBC Button v2 *\/\n\n.hbc_box_button:hover {transition: all 0.3s;\nopacity: 0.7;\n}\n.hbc_box_button {transition: all 0.3s;\nopacity: 1;\n}\n\n.hbc_button-img {\n    width: 100%;\n    }\n.hbc_button-h2 {\n    margin: 20px 20px 10px 20px;\n    font-size: 20px;\n    line-height: 1.3;\n    text-align: left;\n    font-family: Montserrat;\n    font-weight: 700;\n    font-style: normal;\n}\n.hbc_button-p {\n\n    margin: 0px 20px 20px 20px;\n   \n  display: -webkit-box;\n    max-width: 100%;\n    -webkit-line-clamp: 2;\n    -webkit-box-orient: vertical;\n    overflow: hidden;\nfont-size: 12px;\nline-height: 1.3;\ntext-align: left;\nfont-family:Montserrat;\nfont-weight:400;\nfont-style:normal\n}\n\n.hbc_inner_button {\n\n}\n\n<\/style>\n\n\t\t\t<a class=\"hbc_box_button\" href=\"https:\/\/hbc-system.com\/tr\/urunler\/boyasiz-gocuk-gi%cc%87derme-si%cc%87stemleri%cc%87-pdr\/ayarlanabi%cc%87li%cc%87r-pdr-aletleri%cc%87\/\">\n<div class=\"hbc_box_inner\">\n\t<div class=\"hbc_inner_button\" style=\" background:#F6F6F6;\"> \n    \t<img decoding=\"async\" class=\"hbc_button-img\" src=\"https:\/\/hbc-system.com\/wp-content\/uploads\/g-adjustable-header-1.webp\" alt=\"Ayarlanabilir PDR Ara\u00e7lar\u0131\">\n        <h2 class=\"hbc_button-h2\" style=\"color:#7a003c;\">Ayarlanabilir PDR Ara\u00e7lar\u0131<\/h2>\n        <span class=\"hbc_button-p\" style=\"color:#4c4c4c;\">\u00c7oklu ayarlanabilir g\u00f6\u00e7\u00fck giderme kollar\u0131m\u0131z teknisyenin \u00e7al\u0131\u015fma pozisyonunu h\u0131zla de\u011fi\u015ftirmesine olanak tan\u0131r. Tek bir basit t\u0131klama ile g\u00f6\u00e7\u00fck giderme aleti yeni a\u00e7\u0131da \u00e7al\u0131\u015fmaya haz\u0131r hale gelir. PDR teknisyenlerine g\u00f6\u00e7\u00fckleri gidermek i\u00e7in m\u00fckemmel kald\u0131ra\u00e7 a\u00e7\u0131s\u0131 sa\u011flar<\/h3>\n    <\/div>\n<\/div>\n<\/a>\n\t\t\t<!-- end HBC Button v2 --><\/div><\/div><\/div><div class=\"nm-row nm-row-full inner  vc_custom_1675756152995\"><div class=\"nm_column nm_column_inner col-sm-4 vc_col-sm-4 vc_custom_1667473173774\"><div class=\"wpb_wrapper\"><!-- start HBC Button v2 -->\n\n\t\t\t<style type=\"text\/css\">\/* addon: HBC Button v2 *\/\n\n.hbc_box_button:hover {transition: all 0.3s;\nopacity: 0.7;\n}\n.hbc_box_button {transition: all 0.3s;\nopacity: 1;\n}\n\n.hbc_button-img {\n    width: 100%;\n    }\n.hbc_button-h2 {\n    margin: 20px 20px 10px 20px;\n    font-size: 20px;\n    line-height: 1.3;\n    text-align: left;\n    font-family: Montserrat;\n    font-weight: 700;\n    font-style: normal;\n}\n.hbc_button-p {\n\n    margin: 0px 20px 20px 20px;\n   \n  display: -webkit-box;\n    max-width: 100%;\n    -webkit-line-clamp: 2;\n    -webkit-box-orient: vertical;\n    overflow: hidden;\nfont-size: 12px;\nline-height: 1.3;\ntext-align: left;\nfont-family:Montserrat;\nfont-weight:400;\nfont-style:normal\n}\n\n.hbc_inner_button {\n\n}\n\n<\/style>\n\n\t\t\t<a class=\"hbc_box_button\" href=\"https:\/\/hbc-system.com\/tr\/urunler\/boyasiz-gocuk-gi%cc%87derme-si%cc%87stemleri%cc%87-pdr\/elektro-manyeti%cc%87k-gocuk-gi%cc%87derme-si%cc%87stemi%cc%87\/\">\n<div class=\"hbc_box_inner\">\n\t<div class=\"hbc_inner_button\" style=\" background:#F6F6F6;\"> \n    \t<img decoding=\"async\" class=\"hbc_button-img\" src=\"https:\/\/hbc-system.com\/wp-content\/uploads\/g-electro-header-1.webp\" alt=\"Elektro-Manyetik G\u00f6\u00e7\u00fck Giderme Sistemi\">\n        <h2 class=\"hbc_button-h2\" style=\"color:#7a003c;\">Elektro-Manyetik G\u00f6\u00e7\u00fck Giderme Sistemi<\/h2>\n        <span class=\"hbc_button-p\" style=\"color:#4c4c4c;\">\u00d6zel tasarlanm\u0131\u015f G\u00f6\u00e7\u00fck \u00e7ekme ind\u00fckt\u00f6r\u00fcne sahip yeni Elektro-Manyetik G\u00f6\u00e7\u00fck Giderme Sistemimiz, boyay\u0131 r\u00f6tu\u015flamadan ara\u00e7 g\u00f6vdesindeki k\u00fc\u00e7\u00fck yumu\u015fak g\u00f6\u00e7\u00fckleri onarmak i\u00e7in idealdir. Geleneksel PDR ara\u00e7lar\u0131n\u0131n aksine, g\u00f6\u00e7\u00fcklere titizlikle masaj yapmaya gerek yoktur<\/h3>\n    <\/div>\n<\/div>\n<\/a>\n\t\t\t<!-- end HBC Button v2 --><\/div><\/div><div class=\"nm_column nm_column_inner col-sm-4 vc_col-sm-4 vc_custom_1667473190420\"><div class=\"wpb_wrapper\"><!-- start HBC Button v2 -->\n\n\t\t\t<style type=\"text\/css\">\/* addon: HBC Button v2 *\/\n\n.hbc_box_button:hover {transition: all 0.3s;\nopacity: 0.7;\n}\n.hbc_box_button {transition: all 0.3s;\nopacity: 1;\n}\n\n.hbc_button-img {\n    width: 100%;\n    }\n.hbc_button-h2 {\n    margin: 20px 20px 10px 20px;\n    font-size: 20px;\n    line-height: 1.3;\n    text-align: left;\n    font-family: Montserrat;\n    font-weight: 700;\n    font-style: normal;\n}\n.hbc_button-p {\n\n    margin: 0px 20px 20px 20px;\n   \n  display: -webkit-box;\n    max-width: 100%;\n    -webkit-line-clamp: 2;\n    -webkit-box-orient: vertical;\n    overflow: hidden;\nfont-size: 12px;\nline-height: 1.3;\ntext-align: left;\nfont-family:Montserrat;\nfont-weight:400;\nfont-style:normal\n}\n\n.hbc_inner_button {\n\n}\n\n<\/style>\n\n\t\t\t<a class=\"hbc_box_button\" href=\"https:\/\/hbc-system.com\/tr\/urunler\/boyasiz-gocuk-gi%cc%87derme-si%cc%87stemleri%cc%87-pdr\/tutkal-cekme-si%cc%87stemleri%cc%87\/\">\n<div class=\"hbc_box_inner\">\n\t<div class=\"hbc_inner_button\" style=\" background:#F6F6F6;\"> \n    \t<img decoding=\"async\" class=\"hbc_button-img\" src=\"https:\/\/hbc-system.com\/wp-content\/uploads\/g-glue-pulling-header-1.webp\" alt=\"Tutkal \u00c7ekme G\u00f6\u00e7\u00fck Sistemleri\">\n        <h2 class=\"hbc_button-h2\" style=\"color:#7a003c;\">Tutkal \u00c7ekme G\u00f6\u00e7\u00fck Sistemleri<\/h2>\n        <span class=\"hbc_button-p\" style=\"color:#4c4c4c;\">Tutkal \u00e7ekme g\u00f6\u00e7\u00fck giderme tekni\u011fi ile temel olarak, \u00f6zel s\u0131cak tutkallar\u0131m\u0131z\u0131 kullanarak etkilenen b\u00f6lgeye u\u00e7lar takarak g\u00f6\u00e7\u00fckleri onar\u0131rs\u0131n\u0131z. G\u00f6\u00e7\u00fck daha sonra yayl\u0131 kald\u0131rma aletlerimiz kullan\u0131larak kald\u0131r\u0131l\u0131r\/\u00e7ekilir. G\u00f6\u00e7\u00fc\u011f\u00fcn merkezi art\u0131k \u00f6nemli \u00f6l\u00e7\u00fcde y\u00fckseltilmi\u015ftir ve<\/h3>\n    <\/div>\n<\/div>\n<\/a>\n\t\t\t<!-- end HBC Button v2 --><\/div><\/div><div class=\"nm_column nm_column_inner col-sm-4 vc_col-sm-4 vc_custom_1667473204141\"><div class=\"wpb_wrapper\"><!-- start HBC Button v2 -->\n\n\t\t\t<style type=\"text\/css\">\/* addon: HBC Button v2 *\/\n\n.hbc_box_button:hover {transition: all 0.3s;\nopacity: 0.7;\n}\n.hbc_box_button {transition: all 0.3s;\nopacity: 1;\n}\n\n.hbc_button-img {\n    width: 100%;\n    }\n.hbc_button-h2 {\n    margin: 20px 20px 10px 20px;\n    font-size: 20px;\n    line-height: 1.3;\n    text-align: left;\n    font-family: Montserrat;\n    font-weight: 700;\n    font-style: normal;\n}\n.hbc_button-p {\n\n    margin: 0px 20px 20px 20px;\n   \n  display: -webkit-box;\n    max-width: 100%;\n    -webkit-line-clamp: 2;\n    -webkit-box-orient: vertical;\n    overflow: hidden;\nfont-size: 12px;\nline-height: 1.3;\ntext-align: left;\nfont-family:Montserrat;\nfont-weight:400;\nfont-style:normal\n}\n\n.hbc_inner_button {\n\n}\n\n<\/style>\n\n\t\t\t<a class=\"hbc_box_button\" href=\"https:\/\/hbc-system.com\/tr\/urunler\/boyasiz-gocuk-gi%cc%87derme-si%cc%87stemleri%cc%87-pdr\/pdr-aydinlatma\/\">\n<div class=\"hbc_box_inner\">\n\t<div class=\"hbc_inner_button\" style=\" background:#F6F6F6;\"> \n    \t<img decoding=\"async\" class=\"hbc_button-img\" src=\"https:\/\/hbc-system.com\/wp-content\/uploads\/pdr-lighting-header-1.webp\" alt=\"PDR Ayd\u0131nlatma\">\n        <h2 class=\"hbc_button-h2\" style=\"color:#7a003c;\">PDR Ayd\u0131nlatma<\/h2>\n        <span class=\"hbc_button-p\" style=\"color:#4c4c4c;\">Ayarlanabilir ve esnek PDR lambalar\u0131 ve \u0131\u015f\u0131k sistemleri. Boyas\u0131z g\u00f6\u00e7\u00fck giderme i\u015flemi yaparken, \u00f6zellikle son incelemelerde optimum \u0131\u015f\u0131k ko\u015fullar\u0131 \u00e7ok \u00f6nemlidir. Yans\u0131t\u0131c\u0131 lambalar veya levhalar etkilenen alan\u0131 ayd\u0131nlat\u0131r<\/h3>\n    <\/div>\n<\/div>\n<\/a>\n\t\t\t<!-- end HBC Button v2 --><\/div><\/div><\/div><\/div><\/div><\/div><\/div><\/div><\/div><\/div><\/div><\/div>\n<\/section>","protected":false},"excerpt":{"rendered":"Paintless Dent Removal Systems and Tools Our range of custom designed PDR systems (Paintless dent removal) enables an inexpensive repair of small dents without having to repaint the car - preserving the original paint. The versatility of our PDR tools and systems including adjustable multi-angle Magnetic PDR Systems The Magnetic Dent removal system is an [...]","protected":false},"author":1,"featured_media":0,"parent":40,"menu_order":0,"comment_status":"closed","ping_status":"closed","template":"templates\/page-full.php","meta":{"content-type":"","inline_featured_image":false,"_monsterinsights_skip_tracking":false,"_monsterinsights_sitenote_active":false,"_monsterinsights_sitenote_note":"","_monsterinsights_sitenote_category":0,"footnotes":""},"class_list":["post-1024","page","type-page","status-publish","hentry"],"yoast_head":"<!-- This site is optimized with the Yoast SEO Premium plugin v19.6 (Yoast SEO v24.2) - https:\/\/yoast.com\/wordpress\/plugins\/seo\/ -->\n<title>Paintless Dent Removal Systems PDR<\/title>\n<meta name=\"description\" content=\"The Paintless Dent Removal Systems make it possible to repair minor dents without having to repaint the car. PDR tool for all occasions.\" \/>\n<meta name=\"robots\" content=\"index, follow, max-snippet:-1, max-image-preview:large, max-video-preview:-1\" \/>\n<link rel=\"canonical\" href=\"https:\/\/hbc-system.com\/tr\/wp-json\/wp\/v2\/pages\/1024\" \/>\n<meta property=\"og:locale\" content=\"tr_TR\" \/>\n<meta property=\"og:type\" content=\"article\" \/>\n<meta property=\"og:title\" content=\"Paintless Dent Removal Systems PDR\" \/>\n<meta property=\"og:description\" content=\"The Paintless Dent Removal Systems make it possible to repair minor dents without having to repaint the car. PDR tool for all occasions.\" \/>\n<meta property=\"og:url\" content=\"https:\/\/hbc-system.com\/tr\/urunler\/boyasiz-gocuk-gi\u0307derme-si\u0307stemleri\u0307-pdr\/\" \/>\n<meta property=\"og:site_name\" content=\"HBC System\" \/>\n<meta property=\"article:publisher\" content=\"https:\/\/www.facebook.com\/hbcsystems\" \/>\n<meta property=\"article:modified_time\" content=\"2023-02-24T10:14:58+00:00\" \/>\n<meta name=\"twitter:card\" content=\"summary_large_image\" \/>\n<meta name=\"twitter:label1\" content=\"Tahmini okuma s\u00fcresi\" \/>\n\t<meta name=\"twitter:data1\" content=\"1 dakika\" \/>\n<script type=\"application\/ld+json\" class=\"yoast-schema-graph\">{\n\t    \"@context\": \"https:\/\/schema.org\",\n\t    \"@graph\": [\n\t        {\n\t            \"@type\": \"WebPage\",\n\t            \"@id\": \"https:\/\/hbc-system.com\/nl\/producten\/roestvrije-deukverwijderingssystemen-pdr\",\n\t            \"url\": \"https:\/\/hbc-system.com\/nl\/producten\/roestvrije-deukverwijderingssystemen-pdr\",\n\t            \"name\": \"Paintless Dent Removal Systems PDR\",\n\t            \"isPartOf\": {\n\t                \"@id\": \"https:\/\/hbc-system.com\/fr_be\/#website\"\n\t            },\n\t            \"datePublished\": \"2022-10-12T13:04:58+00:00\",\n\t            \"dateModified\": \"2023-02-24T10:14:58+00:00\",\n\t            \"description\": \"The Paintless Dent Removal Systems make it possible to repair minor dents without having to repaint the car. PDR tool for all occasions.\",\n\t            \"breadcrumb\": {\n\t                \"@id\": \"https:\/\/hbc-system.com\/nl\/producten\/roestvrije-deukverwijderingssystemen-pdr#breadcrumb\"\n\t            },\n\t            \"inLanguage\": \"tr\",\n\t            \"potentialAction\": [\n\t                {\n\t                    \"@type\": \"ReadAction\",\n\t                    \"target\": [\n\t                        \"https:\/\/hbc-system.com\/nl\/producten\/roestvrije-deukverwijderingssystemen-pdr\"\n\t                    ]\n\t                }\n\t            ]\n\t        },\n\t        {\n\t            \"@type\": \"BreadcrumbList\",\n\t            \"@id\": \"https:\/\/hbc-system.com\/nl\/producten\/roestvrije-deukverwijderingssystemen-pdr#breadcrumb\",\n\t            \"itemListElement\": [\n\t                {\n\t                    \"@type\": \"ListItem\",\n\t                    \"position\": 1,\n\t                    \"name\": \"Home\",\n\t                    \"item\": \"https:\/\/hbc-system.com\/\"\n\t                },\n\t                {\n\t                    \"@type\": \"ListItem\",\n\t                    \"position\": 2,\n\t                    \"name\": \"Products\",\n\t                    \"item\": \"https:\/\/hbc-system.com\/products\"\n\t                },\n\t                {\n\t                    \"@type\": \"ListItem\",\n\t                    \"position\": 3,\n\t                    \"name\": \"Paintless Dent Removal Systems PDR\"\n\t                }\n\t            ]\n\t        },\n\t        {\n\t            \"@type\": \"WebSite\",\n\t            \"@id\": \"https:\/\/hbc-system.com\/fr_be\/#website\",\n\t            \"url\": \"https:\/\/hbc-system.com\/fr_be\/\",\n\t            \"name\": \"HBC System\",\n\t            \"description\": \"\",\n\t            \"potentialAction\": [\n\t                {\n\t                    \"@type\": \"SearchAction\",\n\t                    \"target\": {\n\t                        \"@type\": \"EntryPoint\",\n\t                        \"urlTemplate\": \"https:\/\/hbc-system.com\/fr_be\/?s={search_term_string}\"\n\t                    },\n\t                    \"query-input\": {\n\t                        \"@type\": \"PropertyValueSpecification\",\n\t                        \"valueRequired\": true,\n\t                        \"valueName\": \"search_term_string\"\n\t                    }\n\t                }\n\t            ],\n\t            \"inLanguage\": \"tr\"\n\t        }\n\t    ]\n\t}<\/script>\n<!-- \/ Yoast SEO Premium plugin. -->","yoast_head_json":{"title":"Boyas\u0131z G\u00f6\u00e7\u00fck Giderme Sistemleri PDR","description":"Boyas\u0131z G\u00f6\u00e7\u00fck Giderme Sistemleri, arac\u0131 yeniden boyamak zorunda kalmadan k\u00fc\u00e7\u00fck g\u00f6\u00e7\u00fcklerin onar\u0131lmas\u0131n\u0131 m\u00fcmk\u00fcn k\u0131lar. T\u00fcm durumlar i\u00e7in PDR arac\u0131.","robots":{"index":"index","follow":"follow","max-snippet":"max-snippet:-1","max-image-preview":"max-image-preview:large","max-video-preview":"max-video-preview:-1"},"canonical":"https:\/\/hbc-system.com\/tr\/wp-json\/wp\/v2\/pages\/1024","og_locale":"tr_TR","og_type":"article","og_title":"Paintless Dent Removal Systems PDR","og_description":"The Paintless Dent Removal Systems make it possible to repair minor dents without having to repaint the car. PDR tool for all occasions.","og_url":"https:\/\/hbc-system.com\/tr\/urunler\/boyasiz-gocuk-gi\u0307derme-si\u0307stemleri\u0307-pdr\/","og_site_name":"HBC System","article_publisher":"https:\/\/www.facebook.com\/hbcsystems","article_modified_time":"2023-02-24T10:14:58+00:00","twitter_card":"summary_large_image","twitter_misc":{"Tahmini okuma s\u00fcresi":"1 dakika"},"schema":{"@context":"https:\/\/schema.org","@graph":[{"@type":"WebPage","@id":"https:\/\/hbc-system.com\/nl\/producten\/roestvrije-deukverwijderingssystemen-pdr","url":"https:\/\/hbc-system.com\/nl\/producten\/roestvrije-deukverwijderingssystemen-pdr","name":"Boyas\u0131z G\u00f6\u00e7\u00fck Giderme Sistemleri PDR","isPartOf":{"@id":"https:\/\/hbc-system.com\/fr_be\/#website"},"datePublished":"2022-10-12T13:04:58+00:00","dateModified":"2023-02-24T10:14:58+00:00","description":"Boyas\u0131z G\u00f6\u00e7\u00fck Giderme Sistemleri, arac\u0131 yeniden boyamak zorunda kalmadan k\u00fc\u00e7\u00fck g\u00f6\u00e7\u00fcklerin onar\u0131lmas\u0131n\u0131 m\u00fcmk\u00fcn k\u0131lar. T\u00fcm durumlar i\u00e7in PDR arac\u0131.","breadcrumb":{"@id":"https:\/\/hbc-system.com\/nl\/producten\/roestvrije-deukverwijderingssystemen-pdr#breadcrumb"},"inLanguage":"tr","potentialAction":[{"@type":"ReadAction","target":["https:\/\/hbc-system.com\/nl\/producten\/roestvrije-deukverwijderingssystemen-pdr"]}]},{"@type":"BreadcrumbList","@id":"https:\/\/hbc-system.com\/nl\/producten\/roestvrije-deukverwijderingssystemen-pdr#breadcrumb","itemListElement":[{"@type":"ListItem","position":1,"name":"Home","item":"https:\/\/hbc-system.com\/"},{"@type":"ListItem","position":2,"name":"Products","item":"https:\/\/hbc-system.com\/products"},{"@type":"ListItem","position":3,"name":"Paintless Dent Removal Systems PDR"}]},{"@type":"WebSite","@id":"https:\/\/hbc-system.com\/fr_be\/#website","url":"https:\/\/hbc-system.com\/fr_be\/","name":"HBC Sistemi","description":"","potentialAction":[{"@type":"SearchAction","target":{"@type":"EntryPoint","urlTemplate":"https:\/\/hbc-system.com\/fr_be\/?s={search_term_string}"},"query-input":{"@type":"PropertyValueSpecification","valueRequired":true,"valueName":"search_term_string"}}],"inLanguage":"tr"}]}},"_links":{"self":[{"href":"https:\/\/hbc-system.com\/tr\/wp-json\/wp\/v2\/pages\/1024","targetHints":{"allow":["GET"]}}],"collection":[{"href":"https:\/\/hbc-system.com\/tr\/wp-json\/wp\/v2\/pages"}],"about":[{"href":"https:\/\/hbc-system.com\/tr\/wp-json\/wp\/v2\/types\/page"}],"author":[{"embeddable":true,"href":"https:\/\/hbc-system.com\/tr\/wp-json\/wp\/v2\/users\/1"}],"replies":[{"embeddable":true,"href":"https:\/\/hbc-system.com\/tr\/wp-json\/wp\/v2\/comments?post=1024"}],"version-history":[{"count":0,"href":"https:\/\/hbc-system.com\/tr\/wp-json\/wp\/v2\/pages\/1024\/revisions"}],"up":[{"embeddable":true,"href":"https:\/\/hbc-system.com\/tr\/wp-json\/wp\/v2\/pages\/40"}],"wp:attachment":[{"href":"https:\/\/hbc-system.com\/tr\/wp-json\/wp\/v2\/media?parent=1024"}],"curies":[{"name":"wp","href":"https:\/\/api.w.org\/{rel}","templated":true}]}}