{"id":1045,"date":"2022-10-17T07:47:06","date_gmt":"2022-10-17T07:47:06","guid":{"rendered":"http:\/\/70.34.210.26\/?page_id=1045"},"modified":"2023-02-06T12:50:42","modified_gmt":"2023-02-06T12:50:42","slug":"sprey-renkli-kaplamalar","status":"publish","type":"page","link":"https:\/\/hbc-system.com\/tr\/products\/leather-plastic-and-vinyl-repair-systems\/spray-colour-coatings","title":{"rendered":"Sprey Renkli Kaplamalar"},"content":{"rendered":"<section class=\"wpb-content-wrapper\"><div class=\"nm-row nm-row-full vc_row wpb_row\"><div class=\"nm_column wpb_column vc_column_container col-sm-12 vc_col-sm-12\"><div class=\"vc_column-inner\"><div class=\"wpb_wrapper\"><div class=\"templatera_shortcode\"><div class=\"nm-row nm-row-full vc_row wpb_row  flex\"><div class=\"nm_column wpb_column vc_column_container col-sm-12 vc_col-sm-12\"><div class=\"vc_column-inner\"><div class=\"wpb_wrapper\"><div class=\"nm-row nm-row-full inner  vc_custom_1675687795985\"><div class=\"nm_column nm_column_inner col-sm-4 vc_col-sm-4 vc_custom_1667390240380\"><div class=\"wpb_wrapper\"><!-- start HBC Button v2 -->\n\t\t<link id='uc_fonts_googleapis_com_css_family_montserrat_400_700-css' href='https:\/\/fonts.googleapis.com\/css?family=Montserrat:400,700' type='text\/css' rel='stylesheet' >\n\t\t<link id='uc_fonts_googleapis_com_css_family_lobster-css' href='https:\/\/fonts.googleapis.com\/css?family=Lobster' type='text\/css' rel='stylesheet' >\n\t\t<link id='uc_fonts_googleapis_com_css_family_roboto-css' href='https:\/\/fonts.googleapis.com\/css?family=Roboto' type='text\/css' rel='stylesheet' >\n\n\t\t\t<style type=\"text\/css\">\/* addon: HBC Button v2 *\/\n\n.hbc_box_button:hover {transition: all 0.3s;\nopacity: 0.7;\n}\n.hbc_box_button {transition: all 0.3s;\nopacity: 1;\n}\n\n.hbc_button-img {\n    width: 100%;\n    }\n.hbc_button-h2 {\n    margin: 20px 20px 10px 20px;\n    font-size: 20px;\n    line-height: 1.3;\n    text-align: left;\n    font-family: Montserrat;\n    font-weight: 700;\n    font-style: normal;\n}\n.hbc_button-p {\n\n    margin: 0px 20px 20px 20px;\n   \n  display: -webkit-box;\n    max-width: 100%;\n    -webkit-line-clamp: 2;\n    -webkit-box-orient: vertical;\n    overflow: hidden;\nfont-size: 12px;\nline-height: 1.3;\ntext-align: left;\nfont-family:Montserrat;\nfont-weight:400;\nfont-style:normal\n}\n\n.hbc_inner_button {\n\n}\n\n<\/style>\n\n\t\t\t<a class=\"hbc_box_button\" href=\"https:\/\/hbc-system.com\/tr\/urunler\/deri%cc%87-plasti%cc%87k-ve-vi%cc%87nyl-onarim-si%cc%87stemleri%cc%87\/sprey-renkli-kaplamalar\/deri-kaplama-10\/\">\n<div class=\"hbc_box_inner\">\n\t<div class=\"hbc_inner_button\" style=\" background:#F6F6F6;\"> \n    \t<img decoding=\"async\" class=\"hbc_button-img\" src=\"https:\/\/hbc-system.com\/wp-content\/uploads\/b4_leather_header.webp\" alt=\"Deri Kaplama - 10\">\n        <h2 class=\"hbc_button-h2\" style=\"color:#7a003c;\">Deri Kaplama - 10<\/h2>\n        <span class=\"hbc_button-p\" style=\"color:#4c4c4c;\">Renkli katlar, esnek ve h\u0131zl\u0131 kuruyan boya. HBC sistem kaplamalar\u0131 ile \u00e7ok \u00e7e\u015fitli renk ve y\u00fczeylerdeki renk bozulmalar\u0131n\u0131 h\u0131zl\u0131 ve ucuz bir \u015fekilde d\u00fczeltebilirsiniz. HBC deri, kuma\u015f, plastik katlar\u0131, \u00f6nde gelen OEM'ler taraf\u0131ndan i\u00e7 mekan, d\u00f6\u015feme vb. renklendirme ve boyama i\u00e7in onaylanm\u0131\u015ft\u0131r.<\/h3>\n    <\/div>\n<\/div>\n<\/a>\n\t\t\t<!-- end HBC Button v2 --><\/div><\/div><div class=\"nm_column nm_column_inner col-sm-4 vc_col-sm-4 vc_custom_1667390254950\"><div class=\"wpb_wrapper\"><!-- start HBC Button v2 -->\n\n\t\t\t<style type=\"text\/css\">\/* addon: HBC Button v2 *\/\n\n.hbc_box_button:hover {transition: all 0.3s;\nopacity: 0.7;\n}\n.hbc_box_button {transition: all 0.3s;\nopacity: 1;\n}\n\n.hbc_button-img {\n    width: 100%;\n    }\n.hbc_button-h2 {\n    margin: 20px 20px 10px 20px;\n    font-size: 20px;\n    line-height: 1.3;\n    text-align: left;\n    font-family: Montserrat;\n    font-weight: 700;\n    font-style: normal;\n}\n.hbc_button-p {\n\n    margin: 0px 20px 20px 20px;\n   \n  display: -webkit-box;\n    max-width: 100%;\n    -webkit-line-clamp: 2;\n    -webkit-box-orient: vertical;\n    overflow: hidden;\nfont-size: 12px;\nline-height: 1.3;\ntext-align: left;\nfont-family:Montserrat;\nfont-weight:400;\nfont-style:normal\n}\n\n.hbc_inner_button {\n\n}\n\n<\/style>\n\n\t\t\t<a class=\"hbc_box_button\" href=\"https:\/\/hbc-system.com\/tr\/urunler\/deri%cc%87-plasti%cc%87k-ve-vi%cc%87nyl-onarim-si%cc%87stemleri%cc%87\/sprey-renkli-kaplamalar\/kumas-ve-kadife-kaplama-20\/\">\n<div class=\"hbc_box_inner\">\n\t<div class=\"hbc_inner_button\" style=\" background:#F6F6F6;\"> \n    \t<img decoding=\"async\" class=\"hbc_button-img\" src=\"https:\/\/hbc-system.com\/wp-content\/uploads\/b4_velour_header-2.webp\" alt=\"Kuma\u015f ve Kadife Kaplama - 20\">\n        <h2 class=\"hbc_button-h2\" style=\"color:#7a003c;\">Kuma\u015f ve Kadife Kaplama - 20<\/h2>\n        <span class=\"hbc_button-p\" style=\"color:#4c4c4c;\">Renkli katlar, esnek ve h\u0131zl\u0131 kuruyan boya. HBC sistem kaplamalar\u0131 ile \u00e7ok \u00e7e\u015fitli renk ve y\u00fczeylerdeki renk bozulmalar\u0131n\u0131 h\u0131zl\u0131 ve ucuz bir \u015fekilde d\u00fczeltebilirsiniz. HBC deri, kuma\u015f, plastik katlar\u0131, \u00f6nde gelen OEM'ler taraf\u0131ndan i\u00e7 mekan, d\u00f6\u015feme vb. renklendirme ve boyama i\u00e7in onaylanm\u0131\u015ft\u0131r.<\/h3>\n    <\/div>\n<\/div>\n<\/a>\n\t\t\t<!-- end HBC Button v2 --><\/div><\/div><div class=\"nm_column nm_column_inner col-sm-4 vc_col-sm-4 vc_custom_1667390528137\"><div class=\"wpb_wrapper\"><!-- start HBC Button v2 -->\n\n\t\t\t<style type=\"text\/css\">\/* addon: HBC Button v2 *\/\n\n.hbc_box_button:hover {transition: all 0.3s;\nopacity: 0.7;\n}\n.hbc_box_button {transition: all 0.3s;\nopacity: 1;\n}\n\n.hbc_button-img {\n    width: 100%;\n    }\n.hbc_button-h2 {\n    margin: 20px 20px 10px 20px;\n    font-size: 20px;\n    line-height: 1.3;\n    text-align: left;\n    font-family: Montserrat;\n    font-weight: 700;\n    font-style: normal;\n}\n.hbc_button-p {\n\n    margin: 0px 20px 20px 20px;\n   \n  display: -webkit-box;\n    max-width: 100%;\n    -webkit-line-clamp: 2;\n    -webkit-box-orient: vertical;\n    overflow: hidden;\nfont-size: 12px;\nline-height: 1.3;\ntext-align: left;\nfont-family:Montserrat;\nfont-weight:400;\nfont-style:normal\n}\n\n.hbc_inner_button {\n\n}\n\n<\/style>\n\n\t\t\t<a class=\"hbc_box_button\" href=\"https:\/\/hbc-system.com\/tr\/urunler\/deri%cc%87-plasti%cc%87k-ve-vi%cc%87nyl-onarim-si%cc%87stemleri%cc%87\/sprey-renkli-kaplamalar\/plastik-ve-vinil-kaplama-30\/\">\n<div class=\"hbc_box_inner\">\n\t<div class=\"hbc_inner_button\" style=\" background:#F6F6F6;\"> \n    \t<img decoding=\"async\" class=\"hbc_button-img\" src=\"https:\/\/hbc-system.com\/wp-content\/uploads\/b4_plastic_header.webp\" alt=\"Plastik ve Vinil Kaplama -\">\n        <h2 class=\"hbc_button-h2\" style=\"color:#7a003c;\">Plastik ve Vinil Kaplama -<\/h2>\n        <span class=\"hbc_button-p\" style=\"color:#4c4c4c;\">Renkli katlar, esnek ve h\u0131zl\u0131 kuruyan boya. HBC sistem kaplamalar\u0131 ile \u00e7ok \u00e7e\u015fitli renk ve y\u00fczeylerdeki renk bozulmalar\u0131n\u0131 h\u0131zl\u0131 ve ucuz bir \u015fekilde d\u00fczeltebilirsiniz. HBC deri, kuma\u015f, plastik katlar\u0131, \u00f6nde gelen OEM'ler taraf\u0131ndan i\u00e7 mekan, d\u00f6\u015feme vb. renklendirme ve boyama i\u00e7in onaylanm\u0131\u015ft\u0131r.<\/h3>\n    <\/div>\n<\/div>\n<\/a>\n\t\t\t<!-- end HBC Button v2 --><\/div><\/div><\/div><\/div><\/div><\/div><\/div><\/div><\/div><\/div><\/div><\/div>\n<\/section>","protected":false},"excerpt":{"rendered":"Leather Coating - 10 Color coats, flexible and fast drying paint. With the HBC system coatings you can fast and inexpensively fix discoloration of with a large assortment of different colors and finishes. HBC leather, fabric, plastic coats have been approved for coloring and painting interior, upholstery, etc. by leading OEMs Fabric and Velour Coating [...]","protected":false},"author":1,"featured_media":0,"parent":934,"menu_order":0,"comment_status":"closed","ping_status":"closed","template":"templates\/page-full.php","meta":{"content-type":"","inline_featured_image":false,"_monsterinsights_skip_tracking":false,"_monsterinsights_sitenote_active":false,"_monsterinsights_sitenote_note":"","_monsterinsights_sitenote_category":0,"footnotes":""},"class_list":["post-1045","page","type-page","status-publish","hentry"],"yoast_head":"<!-- This site is optimized with the Yoast SEO Premium plugin v19.6 (Yoast SEO v24.2) - https:\/\/yoast.com\/wordpress\/plugins\/seo\/ -->\n<title>Spray Colour Coatings<\/title>\n<meta name=\"description\" content=\"Spray Colour Coatings for leather, plastic &amp; vinyl as well as fabric &amp; velour. An inexpensive solution to discolouration.\" \/>\n<meta name=\"robots\" content=\"index, follow, max-snippet:-1, max-image-preview:large, max-video-preview:-1\" \/>\n<link rel=\"canonical\" href=\"https:\/\/hbc-system.com\/tr\/wp-json\/wp\/v2\/pages\/1045\" \/>\n<meta property=\"og:locale\" content=\"tr_TR\" \/>\n<meta property=\"og:type\" content=\"article\" \/>\n<meta property=\"og:title\" content=\"Spray Colour Coatings\" \/>\n<meta property=\"og:description\" content=\"Spray Colour Coatings for leather, plastic &amp; vinyl as well as fabric &amp; velour. An inexpensive solution to discolouration.\" \/>\n<meta property=\"og:url\" content=\"https:\/\/hbc-system.com\/tr\/urunler\/deri\u0307-plasti\u0307k-ve-vi\u0307nyl-onarim-si\u0307stemleri\u0307\/sprey-renkli-kaplamalar\/\" \/>\n<meta property=\"og:site_name\" content=\"HBC System\" \/>\n<meta property=\"article:publisher\" content=\"https:\/\/www.facebook.com\/hbcsystems\" \/>\n<meta property=\"article:modified_time\" content=\"2023-02-06T12:50:42+00:00\" \/>\n<meta name=\"twitter:card\" content=\"summary_large_image\" \/>\n<meta name=\"twitter:label1\" content=\"Tahmini okuma s\u00fcresi\" \/>\n\t<meta name=\"twitter:data1\" content=\"1 dakika\" \/>\n<script type=\"application\/ld+json\" class=\"yoast-schema-graph\">{\n\t    \"@context\": \"https:\/\/schema.org\",\n\t    \"@graph\": [\n\t        {\n\t            \"@type\": \"WebPage\",\n\t            \"@id\": \"https:\/\/hbc-system.com\/da\/produkter\/laeder-plast-og-vinyl-reparationssystemer\/sprojtefarve-belaegninger\",\n\t            \"url\": \"https:\/\/hbc-system.com\/da\/produkter\/laeder-plast-og-vinyl-reparationssystemer\/sprojtefarve-belaegninger\",\n\t            \"name\": \"Spray Colour Coatings\",\n\t            \"isPartOf\": {\n\t                \"@id\": \"https:\/\/hbc-system.com\/fr_be\/#website\"\n\t            },\n\t            \"datePublished\": \"2022-10-17T07:47:06+00:00\",\n\t            \"dateModified\": \"2023-02-06T12:50:42+00:00\",\n\t            \"description\": \"Spray Colour Coatings for leather, plastic & vinyl as well as fabric & velour. An inexpensive solution to discolouration.\",\n\t            \"breadcrumb\": {\n\t                \"@id\": \"https:\/\/hbc-system.com\/da\/produkter\/laeder-plast-og-vinyl-reparationssystemer\/sprojtefarve-belaegninger#breadcrumb\"\n\t            },\n\t            \"inLanguage\": \"tr\",\n\t            \"potentialAction\": [\n\t                {\n\t                    \"@type\": \"ReadAction\",\n\t                    \"target\": [\n\t                        \"https:\/\/hbc-system.com\/da\/produkter\/laeder-plast-og-vinyl-reparationssystemer\/sprojtefarve-belaegninger\"\n\t                    ]\n\t                }\n\t            ]\n\t        },\n\t        {\n\t            \"@type\": \"BreadcrumbList\",\n\t            \"@id\": \"https:\/\/hbc-system.com\/da\/produkter\/laeder-plast-og-vinyl-reparationssystemer\/sprojtefarve-belaegninger#breadcrumb\",\n\t            \"itemListElement\": [\n\t                {\n\t                    \"@type\": \"ListItem\",\n\t                    \"position\": 1,\n\t                    \"name\": \"Home\",\n\t                    \"item\": \"https:\/\/hbc-system.com\/\"\n\t                },\n\t                {\n\t                    \"@type\": \"ListItem\",\n\t                    \"position\": 2,\n\t                    \"name\": \"Products\",\n\t                    \"item\": \"https:\/\/hbc-system.com\/products\"\n\t                },\n\t                {\n\t                    \"@type\": \"ListItem\",\n\t                    \"position\": 3,\n\t                    \"name\": \"Leather Plastic and Vinyl Repair Systems\",\n\t                    \"item\": \"https:\/\/hbc-system.com\/da\/produkter\/laeder-plast-og-vinyl-reparationssystemer\"\n\t                },\n\t                {\n\t                    \"@type\": \"ListItem\",\n\t                    \"position\": 4,\n\t                    \"name\": \"Spray Colour Coatings\"\n\t                }\n\t            ]\n\t        },\n\t        {\n\t            \"@type\": \"WebSite\",\n\t            \"@id\": \"https:\/\/hbc-system.com\/fr_be\/#website\",\n\t            \"url\": \"https:\/\/hbc-system.com\/fr_be\/\",\n\t            \"name\": \"HBC System\",\n\t            \"description\": \"\",\n\t            \"potentialAction\": [\n\t                {\n\t                    \"@type\": \"SearchAction\",\n\t                    \"target\": {\n\t                        \"@type\": \"EntryPoint\",\n\t                        \"urlTemplate\": \"https:\/\/hbc-system.com\/fr_be\/?s={search_term_string}\"\n\t                    },\n\t                    \"query-input\": {\n\t                        \"@type\": \"PropertyValueSpecification\",\n\t                        \"valueRequired\": true,\n\t                        \"valueName\": \"search_term_string\"\n\t                    }\n\t                }\n\t            ],\n\t            \"inLanguage\": \"tr\"\n\t        }\n\t    ]\n\t}<\/script>\n<!-- \/ Yoast SEO Premium plugin. -->","yoast_head_json":{"title":"Sprey Renkli Kaplamalar","description":"Deri, plastik ve vinilin yan\u0131 s\u0131ra kuma\u015f ve kadife i\u00e7in Sprey Renk Kaplamalar\u0131. Renk solmas\u0131na kar\u015f\u0131 ucuz bir \u00e7\u00f6z\u00fcm.","robots":{"index":"index","follow":"follow","max-snippet":"max-snippet:-1","max-image-preview":"max-image-preview:large","max-video-preview":"max-video-preview:-1"},"canonical":"https:\/\/hbc-system.com\/tr\/wp-json\/wp\/v2\/pages\/1045","og_locale":"tr_TR","og_type":"article","og_title":"Spray Colour Coatings","og_description":"Spray Colour Coatings for leather, plastic & vinyl as well as fabric & velour. An inexpensive solution to discolouration.","og_url":"https:\/\/hbc-system.com\/tr\/urunler\/deri\u0307-plasti\u0307k-ve-vi\u0307nyl-onarim-si\u0307stemleri\u0307\/sprey-renkli-kaplamalar\/","og_site_name":"HBC System","article_publisher":"https:\/\/www.facebook.com\/hbcsystems","article_modified_time":"2023-02-06T12:50:42+00:00","twitter_card":"summary_large_image","twitter_misc":{"Tahmini okuma s\u00fcresi":"1 dakika"},"schema":{"@context":"https:\/\/schema.org","@graph":[{"@type":"WebPage","@id":"https:\/\/hbc-system.com\/da\/produkter\/laeder-plast-og-vinyl-reparationssystemer\/sprojtefarve-belaegninger","url":"https:\/\/hbc-system.com\/da\/produkter\/laeder-plast-og-vinyl-reparationssystemer\/sprojtefarve-belaegninger","name":"Sprey Renkli Kaplamalar","isPartOf":{"@id":"https:\/\/hbc-system.com\/fr_be\/#website"},"datePublished":"2022-10-17T07:47:06+00:00","dateModified":"2023-02-06T12:50:42+00:00","description":"Deri, plastik ve vinilin yan\u0131 s\u0131ra kuma\u015f ve kadife i\u00e7in Sprey Renk Kaplamalar\u0131. Renk solmas\u0131na kar\u015f\u0131 ucuz bir \u00e7\u00f6z\u00fcm.","breadcrumb":{"@id":"https:\/\/hbc-system.com\/da\/produkter\/laeder-plast-og-vinyl-reparationssystemer\/sprojtefarve-belaegninger#breadcrumb"},"inLanguage":"tr","potentialAction":[{"@type":"ReadAction","target":["https:\/\/hbc-system.com\/da\/produkter\/laeder-plast-og-vinyl-reparationssystemer\/sprojtefarve-belaegninger"]}]},{"@type":"BreadcrumbList","@id":"https:\/\/hbc-system.com\/da\/produkter\/laeder-plast-og-vinyl-reparationssystemer\/sprojtefarve-belaegninger#breadcrumb","itemListElement":[{"@type":"ListItem","position":1,"name":"Home","item":"https:\/\/hbc-system.com\/"},{"@type":"ListItem","position":2,"name":"Products","item":"https:\/\/hbc-system.com\/products"},{"@type":"ListItem","position":3,"name":"Leather Plastic and Vinyl Repair Systems","item":"https:\/\/hbc-system.com\/da\/produkter\/laeder-plast-og-vinyl-reparationssystemer"},{"@type":"ListItem","position":4,"name":"Spray Colour Coatings"}]},{"@type":"WebSite","@id":"https:\/\/hbc-system.com\/fr_be\/#website","url":"https:\/\/hbc-system.com\/fr_be\/","name":"HBC Sistemi","description":"","potentialAction":[{"@type":"SearchAction","target":{"@type":"EntryPoint","urlTemplate":"https:\/\/hbc-system.com\/fr_be\/?s={search_term_string}"},"query-input":{"@type":"PropertyValueSpecification","valueRequired":true,"valueName":"search_term_string"}}],"inLanguage":"tr"}]}},"_links":{"self":[{"href":"https:\/\/hbc-system.com\/tr\/wp-json\/wp\/v2\/pages\/1045","targetHints":{"allow":["GET"]}}],"collection":[{"href":"https:\/\/hbc-system.com\/tr\/wp-json\/wp\/v2\/pages"}],"about":[{"href":"https:\/\/hbc-system.com\/tr\/wp-json\/wp\/v2\/types\/page"}],"author":[{"embeddable":true,"href":"https:\/\/hbc-system.com\/tr\/wp-json\/wp\/v2\/users\/1"}],"replies":[{"embeddable":true,"href":"https:\/\/hbc-system.com\/tr\/wp-json\/wp\/v2\/comments?post=1045"}],"version-history":[{"count":0,"href":"https:\/\/hbc-system.com\/tr\/wp-json\/wp\/v2\/pages\/1045\/revisions"}],"up":[{"embeddable":true,"href":"https:\/\/hbc-system.com\/tr\/wp-json\/wp\/v2\/pages\/934"}],"wp:attachment":[{"href":"https:\/\/hbc-system.com\/tr\/wp-json\/wp\/v2\/media?parent=1045"}],"curies":[{"name":"wp","href":"https:\/\/api.w.org\/{rel}","templated":true}]}}