{"id":240,"date":"2022-09-30T11:54:58","date_gmt":"2022-09-30T11:54:58","guid":{"rendered":"http:\/\/70.34.210.26\/?page_id=240"},"modified":"2024-11-28T12:59:27","modified_gmt":"2024-11-28T12:59:27","slug":"hepsi-bir-arada-akilli-tamir-arabalari","status":"publish","type":"page","link":"https:\/\/hbc-system.com\/tr\/products\/all-in-one-smart-repair-trolleys","title":{"rendered":"Hepsi bir arada ak\u0131ll\u0131 tamir arabalar\u0131"},"content":{"rendered":"<section class=\"wpb-content-wrapper\"><div class=\"nm-row nm-row-full vc_row wpb_row\"><div class=\"nm_column wpb_column vc_column_container col-sm-12 vc_col-sm-12\"><div class=\"vc_column-inner\"><div class=\"wpb_wrapper\"><div class=\"templatera_shortcode\"><\/div><\/div><\/div><\/div><\/div><div class=\"nm-row nm-row-full-nopad vc_row wpb_row  vc_custom_1678174440789\"><div class=\"nm_column wpb_column vc_column_container col-sm-12 vc_col-sm-12\"><div class=\"vc_column-inner\"><div class=\"wpb_wrapper\"><!-- start HBC Header -->\n\t\t<link id='uc_fonts_googleapis_com_css_family_montserrat_400_700-css' href='https:\/\/fonts.googleapis.com\/css?family=Montserrat:400,700' type='text\/css' rel='stylesheet' >\n\t\t<link id='uc_fonts_googleapis_com_css_family_lobster-css' href='https:\/\/fonts.googleapis.com\/css?family=Lobster' type='text\/css' rel='stylesheet' >\n\n\t\t\t<style type=\"text\/css\">\/* addon: HBC Header *\/\n\n.hbc-header {\n    position: relative;\n    overflow: hidden;\n    }\n.hbc-header-p br {\ndisplay: none;}\n\n.hbc-header-image {\nwidth: 100%;\nheight: auto;\nobject-fit: cover;\nmax-height: 550px;\naspect-ratio: 19 \/ 6;\n}\n\n@media (max-width: 1200px) {\n.hbc-header-h1 {\n    display: table;\n    font-weight: bold;\n    margin: 0;\n    width: 100%;\n    text-align: left;\n    background: rgba(0,0,0,0.75);\n    font-size: 18px;\n    color: #FFF;\n    text-transform: uppercase;\n    padding: 10px 5px;\n}\n\n.hbc-header-p {\n    font-size: 14px;\n    color: #FFF;\n    background: rgba(0,0,0,0.8);\n    margin: 0;\n    padding: 10px 5px;\n    width: 100%;\n}\n}\n\n\n@media (min-width: 1200px) {\n.hbc-header-h1 {\ndisplay: table;\n    z-index: 99;\n    font-weight: bold;\n    margin-bottom: 15px;\n    left: 20%;\n    top: 50px;\n    width: 550px;\n    text-align: left;\n    background: rgba(0,0,0,0.75);\n    font-size: 30px;\n    color: #FFF;\n    text-transform: uppercase;\n    padding: 15px;\n}\n.hbc-header-p {\n    z-index: 99;\n    margin: 0;\n    left: 20%;\n    top: 170px;\n    width: 550px;\n    text-align: left;\n    font-size: 17px;\n    line-height: 1.5;\n    background: rgba(0,0,0,0.75);\n    padding: 15px;\n    color: #FFF;\n}\n.notmobile {\nposition: absolute;\n    top: 50px;\n    left: 20%;\n}}\n\n}\n\n<\/style>\n\n\t\t\t<div class=\"hbc-header\">\n    <img decoding=\"async\" class=\"hbc-header-image\" height=\"\" width=\"\" alt=\"Ak\u0131ll\u0131 Onar\u0131m, \u0130\u00e7 Mekan, Ala\u015f\u0131m ve PDR Arabalar\u0131\" src=\"https:\/\/hbc-system.com\/wp-content\/uploads\/trolley-header-1.webp\" \/>\n    <div class=\"notmobile\">\n     <h1 class=\"hbc-header-h1\" style=\"color:white;\">Ak\u0131ll\u0131 Onar\u0131m, \u0130\u00e7 Mekan, Ala\u015f\u0131m ve PDR Arabalar\u0131<\/h1>\n     <h2 class=\"hbc-header-p\" style=\"display: table\">Profesyonel teknisyenler i\u00e7in hepsi bir arada at\u00f6lye veya mobil \u00e7\u00f6z\u00fcmler<\/h2>\n    <\/div>\n   \n\t\t\t\t<\/div>\n\n\t\t<\/div>\n\n<p id=\"breadcrumbs\">\n    <span><span><a href=\"https:\/\/hbc-system.com\/tr\/\">Ev<\/a><\/span><\/span>\n    <\/p>\n<\/div>\n\t\t\t<!-- end HBC Header --><\/div><\/div><\/div><\/div><div class=\"nm-row nm-row-full vc_row wpb_row  flex\"><div class=\"nm_column wpb_column vc_column_container col-sm-12 vc_col-sm-12\"><div class=\"vc_column-inner\"><div class=\"wpb_wrapper\"><div class=\"nm-row nm-row-full inner nm-row-flex nm-row-col-middle  vc_custom_1675775997465\"><div class=\"nm_column nm_column_inner col-sm-4 vc_col-sm-4 vc_custom_1666860099512\"><div class=\"wpb_wrapper\"><!-- start HBC Button v2 -->\n\t\t<link id='uc_fonts_googleapis_com_css_family_roboto-css' href='https:\/\/fonts.googleapis.com\/css?family=Roboto' type='text\/css' rel='stylesheet' >\n\n\t\t\t<style type=\"text\/css\">\/* addon: HBC Button v2 *\/\n\n.hbc_box_button:hover {transition: all 0.3s;\nopacity: 0.7;\n}\n.hbc_box_button {transition: all 0.3s;\nopacity: 1;\n}\n\n.hbc_button-img {\n    width: 100%;\n    }\n.hbc_button-h2 {\n    margin: 20px 20px 10px 20px;\n    font-size: 20px;\n    line-height: 1.3;\n    text-align: left;\n    font-family: Montserrat;\n    font-weight: 700;\n    font-style: normal;\n}\n.hbc_button-p {\n\n    margin: 0px 20px 20px 20px;\n   \n  display: -webkit-box;\n    max-width: 100%;\n    -webkit-line-clamp: 2;\n    -webkit-box-orient: vertical;\n    overflow: hidden;\nfont-size: 12px;\nline-height: 1.3;\ntext-align: left;\nfont-family:Montserrat;\nfont-weight:400;\nfont-style:normal\n}\n\n.hbc_inner_button {\n\n}\n\n<\/style>\n\n\t\t\t<a class=\"hbc_box_button\" href=\"\/tr\/urunler\/hepsi-bir-arada-akilli-tamir-arabalari\/el-arabasi-ustasi\/\">\n<div class=\"hbc_box_inner\">\n\t<div class=\"hbc_inner_button\" style=\" background:#F6F6F6;\"> \n    \t<img decoding=\"async\" class=\"hbc_button-img\" src=\"https:\/\/hbc-system.com\/wp-content\/uploads\/overview-trolley-master.jpg\" alt=\"El Arabas\u0131 Ustas\u0131\">\n        <h2 class=\"hbc_button-h2\" style=\"color:#7a003c;\">El Arabas\u0131 Ustas\u0131<\/h2>\n        <span class=\"hbc_button-p\" style=\"color:#4c4c4c;\">Trolley Master, HBC sisteminin en \u00fcst d\u00fczey Ak\u0131ll\u0131 Onar\u0131m ve PDR kurulumudur.<\/h3>\n    <\/div>\n<\/div>\n<\/a>\n\t\t\t<!-- end HBC Button v2 --><\/div><\/div><div class=\"nm_column nm_column_inner col-sm-4 vc_col-sm-4 vc_custom_1666860124219\"><div class=\"wpb_wrapper\"><!-- start HBC Button v2 -->\n\n\t\t\t<style type=\"text\/css\">\/* addon: HBC Button v2 *\/\n\n.hbc_box_button:hover {transition: all 0.3s;\nopacity: 0.7;\n}\n.hbc_box_button {transition: all 0.3s;\nopacity: 1;\n}\n\n.hbc_button-img {\n    width: 100%;\n    }\n.hbc_button-h2 {\n    margin: 20px 20px 10px 20px;\n    font-size: 20px;\n    line-height: 1.3;\n    text-align: left;\n    font-family: Montserrat;\n    font-weight: 700;\n    font-style: normal;\n}\n.hbc_button-p {\n\n    margin: 0px 20px 20px 20px;\n   \n  display: -webkit-box;\n    max-width: 100%;\n    -webkit-line-clamp: 2;\n    -webkit-box-orient: vertical;\n    overflow: hidden;\nfont-size: 12px;\nline-height: 1.3;\ntext-align: left;\nfont-family:Montserrat;\nfont-weight:400;\nfont-style:normal\n}\n\n.hbc_inner_button {\n\n}\n\n<\/style>\n\n\t\t\t<a class=\"hbc_box_button\" href=\"\/tr\/urunler\/hepsi-bir-arada-akilli-tamir-arabalari\/el-arabasi-l\/\">\n<div class=\"hbc_box_inner\">\n\t<div class=\"hbc_inner_button\" style=\" background:#F6F6F6;\"> \n    \t<img decoding=\"async\" class=\"hbc_button-img\" src=\"https:\/\/hbc-system.com\/wp-content\/uploads\/overview-trolley-l.jpg\" alt=\"El Arabas\u0131 L\">\n        <h2 class=\"hbc_button-h2\" style=\"color:#7a003c;\">El Arabas\u0131 L<\/h2>\n        <span class=\"hbc_button-p\" style=\"color:#4c4c4c;\">Trolley L, Ak\u0131ll\u0131 Onar\u0131m'a ba\u015flamak isteyen teknisyenler i\u00e7in giri\u015f modelimizdir.<\/h3>\n    <\/div>\n<\/div>\n<\/a>\n\t\t\t<!-- end HBC Button v2 --><\/div><\/div><div class=\"nm_column nm_column_inner col-sm-4 vc_col-sm-4 vc_custom_1666860137518\"><div class=\"wpb_wrapper\"><!-- start HBC Button v2 -->\n\n\t\t\t<style type=\"text\/css\">\/* addon: HBC Button v2 *\/\n\n.hbc_box_button:hover {transition: all 0.3s;\nopacity: 0.7;\n}\n.hbc_box_button {transition: all 0.3s;\nopacity: 1;\n}\n\n.hbc_button-img {\n    width: 100%;\n    }\n.hbc_button-h2 {\n    margin: 20px 20px 10px 20px;\n    font-size: 20px;\n    line-height: 1.3;\n    text-align: left;\n    font-family: Montserrat;\n    font-weight: 700;\n    font-style: normal;\n}\n.hbc_button-p {\n\n    margin: 0px 20px 20px 20px;\n   \n  display: -webkit-box;\n    max-width: 100%;\n    -webkit-line-clamp: 2;\n    -webkit-box-orient: vertical;\n    overflow: hidden;\nfont-size: 12px;\nline-height: 1.3;\ntext-align: left;\nfont-family:Montserrat;\nfont-weight:400;\nfont-style:normal\n}\n\n.hbc_inner_button {\n\n}\n\n<\/style>\n\n\t\t\t<a class=\"hbc_box_button\" href=\"\/tr\/urunler\/hepsi-bir-arada-akilli-tamir-arabalari\/el-arabasi-mobil-ic-mekan\/\">\n<div class=\"hbc_box_inner\">\n\t<div class=\"hbc_inner_button\" style=\" background:#F6F6F6;\"> \n    \t<img decoding=\"async\" class=\"hbc_button-img\" src=\"https:\/\/hbc-system.com\/wp-content\/uploads\/overview-trolley-mobile.jpg\" alt=\"Trolley Mobile - \u0130\u00e7 Mekan\">\n        <h2 class=\"hbc_button-h2\" style=\"color:#7a003c;\">Trolley Mobile - \u0130\u00e7 Mekan<\/h2>\n        <span class=\"hbc_button-p\" style=\"color:#4c4c4c;\">Interior Trolley Mobile, yoldaki teknisyenler i\u00e7in en uygun \u00e7\u00f6z\u00fcmd\u00fcr.<\/h3>\n    <\/div>\n<\/div>\n<\/a>\n\t\t\t<!-- end HBC Button v2 --><\/div><\/div><\/div><div class=\"nm-row nm-row-full inner nm-row-flex nm-row-col-middle  vc_custom_1675775997465\"><div class=\"nm_column nm_column_inner col-sm-4 vc_col-sm-4 vc_custom_1666860099512\"><div class=\"wpb_wrapper\"><!-- start HBC Button v2 -->\n\n\t\t\t<style type=\"text\/css\">\/* addon: HBC Button v2 *\/\n\n.hbc_box_button:hover {transition: all 0.3s;\nopacity: 0.7;\n}\n.hbc_box_button {transition: all 0.3s;\nopacity: 1;\n}\n\n.hbc_button-img {\n    width: 100%;\n    }\n.hbc_button-h2 {\n    margin: 20px 20px 10px 20px;\n    font-size: 20px;\n    line-height: 1.3;\n    text-align: left;\n    font-family: Montserrat;\n    font-weight: 700;\n    font-style: normal;\n}\n.hbc_button-p {\n\n    margin: 0px 20px 20px 20px;\n   \n  display: -webkit-box;\n    max-width: 100%;\n    -webkit-line-clamp: 2;\n    -webkit-box-orient: vertical;\n    overflow: hidden;\nfont-size: 12px;\nline-height: 1.3;\ntext-align: left;\nfont-family:Montserrat;\nfont-weight:400;\nfont-style:normal\n}\n\n.hbc_inner_button {\n\n}\n\n<\/style>\n\n\t\t\t<a class=\"hbc_box_button\" href=\"\/tr\/urunler\/hepsi-bir-arada-akilli-tamir-arabalari\/el-arabasi-pdr-pro\/\">\n<div class=\"hbc_box_inner\">\n\t<div class=\"hbc_inner_button\" style=\" background:#F6F6F6;\"> \n    \t<img decoding=\"async\" class=\"hbc_button-img\" src=\"https:\/\/hbc-system.com\/wp-content\/uploads\/overview-trolley-pdr-pro.jpg\" alt=\"El Arabas\u0131 PDR Pro\">\n        <h2 class=\"hbc_button-h2\" style=\"color:#7a003c;\">El Arabas\u0131 PDR Pro<\/h2>\n        <span class=\"hbc_button-p\" style=\"color:#4c4c4c;\">Trolley PDR Pro, HBC System'in en \u00fcst d\u00fczey PDR kurulumudur.<\/h3>\n    <\/div>\n<\/div>\n<\/a>\n\t\t\t<!-- end HBC Button v2 --><\/div><\/div><div class=\"nm_column nm_column_inner col-sm-4 vc_col-sm-4 vc_custom_1666860124219\"><div class=\"wpb_wrapper\"><!-- start HBC Button v2 -->\n\n\t\t\t<style type=\"text\/css\">\/* addon: HBC Button v2 *\/\n\n.hbc_box_button:hover {transition: all 0.3s;\nopacity: 0.7;\n}\n.hbc_box_button {transition: all 0.3s;\nopacity: 1;\n}\n\n.hbc_button-img {\n    width: 100%;\n    }\n.hbc_button-h2 {\n    margin: 20px 20px 10px 20px;\n    font-size: 20px;\n    line-height: 1.3;\n    text-align: left;\n    font-family: Montserrat;\n    font-weight: 700;\n    font-style: normal;\n}\n.hbc_button-p {\n\n    margin: 0px 20px 20px 20px;\n   \n  display: -webkit-box;\n    max-width: 100%;\n    -webkit-line-clamp: 2;\n    -webkit-box-orient: vertical;\n    overflow: hidden;\nfont-size: 12px;\nline-height: 1.3;\ntext-align: left;\nfont-family:Montserrat;\nfont-weight:400;\nfont-style:normal\n}\n\n.hbc_inner_button {\n\n}\n\n<\/style>\n\n\t\t\t<a class=\"hbc_box_button\" href=\"\/tr\/urunler\/hepsi-bir-arada-akilli-tamir-arabalari\/el-arabasi-pdr-pro\/\">\n<div class=\"hbc_box_inner\">\n\t<div class=\"hbc_inner_button\" style=\" background:#F6F6F6;\"> \n    \t<img decoding=\"async\" class=\"hbc_button-img\" src=\"https:\/\/hbc-system.com\/wp-content\/uploads\/overview-trolley-pdr.jpg\" alt=\"El Arabas\u0131 PDR Standard\u0131\">\n        <h2 class=\"hbc_button-h2\" style=\"color:#7a003c;\">El Arabas\u0131 PDR Standard\u0131<\/h2>\n        <span class=\"hbc_button-p\" style=\"color:#4c4c4c;\">Standart PDR arabas\u0131, g\u00f6\u00e7\u00fck giderme i\u015flerini tamamlamak i\u00e7in gereken temel sistemleri i\u00e7erir.<\/h3>\n    <\/div>\n<\/div>\n<\/a>\n\t\t\t<!-- end HBC Button v2 --><\/div><\/div><div class=\"nm_column nm_column_inner col-sm-4 vc_col-sm-4 vc_custom_1666860137518\"><div class=\"wpb_wrapper\"><!-- start HBC Button v2 -->\n\n\t\t\t<style type=\"text\/css\">\/* addon: HBC Button v2 *\/\n\n.hbc_box_button:hover {transition: all 0.3s;\nopacity: 0.7;\n}\n.hbc_box_button {transition: all 0.3s;\nopacity: 1;\n}\n\n.hbc_button-img {\n    width: 100%;\n    }\n.hbc_button-h2 {\n    margin: 20px 20px 10px 20px;\n    font-size: 20px;\n    line-height: 1.3;\n    text-align: left;\n    font-family: Montserrat;\n    font-weight: 700;\n    font-style: normal;\n}\n.hbc_button-p {\n\n    margin: 0px 20px 20px 20px;\n   \n  display: -webkit-box;\n    max-width: 100%;\n    -webkit-line-clamp: 2;\n    -webkit-box-orient: vertical;\n    overflow: hidden;\nfont-size: 12px;\nline-height: 1.3;\ntext-align: left;\nfont-family:Montserrat;\nfont-weight:400;\nfont-style:normal\n}\n\n.hbc_inner_button {\n\n}\n\n<\/style>\n\n\t\t\t<a class=\"hbc_box_button\" href=\"\/tr\/urunler\/hepsi-bir-arada-akilli-tamir-arabalari\/el-arabasi-karavani\/\">\n<div class=\"hbc_box_inner\">\n\t<div class=\"hbc_inner_button\" style=\" background:#F6F6F6;\"> \n    \t<img decoding=\"async\" class=\"hbc_button-img\" src=\"https:\/\/hbc-system.com\/wp-content\/uploads\/overview-trolley-caravan.jpg\" alt=\"El Arabas\u0131 Karavan\u0131\">\n        <h2 class=\"hbc_button-h2\" style=\"color:#7a003c;\">El Arabas\u0131 Karavan\u0131<\/h2>\n        <span class=\"hbc_button-p\" style=\"color:#4c4c4c;\">HBC sisteminden en \u00fcst d\u00fczey Karavan Onar\u0131m kurulumu.<\/h3>\n    <\/div>\n<\/div>\n<\/a>\n\t\t\t<!-- end HBC Button v2 --><\/div><\/div><\/div><div class=\"vc_empty_space\"   style=\"height: 32px\"><span class=\"vc_empty_space_inner\"><\/span><\/div><\/div><\/div><\/div><\/div><div class=\"nm-row nm-row-full-nopad vc_row wpb_row\"><div class=\"nm_column wpb_column vc_column_container col-sm-12 vc_col-sm-12\"><div class=\"vc_column-inner\"><div class=\"wpb_wrapper\"><div class=\"templatera_shortcode\"><div style=\" background-image:url(https:\/\/hbc-system.com\/wp-content\/uploads\/header-hbc-group-distributor-1.webp) !important;\" class=\"nm-row nm-row-full-nopad vc_row wpb_row nm-row-flex nm-row-col-middle nm-row-parallax nm-row-parallax-static  vc_custom_1682509734084\"><div class=\"nm_column wpb_column vc_column_container col-sm-12 vc_col-sm-12\"><div class=\"vc_column-inner\"><div class=\"wpb_wrapper\"><div class=\"nm-row nm-row-boxed inner nm-row-flex nm-row-col-middle  vc_custom_1679497305997\"><div class=\"nm_column nm_column_inner col-sm-4 vc_col-sm-4 vc_custom_1679496449268\"><div class=\"wpb_wrapper\"><div class=\"vc_empty_space\"   style=\"height: 25px\"><span class=\"vc_empty_space_inner\"><\/span><\/div><p style=\"font-size: 48px;color: #ffffff;line-height: 1.1;text-align: left;font-family:Montserrat;font-weight:700;font-style:normal\" class=\"vc_custom_heading\" ><a href=\"\/tr\/hakkimizda\/ortak\/\" title=\"K\u00fcresel etkinlikler\">YEREL DISTRIB\u00dcT\u00d6R\u00dcN\u00dcZ<\/a><\/p><div class=\"vc_empty_space\"   style=\"height: 25px\"><span class=\"vc_empty_space_inner\"><\/span><\/div>\r\n\t\t\t<div class=\"nm_btn_align_left\">\r\n\t\t\t\t<a href=\"\/tr\/hakkimizda\/ortak\/\" class=\"nm_btn nm_btn_lg nm_btn_border\" title=\"HBC System Hakk\u0131nda\" style=\"color:#ffffff;\">\r\n\t\t\t\t\t<span class=\"nm_btn_title\">HBC ORTAK<\/span>\r\n\t\t\t\t\t<span class=\"nm_btn_bg\"><\/span>\r\n\t\t\t\t<\/a>\r\n\t\t\t<\/div><div class=\"vc_empty_space\"   style=\"height: 25px\"><span class=\"vc_empty_space_inner\"><\/span><\/div><\/div><\/div><div class=\"nm_column nm_column_inner col-sm-4 vc_col-sm-4 vc_custom_1679666699177\"><div class=\"wpb_wrapper\"><p style=\"font-size: 25px;color: #ffffff;line-height: 1.5;text-align: left;font-family:Montserrat;font-weight:400;font-style:normal\" class=\"vc_custom_heading\" ><a href=\"https:\/\/hbc-system.com\/tr\/hakkimizda\/ortak\/\" title=\"K\u00fcresel etkinlikler\">Sat\u0131\u015f<\/a><\/p><p style=\"font-size: 25px;color: #ffffff;line-height: 1.5;text-align: left;font-family:Montserrat;font-weight:400;font-style:normal\" class=\"vc_custom_heading\" ><a href=\"https:\/\/hbc-system.com\/tr\/hakkimizda\/ortak\/\" title=\"K\u00fcresel etkinlikler\">\u00dcr\u00fcn Deste\u011fi<\/a><\/p><p style=\"font-size: 25px;color: #ffffff;line-height: 1.5;text-align: left;font-family:Montserrat;font-weight:400;font-style:normal\" class=\"vc_custom_heading\" ><a href=\"https:\/\/hbc-system.com\/tr\/hakkimizda\/ortak\/\" title=\"K\u00fcresel etkinlikler\">Kitap Demolar\u0131<\/a><\/p><p style=\"font-size: 25px;color: #ffffff;line-height: 1.5;text-align: left;font-family:Montserrat;font-weight:400;font-style:normal\" class=\"vc_custom_heading\" ><a href=\"https:\/\/hbc-system.com\/tr\/hakkimizda\/ortak\/\" title=\"K\u00fcresel etkinlikler\">Sertifikal\u0131 E\u011fitim<\/a><\/p><p style=\"font-size: 25px;color: #ffffff;line-height: 1.5;text-align: left;font-family:Montserrat;font-weight:400;font-style:normal\" class=\"vc_custom_heading\" ><a href=\"https:\/\/hbc-system.com\/tr\/hakkimizda\/ortak\/\" title=\"K\u00fcresel etkinlikler\">Sarf Malzemelerini Yeniden Sipari\u015f Edin<\/a><\/p><\/div><\/div><div class=\"nm_column nm_column_inner col-sm-4 vc_col-sm-4\"><div class=\"wpb_wrapper\"><\/div><\/div><\/div><\/div><\/div><\/div><\/div><\/div><\/div><\/div><\/div><\/div>\n<\/section>","protected":false},"excerpt":{"rendered":"YEREL D\u0130STR\u0130B\u00dcT\u00d6R\u00dcN\u00dcZ HBC PARTNER\u0130N\u0130Z Sat\u0131\u015f\u00dcr\u00fcn Deste\u011fiKitap Demolar\u0131Sertifikal\u0131 E\u011fitimSarf Malzemesi Sipari\u015fi","protected":false},"author":1,"featured_media":0,"parent":40,"menu_order":0,"comment_status":"closed","ping_status":"closed","template":"templates\/page-full.php","meta":{"content-type":"","inline_featured_image":false,"_monsterinsights_skip_tracking":false,"_monsterinsights_sitenote_active":false,"_monsterinsights_sitenote_note":"","_monsterinsights_sitenote_category":0,"footnotes":""},"class_list":["post-240","page","type-page","status-publish","hentry"],"yoast_head":"<!-- This site is optimized with the Yoast SEO Premium plugin v19.6 (Yoast SEO v24.2) - https:\/\/yoast.com\/wordpress\/plugins\/seo\/ -->\n<title>All-in-one smart repair trolleys<\/title>\n<meta name=\"description\" content=\"Our all-in-one smart repair trolleys are designed for the SMART Repair specialist. View our selection of trolleys for SMART Repairs, PDR and caravan.\" \/>\n<meta name=\"robots\" content=\"index, follow, max-snippet:-1, max-image-preview:large, max-video-preview:-1\" \/>\n<link rel=\"canonical\" href=\"https:\/\/hbc-system.com\/tr\/wp-json\/wp\/v2\/pages\/240\" \/>\n<meta property=\"og:locale\" content=\"tr_TR\" \/>\n<meta property=\"og:type\" content=\"article\" \/>\n<meta property=\"og:title\" content=\"All-in-one smart repair trolleys\" \/>\n<meta property=\"og:description\" content=\"Our all-in-one smart repair trolleys are designed for the SMART Repair specialist. View our selection of trolleys for SMART Repairs, PDR and caravan.\" \/>\n<meta property=\"og:url\" content=\"https:\/\/hbc-system.com\/tr\/urunler\/hepsi-bir-arada-akilli-tamir-arabalari\/\" \/>\n<meta property=\"og:site_name\" content=\"HBC System\" \/>\n<meta property=\"article:publisher\" content=\"https:\/\/www.facebook.com\/hbcsystems\" \/>\n<meta property=\"article:modified_time\" content=\"2024-11-28T12:59:27+00:00\" \/>\n<meta name=\"twitter:card\" content=\"summary_large_image\" \/>\n<meta name=\"twitter:label1\" content=\"Tahmini okuma s\u00fcresi\" \/>\n\t<meta name=\"twitter:data1\" content=\"1 dakika\" \/>\n<script type=\"application\/ld+json\" class=\"yoast-schema-graph\">{\n\t    \"@context\": \"https:\/\/schema.org\",\n\t    \"@graph\": [\n\t        {\n\t            \"@type\": \"WebPage\",\n\t            \"@id\": \"https:\/\/hbc-system.com\/products\/all-in-one-smart-repair-trolleys\",\n\t            \"url\": \"https:\/\/hbc-system.com\/products\/all-in-one-smart-repair-trolleys\",\n\t            \"name\": \"All-in-one smart repair trolleys\",\n\t            \"isPartOf\": {\n\t                \"@id\": \"https:\/\/hbc-system.com\/fr_be\/#website\"\n\t            },\n\t            \"datePublished\": \"2022-09-30T11:54:58+00:00\",\n\t            \"dateModified\": \"2024-11-28T12:59:27+00:00\",\n\t            \"description\": \"Our all-in-one smart repair trolleys are designed for the SMART Repair specialist. View our selection of trolleys for SMART Repairs, PDR and caravan.\",\n\t            \"breadcrumb\": {\n\t                \"@id\": \"https:\/\/hbc-system.com\/products\/all-in-one-smart-repair-trolleys#breadcrumb\"\n\t            },\n\t            \"inLanguage\": \"tr\",\n\t            \"potentialAction\": [\n\t                {\n\t                    \"@type\": \"ReadAction\",\n\t                    \"target\": [\n\t                        \"https:\/\/hbc-system.com\/products\/all-in-one-smart-repair-trolleys\"\n\t                    ]\n\t                }\n\t            ]\n\t        },\n\t        {\n\t            \"@type\": \"BreadcrumbList\",\n\t            \"@id\": \"https:\/\/hbc-system.com\/products\/all-in-one-smart-repair-trolleys#breadcrumb\",\n\t            \"itemListElement\": [\n\t                {\n\t                    \"@type\": \"ListItem\",\n\t                    \"position\": 1,\n\t                    \"name\": \"Home\",\n\t                    \"item\": \"https:\/\/hbc-system.com\/\"\n\t                },\n\t                {\n\t                    \"@type\": \"ListItem\",\n\t                    \"position\": 2,\n\t                    \"name\": \"Products\",\n\t                    \"item\": \"https:\/\/hbc-system.com\/products\"\n\t                },\n\t                {\n\t                    \"@type\": \"ListItem\",\n\t                    \"position\": 3,\n\t                    \"name\": \"All-in-one smart repair trolleys\"\n\t                }\n\t            ]\n\t        },\n\t        {\n\t            \"@type\": \"WebSite\",\n\t            \"@id\": \"https:\/\/hbc-system.com\/fr_be\/#website\",\n\t            \"url\": \"https:\/\/hbc-system.com\/fr_be\/\",\n\t            \"name\": \"HBC System\",\n\t            \"description\": \"\",\n\t            \"potentialAction\": [\n\t                {\n\t                    \"@type\": \"SearchAction\",\n\t                    \"target\": {\n\t                        \"@type\": \"EntryPoint\",\n\t                        \"urlTemplate\": \"https:\/\/hbc-system.com\/fr_be\/?s={search_term_string}\"\n\t                    },\n\t                    \"query-input\": {\n\t                        \"@type\": \"PropertyValueSpecification\",\n\t                        \"valueRequired\": true,\n\t                        \"valueName\": \"search_term_string\"\n\t                    }\n\t                }\n\t            ],\n\t            \"inLanguage\": \"tr\"\n\t        }\n\t    ]\n\t}<\/script>\n<!-- \/ Yoast SEO Premium plugin. -->","yoast_head_json":{"title":"Hepsi bir arada ak\u0131ll\u0131 tamir arabalar\u0131","description":"Hepsi bir arada ak\u0131ll\u0131 onar\u0131m arabalar\u0131m\u0131z SMART Onar\u0131m uzmanlar\u0131 i\u00e7in tasarlanm\u0131\u015ft\u0131r. SMART Onar\u0131mlar\u0131, PDR ve karavan i\u00e7in araba se\u00e7eneklerimizi g\u00f6r\u00fcnt\u00fcleyin.","robots":{"index":"index","follow":"follow","max-snippet":"max-snippet:-1","max-image-preview":"max-image-preview:large","max-video-preview":"max-video-preview:-1"},"canonical":"https:\/\/hbc-system.com\/tr\/wp-json\/wp\/v2\/pages\/240","og_locale":"tr_TR","og_type":"article","og_title":"All-in-one smart repair trolleys","og_description":"Our all-in-one smart repair trolleys are designed for the SMART Repair specialist. View our selection of trolleys for SMART Repairs, PDR and caravan.","og_url":"https:\/\/hbc-system.com\/tr\/urunler\/hepsi-bir-arada-akilli-tamir-arabalari\/","og_site_name":"HBC System","article_publisher":"https:\/\/www.facebook.com\/hbcsystems","article_modified_time":"2024-11-28T12:59:27+00:00","twitter_card":"summary_large_image","twitter_misc":{"Tahmini okuma s\u00fcresi":"1 dakika"},"schema":{"@context":"https:\/\/schema.org","@graph":[{"@type":"WebPage","@id":"https:\/\/hbc-system.com\/products\/all-in-one-smart-repair-trolleys","url":"https:\/\/hbc-system.com\/products\/all-in-one-smart-repair-trolleys","name":"Hepsi bir arada ak\u0131ll\u0131 tamir arabalar\u0131","isPartOf":{"@id":"https:\/\/hbc-system.com\/fr_be\/#website"},"datePublished":"2022-09-30T11:54:58+00:00","dateModified":"2024-11-28T12:59:27+00:00","description":"Hepsi bir arada ak\u0131ll\u0131 onar\u0131m arabalar\u0131m\u0131z SMART Onar\u0131m uzmanlar\u0131 i\u00e7in tasarlanm\u0131\u015ft\u0131r. SMART Onar\u0131mlar\u0131, PDR ve karavan i\u00e7in araba se\u00e7eneklerimizi g\u00f6r\u00fcnt\u00fcleyin.","breadcrumb":{"@id":"https:\/\/hbc-system.com\/products\/all-in-one-smart-repair-trolleys#breadcrumb"},"inLanguage":"tr","potentialAction":[{"@type":"ReadAction","target":["https:\/\/hbc-system.com\/products\/all-in-one-smart-repair-trolleys"]}]},{"@type":"BreadcrumbList","@id":"https:\/\/hbc-system.com\/products\/all-in-one-smart-repair-trolleys#breadcrumb","itemListElement":[{"@type":"ListItem","position":1,"name":"Home","item":"https:\/\/hbc-system.com\/"},{"@type":"ListItem","position":2,"name":"Products","item":"https:\/\/hbc-system.com\/products"},{"@type":"ListItem","position":3,"name":"All-in-one smart repair trolleys"}]},{"@type":"WebSite","@id":"https:\/\/hbc-system.com\/fr_be\/#website","url":"https:\/\/hbc-system.com\/fr_be\/","name":"HBC Sistemi","description":"","potentialAction":[{"@type":"SearchAction","target":{"@type":"EntryPoint","urlTemplate":"https:\/\/hbc-system.com\/fr_be\/?s={search_term_string}"},"query-input":{"@type":"PropertyValueSpecification","valueRequired":true,"valueName":"search_term_string"}}],"inLanguage":"tr"}]}},"_links":{"self":[{"href":"https:\/\/hbc-system.com\/tr\/wp-json\/wp\/v2\/pages\/240","targetHints":{"allow":["GET"]}}],"collection":[{"href":"https:\/\/hbc-system.com\/tr\/wp-json\/wp\/v2\/pages"}],"about":[{"href":"https:\/\/hbc-system.com\/tr\/wp-json\/wp\/v2\/types\/page"}],"author":[{"embeddable":true,"href":"https:\/\/hbc-system.com\/tr\/wp-json\/wp\/v2\/users\/1"}],"replies":[{"embeddable":true,"href":"https:\/\/hbc-system.com\/tr\/wp-json\/wp\/v2\/comments?post=240"}],"version-history":[{"count":4,"href":"https:\/\/hbc-system.com\/tr\/wp-json\/wp\/v2\/pages\/240\/revisions"}],"predecessor-version":[{"id":7268,"href":"https:\/\/hbc-system.com\/tr\/wp-json\/wp\/v2\/pages\/240\/revisions\/7268"}],"up":[{"embeddable":true,"href":"https:\/\/hbc-system.com\/tr\/wp-json\/wp\/v2\/pages\/40"}],"wp:attachment":[{"href":"https:\/\/hbc-system.com\/tr\/wp-json\/wp\/v2\/media?parent=240"}],"curies":[{"name":"wp","href":"https:\/\/api.w.org\/{rel}","templated":true}]}}