{"id":2713,"date":"2022-11-28T16:03:54","date_gmt":"2022-11-28T16:03:54","guid":{"rendered":"http:\/\/70.34.210.26\/?page_id=2713"},"modified":"2023-04-21T12:41:49","modified_gmt":"2023-04-21T12:41:49","slug":"boya-kabi%cc%87ni%cc%87-cikarma","status":"publish","type":"page","link":"https:\/\/hbc-system.com\/tr\/products\/paint-booth-extraction","title":{"rendered":"Boya Kabini ve Ekstraksiyon"},"content":{"rendered":"<section class=\"wpb-content-wrapper\"><div class=\"nm-row nm-row-full-nopad vc_row wpb_row\"><div class=\"nm_column wpb_column vc_column_container col-sm-12 vc_col-sm-12\"><div class=\"vc_column-inner\"><div class=\"wpb_wrapper\"><!-- start HBC Header -->\n\t\t<link id='uc_fonts_googleapis_com_css_family_montserrat_400_700-css' href='https:\/\/fonts.googleapis.com\/css?family=Montserrat:400,700' type='text\/css' rel='stylesheet' >\n\t\t<link id='uc_fonts_googleapis_com_css_family_lobster-css' href='https:\/\/fonts.googleapis.com\/css?family=Lobster' type='text\/css' rel='stylesheet' >\n\n\t\t\t<style type=\"text\/css\">\/* addon: HBC Header *\/\n\n.hbc-header {\n    position: relative;\n    overflow: hidden;\n    }\n.hbc-header-p br {\ndisplay: none;}\n\n.hbc-header-image {\nwidth: 100%;\nheight: auto;\nobject-fit: cover;\nmax-height: 550px;\naspect-ratio: 19 \/ 6;\n}\n\n@media (max-width: 1200px) {\n.hbc-header-h1 {\n    display: table;\n    font-weight: bold;\n    margin: 0;\n    width: 100%;\n    text-align: left;\n    background: rgba(0,0,0,0.75);\n    font-size: 18px;\n    color: #FFF;\n    text-transform: uppercase;\n    padding: 10px 5px;\n}\n\n.hbc-header-p {\n    font-size: 14px;\n    color: #FFF;\n    background: rgba(0,0,0,0.8);\n    margin: 0;\n    padding: 10px 5px;\n    width: 100%;\n}\n}\n\n\n@media (min-width: 1200px) {\n.hbc-header-h1 {\ndisplay: table;\n    z-index: 99;\n    font-weight: bold;\n    margin-bottom: 15px;\n    left: 20%;\n    top: 50px;\n    width: 550px;\n    text-align: left;\n    background: rgba(0,0,0,0.75);\n    font-size: 30px;\n    color: #FFF;\n    text-transform: uppercase;\n    padding: 15px;\n}\n.hbc-header-p {\n    z-index: 99;\n    margin: 0;\n    left: 20%;\n    top: 170px;\n    width: 550px;\n    text-align: left;\n    font-size: 17px;\n    line-height: 1.5;\n    background: rgba(0,0,0,0.75);\n    padding: 15px;\n    color: #FFF;\n}\n.notmobile {\nposition: absolute;\n    top: 50px;\n    left: 20%;\n}}\n\n}\n\n<\/style>\n\n\t\t\t<div class=\"hbc-header\">\n    <img decoding=\"async\" class=\"hbc-header-image\" height=\"\" width=\"\" alt=\"Boya Kabini ve Ekstraksiyon\" src=\"https:\/\/hbc-system.com\/wp-content\/uploads\/header-paint-booths-filterbanks-1.webp\" \/>\n    <div class=\"notmobile\">\n     <h1 class=\"hbc-header-h1\" style=\"color:white;\">Boya Kabini ve Ekstraksiyon<\/h1>\n     <h2 class=\"hbc-header-p\" style=\"display: table\">Mobil p\u00fcsk\u00fcrtme kabini ve filtrasyon \/ ekstraksiyon \u00fcniteleri<\/h2>\n    <\/div>\n   \n\t\t\t\t<\/div>\n\n\t\t<\/div>\n\n<p id=\"breadcrumbs\">\n    <span><span><a href=\"https:\/\/hbc-system.com\/tr\/\">Ev<\/a><\/span><\/span>\n    <\/p>\n<\/div>\n\t\t\t<!-- end HBC Header --><\/div><\/div><\/div><\/div><div class=\"nm-row nm-row-full vc_row wpb_row\"><div class=\"nm_column wpb_column vc_column_container col-sm-12 vc_col-sm-12\"><div class=\"vc_column-inner\"><div class=\"wpb_wrapper\"><div class=\"templatera_shortcode\"><div class=\"nm-row nm-row-full vc_row wpb_row  flex vc_custom_1675765559414\"><div class=\"nm_column wpb_column vc_column_container col-sm-12 vc_col-sm-12\"><div class=\"vc_column-inner\"><div class=\"wpb_wrapper\"><div class=\"nm-row nm-row-full inner nm-row-flex nm-row-col-middle  vc_custom_1667979675307\"><div class=\"nm_column nm_column_inner col-sm-4 vc_col-sm-4 vc_custom_1666878146216\"><div class=\"wpb_wrapper\"><!-- start HBC Button v2 -->\n\t\t<link id='uc_fonts_googleapis_com_css_family_roboto-css' href='https:\/\/fonts.googleapis.com\/css?family=Roboto' type='text\/css' rel='stylesheet' >\n\n\t\t\t<style type=\"text\/css\">\/* addon: HBC Button v2 *\/\n\n.hbc_box_button:hover {transition: all 0.3s;\nopacity: 0.7;\n}\n.hbc_box_button {transition: all 0.3s;\nopacity: 1;\n}\n\n.hbc_button-img {\n    width: 100%;\n    }\n.hbc_button-h2 {\n    margin: 20px 20px 10px 20px;\n    font-size: 20px;\n    line-height: 1.3;\n    text-align: left;\n    font-family: Montserrat;\n    font-weight: 700;\n    font-style: normal;\n}\n.hbc_button-p {\n\n    margin: 0px 20px 20px 20px;\n   \n  display: -webkit-box;\n    max-width: 100%;\n    -webkit-line-clamp: 2;\n    -webkit-box-orient: vertical;\n    overflow: hidden;\nfont-size: 12px;\nline-height: 1.3;\ntext-align: left;\nfont-family:Montserrat;\nfont-weight:400;\nfont-style:normal\n}\n\n.hbc_inner_button {\n\n}\n\n<\/style>\n\n\t\t\t<a class=\"hbc_box_button\" href=\"https:\/\/hbc-system.com\/tr\/urunler\/boya-kabi%cc%87ni%cc%87-cikarma\/hi%cc%87bri%cc%87t-boya-kabi%cc%87ni%cc%87\/\">\n<div class=\"hbc_box_inner\">\n\t<div class=\"hbc_inner_button\" style=\" background:#F6F6F6;\"> \n    \t<img decoding=\"async\" class=\"hbc_button-img\" src=\"https:\/\/hbc-system.com\/wp-content\/uploads\/hybrid-paint-booth-header.webp\" alt=\"Ak\u0131ll\u0131 Onar\u0131m Boya Kabini\">\n        <h2 class=\"hbc_button-h2\" style=\"color:#7a003c;\">Ak\u0131ll\u0131 Onar\u0131m Boya Kabini<\/h2>\n        <span class=\"hbc_button-p\" style=\"color:#4c4c4c;\">Mobil Hibrit Boya Kabini her yerde boya yapman\u0131z\u0131 sa\u011flar. Do\u011frudan arac\u0131n hasarl\u0131 b\u00f6lgesine tak\u0131larak m\u00fckemmel nokta onar\u0131m\u0131 i\u00e7in kapal\u0131 bir alan yarat\u0131r. Mobil Hibrit Boya Kabinini t\u00fcm muadil \u00fcr\u00fcnlerden ay\u0131ran en \u00f6nemli \u00f6zellik boyac\u0131n\u0131n konumudur. Geleneksel \u00e7\u00f6z\u00fcmlerin aksine, boyac\u0131 i\u00e7eride tehlikeli duman ve maddelerle birlikte \u00e7al\u0131\u015fmak yerine boya kabininin d\u0131\u015f\u0131nda g\u00fcvenli bir \u015fekilde bulunur. Bu da bir boya i\u015finin maske, g\u00f6zl\u00fck vb. olmadan tamamen ger\u00e7ekle\u015ftirilebilece\u011fi anlam\u0131na gelir.<\/h3>\n    <\/div>\n<\/div>\n<\/a>\n\t\t\t<!-- end HBC Button v2 --><\/div><\/div><div class=\"nm_column nm_column_inner col-sm-4 vc_col-sm-4 vc_custom_1666878207875\"><div class=\"wpb_wrapper\"><!-- start HBC Button v2 -->\n\n\t\t\t<style type=\"text\/css\">\/* addon: HBC Button v2 *\/\n\n.hbc_box_button:hover {transition: all 0.3s;\nopacity: 0.7;\n}\n.hbc_box_button {transition: all 0.3s;\nopacity: 1;\n}\n\n.hbc_button-img {\n    width: 100%;\n    }\n.hbc_button-h2 {\n    margin: 20px 20px 10px 20px;\n    font-size: 20px;\n    line-height: 1.3;\n    text-align: left;\n    font-family: Montserrat;\n    font-weight: 700;\n    font-style: normal;\n}\n.hbc_button-p {\n\n    margin: 0px 20px 20px 20px;\n   \n  display: -webkit-box;\n    max-width: 100%;\n    -webkit-line-clamp: 2;\n    -webkit-box-orient: vertical;\n    overflow: hidden;\nfont-size: 12px;\nline-height: 1.3;\ntext-align: left;\nfont-family:Montserrat;\nfont-weight:400;\nfont-style:normal\n}\n\n.hbc_inner_button {\n\n}\n\n<\/style>\n\n\t\t\t<a class=\"hbc_box_button\" href=\"https:\/\/hbc-system.com\/tr\/urunler\/boya-kabi%cc%87ni%cc%87-cikarma\/smartwall-filterbank\/\">\n<div class=\"hbc_box_inner\">\n\t<div class=\"hbc_inner_button\" style=\" background:#F6F6F6;\"> \n    \t<img decoding=\"async\" class=\"hbc_button-img\" src=\"https:\/\/hbc-system.com\/wp-content\/uploads\/smart-wall-header.webp\" alt=\"Filterbank ve Smartwall - ekstraksiyon\">\n        <h2 class=\"hbc_button-h2\" style=\"color:#7a003c;\">Filterbank ve Smartwall - ekstraksiyon<\/h2>\n        <span class=\"hbc_button-p\" style=\"color:#4c4c4c;\">SmartWall ve Filterbank, toz ve duman tahliyesinin gerekli oldu\u011fu bir at\u00f6lyede hava temizleme, k\u00fc\u00e7\u00fck hasarlar ve yap\u0131sal olmayan onar\u0131mlar i\u00e7in benzersiz, son teknoloji \u00fcr\u00fcn\u00fc onar\u0131m \u00e7\u00f6z\u00fcmleridir. Bu \u00fcniteler t\u00fcm VOC'leri filtreleyerek ve temiz havay\u0131 d\u0131\u015far\u0131 atarak havay\u0131 temizler! Ayr\u0131ca, dijital g\u00f6sterge paneli, filtreleme kan\u0131t\u0131n\u0131 tonlarca veriyle belgelemenize olanak tan\u0131yarak her yerde uyumluluk sa\u011flar!<\/h3>\n    <\/div>\n<\/div>\n<\/a>\n\t\t\t<!-- end HBC Button v2 --><\/div><\/div><div class=\"nm_column nm_column_inner col-sm-4 vc_col-sm-4 vc_custom_1666878234281\"><div class=\"wpb_wrapper\"><!-- start HBC Button v2 -->\n\n\t\t\t<style type=\"text\/css\">\/* addon: HBC Button v2 *\/\n\n.hbc_box_button:hover {transition: all 0.3s;\nopacity: 0.7;\n}\n.hbc_box_button {transition: all 0.3s;\nopacity: 1;\n}\n\n.hbc_button-img {\n    width: 100%;\n    }\n.hbc_button-h2 {\n    margin: 20px 20px 10px 20px;\n    font-size: 20px;\n    line-height: 1.3;\n    text-align: left;\n    font-family: Montserrat;\n    font-weight: 700;\n    font-style: normal;\n}\n.hbc_button-p {\n\n    margin: 0px 20px 20px 20px;\n   \n  display: -webkit-box;\n    max-width: 100%;\n    -webkit-line-clamp: 2;\n    -webkit-box-orient: vertical;\n    overflow: hidden;\nfont-size: 12px;\nline-height: 1.3;\ntext-align: left;\nfont-family:Montserrat;\nfont-weight:400;\nfont-style:normal\n}\n\n.hbc_inner_button {\n\n}\n\n<\/style>\n\n\t\t\t<a class=\"hbc_box_button\" href=\"https:\/\/hbc-system.com\/tr\/devridaim-boya-kabini\/\">\n<div class=\"hbc_box_inner\">\n\t<div class=\"hbc_inner_button\" style=\" background:#F6F6F6;\"> \n    \t<img decoding=\"async\" class=\"hbc_button-img\" src=\"https:\/\/hbc-system.com\/wp-content\/uploads\/recirculation-booths-header.webp\" alt=\"Devridaim Boya Kabini\">\n        <h2 class=\"hbc_button-h2\" style=\"color:#7a003c;\">Devridaim Boya Kabini<\/h2>\n        <span class=\"hbc_button-p\" style=\"color:#4c4c4c;\">K\u00fc\u00e7\u00fck hasar onar\u0131mlar\u0131 i\u00e7in \u00e7ok y\u00f6nl\u00fc bir Boya Kabini. VOC'leri verimli bir \u015fekilde filtreler, kendi kendine yeten, temiz bir \u00e7al\u0131\u015fma alan\u0131 i\u00e7in temiz havay\u0131 kapal\u0131 bir d\u00f6ng\u00fcde geri d\u00f6n\u00fc\u015ft\u00fcr\u00fcr. Sprey boyama ve z\u0131mparalama gibi daha k\u00fc\u00e7\u00fck i\u015fler i\u00e7in \u00f6zel olarak tasarlanm\u0131\u015ft\u0131r.<\/h3>\n    <\/div>\n<\/div>\n<\/a>\n\t\t\t<!-- end HBC Button v2 --><\/div><\/div><\/div><div class=\"nm-row nm-row-full inner nm-row-flex nm-row-col-middle  vc_custom_1705325600918\"><div class=\"nm_column nm_column_inner col-sm-4 vc_col-sm-4 vc_custom_1666878207875\"><div class=\"wpb_wrapper\"><!-- start HBC Button v2 -->\n\n\t\t\t<style type=\"text\/css\">\/* addon: HBC Button v2 *\/\n\n.hbc_box_button:hover {transition: all 0.3s;\nopacity: 0.7;\n}\n.hbc_box_button {transition: all 0.3s;\nopacity: 1;\n}\n\n.hbc_button-img {\n    width: 100%;\n    }\n.hbc_button-h2 {\n    margin: 20px 20px 10px 20px;\n    font-size: 20px;\n    line-height: 1.3;\n    text-align: left;\n    font-family: Montserrat;\n    font-weight: 700;\n    font-style: normal;\n}\n.hbc_button-p {\n\n    margin: 0px 20px 20px 20px;\n   \n  display: -webkit-box;\n    max-width: 100%;\n    -webkit-line-clamp: 2;\n    -webkit-box-orient: vertical;\n    overflow: hidden;\nfont-size: 12px;\nline-height: 1.3;\ntext-align: left;\nfont-family:Montserrat;\nfont-weight:400;\nfont-style:normal\n}\n\n.hbc_inner_button {\n\n}\n\n<\/style>\n\n\t\t\t<a class=\"hbc_box_button\" href=\"https:\/\/hbc-system.com\/tr\/urunler\/alasim-jant-onarim-sistemleri-ekipmanlari\/tekerlek-boyama-maki%cc%87nesi%cc%87\/\">\n<div class=\"hbc_box_inner\">\n\t<div class=\"hbc_inner_button\" style=\" background:#F6F6F6;\"> \n    \t<img decoding=\"async\" class=\"hbc_button-img\" src=\"https:\/\/hbc-system.com\/wp-content\/uploads\/wheel-paint-robot-header.webp\" alt=\"Jant Boya Kabini - Otomatik\">\n        <h2 class=\"hbc_button-h2\" style=\"color:#7a003c;\">Jant Boya Kabini - Otomatik<\/h2>\n        <span class=\"hbc_button-p\" style=\"color:#4c4c4c;\">D\u00fcnyan\u0131n ilk tam otomatik Tekerlek Boyama Makinesi. Normal bir p\u00fcsk\u00fcrtme tabancas\u0131 veya aerosol kullanarak bir tekerle\u011fin her iki taraf\u0131n\u0131 ba\u015ftan sona, tam otomatik olarak boyayabilen patentli bir robot. Jantlar\u0131 boyarken herhangi bir tahmin veya tutars\u0131zl\u0131\u011f\u0131 ortadan kald\u0131r\u0131r! <\/h3>\n    <\/div>\n<\/div>\n<\/a>\n\t\t\t<!-- end HBC Button v2 --><\/div><\/div><div class=\"nm_column nm_column_inner col-sm-4 vc_col-sm-4 vc_custom_1666878146216\"><div class=\"wpb_wrapper\"><!-- start HBC Button v2 -->\n\n\t\t\t<style type=\"text\/css\">\/* addon: HBC Button v2 *\/\n\n.hbc_box_button:hover {transition: all 0.3s;\nopacity: 0.7;\n}\n.hbc_box_button {transition: all 0.3s;\nopacity: 1;\n}\n\n.hbc_button-img {\n    width: 100%;\n    }\n.hbc_button-h2 {\n    margin: 20px 20px 10px 20px;\n    font-size: 20px;\n    line-height: 1.3;\n    text-align: left;\n    font-family: Montserrat;\n    font-weight: 700;\n    font-style: normal;\n}\n.hbc_button-p {\n\n    margin: 0px 20px 20px 20px;\n   \n  display: -webkit-box;\n    max-width: 100%;\n    -webkit-line-clamp: 2;\n    -webkit-box-orient: vertical;\n    overflow: hidden;\nfont-size: 12px;\nline-height: 1.3;\ntext-align: left;\nfont-family:Montserrat;\nfont-weight:400;\nfont-style:normal\n}\n\n.hbc_inner_button {\n\n}\n\n<\/style>\n\n\t\t\t<a class=\"hbc_box_button\" href=\"https:\/\/hbc-system.com\/tr\/urunler\/alasim-jant-onarim-sistemleri-ekipmanlari\/tekerlek-puskurtme-kabini-alasim-jantlar\/\">\n<div class=\"hbc_box_inner\">\n\t<div class=\"hbc_inner_button\" style=\" background:#F6F6F6;\"> \n    \t<img decoding=\"async\" class=\"hbc_button-img\" src=\"https:\/\/hbc-system.com\/wp-content\/uploads\/spray-bay-header.webp\" alt=\"Tekerlek P\u00fcsk\u00fcrtme Kabini\">\n        <h2 class=\"hbc_button-h2\" style=\"color:#7a003c;\">Tekerlek P\u00fcsk\u00fcrtme Kabini<\/h2>\n        <span class=\"hbc_button-p\" style=\"color:#4c4c4c;\">Jant P\u00fcsk\u00fcrtme Kabini, ala\u015f\u0131m jant boyama s\u00fcrecini geli\u015ftirmek i\u00e7in tasarlanm\u0131\u015f son teknoloji bir \u00e7\u00f6z\u00fcmd\u00fcr. Ayn\u0131 anda iki jant\u0131 haz\u0131rlama veya p\u00fcsk\u00fcrtme kapasitesine sahip bu yenilik\u00e7i b\u00f6lme, verimlili\u011fi ve \u00fcretkenli\u011fi en \u00fcst d\u00fczeye \u00e7\u0131kar\u0131r. <\/h3>\n    <\/div>\n<\/div>\n<\/a>\n\t\t\t<!-- end HBC Button v2 --><\/div><\/div><div class=\"nm_column nm_column_inner col-sm-4 vc_col-sm-4 vc_custom_1666878234281\"><div class=\"wpb_wrapper\"><\/div><\/div><\/div><\/div><\/div><\/div><\/div><\/div><\/div><\/div><\/div><\/div>\n<\/section>","protected":false},"excerpt":{"rendered":"Smart Repair Paint Booth The Mobile Hybrid Paint Booth enables you to paint anywhere. It attaches directly to the damaged area of the car, creating an enclosed space for the perfect spot repair. What truly sets the Mobile Hybrid Spray Booth apart from all equivalent products is the location of the painter. Unlike traditional solutions, [...]","protected":false},"author":2,"featured_media":0,"parent":40,"menu_order":0,"comment_status":"closed","ping_status":"closed","template":"templates\/page-full.php","meta":{"content-type":"","inline_featured_image":false,"_monsterinsights_skip_tracking":false,"_monsterinsights_sitenote_active":false,"_monsterinsights_sitenote_note":"","_monsterinsights_sitenote_category":0,"footnotes":""},"class_list":["post-2713","page","type-page","status-publish","hentry"],"yoast_head":"<!-- This site is optimized with the Yoast SEO Premium plugin v19.6 (Yoast SEO v24.2) - https:\/\/yoast.com\/wordpress\/plugins\/seo\/ -->\n<title>Paint Booth &amp; Extraction<\/title>\n<meta name=\"description\" content=\"Mobile spray booth for spot repairs directly on the car and extraction\/filtration units that filter the VOCs while ensuring full compliance.\" \/>\n<meta name=\"robots\" content=\"index, follow, max-snippet:-1, max-image-preview:large, max-video-preview:-1\" \/>\n<link rel=\"canonical\" href=\"https:\/\/hbc-system.com\/tr\/wp-json\/wp\/v2\/pages\/2713\" \/>\n<meta property=\"og:locale\" content=\"tr_TR\" \/>\n<meta property=\"og:type\" content=\"article\" \/>\n<meta property=\"og:title\" content=\"Paint Booth &amp; Extraction\" \/>\n<meta property=\"og:description\" content=\"Mobile spray booth for spot repairs directly on the car and extraction\/filtration units that filter the VOCs while ensuring full compliance.\" \/>\n<meta property=\"og:url\" content=\"https:\/\/hbc-system.com\/tr\/urunler\/boya-kabi\u0307ni\u0307-cikarma\/\" \/>\n<meta property=\"og:site_name\" content=\"HBC System\" \/>\n<meta property=\"article:publisher\" content=\"https:\/\/www.facebook.com\/hbcsystems\" \/>\n<meta property=\"article:modified_time\" content=\"2023-04-21T12:41:49+00:00\" \/>\n<meta name=\"twitter:card\" content=\"summary_large_image\" \/>\n<meta name=\"twitter:label1\" content=\"Tahmini okuma s\u00fcresi\" \/>\n\t<meta name=\"twitter:data1\" content=\"1 dakika\" \/>\n<script type=\"application\/ld+json\" class=\"yoast-schema-graph\">{\n\t    \"@context\": \"https:\/\/schema.org\",\n\t    \"@graph\": [\n\t        {\n\t            \"@type\": \"WebPage\",\n\t            \"@id\": \"https:\/\/hbc-system.com\/products\/paint-booth-extraction\",\n\t            \"url\": \"https:\/\/hbc-system.com\/products\/paint-booth-extraction\",\n\t            \"name\": \"Paint Booth & Extraction\",\n\t            \"isPartOf\": {\n\t                \"@id\": \"https:\/\/hbc-system.com\/fr_be\/#website\"\n\t            },\n\t            \"datePublished\": \"2022-11-28T16:03:54+00:00\",\n\t            \"dateModified\": \"2023-04-21T12:41:49+00:00\",\n\t            \"description\": \"Mobile spray booth for spot repairs directly on the car and extraction\/filtration units that filter the VOCs while ensuring full compliance.\",\n\t            \"breadcrumb\": {\n\t                \"@id\": \"https:\/\/hbc-system.com\/products\/paint-booth-extraction#breadcrumb\"\n\t            },\n\t            \"inLanguage\": \"tr\",\n\t            \"potentialAction\": [\n\t                {\n\t                    \"@type\": \"ReadAction\",\n\t                    \"target\": [\n\t                        \"https:\/\/hbc-system.com\/products\/paint-booth-extraction\"\n\t                    ]\n\t                }\n\t            ]\n\t        },\n\t        {\n\t            \"@type\": \"BreadcrumbList\",\n\t            \"@id\": \"https:\/\/hbc-system.com\/products\/paint-booth-extraction#breadcrumb\",\n\t            \"itemListElement\": [\n\t                {\n\t                    \"@type\": \"ListItem\",\n\t                    \"position\": 1,\n\t                    \"name\": \"Home\",\n\t                    \"item\": \"https:\/\/hbc-system.com\/\"\n\t                },\n\t                {\n\t                    \"@type\": \"ListItem\",\n\t                    \"position\": 2,\n\t                    \"name\": \"Products\",\n\t                    \"item\": \"https:\/\/hbc-system.com\/products\"\n\t                },\n\t                {\n\t                    \"@type\": \"ListItem\",\n\t                    \"position\": 3,\n\t                    \"name\": \"Paint Booth &#038; Extraction\"\n\t                }\n\t            ]\n\t        },\n\t        {\n\t            \"@type\": \"WebSite\",\n\t            \"@id\": \"https:\/\/hbc-system.com\/fr_be\/#website\",\n\t            \"url\": \"https:\/\/hbc-system.com\/fr_be\/\",\n\t            \"name\": \"HBC System\",\n\t            \"description\": \"\",\n\t            \"potentialAction\": [\n\t                {\n\t                    \"@type\": \"SearchAction\",\n\t                    \"target\": {\n\t                        \"@type\": \"EntryPoint\",\n\t                        \"urlTemplate\": \"https:\/\/hbc-system.com\/fr_be\/?s={search_term_string}\"\n\t                    },\n\t                    \"query-input\": {\n\t                        \"@type\": \"PropertyValueSpecification\",\n\t                        \"valueRequired\": true,\n\t                        \"valueName\": \"search_term_string\"\n\t                    }\n\t                }\n\t            ],\n\t            \"inLanguage\": \"tr\"\n\t        }\n\t    ]\n\t}<\/script>\n<!-- \/ Yoast SEO Premium plugin. -->","yoast_head_json":{"title":"Boya Kabini ve Ekstraksiyon","description":"Do\u011frudan ara\u00e7 \u00fczerinde nokta onar\u0131mlar\u0131 i\u00e7in mobil p\u00fcsk\u00fcrtme kabini ve tam uyumluluk sa\u011flarken VOC'leri filtreleyen ekstraksiyon\/filtreleme \u00fcniteleri.","robots":{"index":"index","follow":"follow","max-snippet":"max-snippet:-1","max-image-preview":"max-image-preview:large","max-video-preview":"max-video-preview:-1"},"canonical":"https:\/\/hbc-system.com\/tr\/wp-json\/wp\/v2\/pages\/2713","og_locale":"tr_TR","og_type":"article","og_title":"Paint Booth & Extraction","og_description":"Mobile spray booth for spot repairs directly on the car and extraction\/filtration units that filter the VOCs while ensuring full compliance.","og_url":"https:\/\/hbc-system.com\/tr\/urunler\/boya-kabi\u0307ni\u0307-cikarma\/","og_site_name":"HBC System","article_publisher":"https:\/\/www.facebook.com\/hbcsystems","article_modified_time":"2023-04-21T12:41:49+00:00","twitter_card":"summary_large_image","twitter_misc":{"Tahmini okuma s\u00fcresi":"1 dakika"},"schema":{"@context":"https:\/\/schema.org","@graph":[{"@type":"WebPage","@id":"https:\/\/hbc-system.com\/products\/paint-booth-extraction","url":"https:\/\/hbc-system.com\/products\/paint-booth-extraction","name":"Boya Kabini ve Ekstraksiyon","isPartOf":{"@id":"https:\/\/hbc-system.com\/fr_be\/#website"},"datePublished":"2022-11-28T16:03:54+00:00","dateModified":"2023-04-21T12:41:49+00:00","description":"Do\u011frudan ara\u00e7 \u00fczerinde nokta onar\u0131mlar\u0131 i\u00e7in mobil p\u00fcsk\u00fcrtme kabini ve tam uyumluluk sa\u011flarken VOC'leri filtreleyen ekstraksiyon\/filtreleme \u00fcniteleri.","breadcrumb":{"@id":"https:\/\/hbc-system.com\/products\/paint-booth-extraction#breadcrumb"},"inLanguage":"tr","potentialAction":[{"@type":"ReadAction","target":["https:\/\/hbc-system.com\/products\/paint-booth-extraction"]}]},{"@type":"BreadcrumbList","@id":"https:\/\/hbc-system.com\/products\/paint-booth-extraction#breadcrumb","itemListElement":[{"@type":"ListItem","position":1,"name":"Home","item":"https:\/\/hbc-system.com\/"},{"@type":"ListItem","position":2,"name":"Products","item":"https:\/\/hbc-system.com\/products"},{"@type":"ListItem","position":3,"name":"Paint Booth &#038; Extraction"}]},{"@type":"WebSite","@id":"https:\/\/hbc-system.com\/fr_be\/#website","url":"https:\/\/hbc-system.com\/fr_be\/","name":"HBC Sistemi","description":"","potentialAction":[{"@type":"SearchAction","target":{"@type":"EntryPoint","urlTemplate":"https:\/\/hbc-system.com\/fr_be\/?s={search_term_string}"},"query-input":{"@type":"PropertyValueSpecification","valueRequired":true,"valueName":"search_term_string"}}],"inLanguage":"tr"}]}},"_links":{"self":[{"href":"https:\/\/hbc-system.com\/tr\/wp-json\/wp\/v2\/pages\/2713","targetHints":{"allow":["GET"]}}],"collection":[{"href":"https:\/\/hbc-system.com\/tr\/wp-json\/wp\/v2\/pages"}],"about":[{"href":"https:\/\/hbc-system.com\/tr\/wp-json\/wp\/v2\/types\/page"}],"author":[{"embeddable":true,"href":"https:\/\/hbc-system.com\/tr\/wp-json\/wp\/v2\/users\/2"}],"replies":[{"embeddable":true,"href":"https:\/\/hbc-system.com\/tr\/wp-json\/wp\/v2\/comments?post=2713"}],"version-history":[{"count":3,"href":"https:\/\/hbc-system.com\/tr\/wp-json\/wp\/v2\/pages\/2713\/revisions"}],"predecessor-version":[{"id":5825,"href":"https:\/\/hbc-system.com\/tr\/wp-json\/wp\/v2\/pages\/2713\/revisions\/5825"}],"up":[{"embeddable":true,"href":"https:\/\/hbc-system.com\/tr\/wp-json\/wp\/v2\/pages\/40"}],"wp:attachment":[{"href":"https:\/\/hbc-system.com\/tr\/wp-json\/wp\/v2\/media?parent=2713"}],"curies":[{"name":"wp","href":"https:\/\/api.w.org\/{rel}","templated":true}]}}